{"id":784,"date":"2012-12-06T22:07:01","date_gmt":"2012-12-06T22:07:01","guid":{"rendered":"https:\/\/tmrg.ee\/ru\/uncategorized\/%d0%b2%d0%b0%d0%ba%d0%b0%d0%bd%d1%81%d0%b8%d0%b8\/"},"modified":"2026-04-20T12:13:47","modified_gmt":"2026-04-20T09:13:47","slug":"%d0%b2%d0%b0%d0%ba%d0%b0%d0%bd%d1%81%d0%b8%d0%b8","status":"publish","type":"page","link":"https:\/\/tmrg.ee\/ru\/%d0%b2%d0%b0%d0%ba%d0%b0%d0%bd%d1%81%d0%b8%d0%b8\/","title":{"rendered":"\u0412\u0430\u043a\u0430\u043d\u0441\u0438\u0438"},"content":{"rendered":"<div dir=\"auto\">\u00a0<\/div>\n<div dir=\"auto\"><img decoding=\"async\" class=\"alignnone size-full wp-image-13253\" src=\"https:\/\/tmrg.ee\/ru\/wp-content\/uploads\/sites\/2\/2026\/04\/TMRG-roheline-kuni-03052026-1-scaled.jpg\" alt=\"\" width=\"100%\" srcset=\"https:\/\/tmrg.ee\/ru\/wp-content\/uploads\/sites\/2\/2026\/04\/TMRG-roheline-kuni-03052026-1-scaled.jpg 1001w, https:\/\/tmrg.ee\/ru\/wp-content\/uploads\/sites\/2\/2026\/04\/TMRG-roheline-kuni-03052026-1-601x1536.jpg 601w, https:\/\/tmrg.ee\/ru\/wp-content\/uploads\/sites\/2\/2026\/04\/TMRG-roheline-kuni-03052026-1-801x2048.jpg 801w, https:\/\/tmrg.ee\/ru\/wp-content\/uploads\/sites\/2\/2026\/04\/TMRG-roheline-kuni-03052026-1-422x1080.jpg 422w, https:\/\/tmrg.ee\/ru\/wp-content\/uploads\/sites\/2\/2026\/04\/TMRG-roheline-kuni-03052026-1-196x500.jpg 196w\" sizes=\"(max-width: 1001px) 100vw, 1001px\" \/><\/div>\n<p>&nbsp;<\/p>\n<p>&nbsp;<\/p>\n<p><a href=\"https:\/\/tmrg.ee\/wp-content\/uploads\/2023\/09\/TMRG-pedagoogide-konkursi-kord.pdf\" target=\"_blank\" rel=\"noopener\">Tallinna Mustam\u00e4e Reaalg\u00fcmnaasiumi pedagoogi vaba ametikoha t\u00e4itmiseks korraldatava konkursi l\u00e4biviimise kord<\/a><\/p>\n<p>&nbsp;<\/p>\n<p>\u0425\u043e\u0442\u0438\u0442\u0435 \u043f\u0440\u0438\u0441\u043e\u0435\u0434\u0438\u043d\u0438\u0442\u044c\u0441\u044f \u043a \u043d\u0430\u043c? \u0414\u0430\u0439\u0442\u0435 \u043d\u0430\u043c \u0437\u043d\u0430\u0442\u044c \u0438 \u043e\u0442\u043f\u0440\u0430\u0432\u044c\u0442\u0435 \u0441\u0432\u043e\u0435 \u0440\u0435\u0437\u044e\u043c\u0435.<\/p>\n\n<div class=\"wpcf7 no-js\" id=\"wpcf7-f8501-o1\" lang=\"en-US\" dir=\"ltr\" data-wpcf7-id=\"8501\">\n<div class=\"screen-reader-response\"><p role=\"status\" aria-live=\"polite\" aria-atomic=\"true\"><\/p> <ul><\/ul><\/div>\n<form action=\"\/ru\/wp-json\/wp\/v2\/pages\/784#wpcf7-f8501-o1\" method=\"post\" class=\"wpcf7-form init\" aria-label=\"Contact form\" enctype=\"multipart\/form-data\" novalidate=\"novalidate\" data-status=\"init\">\n<fieldset class=\"hidden-fields-container\"><input type=\"hidden\" name=\"_wpcf7\" value=\"8501\" \/><input type=\"hidden\" name=\"_wpcf7_version\" value=\"6.1.5\" \/><input type=\"hidden\" name=\"_wpcf7_locale\" value=\"en_US\" \/><input type=\"hidden\" name=\"_wpcf7_unit_tag\" value=\"wpcf7-f8501-o1\" \/><input type=\"hidden\" name=\"_wpcf7_container_post\" value=\"0\" \/><input type=\"hidden\" name=\"_wpcf7_posted_data_hash\" value=\"\" \/><input type=\"hidden\" name=\"_wpcf7_recaptcha_response\" value=\"\" \/>\n<\/fieldset>\n<div class=\"input-line\"><label class=\"label\" for=\"username\">\u0418\u043c\u044f \u0438 \u0444\u0430\u043c\u0438\u043b\u0438\u044f<\/label><span class=\"wpcf7-form-control-wrap\" data-name=\"username\"><input size=\"40\" maxlength=\"400\" class=\"wpcf7-form-control wpcf7-text wpcf7-validates-as-required input\" aria-required=\"true\" aria-invalid=\"false\" value=\"\" type=\"text\" name=\"username\" \/><\/span><\/div>\n<div class=\"input-line\"><label class=\"label\" for=\"email\">E-\u043f\u043e\u0447\u0442\u0430<\/label><span class=\"wpcf7-form-control-wrap\" data-name=\"email\"><input size=\"40\" maxlength=\"400\" class=\"wpcf7-form-control wpcf7-email wpcf7-validates-as-required wpcf7-text wpcf7-validates-as-email input\" aria-required=\"true\" aria-invalid=\"false\" value=\"\" type=\"email\" name=\"email\" \/><\/span><\/div>\n<div class=\"input-line\"><label class=\"label\" for=\"phone\">\u0422\u0435\u043b\u0435\u0444\u043e\u043d<\/label><span class=\"wpcf7-form-control-wrap\" data-name=\"phone\"><input size=\"40\" maxlength=\"400\" class=\"wpcf7-form-control wpcf7-text input\" aria-invalid=\"false\" value=\"\" type=\"text\" name=\"phone\" \/><\/span><\/div>\n<div class=\"input-line\"><label class=\"label\" for=\"cv\">CV<\/label><span class=\"wpcf7-form-control-wrap\" data-name=\"cv\"><input size=\"40\" class=\"wpcf7-form-control wpcf7-file input\" accept=\".pdf,.txt,.doc,.docx\" aria-invalid=\"false\" type=\"file\" name=\"cv\" \/><\/span><\/div>\n<p><input class=\"wpcf7-form-control wpcf7-submit has-spinner submit button\" type=\"submit\" value=\"\u041e\u0442\u043f\u0440\u0430\u0432\u0438\u0442\u044c\" \/><\/p><div class=\"wpcf7-response-output\" aria-hidden=\"true\"><\/div>\n<\/form>\n<\/div>\n\n","protected":false},"excerpt":{"rendered":"<p>\u00a0 &nbsp; &nbsp; Tallinna Mustam\u00e4e Reaalg\u00fcmnaasiumi pedagoogi vaba ametikoha t\u00e4itmiseks korraldatava konkursi l\u00e4biviimise kord &nbsp; \u0425\u043e\u0442\u0438\u0442\u0435 \u043f\u0440\u0438\u0441\u043e\u0435\u0434\u0438\u043d\u0438\u0442\u044c\u0441\u044f \u043a \u043d\u0430\u043c? \u0414\u0430\u0439\u0442\u0435 \u043d\u0430\u043c \u0437\u043d\u0430\u0442\u044c \u0438 \u043e\u0442\u043f\u0440\u0430\u0432\u044c\u0442\u0435 \u0441\u0432\u043e\u0435 \u0440\u0435\u0437\u044e\u043c\u0435.<\/p>\n","protected":false},"author":1,"featured_media":0,"parent":0,"menu_order":52,"comment_status":"open","ping_status":"open","template":"","meta":{"_acf_changed":false,"footnotes":""},"class_list":["post-784","page","type-page","status-publish","hentry"],"acf":[],"yoast_head":"<!-- This site is optimized with the Yoast SEO plugin v27.1.1 - https:\/\/yoast.com\/product\/yoast-seo-wordpress\/ -->\n<title>\u0412\u0430\u043a\u0430\u043d\u0441\u0438\u0438 - \u0422\u0430\u043b\u043b\u0438\u043d\u043d\u0441\u043a\u0430\u044f \u041c\u0443\u0441\u0442\u0430\u043c\u044f\u044d\u0441\u043a\u0430\u044f \u0420\u0435\u0430\u043b\u044c\u043d\u0430\u044f \u0433\u0438\u043c\u043d\u0430\u0437\u0438\u044f<\/title>\n<meta name=\"robots\" content=\"index, follow, max-snippet:-1, max-image-preview:large, max-video-preview:-1\" \/>\n<link rel=\"canonical\" href=\"https:\/\/tmrg.ee\/ru\/\u0432\u0430\u043a\u0430\u043d\u0441\u0438\u0438\/\" \/>\n<meta property=\"og:locale\" content=\"ru_RU\" \/>\n<meta property=\"og:type\" content=\"article\" \/>\n<meta property=\"og:title\" content=\"\u0412\u0430\u043a\u0430\u043d\u0441\u0438\u0438 - \u0422\u0430\u043b\u043b\u0438\u043d\u043d\u0441\u043a\u0430\u044f \u041c\u0443\u0441\u0442\u0430\u043c\u044f\u044d\u0441\u043a\u0430\u044f \u0420\u0435\u0430\u043b\u044c\u043d\u0430\u044f \u0433\u0438\u043c\u043d\u0430\u0437\u0438\u044f\" \/>\n<meta property=\"og:description\" content=\"\u00a0 &nbsp; &nbsp; Tallinna Mustam\u00e4e Reaalg\u00fcmnaasiumi pedagoogi vaba ametikoha t\u00e4itmiseks korraldatava konkursi l\u00e4biviimise kord &nbsp; \u0425\u043e\u0442\u0438\u0442\u0435 \u043f\u0440\u0438\u0441\u043e\u0435\u0434\u0438\u043d\u0438\u0442\u044c\u0441\u044f \u043a \u043d\u0430\u043c? \u0414\u0430\u0439\u0442\u0435 \u043d\u0430\u043c \u0437\u043d\u0430\u0442\u044c \u0438 \u043e\u0442\u043f\u0440\u0430\u0432\u044c\u0442\u0435 \u0441\u0432\u043e\u0435 \u0440\u0435\u0437\u044e\u043c\u0435.\" \/>\n<meta property=\"og:url\" content=\"https:\/\/tmrg.ee\/ru\/\u0432\u0430\u043a\u0430\u043d\u0441\u0438\u0438\/\" \/>\n<meta property=\"og:site_name\" content=\"\u0422\u0430\u043b\u043b\u0438\u043d\u043d\u0441\u043a\u0430\u044f \u041c\u0443\u0441\u0442\u0430\u043c\u044f\u044d\u0441\u043a\u0430\u044f \u0420\u0435\u0430\u043b\u044c\u043d\u0430\u044f \u0433\u0438\u043c\u043d\u0430\u0437\u0438\u044f\" \/>\n<meta property=\"article:modified_time\" content=\"2026-04-20T09:13:47+00:00\" \/>\n<meta property=\"og:image\" content=\"https:\/\/tmrg.ee\/ru\/wp-content\/uploads\/sites\/2\/2026\/04\/TMRG-roheline-kuni-03052026-1-scaled.jpg\" \/>\n\t<meta property=\"og:image:width\" content=\"1001\" \/>\n\t<meta property=\"og:image:height\" content=\"2560\" \/>\n\t<meta property=\"og:image:type\" content=\"image\/jpeg\" \/>\n<meta name=\"twitter:card\" content=\"summary_large_image\" \/>\n<meta name=\"twitter:label1\" content=\"\u041f\u0440\u0438\u043c\u0435\u0440\u043d\u043e\u0435 \u0432\u0440\u0435\u043c\u044f \u0434\u043b\u044f \u0447\u0442\u0435\u043d\u0438\u044f\" \/>\n\t<meta name=\"twitter:data1\" content=\"1 \u043c\u0438\u043d\u0443\u0442\u0430\" \/>\n<script type=\"application\/ld+json\" class=\"yoast-schema-graph\">{\"@context\":\"https:\/\/schema.org\",\"@graph\":[{\"@type\":\"WebPage\",\"@id\":\"https:\/\/tmrg.ee\/ru\/%d0%b2%d0%b0%d0%ba%d0%b0%d0%bd%d1%81%d0%b8%d0%b8\/\",\"url\":\"https:\/\/tmrg.ee\/ru\/%d0%b2%d0%b0%d0%ba%d0%b0%d0%bd%d1%81%d0%b8%d0%b8\/\",\"name\":\"\u0412\u0430\u043a\u0430\u043d\u0441\u0438\u0438 - \u0422\u0430\u043b\u043b\u0438\u043d\u043d\u0441\u043a\u0430\u044f \u041c\u0443\u0441\u0442\u0430\u043c\u044f\u044d\u0441\u043a\u0430\u044f \u0420\u0435\u0430\u043b\u044c\u043d\u0430\u044f \u0433\u0438\u043c\u043d\u0430\u0437\u0438\u044f\",\"isPartOf\":{\"@id\":\"https:\/\/tmrg.ee\/ru\/#website\"},\"primaryImageOfPage\":{\"@id\":\"https:\/\/tmrg.ee\/ru\/%d0%b2%d0%b0%d0%ba%d0%b0%d0%bd%d1%81%d0%b8%d0%b8\/#primaryimage\"},\"image\":{\"@id\":\"https:\/\/tmrg.ee\/ru\/%d0%b2%d0%b0%d0%ba%d0%b0%d0%bd%d1%81%d0%b8%d0%b8\/#primaryimage\"},\"thumbnailUrl\":\"https:\/\/tmrg.ee\/ru\/wp-content\/uploads\/sites\/2\/2026\/04\/TMRG-roheline-kuni-03052026-1-scaled.jpg\",\"datePublished\":\"2012-12-06T22:07:01+00:00\",\"dateModified\":\"2026-04-20T09:13:47+00:00\",\"breadcrumb\":{\"@id\":\"https:\/\/tmrg.ee\/ru\/%d0%b2%d0%b0%d0%ba%d0%b0%d0%bd%d1%81%d0%b8%d0%b8\/#breadcrumb\"},\"inLanguage\":\"ru-RU\",\"potentialAction\":[{\"@type\":\"ReadAction\",\"target\":[\"https:\/\/tmrg.ee\/ru\/%d0%b2%d0%b0%d0%ba%d0%b0%d0%bd%d1%81%d0%b8%d0%b8\/\"]}]},{\"@type\":\"ImageObject\",\"inLanguage\":\"ru-RU\",\"@id\":\"https:\/\/tmrg.ee\/ru\/%d0%b2%d0%b0%d0%ba%d0%b0%d0%bd%d1%81%d0%b8%d0%b8\/#primaryimage\",\"url\":\"https:\/\/tmrg.ee\/ru\/wp-content\/uploads\/sites\/2\/2026\/04\/TMRG-roheline-kuni-03052026-1-scaled.jpg\",\"contentUrl\":\"https:\/\/tmrg.ee\/ru\/wp-content\/uploads\/sites\/2\/2026\/04\/TMRG-roheline-kuni-03052026-1-scaled.jpg\",\"width\":1001,\"height\":2560,\"caption\":\"TMRG_t\u00f6\u00f6kuulutus_2026 - TMRG roheline\"},{\"@type\":\"BreadcrumbList\",\"@id\":\"https:\/\/tmrg.ee\/ru\/%d0%b2%d0%b0%d0%ba%d0%b0%d0%bd%d1%81%d0%b8%d0%b8\/#breadcrumb\",\"itemListElement\":[{\"@type\":\"ListItem\",\"position\":1,\"name\":\"Home\",\"item\":\"https:\/\/tmrg.ee\/ru\/\"},{\"@type\":\"ListItem\",\"position\":2,\"name\":\"\u0412\u0430\u043a\u0430\u043d\u0441\u0438\u0438\"}]},{\"@type\":\"WebSite\",\"@id\":\"https:\/\/tmrg.ee\/ru\/#website\",\"url\":\"https:\/\/tmrg.ee\/ru\/\",\"name\":\"\u0422\u0430\u043b\u043b\u0438\u043d\u043d\u0441\u043a\u0430\u044f \u041c\u0443\u0441\u0442\u0430\u043c\u044f\u044d\u0441\u043a\u0430\u044f \u0420\u0435\u0430\u043b\u044c\u043d\u0430\u044f \u0433\u0438\u043c\u043d\u0430\u0437\u0438\u044f\",\"description\":\"\",\"publisher\":{\"@id\":\"https:\/\/tmrg.ee\/ru\/#organization\"},\"potentialAction\":[{\"@type\":\"SearchAction\",\"target\":{\"@type\":\"EntryPoint\",\"urlTemplate\":\"https:\/\/tmrg.ee\/ru\/?s={search_term_string}\"},\"query-input\":{\"@type\":\"PropertyValueSpecification\",\"valueRequired\":true,\"valueName\":\"search_term_string\"}}],\"inLanguage\":\"ru-RU\"},{\"@type\":\"Organization\",\"@id\":\"https:\/\/tmrg.ee\/ru\/#organization\",\"name\":\"\u0422\u0430\u043b\u043b\u0438\u043d\u043d\u0441\u043a\u0430\u044f \u041c\u0443\u0441\u0442\u0430\u043c\u044f\u044d\u0441\u043a\u0430\u044f \u0420\u0435\u0430\u043b\u044c\u043d\u0430\u044f \u0433\u0438\u043c\u043d\u0430\u0437\u0438\u044f\",\"url\":\"https:\/\/tmrg.ee\/ru\/\",\"logo\":{\"@type\":\"ImageObject\",\"inLanguage\":\"ru-RU\",\"@id\":\"https:\/\/tmrg.ee\/ru\/#\/schema\/logo\/image\/\",\"url\":\"https:\/\/tmrg.ee\/ru\/wp-content\/uploads\/sites\/2\/2022\/07\/3E15D8E3-B449-47D9-B8F2-564E238EF8DB.png\",\"contentUrl\":\"https:\/\/tmrg.ee\/ru\/wp-content\/uploads\/sites\/2\/2022\/07\/3E15D8E3-B449-47D9-B8F2-564E238EF8DB.png\",\"width\":423,\"height\":423,\"caption\":\"\u0422\u0430\u043b\u043b\u0438\u043d\u043d\u0441\u043a\u0430\u044f \u041c\u0443\u0441\u0442\u0430\u043c\u044f\u044d\u0441\u043a\u0430\u044f \u0420\u0435\u0430\u043b\u044c\u043d\u0430\u044f \u0433\u0438\u043c\u043d\u0430\u0437\u0438\u044f\"},\"image\":{\"@id\":\"https:\/\/tmrg.ee\/ru\/#\/schema\/logo\/image\/\"}}]}<\/script>\n<!-- \/ Yoast SEO plugin. -->","yoast_head_json":{"title":"\u0412\u0430\u043a\u0430\u043d\u0441\u0438\u0438 - \u0422\u0430\u043b\u043b\u0438\u043d\u043d\u0441\u043a\u0430\u044f \u041c\u0443\u0441\u0442\u0430\u043c\u044f\u044d\u0441\u043a\u0430\u044f \u0420\u0435\u0430\u043b\u044c\u043d\u0430\u044f \u0433\u0438\u043c\u043d\u0430\u0437\u0438\u044f","robots":{"index":"index","follow":"follow","max-snippet":"max-snippet:-1","max-image-preview":"max-image-preview:large","max-video-preview":"max-video-preview:-1"},"canonical":"https:\/\/tmrg.ee\/ru\/\u0432\u0430\u043a\u0430\u043d\u0441\u0438\u0438\/","og_locale":"ru_RU","og_type":"article","og_title":"\u0412\u0430\u043a\u0430\u043d\u0441\u0438\u0438 - \u0422\u0430\u043b\u043b\u0438\u043d\u043d\u0441\u043a\u0430\u044f \u041c\u0443\u0441\u0442\u0430\u043c\u044f\u044d\u0441\u043a\u0430\u044f \u0420\u0435\u0430\u043b\u044c\u043d\u0430\u044f \u0433\u0438\u043c\u043d\u0430\u0437\u0438\u044f","og_description":"\u00a0 &nbsp; &nbsp; Tallinna Mustam\u00e4e Reaalg\u00fcmnaasiumi pedagoogi vaba ametikoha t\u00e4itmiseks korraldatava konkursi l\u00e4biviimise kord &nbsp; \u0425\u043e\u0442\u0438\u0442\u0435 \u043f\u0440\u0438\u0441\u043e\u0435\u0434\u0438\u043d\u0438\u0442\u044c\u0441\u044f \u043a \u043d\u0430\u043c? \u0414\u0430\u0439\u0442\u0435 \u043d\u0430\u043c \u0437\u043d\u0430\u0442\u044c \u0438 \u043e\u0442\u043f\u0440\u0430\u0432\u044c\u0442\u0435 \u0441\u0432\u043e\u0435 \u0440\u0435\u0437\u044e\u043c\u0435.","og_url":"https:\/\/tmrg.ee\/ru\/\u0432\u0430\u043a\u0430\u043d\u0441\u0438\u0438\/","og_site_name":"\u0422\u0430\u043b\u043b\u0438\u043d\u043d\u0441\u043a\u0430\u044f \u041c\u0443\u0441\u0442\u0430\u043c\u044f\u044d\u0441\u043a\u0430\u044f \u0420\u0435\u0430\u043b\u044c\u043d\u0430\u044f \u0433\u0438\u043c\u043d\u0430\u0437\u0438\u044f","article_modified_time":"2026-04-20T09:13:47+00:00","og_image":[{"width":1001,"height":2560,"url":"https:\/\/tmrg.ee\/ru\/wp-content\/uploads\/sites\/2\/2026\/04\/TMRG-roheline-kuni-03052026-1-scaled.jpg","type":"image\/jpeg"}],"twitter_card":"summary_large_image","twitter_misc":{"\u041f\u0440\u0438\u043c\u0435\u0440\u043d\u043e\u0435 \u0432\u0440\u0435\u043c\u044f \u0434\u043b\u044f \u0447\u0442\u0435\u043d\u0438\u044f":"1 \u043c\u0438\u043d\u0443\u0442\u0430"},"schema":{"@context":"https:\/\/schema.org","@graph":[{"@type":"WebPage","@id":"https:\/\/tmrg.ee\/ru\/%d0%b2%d0%b0%d0%ba%d0%b0%d0%bd%d1%81%d0%b8%d0%b8\/","url":"https:\/\/tmrg.ee\/ru\/%d0%b2%d0%b0%d0%ba%d0%b0%d0%bd%d1%81%d0%b8%d0%b8\/","name":"\u0412\u0430\u043a\u0430\u043d\u0441\u0438\u0438 - \u0422\u0430\u043b\u043b\u0438\u043d\u043d\u0441\u043a\u0430\u044f \u041c\u0443\u0441\u0442\u0430\u043c\u044f\u044d\u0441\u043a\u0430\u044f \u0420\u0435\u0430\u043b\u044c\u043d\u0430\u044f \u0433\u0438\u043c\u043d\u0430\u0437\u0438\u044f","isPartOf":{"@id":"https:\/\/tmrg.ee\/ru\/#website"},"primaryImageOfPage":{"@id":"https:\/\/tmrg.ee\/ru\/%d0%b2%d0%b0%d0%ba%d0%b0%d0%bd%d1%81%d0%b8%d0%b8\/#primaryimage"},"image":{"@id":"https:\/\/tmrg.ee\/ru\/%d0%b2%d0%b0%d0%ba%d0%b0%d0%bd%d1%81%d0%b8%d0%b8\/#primaryimage"},"thumbnailUrl":"https:\/\/tmrg.ee\/ru\/wp-content\/uploads\/sites\/2\/2026\/04\/TMRG-roheline-kuni-03052026-1-scaled.jpg","datePublished":"2012-12-06T22:07:01+00:00","dateModified":"2026-04-20T09:13:47+00:00","breadcrumb":{"@id":"https:\/\/tmrg.ee\/ru\/%d0%b2%d0%b0%d0%ba%d0%b0%d0%bd%d1%81%d0%b8%d0%b8\/#breadcrumb"},"inLanguage":"ru-RU","potentialAction":[{"@type":"ReadAction","target":["https:\/\/tmrg.ee\/ru\/%d0%b2%d0%b0%d0%ba%d0%b0%d0%bd%d1%81%d0%b8%d0%b8\/"]}]},{"@type":"ImageObject","inLanguage":"ru-RU","@id":"https:\/\/tmrg.ee\/ru\/%d0%b2%d0%b0%d0%ba%d0%b0%d0%bd%d1%81%d0%b8%d0%b8\/#primaryimage","url":"https:\/\/tmrg.ee\/ru\/wp-content\/uploads\/sites\/2\/2026\/04\/TMRG-roheline-kuni-03052026-1-scaled.jpg","contentUrl":"https:\/\/tmrg.ee\/ru\/wp-content\/uploads\/sites\/2\/2026\/04\/TMRG-roheline-kuni-03052026-1-scaled.jpg","width":1001,"height":2560,"caption":"TMRG_t\u00f6\u00f6kuulutus_2026 - TMRG roheline"},{"@type":"BreadcrumbList","@id":"https:\/\/tmrg.ee\/ru\/%d0%b2%d0%b0%d0%ba%d0%b0%d0%bd%d1%81%d0%b8%d0%b8\/#breadcrumb","itemListElement":[{"@type":"ListItem","position":1,"name":"Home","item":"https:\/\/tmrg.ee\/ru\/"},{"@type":"ListItem","position":2,"name":"\u0412\u0430\u043a\u0430\u043d\u0441\u0438\u0438"}]},{"@type":"WebSite","@id":"https:\/\/tmrg.ee\/ru\/#website","url":"https:\/\/tmrg.ee\/ru\/","name":"\u0422\u0430\u043b\u043b\u0438\u043d\u043d\u0441\u043a\u0430\u044f \u041c\u0443\u0441\u0442\u0430\u043c\u044f\u044d\u0441\u043a\u0430\u044f \u0420\u0435\u0430\u043b\u044c\u043d\u0430\u044f \u0433\u0438\u043c\u043d\u0430\u0437\u0438\u044f","description":"","publisher":{"@id":"https:\/\/tmrg.ee\/ru\/#organization"},"potentialAction":[{"@type":"SearchAction","target":{"@type":"EntryPoint","urlTemplate":"https:\/\/tmrg.ee\/ru\/?s={search_term_string}"},"query-input":{"@type":"PropertyValueSpecification","valueRequired":true,"valueName":"search_term_string"}}],"inLanguage":"ru-RU"},{"@type":"Organization","@id":"https:\/\/tmrg.ee\/ru\/#organization","name":"\u0422\u0430\u043b\u043b\u0438\u043d\u043d\u0441\u043a\u0430\u044f \u041c\u0443\u0441\u0442\u0430\u043c\u044f\u044d\u0441\u043a\u0430\u044f \u0420\u0435\u0430\u043b\u044c\u043d\u0430\u044f \u0433\u0438\u043c\u043d\u0430\u0437\u0438\u044f","url":"https:\/\/tmrg.ee\/ru\/","logo":{"@type":"ImageObject","inLanguage":"ru-RU","@id":"https:\/\/tmrg.ee\/ru\/#\/schema\/logo\/image\/","url":"https:\/\/tmrg.ee\/ru\/wp-content\/uploads\/sites\/2\/2022\/07\/3E15D8E3-B449-47D9-B8F2-564E238EF8DB.png","contentUrl":"https:\/\/tmrg.ee\/ru\/wp-content\/uploads\/sites\/2\/2022\/07\/3E15D8E3-B449-47D9-B8F2-564E238EF8DB.png","width":423,"height":423,"caption":"\u0422\u0430\u043b\u043b\u0438\u043d\u043d\u0441\u043a\u0430\u044f \u041c\u0443\u0441\u0442\u0430\u043c\u044f\u044d\u0441\u043a\u0430\u044f \u0420\u0435\u0430\u043b\u044c\u043d\u0430\u044f \u0433\u0438\u043c\u043d\u0430\u0437\u0438\u044f"},"image":{"@id":"https:\/\/tmrg.ee\/ru\/#\/schema\/logo\/image\/"}}]}},"_links":{"self":[{"href":"https:\/\/tmrg.ee\/ru\/wp-json\/wp\/v2\/pages\/784","targetHints":{"allow":["GET"]}}],"collection":[{"href":"https:\/\/tmrg.ee\/ru\/wp-json\/wp\/v2\/pages"}],"about":[{"href":"https:\/\/tmrg.ee\/ru\/wp-json\/wp\/v2\/types\/page"}],"author":[{"embeddable":true,"href":"https:\/\/tmrg.ee\/ru\/wp-json\/wp\/v2\/users\/1"}],"replies":[{"embeddable":true,"href":"https:\/\/tmrg.ee\/ru\/wp-json\/wp\/v2\/comments?post=784"}],"version-history":[{"count":106,"href":"https:\/\/tmrg.ee\/ru\/wp-json\/wp\/v2\/pages\/784\/revisions"}],"predecessor-version":[{"id":13255,"href":"https:\/\/tmrg.ee\/ru\/wp-json\/wp\/v2\/pages\/784\/revisions\/13255"}],"wp:attachment":[{"href":"https:\/\/tmrg.ee\/ru\/wp-json\/wp\/v2\/media?parent=784"}],"curies":[{"name":"wp","href":"https:\/\/api.w.org\/{rel}","templated":true}]}}