{"id":7714,"date":"2022-08-18T22:09:07","date_gmt":"2022-08-18T22:09:07","guid":{"rendered":"https:\/\/tmrg.ee\/ru\/?page_id=7714"},"modified":"2025-08-30T23:50:00","modified_gmt":"2025-08-30T20:50:00","slug":"%d0%be%d0%b1%d1%89%d0%b8%d0%b9-%d0%bf%d0%bb%d0%b0%d0%bd-%d1%80%d0%b0%d0%b1%d0%be%d1%82%d1%8b","status":"publish","type":"page","link":"https:\/\/tmrg.ee\/ru\/%d0%be%d0%b1%d1%89%d0%b8%d0%b9-%d0%bf%d0%bb%d0%b0%d0%bd-%d1%80%d0%b0%d0%b1%d0%be%d1%82%d1%8b\/","title":{"rendered":"\u041e\u0431\u0449\u0438\u0439 \u043f\u043b\u0430\u043d \u0440\u0430\u0431\u043e\u0442\u044b"},"content":{"rendered":"<p>Tallinna Mustam\u00e4e Reaalg\u00fcmnaasiumi \u00fcldt\u00f6\u00f6plaanis m\u00e4\u00e4ratletakse kooli \u00f5ppeaasta tegevuskava l\u00e4htudes <a href=\"https:\/\/tmrg.ee\/wp-content\/uploads\/2024\/06\/TALLINNA-MUSTAMAE-REAALGUMNAASIUMI-ARENGUKAVA-2024-2027-kooskolastuste-ja-kinnitusega_LOPLIK.pdf\" target=\"_blank\" rel=\"noopener\">arengukavast 2024-2027<\/a>, \u00f5ppeaasta \u00fcldeesm\u00e4rkidest ja eelmise aasta t\u00f6\u00f6 kokkuv\u00f5ttest. \u00dcldt\u00f6\u00f6plaanis konkretiseeritakse igas alal\u00f5igus kirjeldatud tegevusvaldkonna \u00fclesanded, tegevused, sihtgrupid, vastutajad ja t\u00e4htajad. K\u00e4esoleva \u00fcldt\u00f6\u00f6plaani koostamisel on kajastatud kooli juhtkonna (direktor, \u00f5ppealajuhatajad), tuguteenuste koordinaatori (HEV-koordinaator) ja haldusvaldkonna spetsialistide (infojuht, huvijuht, majandusalajuhataja, raamatukoguhoidja) plaanitavad tegevused, mis on koosk\u00f5las \u00fcldiste prioriteetidega ja t\u00e4helepanu all olevate punktidega.<\/p>\n<p><a href=\"https:\/\/tmrg.ee\/ru\/wp-content\/uploads\/sites\/2\/2025\/08\/Tallinna-Mustamae-reaalguumnaasiumi-uldtooplaan-oa-2025_2026-vol_01.pdf\" target=\"_blank\" rel=\"noopener\">Tallinna Mustam\u00e4e Reaalg\u00fcmnaasiumi \u00fcldt\u00f6\u00f6plaan \u00f5a 2025\/2026<\/a><\/p>\n","protected":false},"excerpt":{"rendered":"<p>Tallinna Mustam\u00e4e Reaalg\u00fcmnaasiumi \u00fcldt\u00f6\u00f6plaanis m\u00e4\u00e4ratletakse kooli \u00f5ppeaasta tegevuskava l\u00e4htudes arengukavast 2024-2027, \u00f5ppeaasta \u00fcldeesm\u00e4rkidest ja eelmise aasta t\u00f6\u00f6 kokkuv\u00f5ttest. \u00dcldt\u00f6\u00f6plaanis konkretiseeritakse igas alal\u00f5igus kirjeldatud tegevusvaldkonna \u00fclesanded, tegevused, sihtgrupid, vastutajad ja t\u00e4htajad. K\u00e4esoleva \u00fcldt\u00f6\u00f6plaani koostamisel on kajastatud kooli juhtkonna (direktor, \u00f5ppealajuhatajad), tuguteenuste koordinaatori (HEV-koordinaator) ja haldusvaldkonna spetsialistide (infojuht, huvijuht, majandusalajuhataja, raamatukoguhoidja) plaanitavad tegevused, mis on koosk\u00f5las \u00fcldiste [&hellip;]<\/p>\n","protected":false},"author":1,"featured_media":0,"parent":0,"menu_order":0,"comment_status":"closed","ping_status":"closed","template":"","meta":{"_acf_changed":false,"footnotes":""},"class_list":["post-7714","page","type-page","status-publish","hentry"],"acf":[],"yoast_head":"<!-- This site is optimized with the Yoast SEO plugin v27.1.1 - https:\/\/yoast.com\/product\/yoast-seo-wordpress\/ -->\n<title>\u041e\u0431\u0449\u0438\u0439 \u043f\u043b\u0430\u043d \u0440\u0430\u0431\u043e\u0442\u044b - \u0422\u0430\u043b\u043b\u0438\u043d\u043d\u0441\u043a\u0430\u044f \u041c\u0443\u0441\u0442\u0430\u043c\u044f\u044d\u0441\u043a\u0430\u044f \u0420\u0435\u0430\u043b\u044c\u043d\u0430\u044f \u0433\u0438\u043c\u043d\u0430\u0437\u0438\u044f<\/title>\n<meta name=\"robots\" content=\"index, follow, max-snippet:-1, max-image-preview:large, max-video-preview:-1\" \/>\n<link rel=\"canonical\" href=\"https:\/\/tmrg.ee\/ru\/\u043e\u0431\u0449\u0438\u0439-\u043f\u043b\u0430\u043d-\u0440\u0430\u0431\u043e\u0442\u044b\/\" \/>\n<meta property=\"og:locale\" content=\"ru_RU\" \/>\n<meta property=\"og:type\" content=\"article\" \/>\n<meta property=\"og:title\" content=\"\u041e\u0431\u0449\u0438\u0439 \u043f\u043b\u0430\u043d \u0440\u0430\u0431\u043e\u0442\u044b - \u0422\u0430\u043b\u043b\u0438\u043d\u043d\u0441\u043a\u0430\u044f \u041c\u0443\u0441\u0442\u0430\u043c\u044f\u044d\u0441\u043a\u0430\u044f \u0420\u0435\u0430\u043b\u044c\u043d\u0430\u044f \u0433\u0438\u043c\u043d\u0430\u0437\u0438\u044f\" \/>\n<meta property=\"og:description\" content=\"Tallinna Mustam\u00e4e Reaalg\u00fcmnaasiumi \u00fcldt\u00f6\u00f6plaanis m\u00e4\u00e4ratletakse kooli \u00f5ppeaasta tegevuskava l\u00e4htudes arengukavast 2024-2027, \u00f5ppeaasta \u00fcldeesm\u00e4rkidest ja eelmise aasta t\u00f6\u00f6 kokkuv\u00f5ttest. \u00dcldt\u00f6\u00f6plaanis konkretiseeritakse igas alal\u00f5igus kirjeldatud tegevusvaldkonna \u00fclesanded, tegevused, sihtgrupid, vastutajad ja t\u00e4htajad. K\u00e4esoleva \u00fcldt\u00f6\u00f6plaani koostamisel on kajastatud kooli juhtkonna (direktor, \u00f5ppealajuhatajad), tuguteenuste koordinaatori (HEV-koordinaator) ja haldusvaldkonna spetsialistide (infojuht, huvijuht, majandusalajuhataja, raamatukoguhoidja) plaanitavad tegevused, mis on koosk\u00f5las \u00fcldiste [&hellip;]\" \/>\n<meta property=\"og:url\" content=\"https:\/\/tmrg.ee\/ru\/\u043e\u0431\u0449\u0438\u0439-\u043f\u043b\u0430\u043d-\u0440\u0430\u0431\u043e\u0442\u044b\/\" \/>\n<meta property=\"og:site_name\" content=\"\u0422\u0430\u043b\u043b\u0438\u043d\u043d\u0441\u043a\u0430\u044f \u041c\u0443\u0441\u0442\u0430\u043c\u044f\u044d\u0441\u043a\u0430\u044f \u0420\u0435\u0430\u043b\u044c\u043d\u0430\u044f \u0433\u0438\u043c\u043d\u0430\u0437\u0438\u044f\" \/>\n<meta property=\"article:modified_time\" content=\"2025-08-30T20:50:00+00:00\" \/>\n<meta name=\"twitter:card\" content=\"summary_large_image\" \/>\n<meta name=\"twitter:label1\" content=\"\u041f\u0440\u0438\u043c\u0435\u0440\u043d\u043e\u0435 \u0432\u0440\u0435\u043c\u044f \u0434\u043b\u044f \u0447\u0442\u0435\u043d\u0438\u044f\" \/>\n\t<meta name=\"twitter:data1\" content=\"1 \u043c\u0438\u043d\u0443\u0442\u0430\" \/>\n<script type=\"application\/ld+json\" class=\"yoast-schema-graph\">{\"@context\":\"https:\/\/schema.org\",\"@graph\":[{\"@type\":\"WebPage\",\"@id\":\"https:\/\/tmrg.ee\/ru\/%d0%be%d0%b1%d1%89%d0%b8%d0%b9-%d0%bf%d0%bb%d0%b0%d0%bd-%d1%80%d0%b0%d0%b1%d0%be%d1%82%d1%8b\/\",\"url\":\"https:\/\/tmrg.ee\/ru\/%d0%be%d0%b1%d1%89%d0%b8%d0%b9-%d0%bf%d0%bb%d0%b0%d0%bd-%d1%80%d0%b0%d0%b1%d0%be%d1%82%d1%8b\/\",\"name\":\"\u041e\u0431\u0449\u0438\u0439 \u043f\u043b\u0430\u043d \u0440\u0430\u0431\u043e\u0442\u044b - \u0422\u0430\u043b\u043b\u0438\u043d\u043d\u0441\u043a\u0430\u044f \u041c\u0443\u0441\u0442\u0430\u043c\u044f\u044d\u0441\u043a\u0430\u044f \u0420\u0435\u0430\u043b\u044c\u043d\u0430\u044f \u0433\u0438\u043c\u043d\u0430\u0437\u0438\u044f\",\"isPartOf\":{\"@id\":\"https:\/\/tmrg.ee\/ru\/#website\"},\"datePublished\":\"2022-08-18T22:09:07+00:00\",\"dateModified\":\"2025-08-30T20:50:00+00:00\",\"breadcrumb\":{\"@id\":\"https:\/\/tmrg.ee\/ru\/%d0%be%d0%b1%d1%89%d0%b8%d0%b9-%d0%bf%d0%bb%d0%b0%d0%bd-%d1%80%d0%b0%d0%b1%d0%be%d1%82%d1%8b\/#breadcrumb\"},\"inLanguage\":\"ru-RU\",\"potentialAction\":[{\"@type\":\"ReadAction\",\"target\":[\"https:\/\/tmrg.ee\/ru\/%d0%be%d0%b1%d1%89%d0%b8%d0%b9-%d0%bf%d0%bb%d0%b0%d0%bd-%d1%80%d0%b0%d0%b1%d0%be%d1%82%d1%8b\/\"]}]},{\"@type\":\"BreadcrumbList\",\"@id\":\"https:\/\/tmrg.ee\/ru\/%d0%be%d0%b1%d1%89%d0%b8%d0%b9-%d0%bf%d0%bb%d0%b0%d0%bd-%d1%80%d0%b0%d0%b1%d0%be%d1%82%d1%8b\/#breadcrumb\",\"itemListElement\":[{\"@type\":\"ListItem\",\"position\":1,\"name\":\"Home\",\"item\":\"https:\/\/tmrg.ee\/ru\/\"},{\"@type\":\"ListItem\",\"position\":2,\"name\":\"\u041e\u0431\u0449\u0438\u0439 \u043f\u043b\u0430\u043d \u0440\u0430\u0431\u043e\u0442\u044b\"}]},{\"@type\":\"WebSite\",\"@id\":\"https:\/\/tmrg.ee\/ru\/#website\",\"url\":\"https:\/\/tmrg.ee\/ru\/\",\"name\":\"\u0422\u0430\u043b\u043b\u0438\u043d\u043d\u0441\u043a\u0430\u044f \u041c\u0443\u0441\u0442\u0430\u043c\u044f\u044d\u0441\u043a\u0430\u044f \u0420\u0435\u0430\u043b\u044c\u043d\u0430\u044f \u0433\u0438\u043c\u043d\u0430\u0437\u0438\u044f\",\"description\":\"\",\"publisher\":{\"@id\":\"https:\/\/tmrg.ee\/ru\/#organization\"},\"potentialAction\":[{\"@type\":\"SearchAction\",\"target\":{\"@type\":\"EntryPoint\",\"urlTemplate\":\"https:\/\/tmrg.ee\/ru\/?s={search_term_string}\"},\"query-input\":{\"@type\":\"PropertyValueSpecification\",\"valueRequired\":true,\"valueName\":\"search_term_string\"}}],\"inLanguage\":\"ru-RU\"},{\"@type\":\"Organization\",\"@id\":\"https:\/\/tmrg.ee\/ru\/#organization\",\"name\":\"\u0422\u0430\u043b\u043b\u0438\u043d\u043d\u0441\u043a\u0430\u044f \u041c\u0443\u0441\u0442\u0430\u043c\u044f\u044d\u0441\u043a\u0430\u044f \u0420\u0435\u0430\u043b\u044c\u043d\u0430\u044f \u0433\u0438\u043c\u043d\u0430\u0437\u0438\u044f\",\"url\":\"https:\/\/tmrg.ee\/ru\/\",\"logo\":{\"@type\":\"ImageObject\",\"inLanguage\":\"ru-RU\",\"@id\":\"https:\/\/tmrg.ee\/ru\/#\/schema\/logo\/image\/\",\"url\":\"https:\/\/tmrg.ee\/ru\/wp-content\/uploads\/sites\/2\/2022\/07\/3E15D8E3-B449-47D9-B8F2-564E238EF8DB.png\",\"contentUrl\":\"https:\/\/tmrg.ee\/ru\/wp-content\/uploads\/sites\/2\/2022\/07\/3E15D8E3-B449-47D9-B8F2-564E238EF8DB.png\",\"width\":423,\"height\":423,\"caption\":\"\u0422\u0430\u043b\u043b\u0438\u043d\u043d\u0441\u043a\u0430\u044f \u041c\u0443\u0441\u0442\u0430\u043c\u044f\u044d\u0441\u043a\u0430\u044f \u0420\u0435\u0430\u043b\u044c\u043d\u0430\u044f \u0433\u0438\u043c\u043d\u0430\u0437\u0438\u044f\"},\"image\":{\"@id\":\"https:\/\/tmrg.ee\/ru\/#\/schema\/logo\/image\/\"}}]}<\/script>\n<!-- \/ Yoast SEO plugin. -->","yoast_head_json":{"title":"\u041e\u0431\u0449\u0438\u0439 \u043f\u043b\u0430\u043d \u0440\u0430\u0431\u043e\u0442\u044b - \u0422\u0430\u043b\u043b\u0438\u043d\u043d\u0441\u043a\u0430\u044f \u041c\u0443\u0441\u0442\u0430\u043c\u044f\u044d\u0441\u043a\u0430\u044f \u0420\u0435\u0430\u043b\u044c\u043d\u0430\u044f \u0433\u0438\u043c\u043d\u0430\u0437\u0438\u044f","robots":{"index":"index","follow":"follow","max-snippet":"max-snippet:-1","max-image-preview":"max-image-preview:large","max-video-preview":"max-video-preview:-1"},"canonical":"https:\/\/tmrg.ee\/ru\/\u043e\u0431\u0449\u0438\u0439-\u043f\u043b\u0430\u043d-\u0440\u0430\u0431\u043e\u0442\u044b\/","og_locale":"ru_RU","og_type":"article","og_title":"\u041e\u0431\u0449\u0438\u0439 \u043f\u043b\u0430\u043d \u0440\u0430\u0431\u043e\u0442\u044b - \u0422\u0430\u043b\u043b\u0438\u043d\u043d\u0441\u043a\u0430\u044f \u041c\u0443\u0441\u0442\u0430\u043c\u044f\u044d\u0441\u043a\u0430\u044f \u0420\u0435\u0430\u043b\u044c\u043d\u0430\u044f \u0433\u0438\u043c\u043d\u0430\u0437\u0438\u044f","og_description":"Tallinna Mustam\u00e4e Reaalg\u00fcmnaasiumi \u00fcldt\u00f6\u00f6plaanis m\u00e4\u00e4ratletakse kooli \u00f5ppeaasta tegevuskava l\u00e4htudes arengukavast 2024-2027, \u00f5ppeaasta \u00fcldeesm\u00e4rkidest ja eelmise aasta t\u00f6\u00f6 kokkuv\u00f5ttest. \u00dcldt\u00f6\u00f6plaanis konkretiseeritakse igas alal\u00f5igus kirjeldatud tegevusvaldkonna \u00fclesanded, tegevused, sihtgrupid, vastutajad ja t\u00e4htajad. K\u00e4esoleva \u00fcldt\u00f6\u00f6plaani koostamisel on kajastatud kooli juhtkonna (direktor, \u00f5ppealajuhatajad), tuguteenuste koordinaatori (HEV-koordinaator) ja haldusvaldkonna spetsialistide (infojuht, huvijuht, majandusalajuhataja, raamatukoguhoidja) plaanitavad tegevused, mis on koosk\u00f5las \u00fcldiste [&hellip;]","og_url":"https:\/\/tmrg.ee\/ru\/\u043e\u0431\u0449\u0438\u0439-\u043f\u043b\u0430\u043d-\u0440\u0430\u0431\u043e\u0442\u044b\/","og_site_name":"\u0422\u0430\u043b\u043b\u0438\u043d\u043d\u0441\u043a\u0430\u044f \u041c\u0443\u0441\u0442\u0430\u043c\u044f\u044d\u0441\u043a\u0430\u044f \u0420\u0435\u0430\u043b\u044c\u043d\u0430\u044f \u0433\u0438\u043c\u043d\u0430\u0437\u0438\u044f","article_modified_time":"2025-08-30T20:50:00+00:00","twitter_card":"summary_large_image","twitter_misc":{"\u041f\u0440\u0438\u043c\u0435\u0440\u043d\u043e\u0435 \u0432\u0440\u0435\u043c\u044f \u0434\u043b\u044f \u0447\u0442\u0435\u043d\u0438\u044f":"1 \u043c\u0438\u043d\u0443\u0442\u0430"},"schema":{"@context":"https:\/\/schema.org","@graph":[{"@type":"WebPage","@id":"https:\/\/tmrg.ee\/ru\/%d0%be%d0%b1%d1%89%d0%b8%d0%b9-%d0%bf%d0%bb%d0%b0%d0%bd-%d1%80%d0%b0%d0%b1%d0%be%d1%82%d1%8b\/","url":"https:\/\/tmrg.ee\/ru\/%d0%be%d0%b1%d1%89%d0%b8%d0%b9-%d0%bf%d0%bb%d0%b0%d0%bd-%d1%80%d0%b0%d0%b1%d0%be%d1%82%d1%8b\/","name":"\u041e\u0431\u0449\u0438\u0439 \u043f\u043b\u0430\u043d \u0440\u0430\u0431\u043e\u0442\u044b - \u0422\u0430\u043b\u043b\u0438\u043d\u043d\u0441\u043a\u0430\u044f \u041c\u0443\u0441\u0442\u0430\u043c\u044f\u044d\u0441\u043a\u0430\u044f \u0420\u0435\u0430\u043b\u044c\u043d\u0430\u044f \u0433\u0438\u043c\u043d\u0430\u0437\u0438\u044f","isPartOf":{"@id":"https:\/\/tmrg.ee\/ru\/#website"},"datePublished":"2022-08-18T22:09:07+00:00","dateModified":"2025-08-30T20:50:00+00:00","breadcrumb":{"@id":"https:\/\/tmrg.ee\/ru\/%d0%be%d0%b1%d1%89%d0%b8%d0%b9-%d0%bf%d0%bb%d0%b0%d0%bd-%d1%80%d0%b0%d0%b1%d0%be%d1%82%d1%8b\/#breadcrumb"},"inLanguage":"ru-RU","potentialAction":[{"@type":"ReadAction","target":["https:\/\/tmrg.ee\/ru\/%d0%be%d0%b1%d1%89%d0%b8%d0%b9-%d0%bf%d0%bb%d0%b0%d0%bd-%d1%80%d0%b0%d0%b1%d0%be%d1%82%d1%8b\/"]}]},{"@type":"BreadcrumbList","@id":"https:\/\/tmrg.ee\/ru\/%d0%be%d0%b1%d1%89%d0%b8%d0%b9-%d0%bf%d0%bb%d0%b0%d0%bd-%d1%80%d0%b0%d0%b1%d0%be%d1%82%d1%8b\/#breadcrumb","itemListElement":[{"@type":"ListItem","position":1,"name":"Home","item":"https:\/\/tmrg.ee\/ru\/"},{"@type":"ListItem","position":2,"name":"\u041e\u0431\u0449\u0438\u0439 \u043f\u043b\u0430\u043d \u0440\u0430\u0431\u043e\u0442\u044b"}]},{"@type":"WebSite","@id":"https:\/\/tmrg.ee\/ru\/#website","url":"https:\/\/tmrg.ee\/ru\/","name":"\u0422\u0430\u043b\u043b\u0438\u043d\u043d\u0441\u043a\u0430\u044f \u041c\u0443\u0441\u0442\u0430\u043c\u044f\u044d\u0441\u043a\u0430\u044f \u0420\u0435\u0430\u043b\u044c\u043d\u0430\u044f \u0433\u0438\u043c\u043d\u0430\u0437\u0438\u044f","description":"","publisher":{"@id":"https:\/\/tmrg.ee\/ru\/#organization"},"potentialAction":[{"@type":"SearchAction","target":{"@type":"EntryPoint","urlTemplate":"https:\/\/tmrg.ee\/ru\/?s={search_term_string}"},"query-input":{"@type":"PropertyValueSpecification","valueRequired":true,"valueName":"search_term_string"}}],"inLanguage":"ru-RU"},{"@type":"Organization","@id":"https:\/\/tmrg.ee\/ru\/#organization","name":"\u0422\u0430\u043b\u043b\u0438\u043d\u043d\u0441\u043a\u0430\u044f \u041c\u0443\u0441\u0442\u0430\u043c\u044f\u044d\u0441\u043a\u0430\u044f \u0420\u0435\u0430\u043b\u044c\u043d\u0430\u044f \u0433\u0438\u043c\u043d\u0430\u0437\u0438\u044f","url":"https:\/\/tmrg.ee\/ru\/","logo":{"@type":"ImageObject","inLanguage":"ru-RU","@id":"https:\/\/tmrg.ee\/ru\/#\/schema\/logo\/image\/","url":"https:\/\/tmrg.ee\/ru\/wp-content\/uploads\/sites\/2\/2022\/07\/3E15D8E3-B449-47D9-B8F2-564E238EF8DB.png","contentUrl":"https:\/\/tmrg.ee\/ru\/wp-content\/uploads\/sites\/2\/2022\/07\/3E15D8E3-B449-47D9-B8F2-564E238EF8DB.png","width":423,"height":423,"caption":"\u0422\u0430\u043b\u043b\u0438\u043d\u043d\u0441\u043a\u0430\u044f \u041c\u0443\u0441\u0442\u0430\u043c\u044f\u044d\u0441\u043a\u0430\u044f \u0420\u0435\u0430\u043b\u044c\u043d\u0430\u044f \u0433\u0438\u043c\u043d\u0430\u0437\u0438\u044f"},"image":{"@id":"https:\/\/tmrg.ee\/ru\/#\/schema\/logo\/image\/"}}]}},"_links":{"self":[{"href":"https:\/\/tmrg.ee\/ru\/wp-json\/wp\/v2\/pages\/7714","targetHints":{"allow":["GET"]}}],"collection":[{"href":"https:\/\/tmrg.ee\/ru\/wp-json\/wp\/v2\/pages"}],"about":[{"href":"https:\/\/tmrg.ee\/ru\/wp-json\/wp\/v2\/types\/page"}],"author":[{"embeddable":true,"href":"https:\/\/tmrg.ee\/ru\/wp-json\/wp\/v2\/users\/1"}],"replies":[{"embeddable":true,"href":"https:\/\/tmrg.ee\/ru\/wp-json\/wp\/v2\/comments?post=7714"}],"version-history":[{"count":11,"href":"https:\/\/tmrg.ee\/ru\/wp-json\/wp\/v2\/pages\/7714\/revisions"}],"predecessor-version":[{"id":12403,"href":"https:\/\/tmrg.ee\/ru\/wp-json\/wp\/v2\/pages\/7714\/revisions\/12403"}],"wp:attachment":[{"href":"https:\/\/tmrg.ee\/ru\/wp-json\/wp\/v2\/media?parent=7714"}],"curies":[{"name":"wp","href":"https:\/\/api.w.org\/{rel}","templated":true}]}}