{"id":7712,"date":"2022-08-18T22:08:59","date_gmt":"2022-08-18T22:08:59","guid":{"rendered":"https:\/\/tmrg.ee\/ru\/?page_id=7712"},"modified":"2024-09-05T16:12:06","modified_gmt":"2024-09-05T13:12:06","slug":"%d1%86%d0%b5%d0%bb%d0%b8-%d1%83%d1%87%d0%b5%d0%b1%d0%bd%d0%be%d0%b3%d0%be-%d0%b3%d0%be%d0%b4%d0%b0","status":"publish","type":"page","link":"https:\/\/tmrg.ee\/ru\/%d1%86%d0%b5%d0%bb%d0%b8-%d1%83%d1%87%d0%b5%d0%b1%d0%bd%d0%be%d0%b3%d0%be-%d0%b3%d0%be%d0%b4%d0%b0\/","title":{"rendered":"\u0426\u0435\u043b\u0438 \u0443\u0447\u0435\u0431\u043d\u043e\u0433\u043e \u0433\u043e\u0434\u0430"},"content":{"rendered":"<h2>2024\/2025. \u00f5ppeaasta prioriteedid<\/h2>\n<p>\n1. Kvaliteetse ja kaasaegse hariduse pakkumine l\u00e4bi haridusprotsessi mitmekesisuse ning l\u00e4htudes iga \u00f5pilase vajadustest <br \/>\n2. Muusika- ja kunstivaldkonna teadlikkuse suurendamine <br \/>\n3. Eesti \u00f5ppekeelele \u00fcleminek \u00f5ppet\u00f6\u00f6s on s\u00fcsteemne ja toetatud <br \/>\n4. Koost\u00f6\u00f6 arendamine k\u00f5ikide koost\u00f6\u00f6partneritega<\/p>\n<h2>\n2024\/2025. \u00f5ppeaasta eesm\u00e4rgid<\/h2>\n<h3>\nEnnastjuhtiv \u00f5ppija ja \u00f5pilasest l\u00e4htuv haridus<\/h3>\n<ul style=\"list-style-type: disc;\">\n<li>\u00d5pilaste ettev\u00f5tlikkuse ja algatusv\u00f5ime toetamine l\u00e4bi \u00f5ppetegevuse ja \u00f5pilas\u00fcrituste mitmekesistamise &#8212; ettev\u00f5tete k\u00fclastamise kava koostamine ja elluviimine, programmi \u201cTagasi kooli\u201d v\u00f5imaluste kasutamine<\/li>\n<li>Digi\u00f5ppep\u00e4evade rakendamine<\/li>\n<li>Hindamise korra ajakohastamine<\/li>\n<li>Eestikeelsete \u00f5ppeainete osakaalu suurendamine<\/li>\n<\/ul>\n<h3>\nP\u00e4dev ja professionaalne \u00f5petaja<\/h3>\n<ul style=\"list-style-type: disc;\">\n<li>\u00d5petaja rolli suurendamiseks tingimuste loomine<\/li>\n<li>Kooli personali koolitamise j\u00e4tkamine professionaalsuse t\u00f5stmise eesm\u00e4rgil<\/li>\n<li>\u00d5petaja professionaalse arengu tagamine l\u00e4bi heade praktikate levitamise &#8212; tunnik\u00fclastuste s\u00fcsteemi loomine<\/li>\n<li>T\u00f6\u00f6tajate tugis\u00fcsteemi toimimine (sh mentorlus, individuaalsed \u00fcks-\u00fchele vestlused, arenguvestlused)<\/li>\n<li>Kooli t\u00f6\u00f6tajate vaimse tervise toetamine<\/li>\n<li>Ametijuhendite uuendamine (klassijuhataja, mentor) <\/li>\n<\/ul>\n<h3>Turvaline ja \u00f5ppijat toetav \u00f5piruum<\/h3>\n<ul style=\"list-style-type: disc;\">\n<li>Koost\u00f6\u00f6 parendamine hariduslike erivajadustega \u00f5pilaste vanematega<\/li>\n<li>V\u00f5imaluste leidmine uute projektide alustamiseks kaasates erinevate ainete \u00f5petajaid ja \u00f5pilasi<\/li>\n<li>Traditsiooniliste \u00fcrituste korraldamise j\u00e4tkamine ning uute algatamine ja mitmekesistamine<\/li>\n<li>Kooli hoolekogu kaasamine kooli \u00fcritustesse partnerina<\/li>\n<li>Kommunikatsiooni t\u00f5hustamine koolielu valgustamisel<\/li>\n<li>KiVa meeskonna v\u00f5imestamine ja juhtimine<\/li>\n<\/ul>\n","protected":false},"excerpt":{"rendered":"<p>2024\/2025. \u00f5ppeaasta prioriteedid 1. Kvaliteetse ja kaasaegse hariduse pakkumine l\u00e4bi haridusprotsessi mitmekesisuse ning l\u00e4htudes iga \u00f5pilase vajadustest 2. Muusika- ja kunstivaldkonna teadlikkuse suurendamine 3. Eesti \u00f5ppekeelele \u00fcleminek \u00f5ppet\u00f6\u00f6s on s\u00fcsteemne ja toetatud 4. Koost\u00f6\u00f6 arendamine k\u00f5ikide koost\u00f6\u00f6partneritega 2024\/2025. \u00f5ppeaasta eesm\u00e4rgid Ennastjuhtiv \u00f5ppija ja \u00f5pilasest l\u00e4htuv haridus \u00d5pilaste ettev\u00f5tlikkuse ja algatusv\u00f5ime toetamine l\u00e4bi \u00f5ppetegevuse ja \u00f5pilas\u00fcrituste [&hellip;]<\/p>\n","protected":false},"author":1,"featured_media":0,"parent":0,"menu_order":0,"comment_status":"closed","ping_status":"closed","template":"","meta":{"_acf_changed":false,"footnotes":""},"class_list":["post-7712","page","type-page","status-publish","hentry"],"acf":[],"yoast_head":"<!-- This site is optimized with the Yoast SEO plugin v27.1.1 - https:\/\/yoast.com\/product\/yoast-seo-wordpress\/ -->\n<title>\u0426\u0435\u043b\u0438 \u0443\u0447\u0435\u0431\u043d\u043e\u0433\u043e \u0433\u043e\u0434\u0430 - \u0422\u0430\u043b\u043b\u0438\u043d\u043d\u0441\u043a\u0430\u044f \u041c\u0443\u0441\u0442\u0430\u043c\u044f\u044d\u0441\u043a\u0430\u044f \u0420\u0435\u0430\u043b\u044c\u043d\u0430\u044f \u0433\u0438\u043c\u043d\u0430\u0437\u0438\u044f<\/title>\n<meta name=\"robots\" content=\"index, follow, max-snippet:-1, max-image-preview:large, max-video-preview:-1\" \/>\n<link rel=\"canonical\" href=\"https:\/\/tmrg.ee\/ru\/\u0446\u0435\u043b\u0438-\u0443\u0447\u0435\u0431\u043d\u043e\u0433\u043e-\u0433\u043e\u0434\u0430\/\" \/>\n<meta property=\"og:locale\" content=\"ru_RU\" \/>\n<meta property=\"og:type\" content=\"article\" \/>\n<meta property=\"og:title\" content=\"\u0426\u0435\u043b\u0438 \u0443\u0447\u0435\u0431\u043d\u043e\u0433\u043e \u0433\u043e\u0434\u0430 - \u0422\u0430\u043b\u043b\u0438\u043d\u043d\u0441\u043a\u0430\u044f \u041c\u0443\u0441\u0442\u0430\u043c\u044f\u044d\u0441\u043a\u0430\u044f \u0420\u0435\u0430\u043b\u044c\u043d\u0430\u044f \u0433\u0438\u043c\u043d\u0430\u0437\u0438\u044f\" \/>\n<meta property=\"og:description\" content=\"2024\/2025. \u00f5ppeaasta prioriteedid 1. Kvaliteetse ja kaasaegse hariduse pakkumine l\u00e4bi haridusprotsessi mitmekesisuse ning l\u00e4htudes iga \u00f5pilase vajadustest 2. Muusika- ja kunstivaldkonna teadlikkuse suurendamine 3. Eesti \u00f5ppekeelele \u00fcleminek \u00f5ppet\u00f6\u00f6s on s\u00fcsteemne ja toetatud 4. Koost\u00f6\u00f6 arendamine k\u00f5ikide koost\u00f6\u00f6partneritega 2024\/2025. \u00f5ppeaasta eesm\u00e4rgid Ennastjuhtiv \u00f5ppija ja \u00f5pilasest l\u00e4htuv haridus \u00d5pilaste ettev\u00f5tlikkuse ja algatusv\u00f5ime toetamine l\u00e4bi \u00f5ppetegevuse ja \u00f5pilas\u00fcrituste [&hellip;]\" \/>\n<meta property=\"og:url\" content=\"https:\/\/tmrg.ee\/ru\/\u0446\u0435\u043b\u0438-\u0443\u0447\u0435\u0431\u043d\u043e\u0433\u043e-\u0433\u043e\u0434\u0430\/\" \/>\n<meta property=\"og:site_name\" content=\"\u0422\u0430\u043b\u043b\u0438\u043d\u043d\u0441\u043a\u0430\u044f \u041c\u0443\u0441\u0442\u0430\u043c\u044f\u044d\u0441\u043a\u0430\u044f \u0420\u0435\u0430\u043b\u044c\u043d\u0430\u044f \u0433\u0438\u043c\u043d\u0430\u0437\u0438\u044f\" \/>\n<meta property=\"article:modified_time\" content=\"2024-09-05T13:12:06+00:00\" \/>\n<meta name=\"twitter:card\" content=\"summary_large_image\" \/>\n<meta name=\"twitter:label1\" content=\"\u041f\u0440\u0438\u043c\u0435\u0440\u043d\u043e\u0435 \u0432\u0440\u0435\u043c\u044f \u0434\u043b\u044f \u0447\u0442\u0435\u043d\u0438\u044f\" \/>\n\t<meta name=\"twitter:data1\" content=\"1 \u043c\u0438\u043d\u0443\u0442\u0430\" \/>\n<script type=\"application\/ld+json\" class=\"yoast-schema-graph\">{\"@context\":\"https:\/\/schema.org\",\"@graph\":[{\"@type\":\"WebPage\",\"@id\":\"https:\/\/tmrg.ee\/ru\/%d1%86%d0%b5%d0%bb%d0%b8-%d1%83%d1%87%d0%b5%d0%b1%d0%bd%d0%be%d0%b3%d0%be-%d0%b3%d0%be%d0%b4%d0%b0\/\",\"url\":\"https:\/\/tmrg.ee\/ru\/%d1%86%d0%b5%d0%bb%d0%b8-%d1%83%d1%87%d0%b5%d0%b1%d0%bd%d0%be%d0%b3%d0%be-%d0%b3%d0%be%d0%b4%d0%b0\/\",\"name\":\"\u0426\u0435\u043b\u0438 \u0443\u0447\u0435\u0431\u043d\u043e\u0433\u043e \u0433\u043e\u0434\u0430 - \u0422\u0430\u043b\u043b\u0438\u043d\u043d\u0441\u043a\u0430\u044f \u041c\u0443\u0441\u0442\u0430\u043c\u044f\u044d\u0441\u043a\u0430\u044f \u0420\u0435\u0430\u043b\u044c\u043d\u0430\u044f \u0433\u0438\u043c\u043d\u0430\u0437\u0438\u044f\",\"isPartOf\":{\"@id\":\"https:\/\/tmrg.ee\/ru\/#website\"},\"datePublished\":\"2022-08-18T22:08:59+00:00\",\"dateModified\":\"2024-09-05T13:12:06+00:00\",\"breadcrumb\":{\"@id\":\"https:\/\/tmrg.ee\/ru\/%d1%86%d0%b5%d0%bb%d0%b8-%d1%83%d1%87%d0%b5%d0%b1%d0%bd%d0%be%d0%b3%d0%be-%d0%b3%d0%be%d0%b4%d0%b0\/#breadcrumb\"},\"inLanguage\":\"ru-RU\",\"potentialAction\":[{\"@type\":\"ReadAction\",\"target\":[\"https:\/\/tmrg.ee\/ru\/%d1%86%d0%b5%d0%bb%d0%b8-%d1%83%d1%87%d0%b5%d0%b1%d0%bd%d0%be%d0%b3%d0%be-%d0%b3%d0%be%d0%b4%d0%b0\/\"]}]},{\"@type\":\"BreadcrumbList\",\"@id\":\"https:\/\/tmrg.ee\/ru\/%d1%86%d0%b5%d0%bb%d0%b8-%d1%83%d1%87%d0%b5%d0%b1%d0%bd%d0%be%d0%b3%d0%be-%d0%b3%d0%be%d0%b4%d0%b0\/#breadcrumb\",\"itemListElement\":[{\"@type\":\"ListItem\",\"position\":1,\"name\":\"Home\",\"item\":\"https:\/\/tmrg.ee\/ru\/\"},{\"@type\":\"ListItem\",\"position\":2,\"name\":\"\u0426\u0435\u043b\u0438 \u0443\u0447\u0435\u0431\u043d\u043e\u0433\u043e \u0433\u043e\u0434\u0430\"}]},{\"@type\":\"WebSite\",\"@id\":\"https:\/\/tmrg.ee\/ru\/#website\",\"url\":\"https:\/\/tmrg.ee\/ru\/\",\"name\":\"\u0422\u0430\u043b\u043b\u0438\u043d\u043d\u0441\u043a\u0430\u044f \u041c\u0443\u0441\u0442\u0430\u043c\u044f\u044d\u0441\u043a\u0430\u044f \u0420\u0435\u0430\u043b\u044c\u043d\u0430\u044f \u0433\u0438\u043c\u043d\u0430\u0437\u0438\u044f\",\"description\":\"\",\"publisher\":{\"@id\":\"https:\/\/tmrg.ee\/ru\/#organization\"},\"potentialAction\":[{\"@type\":\"SearchAction\",\"target\":{\"@type\":\"EntryPoint\",\"urlTemplate\":\"https:\/\/tmrg.ee\/ru\/?s={search_term_string}\"},\"query-input\":{\"@type\":\"PropertyValueSpecification\",\"valueRequired\":true,\"valueName\":\"search_term_string\"}}],\"inLanguage\":\"ru-RU\"},{\"@type\":\"Organization\",\"@id\":\"https:\/\/tmrg.ee\/ru\/#organization\",\"name\":\"\u0422\u0430\u043b\u043b\u0438\u043d\u043d\u0441\u043a\u0430\u044f \u041c\u0443\u0441\u0442\u0430\u043c\u044f\u044d\u0441\u043a\u0430\u044f \u0420\u0435\u0430\u043b\u044c\u043d\u0430\u044f \u0433\u0438\u043c\u043d\u0430\u0437\u0438\u044f\",\"url\":\"https:\/\/tmrg.ee\/ru\/\",\"logo\":{\"@type\":\"ImageObject\",\"inLanguage\":\"ru-RU\",\"@id\":\"https:\/\/tmrg.ee\/ru\/#\/schema\/logo\/image\/\",\"url\":\"https:\/\/tmrg.ee\/ru\/wp-content\/uploads\/sites\/2\/2022\/07\/3E15D8E3-B449-47D9-B8F2-564E238EF8DB.png\",\"contentUrl\":\"https:\/\/tmrg.ee\/ru\/wp-content\/uploads\/sites\/2\/2022\/07\/3E15D8E3-B449-47D9-B8F2-564E238EF8DB.png\",\"width\":423,\"height\":423,\"caption\":\"\u0422\u0430\u043b\u043b\u0438\u043d\u043d\u0441\u043a\u0430\u044f \u041c\u0443\u0441\u0442\u0430\u043c\u044f\u044d\u0441\u043a\u0430\u044f \u0420\u0435\u0430\u043b\u044c\u043d\u0430\u044f \u0433\u0438\u043c\u043d\u0430\u0437\u0438\u044f\"},\"image\":{\"@id\":\"https:\/\/tmrg.ee\/ru\/#\/schema\/logo\/image\/\"}}]}<\/script>\n<!-- \/ Yoast SEO plugin. -->","yoast_head_json":{"title":"\u0426\u0435\u043b\u0438 \u0443\u0447\u0435\u0431\u043d\u043e\u0433\u043e \u0433\u043e\u0434\u0430 - \u0422\u0430\u043b\u043b\u0438\u043d\u043d\u0441\u043a\u0430\u044f \u041c\u0443\u0441\u0442\u0430\u043c\u044f\u044d\u0441\u043a\u0430\u044f \u0420\u0435\u0430\u043b\u044c\u043d\u0430\u044f \u0433\u0438\u043c\u043d\u0430\u0437\u0438\u044f","robots":{"index":"index","follow":"follow","max-snippet":"max-snippet:-1","max-image-preview":"max-image-preview:large","max-video-preview":"max-video-preview:-1"},"canonical":"https:\/\/tmrg.ee\/ru\/\u0446\u0435\u043b\u0438-\u0443\u0447\u0435\u0431\u043d\u043e\u0433\u043e-\u0433\u043e\u0434\u0430\/","og_locale":"ru_RU","og_type":"article","og_title":"\u0426\u0435\u043b\u0438 \u0443\u0447\u0435\u0431\u043d\u043e\u0433\u043e \u0433\u043e\u0434\u0430 - \u0422\u0430\u043b\u043b\u0438\u043d\u043d\u0441\u043a\u0430\u044f \u041c\u0443\u0441\u0442\u0430\u043c\u044f\u044d\u0441\u043a\u0430\u044f \u0420\u0435\u0430\u043b\u044c\u043d\u0430\u044f \u0433\u0438\u043c\u043d\u0430\u0437\u0438\u044f","og_description":"2024\/2025. \u00f5ppeaasta prioriteedid 1. Kvaliteetse ja kaasaegse hariduse pakkumine l\u00e4bi haridusprotsessi mitmekesisuse ning l\u00e4htudes iga \u00f5pilase vajadustest 2. Muusika- ja kunstivaldkonna teadlikkuse suurendamine 3. Eesti \u00f5ppekeelele \u00fcleminek \u00f5ppet\u00f6\u00f6s on s\u00fcsteemne ja toetatud 4. Koost\u00f6\u00f6 arendamine k\u00f5ikide koost\u00f6\u00f6partneritega 2024\/2025. \u00f5ppeaasta eesm\u00e4rgid Ennastjuhtiv \u00f5ppija ja \u00f5pilasest l\u00e4htuv haridus \u00d5pilaste ettev\u00f5tlikkuse ja algatusv\u00f5ime toetamine l\u00e4bi \u00f5ppetegevuse ja \u00f5pilas\u00fcrituste [&hellip;]","og_url":"https:\/\/tmrg.ee\/ru\/\u0446\u0435\u043b\u0438-\u0443\u0447\u0435\u0431\u043d\u043e\u0433\u043e-\u0433\u043e\u0434\u0430\/","og_site_name":"\u0422\u0430\u043b\u043b\u0438\u043d\u043d\u0441\u043a\u0430\u044f \u041c\u0443\u0441\u0442\u0430\u043c\u044f\u044d\u0441\u043a\u0430\u044f \u0420\u0435\u0430\u043b\u044c\u043d\u0430\u044f \u0433\u0438\u043c\u043d\u0430\u0437\u0438\u044f","article_modified_time":"2024-09-05T13:12:06+00:00","twitter_card":"summary_large_image","twitter_misc":{"\u041f\u0440\u0438\u043c\u0435\u0440\u043d\u043e\u0435 \u0432\u0440\u0435\u043c\u044f \u0434\u043b\u044f \u0447\u0442\u0435\u043d\u0438\u044f":"1 \u043c\u0438\u043d\u0443\u0442\u0430"},"schema":{"@context":"https:\/\/schema.org","@graph":[{"@type":"WebPage","@id":"https:\/\/tmrg.ee\/ru\/%d1%86%d0%b5%d0%bb%d0%b8-%d1%83%d1%87%d0%b5%d0%b1%d0%bd%d0%be%d0%b3%d0%be-%d0%b3%d0%be%d0%b4%d0%b0\/","url":"https:\/\/tmrg.ee\/ru\/%d1%86%d0%b5%d0%bb%d0%b8-%d1%83%d1%87%d0%b5%d0%b1%d0%bd%d0%be%d0%b3%d0%be-%d0%b3%d0%be%d0%b4%d0%b0\/","name":"\u0426\u0435\u043b\u0438 \u0443\u0447\u0435\u0431\u043d\u043e\u0433\u043e \u0433\u043e\u0434\u0430 - \u0422\u0430\u043b\u043b\u0438\u043d\u043d\u0441\u043a\u0430\u044f \u041c\u0443\u0441\u0442\u0430\u043c\u044f\u044d\u0441\u043a\u0430\u044f \u0420\u0435\u0430\u043b\u044c\u043d\u0430\u044f \u0433\u0438\u043c\u043d\u0430\u0437\u0438\u044f","isPartOf":{"@id":"https:\/\/tmrg.ee\/ru\/#website"},"datePublished":"2022-08-18T22:08:59+00:00","dateModified":"2024-09-05T13:12:06+00:00","breadcrumb":{"@id":"https:\/\/tmrg.ee\/ru\/%d1%86%d0%b5%d0%bb%d0%b8-%d1%83%d1%87%d0%b5%d0%b1%d0%bd%d0%be%d0%b3%d0%be-%d0%b3%d0%be%d0%b4%d0%b0\/#breadcrumb"},"inLanguage":"ru-RU","potentialAction":[{"@type":"ReadAction","target":["https:\/\/tmrg.ee\/ru\/%d1%86%d0%b5%d0%bb%d0%b8-%d1%83%d1%87%d0%b5%d0%b1%d0%bd%d0%be%d0%b3%d0%be-%d0%b3%d0%be%d0%b4%d0%b0\/"]}]},{"@type":"BreadcrumbList","@id":"https:\/\/tmrg.ee\/ru\/%d1%86%d0%b5%d0%bb%d0%b8-%d1%83%d1%87%d0%b5%d0%b1%d0%bd%d0%be%d0%b3%d0%be-%d0%b3%d0%be%d0%b4%d0%b0\/#breadcrumb","itemListElement":[{"@type":"ListItem","position":1,"name":"Home","item":"https:\/\/tmrg.ee\/ru\/"},{"@type":"ListItem","position":2,"name":"\u0426\u0435\u043b\u0438 \u0443\u0447\u0435\u0431\u043d\u043e\u0433\u043e \u0433\u043e\u0434\u0430"}]},{"@type":"WebSite","@id":"https:\/\/tmrg.ee\/ru\/#website","url":"https:\/\/tmrg.ee\/ru\/","name":"\u0422\u0430\u043b\u043b\u0438\u043d\u043d\u0441\u043a\u0430\u044f \u041c\u0443\u0441\u0442\u0430\u043c\u044f\u044d\u0441\u043a\u0430\u044f \u0420\u0435\u0430\u043b\u044c\u043d\u0430\u044f \u0433\u0438\u043c\u043d\u0430\u0437\u0438\u044f","description":"","publisher":{"@id":"https:\/\/tmrg.ee\/ru\/#organization"},"potentialAction":[{"@type":"SearchAction","target":{"@type":"EntryPoint","urlTemplate":"https:\/\/tmrg.ee\/ru\/?s={search_term_string}"},"query-input":{"@type":"PropertyValueSpecification","valueRequired":true,"valueName":"search_term_string"}}],"inLanguage":"ru-RU"},{"@type":"Organization","@id":"https:\/\/tmrg.ee\/ru\/#organization","name":"\u0422\u0430\u043b\u043b\u0438\u043d\u043d\u0441\u043a\u0430\u044f \u041c\u0443\u0441\u0442\u0430\u043c\u044f\u044d\u0441\u043a\u0430\u044f \u0420\u0435\u0430\u043b\u044c\u043d\u0430\u044f \u0433\u0438\u043c\u043d\u0430\u0437\u0438\u044f","url":"https:\/\/tmrg.ee\/ru\/","logo":{"@type":"ImageObject","inLanguage":"ru-RU","@id":"https:\/\/tmrg.ee\/ru\/#\/schema\/logo\/image\/","url":"https:\/\/tmrg.ee\/ru\/wp-content\/uploads\/sites\/2\/2022\/07\/3E15D8E3-B449-47D9-B8F2-564E238EF8DB.png","contentUrl":"https:\/\/tmrg.ee\/ru\/wp-content\/uploads\/sites\/2\/2022\/07\/3E15D8E3-B449-47D9-B8F2-564E238EF8DB.png","width":423,"height":423,"caption":"\u0422\u0430\u043b\u043b\u0438\u043d\u043d\u0441\u043a\u0430\u044f \u041c\u0443\u0441\u0442\u0430\u043c\u044f\u044d\u0441\u043a\u0430\u044f \u0420\u0435\u0430\u043b\u044c\u043d\u0430\u044f \u0433\u0438\u043c\u043d\u0430\u0437\u0438\u044f"},"image":{"@id":"https:\/\/tmrg.ee\/ru\/#\/schema\/logo\/image\/"}}]}},"_links":{"self":[{"href":"https:\/\/tmrg.ee\/ru\/wp-json\/wp\/v2\/pages\/7712","targetHints":{"allow":["GET"]}}],"collection":[{"href":"https:\/\/tmrg.ee\/ru\/wp-json\/wp\/v2\/pages"}],"about":[{"href":"https:\/\/tmrg.ee\/ru\/wp-json\/wp\/v2\/types\/page"}],"author":[{"embeddable":true,"href":"https:\/\/tmrg.ee\/ru\/wp-json\/wp\/v2\/users\/1"}],"replies":[{"embeddable":true,"href":"https:\/\/tmrg.ee\/ru\/wp-json\/wp\/v2\/comments?post=7712"}],"version-history":[{"count":4,"href":"https:\/\/tmrg.ee\/ru\/wp-json\/wp\/v2\/pages\/7712\/revisions"}],"predecessor-version":[{"id":11184,"href":"https:\/\/tmrg.ee\/ru\/wp-json\/wp\/v2\/pages\/7712\/revisions\/11184"}],"wp:attachment":[{"href":"https:\/\/tmrg.ee\/ru\/wp-json\/wp\/v2\/media?parent=7712"}],"curies":[{"name":"wp","href":"https:\/\/api.w.org\/{rel}","templated":true}]}}