{"id":7706,"date":"2022-08-18T22:08:31","date_gmt":"2022-08-18T22:08:31","guid":{"rendered":"https:\/\/tmrg.ee\/ru\/?page_id=7706"},"modified":"2026-02-25T23:32:43","modified_gmt":"2026-02-25T21:32:43","slug":"%d0%bc%d0%b0%d1%82%d0%b5%d1%80%d0%b8%d0%b0%d0%bb%d1%8b-%d1%80%d0%be%d0%b4%d0%b8%d1%82%d0%b5%d0%bb%d1%8c%d1%81%d0%ba%d0%b8%d1%85-%d1%81%d0%be%d0%b1%d1%80%d0%b0%d0%bd%d0%b8%d0%b9","status":"publish","type":"page","link":"https:\/\/tmrg.ee\/ru\/%d0%bc%d0%b0%d1%82%d0%b5%d1%80%d0%b8%d0%b0%d0%bb%d1%8b-%d1%80%d0%be%d0%b4%d0%b8%d1%82%d0%b5%d0%bb%d1%8c%d1%81%d0%ba%d0%b8%d1%85-%d1%81%d0%be%d0%b1%d1%80%d0%b0%d0%bd%d0%b8%d0%b9\/","title":{"rendered":"\u041c\u0430\u0442\u0435\u0440\u0438\u0430\u043b\u044b \u0440\u043e\u0434\u0438\u0442\u0435\u043b\u044c\u0441\u043a\u0438\u0445 \u0441\u043e\u0431\u0440\u0430\u043d\u0438\u0439"},"content":{"rendered":"<p><a href=\"https:\/\/tmrg.ee\/ru\/wp-content\/uploads\/sites\/2\/2026\/02\/Koosolek-kooli-maaramisest-25.02.2026.pptx.pdf\" target=\"_blank\" rel=\"noopener\">Lastevanemate koosolek taotluse elukohaj\u00e4rgse kooli m\u00e4\u00e4ramise kohta, 25.02.2026<\/a><\/p>\n<p><a href=\"https:\/\/tmrg.ee\/ru\/wp-content\/uploads\/sites\/2\/2025\/09\/Oa-2025_2026-eelkooli-koosolek.pdf\" target=\"_blank\" rel=\"noopener\">Infotund \u00f5a 2025\/2026 eelkooli astuvate laste vanematele, 08.09.2025<\/a><\/p>\n<p><a href=\"https:\/\/tmrg.ee\/ru\/wp-content\/uploads\/sites\/2\/2025\/09\/Uldkoosolek2025.pdf\" target=\"_blank\" rel=\"noopener\">\u00dcldkoosolek, 04.-05.09.2025<\/a><\/p>\n<p><a href=\"https:\/\/tmrg.ee\/wp-content\/uploads\/2025\/08\/oa-20252026-1.kl-koosolek.pdf\" target=\"_blank\" rel=\"noopener\">Tulevaste 1. klasside lastevanemate \u00fcldkoosolek, 26.08.2025<\/a><\/p>\n<p><a href=\"https:\/\/tmrg.ee\/wp-content\/uploads\/2025\/08\/Opilase-terviseinfo_Vorm-EST-2024-1-2.pdf\" target=\"_blank\" rel=\"noopener\">\u00d5pilase terviseinfo vorm, 26.08.2025<\/a><\/p>\n<p><a href=\"https:\/\/tmrg.ee\/ru\/wp-content\/uploads\/sites\/2\/2025\/05\/Eelkooli-kokkuvotlik-koosolek-26.05.2025.pdf\" target=\"_blank\" rel=\"noopener\">Eelkooli kokkuv\u00f5tlik koosolek, 26.05.2025<\/a><\/p>\n<p><a href=\"https:\/\/tmrg.ee\/wp-content\/uploads\/2025\/05\/koosolek_13.05.25.pdf\" target=\"_blank\" rel=\"noopener\">Kasulik info lastevanematele &#8212; (Lastevanemate infotund 13.05.2025)<\/a><\/p>\n<p><a href=\"https:\/\/tmrg.ee\/wp-content\/uploads\/2025\/05\/Lastevanemate-infotund-13.05.2025.pdf\" target=\"_blank\" rel=\"noopener\">\u00dcldinfo &#8212; (Lastevanemate koosolek, 13.05.2025)<\/a><\/p>\n<p><a href=\"https:\/\/tmrg.ee\/ru\/wp-content\/uploads\/sites\/2\/2025\/02\/Koosolek-kooli-maaramisest-25.02.2025.pdf\" target=\"_blank\" rel=\"noopener\">Lastevanemate koosolek taotluse elukohaj\u00e4rgse kooli m\u00e4\u00e4ramise kohta, 25.02.2025<\/a><\/p>\n<p><a href=\"https:\/\/tmrg.ee\/wp-content\/uploads\/2024\/09\/Oa-2024_2025-eelkooli-koosolek.pptx-.pptx.pdf\" target=\"_blank\" rel=\"noopener\">Infotund \u00f5a 2024\/2025 eelkooli astuvate laste vanematele, 09.09.2024<\/a><\/p>\n<p><a href=\"https:\/\/tmrg.ee\/wp-content\/uploads\/2024\/09\/Uldkoosolek2024.pptx.pdf\" target=\"_blank\" rel=\"noopener\">Lastevanemate \u00fcldkoosolek, september 2024<\/a><\/p>\n<p><a href=\"https:\/\/tmrg.ee\/ru\/wp-content\/uploads\/sites\/2\/2024\/08\/oa-20242025-1.kl-koosolek.pptx.pdf\" target=\"_blank\" rel=\"noopener\">Tulevaste 1. klasside lastevanemate koosolek 29.08.2024<\/a><\/p>\n<p><a href=\"https:\/\/tmrg.ee\/ru\/wp-content\/uploads\/sites\/2\/2024\/05\/Eelkooli-kokkuvotlik-koosolek-27.05.2024.pdf\" target=\"_blank\" rel=\"noopener\">Eelkooli kokkuv\u00f5tlik koosolek 27.05.2024<\/a><\/p>\n<p><a href=\"https:\/\/tmrg.ee\/wp-content\/uploads\/2024\/03\/Lastevanemate-infotund-19_03_2024.pdf\" target=\"_blank\" rel=\"noopener\">Kohtumine lastevanematega \u00fcleminekust eesti \u00f5ppekeelele 19.03.2024<\/a><\/p>\n<p><a href=\"https:\/\/tmrg.ee\/wp-content\/uploads\/2024\/02\/Koosolek-kooli-maaramisest-21.02.2024.pptx-.pptx.pdf\" target=\"_blank\" rel=\"noopener\">Koosolek kooli m\u00e4\u00e4ramisest 21.02.2024<\/a><\/p>\n<p><a href=\"https:\/\/tmrg.ee\/wp-content\/uploads\/2023\/09\/Oa-2023_2024-eelkooli-koosolek.pptx.pdf\" target=\"_blank\" rel=\"noopener\">Infotund eelkooli astuvate laste vanematele toimus 11.09.2023<\/a><\/p>\n<p><a href=\"https:\/\/tmrg.ee\/wp-content\/uploads\/2023\/09\/Uldkoosolek2023.pptx.pdf\" target=\"_blank\" rel=\"noopener\">Lastevanemate koosolek 07.09.2022<\/a><\/p>\n<p><a href=\"https:\/\/tmrg.ee\/wp-content\/uploads\/2023\/08\/oa-20232024-1.kl-koosolek.pptx.pdf\" target=\"_blank\" rel=\"noopener\">Tulevaste 1. klasside lastevanemate koosolek 29.08.2023<\/a><\/p>\n<p><a href=\"https:\/\/tmrg.ee\/ru\/wp-content\/uploads\/sites\/2\/2023\/05\/Eelkooli-kokkuvotlik-koosolek-29.05.2023.pdf\" target=\"_blank\" rel=\"noopener\">Eelkooli kokkuv\u00f5tlik koosolek 29.05.2023<\/a><\/p>\n<p><a href=\"https:\/\/tmrg.ee\/ru\/wp-content\/uploads\/sites\/2\/2023\/02\/Koosolek-kooli-maaramisest-21.02.2023.pdf\" target=\"_blank\" rel=\"noopener\">Koosolek kooli m\u00e4\u00e4ramisest 21.02.2023<\/a><\/p>\n<p><a href=\"https:\/\/tmrg.ee\/ru\/wp-content\/uploads\/sites\/2\/2022\/09\/Uldkoosolek-09.09.2022.pdf\" target=\"_blank\" rel=\"noopener\">Lastevanemate koosolek 09.09.2022<\/a><\/p>\n<p><a href=\"https:\/\/tmrg.ee\/ru\/wp-content\/uploads\/sites\/2\/2022\/10\/oa-20222023-1.kl-koosolek2.pptx.pdf\" target=\"_blank\" rel=\"noopener\">Tulevaste 1. klasside lastevanemate koosolek 29.08.2022<\/a><\/p>\n<p><a href=\"https:\/\/tmrg.ee\/ru\/wp-content\/uploads\/sites\/2\/2022\/08\/Oa-2022_2023-eelkooli-koosolek.pdf\" target=\"_blank\" rel=\"noopener\">Infotund eelkooli astuvate laste vanematele toimus 25.08.2022<\/a><\/p>\n<p><a href=\"https:\/\/tmrg.ee\/wp-content\/uploads\/2022\/05\/2022_10-klass-.pdf\" target=\"_blank\" rel=\"noopener\">Lastevanemate koosolek 04.05.2022<\/a><\/p>\n<p><a href=\"https:\/\/tmrg.ee\/wp-content\/uploads\/2022\/02\/Koosolek_-28.02.2022.pptx-kooli-maaramisest.pptx.pdf\" target=\"_blank\" rel=\"noopener\">Infotund eelkooli astuvate laste vanematele toimus 28.02.2022<\/a><\/p>\n<p><a href=\"https:\/\/tmrg.ee\/wp-content\/uploads\/2014\/12\/oa-20212022-1.kl-koosolek.pptx.pdf\" target=\"_blank\" rel=\"noopener\">Tulevaste 1. klasside lastevanemate koosolek 26.08.2021<\/a><\/p>\n<p><a href=\"https:\/\/tmrg.ee\/wp-content\/uploads\/2014\/12\/Koosolek_-26.02.2021.pdf\">Infotund eelkooli astuvate laste vanematele toimus 26.02.2021<\/a><\/p>\n<p><a href=\"https:\/\/tmrg.ee\/wp-content\/uploads\/2014\/12\/ldkoosolek-07.09.2020.pdf\" target=\"_blank\" rel=\"noopener\">Lastevanemate koosolek 07.09.2020<\/a><\/p>\n<p><a href=\"https:\/\/tmrg.ee\/wp-content\/uploads\/2014\/12\/oa-20202021-1.kl-koosolek.pdf\" target=\"_blank\" rel=\"noopener\">Tulevaste 1. klasside lastevanemate koosolek 27.08.2020<\/a><\/p>\n<p><a href=\"https:\/\/tmrg.ee\/wp-content\/uploads\/2014\/12\/Koosolek_-02.03.2020.pdf\">Lastevanemate koosolek 02.03.2020<\/a><\/p>\n<p><a href=\"https:\/\/tmrg.ee\/wp-content\/uploads\/2014\/12\/oa-20192020-eelkooli-koosolek.pdf\">Infotund eelkooli astuvate laste vanematele toimus 5.09.2019<\/a><\/p>\n<p><a href=\"https:\/\/tmrg.ee\/wp-content\/uploads\/2014\/12\/ldkoosolek_04_09_19.pdf\">Lastevanemate koosolek 04.09.2019<\/a><\/p>\n<p><a href=\"https:\/\/tmrg.ee\/wp-content\/uploads\/2014\/12\/oa-20192020-1.kl-koosolek.pdf\">Tulevaste 1. klasside lastevanemate koosolek 29.08.2019<\/a><\/p>\n<p><a href=\"https:\/\/tmrg.ee\/wp-content\/uploads\/2014\/12\/Koosolek_-30.05.2019.ppt\">Infotund eelkooli astuvate laste vanematele toimus 30.05.2019<\/a><\/p>\n<p><a href=\"https:\/\/tmrg.ee\/wp-content\/uploads\/2014\/12\/Koosolek_-28.02.2019-1.ppt\">Infotund eelkooli astuvate laste vanematele toimus 28.02.2019<\/a><\/p>\n<p><a href=\"https:\/\/tmrg.ee\/wp-content\/uploads\/2014\/12\/a-2018-2019-eelkooli-koosolek-06.09.2018.pdf\">Infotund eelkooli astuvate laste vanematele toimus 6.09.2018<\/a><\/p>\n<p><a href=\"https:\/\/tmrg.ee\/wp-content\/uploads\/2014\/12\/uldkoosolek-05.09.2018.pdf\">Lastevanemate koosolek 05.09.2018<\/a><\/p>\n<p><a href=\"https:\/\/tmrg.ee\/wp-content\/uploads\/2014\/12\/tulevaste-1.klasside-koosolek_28.08.2018.pdf\">Tulevaste 1. klasside lastevanemate koosolek 28.08.2018<\/a><\/p>\n<p><a href=\"https:\/\/tmrg.ee\/wp-content\/uploads\/2014\/12\/tulevaste-1.klasside-koosolek.pdf\">Lastevanemate koosolek 30.05.2018<\/a><\/p>\n<p><a href=\"https:\/\/tmrg.ee\/wp-content\/uploads\/2014\/12\/10klass_2018_vanemad.ppt\">Lastevanemate koosolek 28.03.2018<\/a><\/p>\n<p><a href=\"https:\/\/tmrg.ee\/wp-content\/uploads\/2014\/12\/Koosolek_-28.02.2018.pdf\">Lastevanemate koosolek 28.02.2018<\/a><\/p>\n<p><a href=\"https:\/\/tmrg.ee\/wp-content\/uploads\/2014\/12\/20172018-eelkooli-koosolek-07.09.2017.ppt\">Infotund eelkooli astuvate laste vanematele toimus 7.09.2017<\/a><\/p>\n<p><a href=\"https:\/\/tmrg.ee\/wp-content\/uploads\/2014\/12\/uldkoosolek-06.09.2017.ppt\">Lastevanemate koosolek 06.09.2017<\/a><\/p>\n<p><a href=\"https:\/\/tmrg.ee\/wp-content\/uploads\/2014\/12\/tulevaste-1klasside-koosolek29082017.ppt\">Tulevaste 1.klasside koosolek 29.08.2017<\/a><\/p>\n<p><a href=\"https:\/\/tmrg.ee\/wp-content\/uploads\/2014\/12\/tulevaste-1.klasside-koosolek25.05.2017.ppt\">Tulevaste 1.klasside koosolek 25.05.2017<\/a><\/p>\n<p><a href=\"https:\/\/tmrg.ee\/wp-content\/uploads\/2014\/12\/Koosolek_-28.02.2017.ppt\">Tulevaste 1.klasside koosolek 28.02.2017<\/a><\/p>\n<p><a href=\"https:\/\/tmrg.ee\/wp-content\/uploads\/2014\/12\/uldkoosolek_-134.09.2016.ppt\">Lastevanemate koosolek 13.09.2016 ja 14.09.2016<\/a><\/p>\n<p><a href=\"https:\/\/tmrg.ee\/wp-content\/uploads\/2014\/12\/a-20162017-eelkooli-koosolek-08.09.2016.ppt\">Lastevanemate koosolek 08.09.2016<\/a><\/p>\n<p><a href=\"https:\/\/tmrg.ee\/wp-content\/uploads\/2014\/12\/10-%D1%8B%D0%B9-%D0%BA%D0%BB%D0%B0%D1%81%D1%812016.ppt\">Lastevanemate koosolek 02.03.2016<\/a><\/p>\n<p><a href=\"https:\/\/tmrg.ee\/wp-content\/uploads\/2014\/12\/Koosolek_-29-02-2016.ppt\">Lastevanemate koosolek 29.02.2016<\/a><\/p>\n<p><a href=\"https:\/\/tmrg.ee\/wp-content\/uploads\/2014\/12\/uldkoosolek-22.09.2015.ppt\">Lastevanemate koosolek 22.09.2015 ja 23.09.2015<\/a><\/p>\n<p><a href=\"https:\/\/tmrg.ee\/wp-content\/uploads\/2014\/12\/tulevaste-1.klasside-koosolek-08.09.2015.ppt\">Infotund eelkooli astuvate laste vanematele toimus 8. septembril 2015<\/a><\/p>\n<p><a href=\"https:\/\/tmrg.ee\/wp-content\/uploads\/2014\/12\/tulevaste-1.klasside-koosolek_25.ppt\">Tulevaste 1.klasside koosolek 25.05.2015<\/a><\/p>\n<p><a href=\"https:\/\/tmrg.ee\/wp-content\/uploads\/2014\/12\/Koosolek_-26.02.2015.ppt\">Tulevaste 1.klasside koosolek 26.02.2015<\/a><\/p>\n<p><a href=\"https:\/\/tmrg.ee\/wp-content\/uploads\/2014\/12\/tulevaste-1.klasside-koosolek-17.09.2014.ppt\">Tulevaste 1.klasside koosolek 17.09.2014<\/a><\/p>\n<p><a href=\"https:\/\/tmrg.ee\/wp-content\/uploads\/2014\/12\/uldkoosolek-30.09.2014.ppt\">Lastevanemate koosolek 30.09.2014<\/a><\/p>\n","protected":false},"excerpt":{"rendered":"<p>Lastevanemate koosolek taotluse elukohaj\u00e4rgse kooli m\u00e4\u00e4ramise kohta, 25.02.2026 Infotund \u00f5a 2025\/2026 eelkooli astuvate laste vanematele, 08.09.2025 \u00dcldkoosolek, 04.-05.09.2025 Tulevaste 1. klasside lastevanemate \u00fcldkoosolek, 26.08.2025 \u00d5pilase terviseinfo vorm, 26.08.2025 Eelkooli kokkuv\u00f5tlik koosolek, 26.05.2025 Kasulik info lastevanematele &#8212; (Lastevanemate infotund 13.05.2025) \u00dcldinfo &#8212; (Lastevanemate koosolek, 13.05.2025) Lastevanemate koosolek taotluse elukohaj\u00e4rgse kooli m\u00e4\u00e4ramise kohta, 25.02.2025 Infotund \u00f5a 2024\/2025 [&hellip;]<\/p>\n","protected":false},"author":1,"featured_media":0,"parent":0,"menu_order":0,"comment_status":"closed","ping_status":"closed","template":"","meta":{"_acf_changed":false,"footnotes":""},"class_list":["post-7706","page","type-page","status-publish","hentry"],"acf":[],"yoast_head":"<!-- This site is optimized with the Yoast SEO plugin v27.1.1 - https:\/\/yoast.com\/product\/yoast-seo-wordpress\/ -->\n<title>\u041c\u0430\u0442\u0435\u0440\u0438\u0430\u043b\u044b \u0440\u043e\u0434\u0438\u0442\u0435\u043b\u044c\u0441\u043a\u0438\u0445 \u0441\u043e\u0431\u0440\u0430\u043d\u0438\u0439 - \u0422\u0430\u043b\u043b\u0438\u043d\u043d\u0441\u043a\u0430\u044f \u041c\u0443\u0441\u0442\u0430\u043c\u044f\u044d\u0441\u043a\u0430\u044f \u0420\u0435\u0430\u043b\u044c\u043d\u0430\u044f \u0433\u0438\u043c\u043d\u0430\u0437\u0438\u044f<\/title>\n<meta name=\"robots\" content=\"index, follow, max-snippet:-1, max-image-preview:large, max-video-preview:-1\" \/>\n<link rel=\"canonical\" href=\"https:\/\/tmrg.ee\/ru\/\u043c\u0430\u0442\u0435\u0440\u0438\u0430\u043b\u044b-\u0440\u043e\u0434\u0438\u0442\u0435\u043b\u044c\u0441\u043a\u0438\u0445-\u0441\u043e\u0431\u0440\u0430\u043d\u0438\u0439\/\" \/>\n<meta property=\"og:locale\" content=\"ru_RU\" \/>\n<meta property=\"og:type\" content=\"article\" \/>\n<meta property=\"og:title\" content=\"\u041c\u0430\u0442\u0435\u0440\u0438\u0430\u043b\u044b \u0440\u043e\u0434\u0438\u0442\u0435\u043b\u044c\u0441\u043a\u0438\u0445 \u0441\u043e\u0431\u0440\u0430\u043d\u0438\u0439 - \u0422\u0430\u043b\u043b\u0438\u043d\u043d\u0441\u043a\u0430\u044f \u041c\u0443\u0441\u0442\u0430\u043c\u044f\u044d\u0441\u043a\u0430\u044f \u0420\u0435\u0430\u043b\u044c\u043d\u0430\u044f \u0433\u0438\u043c\u043d\u0430\u0437\u0438\u044f\" \/>\n<meta property=\"og:description\" content=\"Lastevanemate koosolek taotluse elukohaj\u00e4rgse kooli m\u00e4\u00e4ramise kohta, 25.02.2026 Infotund \u00f5a 2025\/2026 eelkooli astuvate laste vanematele, 08.09.2025 \u00dcldkoosolek, 04.-05.09.2025 Tulevaste 1. klasside lastevanemate \u00fcldkoosolek, 26.08.2025 \u00d5pilase terviseinfo vorm, 26.08.2025 Eelkooli kokkuv\u00f5tlik koosolek, 26.05.2025 Kasulik info lastevanematele &#8212; (Lastevanemate infotund 13.05.2025) \u00dcldinfo &#8212; (Lastevanemate koosolek, 13.05.2025) Lastevanemate koosolek taotluse elukohaj\u00e4rgse kooli m\u00e4\u00e4ramise kohta, 25.02.2025 Infotund \u00f5a 2024\/2025 [&hellip;]\" \/>\n<meta property=\"og:url\" content=\"https:\/\/tmrg.ee\/ru\/\u043c\u0430\u0442\u0435\u0440\u0438\u0430\u043b\u044b-\u0440\u043e\u0434\u0438\u0442\u0435\u043b\u044c\u0441\u043a\u0438\u0445-\u0441\u043e\u0431\u0440\u0430\u043d\u0438\u0439\/\" \/>\n<meta property=\"og:site_name\" content=\"\u0422\u0430\u043b\u043b\u0438\u043d\u043d\u0441\u043a\u0430\u044f \u041c\u0443\u0441\u0442\u0430\u043c\u044f\u044d\u0441\u043a\u0430\u044f \u0420\u0435\u0430\u043b\u044c\u043d\u0430\u044f \u0433\u0438\u043c\u043d\u0430\u0437\u0438\u044f\" \/>\n<meta property=\"article:modified_time\" content=\"2026-02-25T21:32:43+00:00\" \/>\n<meta name=\"twitter:card\" content=\"summary_large_image\" \/>\n<meta name=\"twitter:label1\" content=\"\u041f\u0440\u0438\u043c\u0435\u0440\u043d\u043e\u0435 \u0432\u0440\u0435\u043c\u044f \u0434\u043b\u044f \u0447\u0442\u0435\u043d\u0438\u044f\" \/>\n\t<meta name=\"twitter:data1\" content=\"2 \u043c\u0438\u043d\u0443\u0442\u044b\" \/>\n<script type=\"application\/ld+json\" class=\"yoast-schema-graph\">{\"@context\":\"https:\/\/schema.org\",\"@graph\":[{\"@type\":\"WebPage\",\"@id\":\"https:\/\/tmrg.ee\/ru\/%d0%bc%d0%b0%d1%82%d0%b5%d1%80%d0%b8%d0%b0%d0%bb%d1%8b-%d1%80%d0%be%d0%b4%d0%b8%d1%82%d0%b5%d0%bb%d1%8c%d1%81%d0%ba%d0%b8%d1%85-%d1%81%d0%be%d0%b1%d1%80%d0%b0%d0%bd%d0%b8%d0%b9\/\",\"url\":\"https:\/\/tmrg.ee\/ru\/%d0%bc%d0%b0%d1%82%d0%b5%d1%80%d0%b8%d0%b0%d0%bb%d1%8b-%d1%80%d0%be%d0%b4%d0%b8%d1%82%d0%b5%d0%bb%d1%8c%d1%81%d0%ba%d0%b8%d1%85-%d1%81%d0%be%d0%b1%d1%80%d0%b0%d0%bd%d0%b8%d0%b9\/\",\"name\":\"\u041c\u0430\u0442\u0435\u0440\u0438\u0430\u043b\u044b \u0440\u043e\u0434\u0438\u0442\u0435\u043b\u044c\u0441\u043a\u0438\u0445 \u0441\u043e\u0431\u0440\u0430\u043d\u0438\u0439 - \u0422\u0430\u043b\u043b\u0438\u043d\u043d\u0441\u043a\u0430\u044f \u041c\u0443\u0441\u0442\u0430\u043c\u044f\u044d\u0441\u043a\u0430\u044f \u0420\u0435\u0430\u043b\u044c\u043d\u0430\u044f \u0433\u0438\u043c\u043d\u0430\u0437\u0438\u044f\",\"isPartOf\":{\"@id\":\"https:\/\/tmrg.ee\/ru\/#website\"},\"datePublished\":\"2022-08-18T22:08:31+00:00\",\"dateModified\":\"2026-02-25T21:32:43+00:00\",\"breadcrumb\":{\"@id\":\"https:\/\/tmrg.ee\/ru\/%d0%bc%d0%b0%d1%82%d0%b5%d1%80%d0%b8%d0%b0%d0%bb%d1%8b-%d1%80%d0%be%d0%b4%d0%b8%d1%82%d0%b5%d0%bb%d1%8c%d1%81%d0%ba%d0%b8%d1%85-%d1%81%d0%be%d0%b1%d1%80%d0%b0%d0%bd%d0%b8%d0%b9\/#breadcrumb\"},\"inLanguage\":\"ru-RU\",\"potentialAction\":[{\"@type\":\"ReadAction\",\"target\":[\"https:\/\/tmrg.ee\/ru\/%d0%bc%d0%b0%d1%82%d0%b5%d1%80%d0%b8%d0%b0%d0%bb%d1%8b-%d1%80%d0%be%d0%b4%d0%b8%d1%82%d0%b5%d0%bb%d1%8c%d1%81%d0%ba%d0%b8%d1%85-%d1%81%d0%be%d0%b1%d1%80%d0%b0%d0%bd%d0%b8%d0%b9\/\"]}]},{\"@type\":\"BreadcrumbList\",\"@id\":\"https:\/\/tmrg.ee\/ru\/%d0%bc%d0%b0%d1%82%d0%b5%d1%80%d0%b8%d0%b0%d0%bb%d1%8b-%d1%80%d0%be%d0%b4%d0%b8%d1%82%d0%b5%d0%bb%d1%8c%d1%81%d0%ba%d0%b8%d1%85-%d1%81%d0%be%d0%b1%d1%80%d0%b0%d0%bd%d0%b8%d0%b9\/#breadcrumb\",\"itemListElement\":[{\"@type\":\"ListItem\",\"position\":1,\"name\":\"Home\",\"item\":\"https:\/\/tmrg.ee\/ru\/\"},{\"@type\":\"ListItem\",\"position\":2,\"name\":\"\u041c\u0430\u0442\u0435\u0440\u0438\u0430\u043b\u044b \u0440\u043e\u0434\u0438\u0442\u0435\u043b\u044c\u0441\u043a\u0438\u0445 \u0441\u043e\u0431\u0440\u0430\u043d\u0438\u0439\"}]},{\"@type\":\"WebSite\",\"@id\":\"https:\/\/tmrg.ee\/ru\/#website\",\"url\":\"https:\/\/tmrg.ee\/ru\/\",\"name\":\"\u0422\u0430\u043b\u043b\u0438\u043d\u043d\u0441\u043a\u0430\u044f \u041c\u0443\u0441\u0442\u0430\u043c\u044f\u044d\u0441\u043a\u0430\u044f \u0420\u0435\u0430\u043b\u044c\u043d\u0430\u044f \u0433\u0438\u043c\u043d\u0430\u0437\u0438\u044f\",\"description\":\"\",\"publisher\":{\"@id\":\"https:\/\/tmrg.ee\/ru\/#organization\"},\"potentialAction\":[{\"@type\":\"SearchAction\",\"target\":{\"@type\":\"EntryPoint\",\"urlTemplate\":\"https:\/\/tmrg.ee\/ru\/?s={search_term_string}\"},\"query-input\":{\"@type\":\"PropertyValueSpecification\",\"valueRequired\":true,\"valueName\":\"search_term_string\"}}],\"inLanguage\":\"ru-RU\"},{\"@type\":\"Organization\",\"@id\":\"https:\/\/tmrg.ee\/ru\/#organization\",\"name\":\"\u0422\u0430\u043b\u043b\u0438\u043d\u043d\u0441\u043a\u0430\u044f \u041c\u0443\u0441\u0442\u0430\u043c\u044f\u044d\u0441\u043a\u0430\u044f \u0420\u0435\u0430\u043b\u044c\u043d\u0430\u044f \u0433\u0438\u043c\u043d\u0430\u0437\u0438\u044f\",\"url\":\"https:\/\/tmrg.ee\/ru\/\",\"logo\":{\"@type\":\"ImageObject\",\"inLanguage\":\"ru-RU\",\"@id\":\"https:\/\/tmrg.ee\/ru\/#\/schema\/logo\/image\/\",\"url\":\"https:\/\/tmrg.ee\/ru\/wp-content\/uploads\/sites\/2\/2022\/07\/3E15D8E3-B449-47D9-B8F2-564E238EF8DB.png\",\"contentUrl\":\"https:\/\/tmrg.ee\/ru\/wp-content\/uploads\/sites\/2\/2022\/07\/3E15D8E3-B449-47D9-B8F2-564E238EF8DB.png\",\"width\":423,\"height\":423,\"caption\":\"\u0422\u0430\u043b\u043b\u0438\u043d\u043d\u0441\u043a\u0430\u044f \u041c\u0443\u0441\u0442\u0430\u043c\u044f\u044d\u0441\u043a\u0430\u044f \u0420\u0435\u0430\u043b\u044c\u043d\u0430\u044f \u0433\u0438\u043c\u043d\u0430\u0437\u0438\u044f\"},\"image\":{\"@id\":\"https:\/\/tmrg.ee\/ru\/#\/schema\/logo\/image\/\"}}]}<\/script>\n<!-- \/ Yoast SEO plugin. -->","yoast_head_json":{"title":"\u041c\u0430\u0442\u0435\u0440\u0438\u0430\u043b\u044b \u0440\u043e\u0434\u0438\u0442\u0435\u043b\u044c\u0441\u043a\u0438\u0445 \u0441\u043e\u0431\u0440\u0430\u043d\u0438\u0439 - \u0422\u0430\u043b\u043b\u0438\u043d\u043d\u0441\u043a\u0430\u044f \u041c\u0443\u0441\u0442\u0430\u043c\u044f\u044d\u0441\u043a\u0430\u044f \u0420\u0435\u0430\u043b\u044c\u043d\u0430\u044f \u0433\u0438\u043c\u043d\u0430\u0437\u0438\u044f","robots":{"index":"index","follow":"follow","max-snippet":"max-snippet:-1","max-image-preview":"max-image-preview:large","max-video-preview":"max-video-preview:-1"},"canonical":"https:\/\/tmrg.ee\/ru\/\u043c\u0430\u0442\u0435\u0440\u0438\u0430\u043b\u044b-\u0440\u043e\u0434\u0438\u0442\u0435\u043b\u044c\u0441\u043a\u0438\u0445-\u0441\u043e\u0431\u0440\u0430\u043d\u0438\u0439\/","og_locale":"ru_RU","og_type":"article","og_title":"\u041c\u0430\u0442\u0435\u0440\u0438\u0430\u043b\u044b \u0440\u043e\u0434\u0438\u0442\u0435\u043b\u044c\u0441\u043a\u0438\u0445 \u0441\u043e\u0431\u0440\u0430\u043d\u0438\u0439 - \u0422\u0430\u043b\u043b\u0438\u043d\u043d\u0441\u043a\u0430\u044f \u041c\u0443\u0441\u0442\u0430\u043c\u044f\u044d\u0441\u043a\u0430\u044f \u0420\u0435\u0430\u043b\u044c\u043d\u0430\u044f \u0433\u0438\u043c\u043d\u0430\u0437\u0438\u044f","og_description":"Lastevanemate koosolek taotluse elukohaj\u00e4rgse kooli m\u00e4\u00e4ramise kohta, 25.02.2026 Infotund \u00f5a 2025\/2026 eelkooli astuvate laste vanematele, 08.09.2025 \u00dcldkoosolek, 04.-05.09.2025 Tulevaste 1. klasside lastevanemate \u00fcldkoosolek, 26.08.2025 \u00d5pilase terviseinfo vorm, 26.08.2025 Eelkooli kokkuv\u00f5tlik koosolek, 26.05.2025 Kasulik info lastevanematele &#8212; (Lastevanemate infotund 13.05.2025) \u00dcldinfo &#8212; (Lastevanemate koosolek, 13.05.2025) Lastevanemate koosolek taotluse elukohaj\u00e4rgse kooli m\u00e4\u00e4ramise kohta, 25.02.2025 Infotund \u00f5a 2024\/2025 [&hellip;]","og_url":"https:\/\/tmrg.ee\/ru\/\u043c\u0430\u0442\u0435\u0440\u0438\u0430\u043b\u044b-\u0440\u043e\u0434\u0438\u0442\u0435\u043b\u044c\u0441\u043a\u0438\u0445-\u0441\u043e\u0431\u0440\u0430\u043d\u0438\u0439\/","og_site_name":"\u0422\u0430\u043b\u043b\u0438\u043d\u043d\u0441\u043a\u0430\u044f \u041c\u0443\u0441\u0442\u0430\u043c\u044f\u044d\u0441\u043a\u0430\u044f \u0420\u0435\u0430\u043b\u044c\u043d\u0430\u044f \u0433\u0438\u043c\u043d\u0430\u0437\u0438\u044f","article_modified_time":"2026-02-25T21:32:43+00:00","twitter_card":"summary_large_image","twitter_misc":{"\u041f\u0440\u0438\u043c\u0435\u0440\u043d\u043e\u0435 \u0432\u0440\u0435\u043c\u044f \u0434\u043b\u044f \u0447\u0442\u0435\u043d\u0438\u044f":"2 \u043c\u0438\u043d\u0443\u0442\u044b"},"schema":{"@context":"https:\/\/schema.org","@graph":[{"@type":"WebPage","@id":"https:\/\/tmrg.ee\/ru\/%d0%bc%d0%b0%d1%82%d0%b5%d1%80%d0%b8%d0%b0%d0%bb%d1%8b-%d1%80%d0%be%d0%b4%d0%b8%d1%82%d0%b5%d0%bb%d1%8c%d1%81%d0%ba%d0%b8%d1%85-%d1%81%d0%be%d0%b1%d1%80%d0%b0%d0%bd%d0%b8%d0%b9\/","url":"https:\/\/tmrg.ee\/ru\/%d0%bc%d0%b0%d1%82%d0%b5%d1%80%d0%b8%d0%b0%d0%bb%d1%8b-%d1%80%d0%be%d0%b4%d0%b8%d1%82%d0%b5%d0%bb%d1%8c%d1%81%d0%ba%d0%b8%d1%85-%d1%81%d0%be%d0%b1%d1%80%d0%b0%d0%bd%d0%b8%d0%b9\/","name":"\u041c\u0430\u0442\u0435\u0440\u0438\u0430\u043b\u044b \u0440\u043e\u0434\u0438\u0442\u0435\u043b\u044c\u0441\u043a\u0438\u0445 \u0441\u043e\u0431\u0440\u0430\u043d\u0438\u0439 - \u0422\u0430\u043b\u043b\u0438\u043d\u043d\u0441\u043a\u0430\u044f \u041c\u0443\u0441\u0442\u0430\u043c\u044f\u044d\u0441\u043a\u0430\u044f \u0420\u0435\u0430\u043b\u044c\u043d\u0430\u044f \u0433\u0438\u043c\u043d\u0430\u0437\u0438\u044f","isPartOf":{"@id":"https:\/\/tmrg.ee\/ru\/#website"},"datePublished":"2022-08-18T22:08:31+00:00","dateModified":"2026-02-25T21:32:43+00:00","breadcrumb":{"@id":"https:\/\/tmrg.ee\/ru\/%d0%bc%d0%b0%d1%82%d0%b5%d1%80%d0%b8%d0%b0%d0%bb%d1%8b-%d1%80%d0%be%d0%b4%d0%b8%d1%82%d0%b5%d0%bb%d1%8c%d1%81%d0%ba%d0%b8%d1%85-%d1%81%d0%be%d0%b1%d1%80%d0%b0%d0%bd%d0%b8%d0%b9\/#breadcrumb"},"inLanguage":"ru-RU","potentialAction":[{"@type":"ReadAction","target":["https:\/\/tmrg.ee\/ru\/%d0%bc%d0%b0%d1%82%d0%b5%d1%80%d0%b8%d0%b0%d0%bb%d1%8b-%d1%80%d0%be%d0%b4%d0%b8%d1%82%d0%b5%d0%bb%d1%8c%d1%81%d0%ba%d0%b8%d1%85-%d1%81%d0%be%d0%b1%d1%80%d0%b0%d0%bd%d0%b8%d0%b9\/"]}]},{"@type":"BreadcrumbList","@id":"https:\/\/tmrg.ee\/ru\/%d0%bc%d0%b0%d1%82%d0%b5%d1%80%d0%b8%d0%b0%d0%bb%d1%8b-%d1%80%d0%be%d0%b4%d0%b8%d1%82%d0%b5%d0%bb%d1%8c%d1%81%d0%ba%d0%b8%d1%85-%d1%81%d0%be%d0%b1%d1%80%d0%b0%d0%bd%d0%b8%d0%b9\/#breadcrumb","itemListElement":[{"@type":"ListItem","position":1,"name":"Home","item":"https:\/\/tmrg.ee\/ru\/"},{"@type":"ListItem","position":2,"name":"\u041c\u0430\u0442\u0435\u0440\u0438\u0430\u043b\u044b \u0440\u043e\u0434\u0438\u0442\u0435\u043b\u044c\u0441\u043a\u0438\u0445 \u0441\u043e\u0431\u0440\u0430\u043d\u0438\u0439"}]},{"@type":"WebSite","@id":"https:\/\/tmrg.ee\/ru\/#website","url":"https:\/\/tmrg.ee\/ru\/","name":"\u0422\u0430\u043b\u043b\u0438\u043d\u043d\u0441\u043a\u0430\u044f \u041c\u0443\u0441\u0442\u0430\u043c\u044f\u044d\u0441\u043a\u0430\u044f \u0420\u0435\u0430\u043b\u044c\u043d\u0430\u044f \u0433\u0438\u043c\u043d\u0430\u0437\u0438\u044f","description":"","publisher":{"@id":"https:\/\/tmrg.ee\/ru\/#organization"},"potentialAction":[{"@type":"SearchAction","target":{"@type":"EntryPoint","urlTemplate":"https:\/\/tmrg.ee\/ru\/?s={search_term_string}"},"query-input":{"@type":"PropertyValueSpecification","valueRequired":true,"valueName":"search_term_string"}}],"inLanguage":"ru-RU"},{"@type":"Organization","@id":"https:\/\/tmrg.ee\/ru\/#organization","name":"\u0422\u0430\u043b\u043b\u0438\u043d\u043d\u0441\u043a\u0430\u044f \u041c\u0443\u0441\u0442\u0430\u043c\u044f\u044d\u0441\u043a\u0430\u044f \u0420\u0435\u0430\u043b\u044c\u043d\u0430\u044f \u0433\u0438\u043c\u043d\u0430\u0437\u0438\u044f","url":"https:\/\/tmrg.ee\/ru\/","logo":{"@type":"ImageObject","inLanguage":"ru-RU","@id":"https:\/\/tmrg.ee\/ru\/#\/schema\/logo\/image\/","url":"https:\/\/tmrg.ee\/ru\/wp-content\/uploads\/sites\/2\/2022\/07\/3E15D8E3-B449-47D9-B8F2-564E238EF8DB.png","contentUrl":"https:\/\/tmrg.ee\/ru\/wp-content\/uploads\/sites\/2\/2022\/07\/3E15D8E3-B449-47D9-B8F2-564E238EF8DB.png","width":423,"height":423,"caption":"\u0422\u0430\u043b\u043b\u0438\u043d\u043d\u0441\u043a\u0430\u044f \u041c\u0443\u0441\u0442\u0430\u043c\u044f\u044d\u0441\u043a\u0430\u044f \u0420\u0435\u0430\u043b\u044c\u043d\u0430\u044f \u0433\u0438\u043c\u043d\u0430\u0437\u0438\u044f"},"image":{"@id":"https:\/\/tmrg.ee\/ru\/#\/schema\/logo\/image\/"}}]}},"_links":{"self":[{"href":"https:\/\/tmrg.ee\/ru\/wp-json\/wp\/v2\/pages\/7706","targetHints":{"allow":["GET"]}}],"collection":[{"href":"https:\/\/tmrg.ee\/ru\/wp-json\/wp\/v2\/pages"}],"about":[{"href":"https:\/\/tmrg.ee\/ru\/wp-json\/wp\/v2\/types\/page"}],"author":[{"embeddable":true,"href":"https:\/\/tmrg.ee\/ru\/wp-json\/wp\/v2\/users\/1"}],"replies":[{"embeddable":true,"href":"https:\/\/tmrg.ee\/ru\/wp-json\/wp\/v2\/comments?post=7706"}],"version-history":[{"count":29,"href":"https:\/\/tmrg.ee\/ru\/wp-json\/wp\/v2\/pages\/7706\/revisions"}],"predecessor-version":[{"id":13036,"href":"https:\/\/tmrg.ee\/ru\/wp-json\/wp\/v2\/pages\/7706\/revisions\/13036"}],"wp:attachment":[{"href":"https:\/\/tmrg.ee\/ru\/wp-json\/wp\/v2\/media?parent=7706"}],"curies":[{"name":"wp","href":"https:\/\/api.w.org\/{rel}","templated":true}]}}