{"id":6770,"date":"2022-04-28T18:07:51","date_gmt":"2022-04-28T18:07:51","guid":{"rendered":"https:\/\/tmrg.ee\/ru\/?page_id=6770"},"modified":"2024-09-05T16:00:28","modified_gmt":"2024-09-05T13:00:28","slug":"kooli-moto-ja-pohivaartused","status":"publish","type":"page","link":"https:\/\/tmrg.ee\/ru\/kooli-moto-ja-pohivaartused\/","title":{"rendered":"Kooli moto ja p\u00f5hiv\u00e4\u00e4rtused"},"content":{"rendered":"<p><img decoding=\"async\" class=\"size-full wp-image-11179 aligncenter\" src=\"https:\/\/tmrg.ee\/ru\/wp-content\/uploads\/sites\/2\/2024\/09\/2024-moto-visioon-missioon.jpg\" alt=\"\" width=\"650\" srcset=\"https:\/\/tmrg.ee\/ru\/wp-content\/uploads\/sites\/2\/2024\/09\/2024-moto-visioon-missioon.jpg 786w, https:\/\/tmrg.ee\/ru\/wp-content\/uploads\/sites\/2\/2024\/09\/2024-moto-visioon-missioon-500x338.jpg 500w\" sizes=\"(max-width: 786px) 100vw, 786px\" \/><\/p>\n<p>&nbsp;<\/p>\n<p style=\"text-align: justify;\"><b><i>V\u00e4\u00e4rtuste all<\/i><\/b> m\u00f5istame \u00fchiseid hoiakuid ja k\u00e4itumisreegleid, mis aitavad k\u00f5ige paremini meil oma missiooni teostada ja visioonis kirjeldatud seisundini j\u00f5uda.<\/p>\n<ul>\n<li style=\"text-align: justify;\"><strong><i>Oleme usaldusv\u00e4\u00e4rsed.<\/i> <\/strong>Aitame \u00fcksteist, toetame tegutsemisvabadust ning lennukaid ideid, l\u00e4htume kokkulepetest, oleme ausad ja hoolsad. Iga\u00fcks meist v\u00f5tab vastutuse oma tegude eest, oleme tolerantsed ning hoiame h\u00e4id suhteid. Koolis t\u00f6\u00f6tavad oma eriala parimad asjatundjad ning teeme t\u00f6\u00f6d p\u00fchendumuse ja vastutustundega. Toetume \u00f5petamisel ja juhendamisel kaasaegsetele ning teaduslikele l\u00e4henemisviisidele, olles valmis enda valikuid ja otsuseid argumenteeritult p\u00f5hjendama. Meie tegevus on arusaadav nii kolleegidele, partneritele kui ka avalikkusele.<\/li>\n<li style=\"text-align: justify;\"><strong><i>Oleme koost\u00f6\u00f6le avatud partnerid.<\/i><\/strong> Oleme \u00f5iglased, head kuulajad ja koost\u00f6\u00f6le avatud, sest see on ainus viis parimate tulemuste saavutamiseks. Austame ja arvestame oma partnerite seisukohtadega. Oleme koolielus aktiivsed, osaleme erinevates projektides ja \u00fcritustel, \u00f5pilasvahetuses, v\u00f5tame vastu k\u00fclalisi ja \u00f5pime k\u00f5ikjal ning k\u00f5ike koos. Oleme s\u00f5bralikud, oma tegevustes l\u00e4bipaistvad, leiame k\u00f5igiga \u00fchise keele, teeme kompromisse. Usume, et koos on lihtsam.<\/li>\n<li style=\"text-align: justify;\"><strong><em>Oleme head suhtlejad ja koost\u00f6\u00f6kultuuri edendajad<\/em>.<\/strong> Suhtlemisel hindame heatahtlikkust, paindlikkust, vastastikust austust. Abistame ja toetame teineteist, tunneme r\u00f5\u00f5mu pisiasjadest, oleme kaastundlikud, m\u00f5istvad, hoolivad ja t\u00e4helepanelikud, usaldame \u00fcksteist, sest oleme meeskond, lahendustele orienteeritud ja jagame oma kogemusi. Oleme tolerantsed, aktsepteerime erinevaid arvamusi ja maailmavaateid.<\/li>\n<li style=\"text-align: justify;\"><strong><i>Oleme loovad ja innovaatilised.<\/i> <\/strong>\u00d5pime igast kogemusest ning arendame loovust iseendas, et luua uudseid lahendusi, oskame vaadata probleemi erinevatest k\u00fclgedest, kasutame erinevaid tehnoloogiaid. Oleme avatud uuendustele ning m\u00f5istame ja oskame arvestada otsuste tegemisel muutusi hariduss\u00fcsteemis ja \u00fchiskonnas. Hindame neid, kes otsivad uusi ideid ja julgevad neid v\u00e4lja \u00f6elda, m\u00e4rkame talente. V\u00f5tame vastu v\u00e4ljakutseid, arendame oma oskusi, tahame olla parimad, sest oleme loovad ja tegusad erinevates valdkondades<\/li>\n<li style=\"text-align: justify;\"><strong><i>Oleme traditsioone hoidev ja v\u00e4\u00e4rtustav kool. <\/i><\/strong>Loome \u00f5pikeskkonna, mis austab minevikku, v\u00e4\u00e4rtustab traditsioone ja kombeid, kuid l\u00f5imime mineviku t\u00e4nap\u00e4evaga \u00fcheks maailmapildiks. Austame igat osapoolt ja s\u00e4ilitame \u00fchistegevuste kaudu \u00fchtsuse. Hoolime mineviku tarkusest ja kultuurip\u00e4randi edasiandmisest.<\/li>\n<\/ul>\n","protected":false},"excerpt":{"rendered":"<p>&nbsp; V\u00e4\u00e4rtuste all m\u00f5istame \u00fchiseid hoiakuid ja k\u00e4itumisreegleid, mis aitavad k\u00f5ige paremini meil oma missiooni teostada ja visioonis kirjeldatud seisundini j\u00f5uda. Oleme usaldusv\u00e4\u00e4rsed. Aitame \u00fcksteist, toetame tegutsemisvabadust ning lennukaid ideid, l\u00e4htume kokkulepetest, oleme ausad ja hoolsad. Iga\u00fcks meist v\u00f5tab vastutuse oma tegude eest, oleme tolerantsed ning hoiame h\u00e4id suhteid. Koolis t\u00f6\u00f6tavad oma eriala parimad asjatundjad [&hellip;]<\/p>\n","protected":false},"author":1,"featured_media":0,"parent":0,"menu_order":0,"comment_status":"closed","ping_status":"closed","template":"","meta":{"_acf_changed":false,"footnotes":""},"class_list":["post-6770","page","type-page","status-publish","hentry"],"acf":[],"yoast_head":"<!-- This site is optimized with the Yoast SEO plugin v27.1.1 - https:\/\/yoast.com\/product\/yoast-seo-wordpress\/ -->\n<title>Kooli moto ja p\u00f5hiv\u00e4\u00e4rtused - \u0422\u0430\u043b\u043b\u0438\u043d\u043d\u0441\u043a\u0430\u044f \u041c\u0443\u0441\u0442\u0430\u043c\u044f\u044d\u0441\u043a\u0430\u044f \u0420\u0435\u0430\u043b\u044c\u043d\u0430\u044f \u0433\u0438\u043c\u043d\u0430\u0437\u0438\u044f<\/title>\n<meta name=\"robots\" content=\"index, follow, max-snippet:-1, max-image-preview:large, max-video-preview:-1\" \/>\n<link rel=\"canonical\" href=\"https:\/\/tmrg.ee\/ru\/kooli-moto-ja-pohivaartused\/\" \/>\n<meta property=\"og:locale\" content=\"ru_RU\" \/>\n<meta property=\"og:type\" content=\"article\" \/>\n<meta property=\"og:title\" content=\"Kooli moto ja p\u00f5hiv\u00e4\u00e4rtused - \u0422\u0430\u043b\u043b\u0438\u043d\u043d\u0441\u043a\u0430\u044f \u041c\u0443\u0441\u0442\u0430\u043c\u044f\u044d\u0441\u043a\u0430\u044f \u0420\u0435\u0430\u043b\u044c\u043d\u0430\u044f \u0433\u0438\u043c\u043d\u0430\u0437\u0438\u044f\" \/>\n<meta property=\"og:description\" content=\"&nbsp; V\u00e4\u00e4rtuste all m\u00f5istame \u00fchiseid hoiakuid ja k\u00e4itumisreegleid, mis aitavad k\u00f5ige paremini meil oma missiooni teostada ja visioonis kirjeldatud seisundini j\u00f5uda. Oleme usaldusv\u00e4\u00e4rsed. Aitame \u00fcksteist, toetame tegutsemisvabadust ning lennukaid ideid, l\u00e4htume kokkulepetest, oleme ausad ja hoolsad. Iga\u00fcks meist v\u00f5tab vastutuse oma tegude eest, oleme tolerantsed ning hoiame h\u00e4id suhteid. Koolis t\u00f6\u00f6tavad oma eriala parimad asjatundjad [&hellip;]\" \/>\n<meta property=\"og:url\" content=\"https:\/\/tmrg.ee\/ru\/kooli-moto-ja-pohivaartused\/\" \/>\n<meta property=\"og:site_name\" content=\"\u0422\u0430\u043b\u043b\u0438\u043d\u043d\u0441\u043a\u0430\u044f \u041c\u0443\u0441\u0442\u0430\u043c\u044f\u044d\u0441\u043a\u0430\u044f \u0420\u0435\u0430\u043b\u044c\u043d\u0430\u044f \u0433\u0438\u043c\u043d\u0430\u0437\u0438\u044f\" \/>\n<meta property=\"article:modified_time\" content=\"2024-09-05T13:00:28+00:00\" \/>\n<meta property=\"og:image\" content=\"https:\/\/tmrg.ee\/ru\/wp-content\/uploads\/sites\/2\/2024\/09\/2024-moto-visioon-missioon.jpg\" \/>\n<meta name=\"twitter:card\" content=\"summary_large_image\" \/>\n<meta name=\"twitter:label1\" content=\"\u041f\u0440\u0438\u043c\u0435\u0440\u043d\u043e\u0435 \u0432\u0440\u0435\u043c\u044f \u0434\u043b\u044f \u0447\u0442\u0435\u043d\u0438\u044f\" \/>\n\t<meta name=\"twitter:data1\" content=\"2 \u043c\u0438\u043d\u0443\u0442\u044b\" \/>\n<script type=\"application\/ld+json\" class=\"yoast-schema-graph\">{\"@context\":\"https:\/\/schema.org\",\"@graph\":[{\"@type\":\"WebPage\",\"@id\":\"https:\/\/tmrg.ee\/ru\/kooli-moto-ja-pohivaartused\/\",\"url\":\"https:\/\/tmrg.ee\/ru\/kooli-moto-ja-pohivaartused\/\",\"name\":\"Kooli moto ja p\u00f5hiv\u00e4\u00e4rtused - \u0422\u0430\u043b\u043b\u0438\u043d\u043d\u0441\u043a\u0430\u044f \u041c\u0443\u0441\u0442\u0430\u043c\u044f\u044d\u0441\u043a\u0430\u044f \u0420\u0435\u0430\u043b\u044c\u043d\u0430\u044f \u0433\u0438\u043c\u043d\u0430\u0437\u0438\u044f\",\"isPartOf\":{\"@id\":\"https:\/\/tmrg.ee\/ru\/#website\"},\"primaryImageOfPage\":{\"@id\":\"https:\/\/tmrg.ee\/ru\/kooli-moto-ja-pohivaartused\/#primaryimage\"},\"image\":{\"@id\":\"https:\/\/tmrg.ee\/ru\/kooli-moto-ja-pohivaartused\/#primaryimage\"},\"thumbnailUrl\":\"https:\/\/tmrg.ee\/ru\/wp-content\/uploads\/sites\/2\/2024\/09\/2024-moto-visioon-missioon.jpg\",\"datePublished\":\"2022-04-28T18:07:51+00:00\",\"dateModified\":\"2024-09-05T13:00:28+00:00\",\"breadcrumb\":{\"@id\":\"https:\/\/tmrg.ee\/ru\/kooli-moto-ja-pohivaartused\/#breadcrumb\"},\"inLanguage\":\"ru-RU\",\"potentialAction\":[{\"@type\":\"ReadAction\",\"target\":[\"https:\/\/tmrg.ee\/ru\/kooli-moto-ja-pohivaartused\/\"]}]},{\"@type\":\"ImageObject\",\"inLanguage\":\"ru-RU\",\"@id\":\"https:\/\/tmrg.ee\/ru\/kooli-moto-ja-pohivaartused\/#primaryimage\",\"url\":\"https:\/\/tmrg.ee\/ru\/wp-content\/uploads\/sites\/2\/2024\/09\/2024-moto-visioon-missioon.jpg\",\"contentUrl\":\"https:\/\/tmrg.ee\/ru\/wp-content\/uploads\/sites\/2\/2024\/09\/2024-moto-visioon-missioon.jpg\",\"width\":786,\"height\":531},{\"@type\":\"BreadcrumbList\",\"@id\":\"https:\/\/tmrg.ee\/ru\/kooli-moto-ja-pohivaartused\/#breadcrumb\",\"itemListElement\":[{\"@type\":\"ListItem\",\"position\":1,\"name\":\"Home\",\"item\":\"https:\/\/tmrg.ee\/ru\/\"},{\"@type\":\"ListItem\",\"position\":2,\"name\":\"Kooli moto ja p\u00f5hiv\u00e4\u00e4rtused\"}]},{\"@type\":\"WebSite\",\"@id\":\"https:\/\/tmrg.ee\/ru\/#website\",\"url\":\"https:\/\/tmrg.ee\/ru\/\",\"name\":\"\u0422\u0430\u043b\u043b\u0438\u043d\u043d\u0441\u043a\u0430\u044f \u041c\u0443\u0441\u0442\u0430\u043c\u044f\u044d\u0441\u043a\u0430\u044f \u0420\u0435\u0430\u043b\u044c\u043d\u0430\u044f \u0433\u0438\u043c\u043d\u0430\u0437\u0438\u044f\",\"description\":\"\",\"publisher\":{\"@id\":\"https:\/\/tmrg.ee\/ru\/#organization\"},\"potentialAction\":[{\"@type\":\"SearchAction\",\"target\":{\"@type\":\"EntryPoint\",\"urlTemplate\":\"https:\/\/tmrg.ee\/ru\/?s={search_term_string}\"},\"query-input\":{\"@type\":\"PropertyValueSpecification\",\"valueRequired\":true,\"valueName\":\"search_term_string\"}}],\"inLanguage\":\"ru-RU\"},{\"@type\":\"Organization\",\"@id\":\"https:\/\/tmrg.ee\/ru\/#organization\",\"name\":\"\u0422\u0430\u043b\u043b\u0438\u043d\u043d\u0441\u043a\u0430\u044f \u041c\u0443\u0441\u0442\u0430\u043c\u044f\u044d\u0441\u043a\u0430\u044f \u0420\u0435\u0430\u043b\u044c\u043d\u0430\u044f \u0433\u0438\u043c\u043d\u0430\u0437\u0438\u044f\",\"url\":\"https:\/\/tmrg.ee\/ru\/\",\"logo\":{\"@type\":\"ImageObject\",\"inLanguage\":\"ru-RU\",\"@id\":\"https:\/\/tmrg.ee\/ru\/#\/schema\/logo\/image\/\",\"url\":\"https:\/\/tmrg.ee\/ru\/wp-content\/uploads\/sites\/2\/2022\/07\/3E15D8E3-B449-47D9-B8F2-564E238EF8DB.png\",\"contentUrl\":\"https:\/\/tmrg.ee\/ru\/wp-content\/uploads\/sites\/2\/2022\/07\/3E15D8E3-B449-47D9-B8F2-564E238EF8DB.png\",\"width\":423,\"height\":423,\"caption\":\"\u0422\u0430\u043b\u043b\u0438\u043d\u043d\u0441\u043a\u0430\u044f \u041c\u0443\u0441\u0442\u0430\u043c\u044f\u044d\u0441\u043a\u0430\u044f \u0420\u0435\u0430\u043b\u044c\u043d\u0430\u044f \u0433\u0438\u043c\u043d\u0430\u0437\u0438\u044f\"},\"image\":{\"@id\":\"https:\/\/tmrg.ee\/ru\/#\/schema\/logo\/image\/\"}}]}<\/script>\n<!-- \/ Yoast SEO plugin. -->","yoast_head_json":{"title":"Kooli moto ja p\u00f5hiv\u00e4\u00e4rtused - \u0422\u0430\u043b\u043b\u0438\u043d\u043d\u0441\u043a\u0430\u044f \u041c\u0443\u0441\u0442\u0430\u043c\u044f\u044d\u0441\u043a\u0430\u044f \u0420\u0435\u0430\u043b\u044c\u043d\u0430\u044f \u0433\u0438\u043c\u043d\u0430\u0437\u0438\u044f","robots":{"index":"index","follow":"follow","max-snippet":"max-snippet:-1","max-image-preview":"max-image-preview:large","max-video-preview":"max-video-preview:-1"},"canonical":"https:\/\/tmrg.ee\/ru\/kooli-moto-ja-pohivaartused\/","og_locale":"ru_RU","og_type":"article","og_title":"Kooli moto ja p\u00f5hiv\u00e4\u00e4rtused - \u0422\u0430\u043b\u043b\u0438\u043d\u043d\u0441\u043a\u0430\u044f \u041c\u0443\u0441\u0442\u0430\u043c\u044f\u044d\u0441\u043a\u0430\u044f \u0420\u0435\u0430\u043b\u044c\u043d\u0430\u044f \u0433\u0438\u043c\u043d\u0430\u0437\u0438\u044f","og_description":"&nbsp; V\u00e4\u00e4rtuste all m\u00f5istame \u00fchiseid hoiakuid ja k\u00e4itumisreegleid, mis aitavad k\u00f5ige paremini meil oma missiooni teostada ja visioonis kirjeldatud seisundini j\u00f5uda. Oleme usaldusv\u00e4\u00e4rsed. Aitame \u00fcksteist, toetame tegutsemisvabadust ning lennukaid ideid, l\u00e4htume kokkulepetest, oleme ausad ja hoolsad. Iga\u00fcks meist v\u00f5tab vastutuse oma tegude eest, oleme tolerantsed ning hoiame h\u00e4id suhteid. Koolis t\u00f6\u00f6tavad oma eriala parimad asjatundjad [&hellip;]","og_url":"https:\/\/tmrg.ee\/ru\/kooli-moto-ja-pohivaartused\/","og_site_name":"\u0422\u0430\u043b\u043b\u0438\u043d\u043d\u0441\u043a\u0430\u044f \u041c\u0443\u0441\u0442\u0430\u043c\u044f\u044d\u0441\u043a\u0430\u044f \u0420\u0435\u0430\u043b\u044c\u043d\u0430\u044f \u0433\u0438\u043c\u043d\u0430\u0437\u0438\u044f","article_modified_time":"2024-09-05T13:00:28+00:00","og_image":[{"url":"https:\/\/tmrg.ee\/ru\/wp-content\/uploads\/sites\/2\/2024\/09\/2024-moto-visioon-missioon.jpg","type":"","width":"","height":""}],"twitter_card":"summary_large_image","twitter_misc":{"\u041f\u0440\u0438\u043c\u0435\u0440\u043d\u043e\u0435 \u0432\u0440\u0435\u043c\u044f \u0434\u043b\u044f \u0447\u0442\u0435\u043d\u0438\u044f":"2 \u043c\u0438\u043d\u0443\u0442\u044b"},"schema":{"@context":"https:\/\/schema.org","@graph":[{"@type":"WebPage","@id":"https:\/\/tmrg.ee\/ru\/kooli-moto-ja-pohivaartused\/","url":"https:\/\/tmrg.ee\/ru\/kooli-moto-ja-pohivaartused\/","name":"Kooli moto ja p\u00f5hiv\u00e4\u00e4rtused - \u0422\u0430\u043b\u043b\u0438\u043d\u043d\u0441\u043a\u0430\u044f \u041c\u0443\u0441\u0442\u0430\u043c\u044f\u044d\u0441\u043a\u0430\u044f \u0420\u0435\u0430\u043b\u044c\u043d\u0430\u044f \u0433\u0438\u043c\u043d\u0430\u0437\u0438\u044f","isPartOf":{"@id":"https:\/\/tmrg.ee\/ru\/#website"},"primaryImageOfPage":{"@id":"https:\/\/tmrg.ee\/ru\/kooli-moto-ja-pohivaartused\/#primaryimage"},"image":{"@id":"https:\/\/tmrg.ee\/ru\/kooli-moto-ja-pohivaartused\/#primaryimage"},"thumbnailUrl":"https:\/\/tmrg.ee\/ru\/wp-content\/uploads\/sites\/2\/2024\/09\/2024-moto-visioon-missioon.jpg","datePublished":"2022-04-28T18:07:51+00:00","dateModified":"2024-09-05T13:00:28+00:00","breadcrumb":{"@id":"https:\/\/tmrg.ee\/ru\/kooli-moto-ja-pohivaartused\/#breadcrumb"},"inLanguage":"ru-RU","potentialAction":[{"@type":"ReadAction","target":["https:\/\/tmrg.ee\/ru\/kooli-moto-ja-pohivaartused\/"]}]},{"@type":"ImageObject","inLanguage":"ru-RU","@id":"https:\/\/tmrg.ee\/ru\/kooli-moto-ja-pohivaartused\/#primaryimage","url":"https:\/\/tmrg.ee\/ru\/wp-content\/uploads\/sites\/2\/2024\/09\/2024-moto-visioon-missioon.jpg","contentUrl":"https:\/\/tmrg.ee\/ru\/wp-content\/uploads\/sites\/2\/2024\/09\/2024-moto-visioon-missioon.jpg","width":786,"height":531},{"@type":"BreadcrumbList","@id":"https:\/\/tmrg.ee\/ru\/kooli-moto-ja-pohivaartused\/#breadcrumb","itemListElement":[{"@type":"ListItem","position":1,"name":"Home","item":"https:\/\/tmrg.ee\/ru\/"},{"@type":"ListItem","position":2,"name":"Kooli moto ja p\u00f5hiv\u00e4\u00e4rtused"}]},{"@type":"WebSite","@id":"https:\/\/tmrg.ee\/ru\/#website","url":"https:\/\/tmrg.ee\/ru\/","name":"\u0422\u0430\u043b\u043b\u0438\u043d\u043d\u0441\u043a\u0430\u044f \u041c\u0443\u0441\u0442\u0430\u043c\u044f\u044d\u0441\u043a\u0430\u044f \u0420\u0435\u0430\u043b\u044c\u043d\u0430\u044f \u0433\u0438\u043c\u043d\u0430\u0437\u0438\u044f","description":"","publisher":{"@id":"https:\/\/tmrg.ee\/ru\/#organization"},"potentialAction":[{"@type":"SearchAction","target":{"@type":"EntryPoint","urlTemplate":"https:\/\/tmrg.ee\/ru\/?s={search_term_string}"},"query-input":{"@type":"PropertyValueSpecification","valueRequired":true,"valueName":"search_term_string"}}],"inLanguage":"ru-RU"},{"@type":"Organization","@id":"https:\/\/tmrg.ee\/ru\/#organization","name":"\u0422\u0430\u043b\u043b\u0438\u043d\u043d\u0441\u043a\u0430\u044f \u041c\u0443\u0441\u0442\u0430\u043c\u044f\u044d\u0441\u043a\u0430\u044f \u0420\u0435\u0430\u043b\u044c\u043d\u0430\u044f \u0433\u0438\u043c\u043d\u0430\u0437\u0438\u044f","url":"https:\/\/tmrg.ee\/ru\/","logo":{"@type":"ImageObject","inLanguage":"ru-RU","@id":"https:\/\/tmrg.ee\/ru\/#\/schema\/logo\/image\/","url":"https:\/\/tmrg.ee\/ru\/wp-content\/uploads\/sites\/2\/2022\/07\/3E15D8E3-B449-47D9-B8F2-564E238EF8DB.png","contentUrl":"https:\/\/tmrg.ee\/ru\/wp-content\/uploads\/sites\/2\/2022\/07\/3E15D8E3-B449-47D9-B8F2-564E238EF8DB.png","width":423,"height":423,"caption":"\u0422\u0430\u043b\u043b\u0438\u043d\u043d\u0441\u043a\u0430\u044f \u041c\u0443\u0441\u0442\u0430\u043c\u044f\u044d\u0441\u043a\u0430\u044f \u0420\u0435\u0430\u043b\u044c\u043d\u0430\u044f \u0433\u0438\u043c\u043d\u0430\u0437\u0438\u044f"},"image":{"@id":"https:\/\/tmrg.ee\/ru\/#\/schema\/logo\/image\/"}}]}},"_links":{"self":[{"href":"https:\/\/tmrg.ee\/ru\/wp-json\/wp\/v2\/pages\/6770","targetHints":{"allow":["GET"]}}],"collection":[{"href":"https:\/\/tmrg.ee\/ru\/wp-json\/wp\/v2\/pages"}],"about":[{"href":"https:\/\/tmrg.ee\/ru\/wp-json\/wp\/v2\/types\/page"}],"author":[{"embeddable":true,"href":"https:\/\/tmrg.ee\/ru\/wp-json\/wp\/v2\/users\/1"}],"replies":[{"embeddable":true,"href":"https:\/\/tmrg.ee\/ru\/wp-json\/wp\/v2\/comments?post=6770"}],"version-history":[{"count":4,"href":"https:\/\/tmrg.ee\/ru\/wp-json\/wp\/v2\/pages\/6770\/revisions"}],"predecessor-version":[{"id":11182,"href":"https:\/\/tmrg.ee\/ru\/wp-json\/wp\/v2\/pages\/6770\/revisions\/11182"}],"wp:attachment":[{"href":"https:\/\/tmrg.ee\/ru\/wp-json\/wp\/v2\/media?parent=6770"}],"curies":[{"name":"wp","href":"https:\/\/api.w.org\/{rel}","templated":true}]}}