{"id":6726,"date":"2022-04-28T11:16:50","date_gmt":"2022-04-28T11:16:50","guid":{"rendered":"https:\/\/tmrg.ee\/ru\/?page_id=6726"},"modified":"2025-08-26T15:00:50","modified_gmt":"2025-08-26T12:00:50","slug":"%d0%bf%d0%be%d0%b4%d0%b3%d0%be%d1%82%d0%be%d0%b2%d0%b8%d1%82%d0%b5%d0%bb%d1%8c%d0%bd%d1%8b%d0%b9-%d0%ba%d0%bb%d0%b0%d1%81%d1%81","status":"publish","type":"page","link":"https:\/\/tmrg.ee\/ru\/%d0%bf%d0%be%d0%b4%d0%b3%d0%be%d1%82%d0%be%d0%b2%d0%b8%d1%82%d0%b5%d0%bb%d1%8c%d0%bd%d1%8b%d0%b9-%d0%ba%d0%bb%d0%b0%d1%81%d1%81\/","title":{"rendered":"\u041f\u043e\u0434\u0433\u043e\u0442\u043e\u0432\u0438\u0442\u0435\u043b\u044c\u043d\u044b\u0439 \u043a\u043b\u0430\u0441\u0441"},"content":{"rendered":"<h1><b>Veetke \u00f5a 2025\/2026 huvitavalt ja kasulikult!<\/b><\/h1>\n<p style=\"text-align: justify;\"><b>Kus: <\/b><span style=\"font-weight: 400;\">Tallinna Mustam\u00e4e Reaalg\u00fcmnaasium<\/span><\/p>\n<p style=\"text-align: justify;\"><b>Kes:<\/b><span style=\"font-weight: 400;\"> Tallinna Mustam\u00e4e Reaalg\u00fcmnaasiumi p\u00e4devad \u00f5petajad<\/span><\/p>\n<p style=\"text-align: justify;\"><b>Millal: <\/b><span style=\"font-weight: 400;\">15.09.2025-31.05.2026, 1 kord n\u00e4dalas\u00a0<\/span><\/p>\n<p>teisip\u00e4eviti <span style=\"font-weight: 400;\">16.00-19.00\u00a0<\/span><\/p>\n<p>v\u00f5i<\/p>\n<p style=\"text-align: justify;\"><span style=\"font-weight: 400;\">kolmap\u00e4eviti 16.00-19.00\u00a0<\/span><\/p>\n<p style=\"text-align: justify;\"><b>\u00d5ppekeel:<\/b><span style=\"font-weight: 400;\"> eesti keel<\/span><\/p>\n<p style=\"text-align: justify;\"><b>\u00d5ppet\u00f6\u00f6 sisu:<\/b><span style=\"font-weight: 400;\"> l\u00f5imitud eestikeelne \u00f5pe, huvitav matemaatika, looming, k\u00f5ne areng ja kirjutamine (vene keeles)<\/span><\/p>\n<p style=\"text-align: justify;\"><b>Maksumus: <\/b>48<b><span style=\"font-weight: 400;\">\u00a0eurot kuus. <\/span><\/b><\/p>\n<p style=\"text-align: justify;\">Alus: Huviringi \u00f5ppetasu on kehtestatud Tallinna Haridusameti juhataja 03.07.2025 <a href=\"https:\/\/tmrg.ee\/ru\/wp-content\/uploads\/sites\/2\/2025\/08\/Tallinna-munitsipaalkoolide-huviringi-Kooliks-ettevalmistamine-oppetasu-kehtestamine-03.07.2025-nr-HA-4-65.pdf\" target=\"_blank\" rel=\"noopener\">k\u00e4skkirjaga nr HA-4\/65<\/a> \u201cTallinna munitsipaalkoolide huviringi &#171;Kooliks ettevalmistamine&#187; \u00f5ppetasu kehtestamine\u201d.<\/p>\n<p style=\"text-align: justify;\"><b>Koost\u00f6\u00f6 alus:<\/b><span style=\"font-weight: 400;\"> kooli ja lapsevanema vahel s\u00f5lmitud <\/span><a href=\"https:\/\/docs.google.com\/document\/d\/1emb1Y5qbdu_tw4gdnXH22_x014eh01ql\/edit?usp=sharing&amp;ouid=107575713931118313127&amp;rtpof=true&amp;sd=true\" target=\"_blank\" rel=\"noopener\"><span style=\"font-weight: 400;\">leping.<\/span><\/a><\/p>\n<p>&nbsp;<\/p>\n<p><span style=\"font-weight: 400;\"><b>Infotund \u00f5a 2025\/2026 eelkooli astuvate laste vanematele toimub 08.09.2025 kl 17.00 kooli aulas.<\/b><\/span><\/p>\n<p>&nbsp;<\/p>\n<p><span style=\"color: #800000;\"><img loading=\"lazy\" decoding=\"async\" src=\"https:\/\/tmrg.ee\/ru\/wp-content\/uploads\/sites\/2\/2022\/08\/1646045050_3-kartinkin-net-p-uchitel-i-ucheniki-kartinki-3.jpg\" alt=\"\" width=\"500\" height=\"333\" \/><\/span><\/p>\n<p>&nbsp;<\/p>\n<h3><a href=\"https:\/\/tmrg.ee\/tasuliste-ringide-avaldus\/\" target=\"_blank\" rel=\"noopener\"><b>Registreerimine<\/b><\/a><\/h3>\n<p>&nbsp;<\/p>\n<h2>Kasulik teada:<\/h2>\n<p>25.02.2026 kl 17.00 \u2013 lastevanemate koosolek 1. klassi astumise k\u00fcsimustes<\/p>\n<p>27.05.2026 kl 16.00 \u2013 viimane kohtumine, avatud tund<\/p>\n<p>27.05.2026 kl 17.00 \u2013 lastevanemate koosolek (\u00f5petajate, koolips\u00fchholoogi ja logopeedi soovitused)<\/p>\n<p>&nbsp;<\/p>\n<h2>\u00dcldinfo:<\/h2>\n<p><span style=\"font-weight: 400;\">Julia Stant\u0161ik<\/span><\/p>\n<p><a href=\"mailto:huvijuht@mreal.ee\"><span style=\"font-weight: 400;\">huvijuht@mreal.ee<\/span><\/a><span style=\"font-weight: 400;\">\u00a0<\/span><\/p>\n","protected":false},"excerpt":{"rendered":"<p>Veetke \u00f5a 2025\/2026 huvitavalt ja kasulikult! Kus: Tallinna Mustam\u00e4e Reaalg\u00fcmnaasium Kes: Tallinna Mustam\u00e4e Reaalg\u00fcmnaasiumi p\u00e4devad \u00f5petajad Millal: 15.09.2025-31.05.2026, 1 kord n\u00e4dalas\u00a0 teisip\u00e4eviti 16.00-19.00\u00a0 v\u00f5i kolmap\u00e4eviti 16.00-19.00\u00a0 \u00d5ppekeel: eesti keel \u00d5ppet\u00f6\u00f6 sisu: l\u00f5imitud eestikeelne \u00f5pe, huvitav matemaatika, looming, k\u00f5ne areng ja kirjutamine (vene keeles) Maksumus: 48\u00a0eurot kuus. Alus: Huviringi \u00f5ppetasu on kehtestatud Tallinna Haridusameti juhataja 03.07.2025 [&hellip;]<\/p>\n","protected":false},"author":1,"featured_media":0,"parent":0,"menu_order":0,"comment_status":"closed","ping_status":"closed","template":"","meta":{"_acf_changed":false,"footnotes":""},"class_list":["post-6726","page","type-page","status-publish","hentry"],"acf":[],"yoast_head":"<!-- This site is optimized with the Yoast SEO plugin v27.1.1 - https:\/\/yoast.com\/product\/yoast-seo-wordpress\/ -->\n<title>\u041f\u043e\u0434\u0433\u043e\u0442\u043e\u0432\u0438\u0442\u0435\u043b\u044c\u043d\u044b\u0439 \u043a\u043b\u0430\u0441\u0441 - \u0422\u0430\u043b\u043b\u0438\u043d\u043d\u0441\u043a\u0430\u044f \u041c\u0443\u0441\u0442\u0430\u043c\u044f\u044d\u0441\u043a\u0430\u044f \u0420\u0435\u0430\u043b\u044c\u043d\u0430\u044f \u0433\u0438\u043c\u043d\u0430\u0437\u0438\u044f<\/title>\n<meta name=\"robots\" content=\"index, follow, max-snippet:-1, max-image-preview:large, max-video-preview:-1\" \/>\n<link rel=\"canonical\" href=\"https:\/\/tmrg.ee\/ru\/\u043f\u043e\u0434\u0433\u043e\u0442\u043e\u0432\u0438\u0442\u0435\u043b\u044c\u043d\u044b\u0439-\u043a\u043b\u0430\u0441\u0441\/\" \/>\n<meta property=\"og:locale\" content=\"ru_RU\" \/>\n<meta property=\"og:type\" content=\"article\" \/>\n<meta property=\"og:title\" content=\"\u041f\u043e\u0434\u0433\u043e\u0442\u043e\u0432\u0438\u0442\u0435\u043b\u044c\u043d\u044b\u0439 \u043a\u043b\u0430\u0441\u0441 - \u0422\u0430\u043b\u043b\u0438\u043d\u043d\u0441\u043a\u0430\u044f \u041c\u0443\u0441\u0442\u0430\u043c\u044f\u044d\u0441\u043a\u0430\u044f \u0420\u0435\u0430\u043b\u044c\u043d\u0430\u044f \u0433\u0438\u043c\u043d\u0430\u0437\u0438\u044f\" \/>\n<meta property=\"og:description\" content=\"Veetke \u00f5a 2025\/2026 huvitavalt ja kasulikult! Kus: Tallinna Mustam\u00e4e Reaalg\u00fcmnaasium Kes: Tallinna Mustam\u00e4e Reaalg\u00fcmnaasiumi p\u00e4devad \u00f5petajad Millal: 15.09.2025-31.05.2026, 1 kord n\u00e4dalas\u00a0 teisip\u00e4eviti 16.00-19.00\u00a0 v\u00f5i kolmap\u00e4eviti 16.00-19.00\u00a0 \u00d5ppekeel: eesti keel \u00d5ppet\u00f6\u00f6 sisu: l\u00f5imitud eestikeelne \u00f5pe, huvitav matemaatika, looming, k\u00f5ne areng ja kirjutamine (vene keeles) Maksumus: 48\u00a0eurot kuus. Alus: Huviringi \u00f5ppetasu on kehtestatud Tallinna Haridusameti juhataja 03.07.2025 [&hellip;]\" \/>\n<meta property=\"og:url\" content=\"https:\/\/tmrg.ee\/ru\/\u043f\u043e\u0434\u0433\u043e\u0442\u043e\u0432\u0438\u0442\u0435\u043b\u044c\u043d\u044b\u0439-\u043a\u043b\u0430\u0441\u0441\/\" \/>\n<meta property=\"og:site_name\" content=\"\u0422\u0430\u043b\u043b\u0438\u043d\u043d\u0441\u043a\u0430\u044f \u041c\u0443\u0441\u0442\u0430\u043c\u044f\u044d\u0441\u043a\u0430\u044f \u0420\u0435\u0430\u043b\u044c\u043d\u0430\u044f \u0433\u0438\u043c\u043d\u0430\u0437\u0438\u044f\" \/>\n<meta property=\"article:modified_time\" content=\"2025-08-26T12:00:50+00:00\" \/>\n<meta property=\"og:image\" content=\"https:\/\/tmrg.ee\/ru\/wp-content\/uploads\/sites\/2\/2022\/08\/1646045050_3-kartinkin-net-p-uchitel-i-ucheniki-kartinki-3.jpg\" \/>\n<meta name=\"twitter:card\" content=\"summary_large_image\" \/>\n<meta name=\"twitter:label1\" content=\"\u041f\u0440\u0438\u043c\u0435\u0440\u043d\u043e\u0435 \u0432\u0440\u0435\u043c\u044f \u0434\u043b\u044f \u0447\u0442\u0435\u043d\u0438\u044f\" \/>\n\t<meta name=\"twitter:data1\" content=\"1 \u043c\u0438\u043d\u0443\u0442\u0430\" \/>\n<script type=\"application\/ld+json\" class=\"yoast-schema-graph\">{\"@context\":\"https:\/\/schema.org\",\"@graph\":[{\"@type\":\"WebPage\",\"@id\":\"https:\/\/tmrg.ee\/ru\/%d0%bf%d0%be%d0%b4%d0%b3%d0%be%d1%82%d0%be%d0%b2%d0%b8%d1%82%d0%b5%d0%bb%d1%8c%d0%bd%d1%8b%d0%b9-%d0%ba%d0%bb%d0%b0%d1%81%d1%81\/\",\"url\":\"https:\/\/tmrg.ee\/ru\/%d0%bf%d0%be%d0%b4%d0%b3%d0%be%d1%82%d0%be%d0%b2%d0%b8%d1%82%d0%b5%d0%bb%d1%8c%d0%bd%d1%8b%d0%b9-%d0%ba%d0%bb%d0%b0%d1%81%d1%81\/\",\"name\":\"\u041f\u043e\u0434\u0433\u043e\u0442\u043e\u0432\u0438\u0442\u0435\u043b\u044c\u043d\u044b\u0439 \u043a\u043b\u0430\u0441\u0441 - \u0422\u0430\u043b\u043b\u0438\u043d\u043d\u0441\u043a\u0430\u044f \u041c\u0443\u0441\u0442\u0430\u043c\u044f\u044d\u0441\u043a\u0430\u044f \u0420\u0435\u0430\u043b\u044c\u043d\u0430\u044f \u0433\u0438\u043c\u043d\u0430\u0437\u0438\u044f\",\"isPartOf\":{\"@id\":\"https:\/\/tmrg.ee\/ru\/#website\"},\"primaryImageOfPage\":{\"@id\":\"https:\/\/tmrg.ee\/ru\/%d0%bf%d0%be%d0%b4%d0%b3%d0%be%d1%82%d0%be%d0%b2%d0%b8%d1%82%d0%b5%d0%bb%d1%8c%d0%bd%d1%8b%d0%b9-%d0%ba%d0%bb%d0%b0%d1%81%d1%81\/#primaryimage\"},\"image\":{\"@id\":\"https:\/\/tmrg.ee\/ru\/%d0%bf%d0%be%d0%b4%d0%b3%d0%be%d1%82%d0%be%d0%b2%d0%b8%d1%82%d0%b5%d0%bb%d1%8c%d0%bd%d1%8b%d0%b9-%d0%ba%d0%bb%d0%b0%d1%81%d1%81\/#primaryimage\"},\"thumbnailUrl\":\"https:\/\/tmrg.ee\/ru\/wp-content\/uploads\/sites\/2\/2022\/08\/1646045050_3-kartinkin-net-p-uchitel-i-ucheniki-kartinki-3.jpg\",\"datePublished\":\"2022-04-28T11:16:50+00:00\",\"dateModified\":\"2025-08-26T12:00:50+00:00\",\"breadcrumb\":{\"@id\":\"https:\/\/tmrg.ee\/ru\/%d0%bf%d0%be%d0%b4%d0%b3%d0%be%d1%82%d0%be%d0%b2%d0%b8%d1%82%d0%b5%d0%bb%d1%8c%d0%bd%d1%8b%d0%b9-%d0%ba%d0%bb%d0%b0%d1%81%d1%81\/#breadcrumb\"},\"inLanguage\":\"ru-RU\",\"potentialAction\":[{\"@type\":\"ReadAction\",\"target\":[\"https:\/\/tmrg.ee\/ru\/%d0%bf%d0%be%d0%b4%d0%b3%d0%be%d1%82%d0%be%d0%b2%d0%b8%d1%82%d0%b5%d0%bb%d1%8c%d0%bd%d1%8b%d0%b9-%d0%ba%d0%bb%d0%b0%d1%81%d1%81\/\"]}]},{\"@type\":\"ImageObject\",\"inLanguage\":\"ru-RU\",\"@id\":\"https:\/\/tmrg.ee\/ru\/%d0%bf%d0%be%d0%b4%d0%b3%d0%be%d1%82%d0%be%d0%b2%d0%b8%d1%82%d0%b5%d0%bb%d1%8c%d0%bd%d1%8b%d0%b9-%d0%ba%d0%bb%d0%b0%d1%81%d1%81\/#primaryimage\",\"url\":\"https:\/\/tmrg.ee\/ru\/wp-content\/uploads\/sites\/2\/2022\/08\/1646045050_3-kartinkin-net-p-uchitel-i-ucheniki-kartinki-3.jpg\",\"contentUrl\":\"https:\/\/tmrg.ee\/ru\/wp-content\/uploads\/sites\/2\/2022\/08\/1646045050_3-kartinkin-net-p-uchitel-i-ucheniki-kartinki-3.jpg\",\"width\":1200,\"height\":800},{\"@type\":\"BreadcrumbList\",\"@id\":\"https:\/\/tmrg.ee\/ru\/%d0%bf%d0%be%d0%b4%d0%b3%d0%be%d1%82%d0%be%d0%b2%d0%b8%d1%82%d0%b5%d0%bb%d1%8c%d0%bd%d1%8b%d0%b9-%d0%ba%d0%bb%d0%b0%d1%81%d1%81\/#breadcrumb\",\"itemListElement\":[{\"@type\":\"ListItem\",\"position\":1,\"name\":\"Home\",\"item\":\"https:\/\/tmrg.ee\/ru\/\"},{\"@type\":\"ListItem\",\"position\":2,\"name\":\"\u041f\u043e\u0434\u0433\u043e\u0442\u043e\u0432\u0438\u0442\u0435\u043b\u044c\u043d\u044b\u0439 \u043a\u043b\u0430\u0441\u0441\"}]},{\"@type\":\"WebSite\",\"@id\":\"https:\/\/tmrg.ee\/ru\/#website\",\"url\":\"https:\/\/tmrg.ee\/ru\/\",\"name\":\"\u0422\u0430\u043b\u043b\u0438\u043d\u043d\u0441\u043a\u0430\u044f \u041c\u0443\u0441\u0442\u0430\u043c\u044f\u044d\u0441\u043a\u0430\u044f \u0420\u0435\u0430\u043b\u044c\u043d\u0430\u044f \u0433\u0438\u043c\u043d\u0430\u0437\u0438\u044f\",\"description\":\"\",\"publisher\":{\"@id\":\"https:\/\/tmrg.ee\/ru\/#organization\"},\"potentialAction\":[{\"@type\":\"SearchAction\",\"target\":{\"@type\":\"EntryPoint\",\"urlTemplate\":\"https:\/\/tmrg.ee\/ru\/?s={search_term_string}\"},\"query-input\":{\"@type\":\"PropertyValueSpecification\",\"valueRequired\":true,\"valueName\":\"search_term_string\"}}],\"inLanguage\":\"ru-RU\"},{\"@type\":\"Organization\",\"@id\":\"https:\/\/tmrg.ee\/ru\/#organization\",\"name\":\"\u0422\u0430\u043b\u043b\u0438\u043d\u043d\u0441\u043a\u0430\u044f \u041c\u0443\u0441\u0442\u0430\u043c\u044f\u044d\u0441\u043a\u0430\u044f \u0420\u0435\u0430\u043b\u044c\u043d\u0430\u044f \u0433\u0438\u043c\u043d\u0430\u0437\u0438\u044f\",\"url\":\"https:\/\/tmrg.ee\/ru\/\",\"logo\":{\"@type\":\"ImageObject\",\"inLanguage\":\"ru-RU\",\"@id\":\"https:\/\/tmrg.ee\/ru\/#\/schema\/logo\/image\/\",\"url\":\"https:\/\/tmrg.ee\/ru\/wp-content\/uploads\/sites\/2\/2022\/07\/3E15D8E3-B449-47D9-B8F2-564E238EF8DB.png\",\"contentUrl\":\"https:\/\/tmrg.ee\/ru\/wp-content\/uploads\/sites\/2\/2022\/07\/3E15D8E3-B449-47D9-B8F2-564E238EF8DB.png\",\"width\":423,\"height\":423,\"caption\":\"\u0422\u0430\u043b\u043b\u0438\u043d\u043d\u0441\u043a\u0430\u044f \u041c\u0443\u0441\u0442\u0430\u043c\u044f\u044d\u0441\u043a\u0430\u044f \u0420\u0435\u0430\u043b\u044c\u043d\u0430\u044f \u0433\u0438\u043c\u043d\u0430\u0437\u0438\u044f\"},\"image\":{\"@id\":\"https:\/\/tmrg.ee\/ru\/#\/schema\/logo\/image\/\"}}]}<\/script>\n<!-- \/ Yoast SEO plugin. -->","yoast_head_json":{"title":"\u041f\u043e\u0434\u0433\u043e\u0442\u043e\u0432\u0438\u0442\u0435\u043b\u044c\u043d\u044b\u0439 \u043a\u043b\u0430\u0441\u0441 - \u0422\u0430\u043b\u043b\u0438\u043d\u043d\u0441\u043a\u0430\u044f \u041c\u0443\u0441\u0442\u0430\u043c\u044f\u044d\u0441\u043a\u0430\u044f \u0420\u0435\u0430\u043b\u044c\u043d\u0430\u044f \u0433\u0438\u043c\u043d\u0430\u0437\u0438\u044f","robots":{"index":"index","follow":"follow","max-snippet":"max-snippet:-1","max-image-preview":"max-image-preview:large","max-video-preview":"max-video-preview:-1"},"canonical":"https:\/\/tmrg.ee\/ru\/\u043f\u043e\u0434\u0433\u043e\u0442\u043e\u0432\u0438\u0442\u0435\u043b\u044c\u043d\u044b\u0439-\u043a\u043b\u0430\u0441\u0441\/","og_locale":"ru_RU","og_type":"article","og_title":"\u041f\u043e\u0434\u0433\u043e\u0442\u043e\u0432\u0438\u0442\u0435\u043b\u044c\u043d\u044b\u0439 \u043a\u043b\u0430\u0441\u0441 - \u0422\u0430\u043b\u043b\u0438\u043d\u043d\u0441\u043a\u0430\u044f \u041c\u0443\u0441\u0442\u0430\u043c\u044f\u044d\u0441\u043a\u0430\u044f \u0420\u0435\u0430\u043b\u044c\u043d\u0430\u044f \u0433\u0438\u043c\u043d\u0430\u0437\u0438\u044f","og_description":"Veetke \u00f5a 2025\/2026 huvitavalt ja kasulikult! Kus: Tallinna Mustam\u00e4e Reaalg\u00fcmnaasium Kes: Tallinna Mustam\u00e4e Reaalg\u00fcmnaasiumi p\u00e4devad \u00f5petajad Millal: 15.09.2025-31.05.2026, 1 kord n\u00e4dalas\u00a0 teisip\u00e4eviti 16.00-19.00\u00a0 v\u00f5i kolmap\u00e4eviti 16.00-19.00\u00a0 \u00d5ppekeel: eesti keel \u00d5ppet\u00f6\u00f6 sisu: l\u00f5imitud eestikeelne \u00f5pe, huvitav matemaatika, looming, k\u00f5ne areng ja kirjutamine (vene keeles) Maksumus: 48\u00a0eurot kuus. Alus: Huviringi \u00f5ppetasu on kehtestatud Tallinna Haridusameti juhataja 03.07.2025 [&hellip;]","og_url":"https:\/\/tmrg.ee\/ru\/\u043f\u043e\u0434\u0433\u043e\u0442\u043e\u0432\u0438\u0442\u0435\u043b\u044c\u043d\u044b\u0439-\u043a\u043b\u0430\u0441\u0441\/","og_site_name":"\u0422\u0430\u043b\u043b\u0438\u043d\u043d\u0441\u043a\u0430\u044f \u041c\u0443\u0441\u0442\u0430\u043c\u044f\u044d\u0441\u043a\u0430\u044f \u0420\u0435\u0430\u043b\u044c\u043d\u0430\u044f \u0433\u0438\u043c\u043d\u0430\u0437\u0438\u044f","article_modified_time":"2025-08-26T12:00:50+00:00","og_image":[{"url":"https:\/\/tmrg.ee\/ru\/wp-content\/uploads\/sites\/2\/2022\/08\/1646045050_3-kartinkin-net-p-uchitel-i-ucheniki-kartinki-3.jpg","type":"","width":"","height":""}],"twitter_card":"summary_large_image","twitter_misc":{"\u041f\u0440\u0438\u043c\u0435\u0440\u043d\u043e\u0435 \u0432\u0440\u0435\u043c\u044f \u0434\u043b\u044f \u0447\u0442\u0435\u043d\u0438\u044f":"1 \u043c\u0438\u043d\u0443\u0442\u0430"},"schema":{"@context":"https:\/\/schema.org","@graph":[{"@type":"WebPage","@id":"https:\/\/tmrg.ee\/ru\/%d0%bf%d0%be%d0%b4%d0%b3%d0%be%d1%82%d0%be%d0%b2%d0%b8%d1%82%d0%b5%d0%bb%d1%8c%d0%bd%d1%8b%d0%b9-%d0%ba%d0%bb%d0%b0%d1%81%d1%81\/","url":"https:\/\/tmrg.ee\/ru\/%d0%bf%d0%be%d0%b4%d0%b3%d0%be%d1%82%d0%be%d0%b2%d0%b8%d1%82%d0%b5%d0%bb%d1%8c%d0%bd%d1%8b%d0%b9-%d0%ba%d0%bb%d0%b0%d1%81%d1%81\/","name":"\u041f\u043e\u0434\u0433\u043e\u0442\u043e\u0432\u0438\u0442\u0435\u043b\u044c\u043d\u044b\u0439 \u043a\u043b\u0430\u0441\u0441 - \u0422\u0430\u043b\u043b\u0438\u043d\u043d\u0441\u043a\u0430\u044f \u041c\u0443\u0441\u0442\u0430\u043c\u044f\u044d\u0441\u043a\u0430\u044f \u0420\u0435\u0430\u043b\u044c\u043d\u0430\u044f \u0433\u0438\u043c\u043d\u0430\u0437\u0438\u044f","isPartOf":{"@id":"https:\/\/tmrg.ee\/ru\/#website"},"primaryImageOfPage":{"@id":"https:\/\/tmrg.ee\/ru\/%d0%bf%d0%be%d0%b4%d0%b3%d0%be%d1%82%d0%be%d0%b2%d0%b8%d1%82%d0%b5%d0%bb%d1%8c%d0%bd%d1%8b%d0%b9-%d0%ba%d0%bb%d0%b0%d1%81%d1%81\/#primaryimage"},"image":{"@id":"https:\/\/tmrg.ee\/ru\/%d0%bf%d0%be%d0%b4%d0%b3%d0%be%d1%82%d0%be%d0%b2%d0%b8%d1%82%d0%b5%d0%bb%d1%8c%d0%bd%d1%8b%d0%b9-%d0%ba%d0%bb%d0%b0%d1%81%d1%81\/#primaryimage"},"thumbnailUrl":"https:\/\/tmrg.ee\/ru\/wp-content\/uploads\/sites\/2\/2022\/08\/1646045050_3-kartinkin-net-p-uchitel-i-ucheniki-kartinki-3.jpg","datePublished":"2022-04-28T11:16:50+00:00","dateModified":"2025-08-26T12:00:50+00:00","breadcrumb":{"@id":"https:\/\/tmrg.ee\/ru\/%d0%bf%d0%be%d0%b4%d0%b3%d0%be%d1%82%d0%be%d0%b2%d0%b8%d1%82%d0%b5%d0%bb%d1%8c%d0%bd%d1%8b%d0%b9-%d0%ba%d0%bb%d0%b0%d1%81%d1%81\/#breadcrumb"},"inLanguage":"ru-RU","potentialAction":[{"@type":"ReadAction","target":["https:\/\/tmrg.ee\/ru\/%d0%bf%d0%be%d0%b4%d0%b3%d0%be%d1%82%d0%be%d0%b2%d0%b8%d1%82%d0%b5%d0%bb%d1%8c%d0%bd%d1%8b%d0%b9-%d0%ba%d0%bb%d0%b0%d1%81%d1%81\/"]}]},{"@type":"ImageObject","inLanguage":"ru-RU","@id":"https:\/\/tmrg.ee\/ru\/%d0%bf%d0%be%d0%b4%d0%b3%d0%be%d1%82%d0%be%d0%b2%d0%b8%d1%82%d0%b5%d0%bb%d1%8c%d0%bd%d1%8b%d0%b9-%d0%ba%d0%bb%d0%b0%d1%81%d1%81\/#primaryimage","url":"https:\/\/tmrg.ee\/ru\/wp-content\/uploads\/sites\/2\/2022\/08\/1646045050_3-kartinkin-net-p-uchitel-i-ucheniki-kartinki-3.jpg","contentUrl":"https:\/\/tmrg.ee\/ru\/wp-content\/uploads\/sites\/2\/2022\/08\/1646045050_3-kartinkin-net-p-uchitel-i-ucheniki-kartinki-3.jpg","width":1200,"height":800},{"@type":"BreadcrumbList","@id":"https:\/\/tmrg.ee\/ru\/%d0%bf%d0%be%d0%b4%d0%b3%d0%be%d1%82%d0%be%d0%b2%d0%b8%d1%82%d0%b5%d0%bb%d1%8c%d0%bd%d1%8b%d0%b9-%d0%ba%d0%bb%d0%b0%d1%81%d1%81\/#breadcrumb","itemListElement":[{"@type":"ListItem","position":1,"name":"Home","item":"https:\/\/tmrg.ee\/ru\/"},{"@type":"ListItem","position":2,"name":"\u041f\u043e\u0434\u0433\u043e\u0442\u043e\u0432\u0438\u0442\u0435\u043b\u044c\u043d\u044b\u0439 \u043a\u043b\u0430\u0441\u0441"}]},{"@type":"WebSite","@id":"https:\/\/tmrg.ee\/ru\/#website","url":"https:\/\/tmrg.ee\/ru\/","name":"\u0422\u0430\u043b\u043b\u0438\u043d\u043d\u0441\u043a\u0430\u044f \u041c\u0443\u0441\u0442\u0430\u043c\u044f\u044d\u0441\u043a\u0430\u044f \u0420\u0435\u0430\u043b\u044c\u043d\u0430\u044f \u0433\u0438\u043c\u043d\u0430\u0437\u0438\u044f","description":"","publisher":{"@id":"https:\/\/tmrg.ee\/ru\/#organization"},"potentialAction":[{"@type":"SearchAction","target":{"@type":"EntryPoint","urlTemplate":"https:\/\/tmrg.ee\/ru\/?s={search_term_string}"},"query-input":{"@type":"PropertyValueSpecification","valueRequired":true,"valueName":"search_term_string"}}],"inLanguage":"ru-RU"},{"@type":"Organization","@id":"https:\/\/tmrg.ee\/ru\/#organization","name":"\u0422\u0430\u043b\u043b\u0438\u043d\u043d\u0441\u043a\u0430\u044f \u041c\u0443\u0441\u0442\u0430\u043c\u044f\u044d\u0441\u043a\u0430\u044f \u0420\u0435\u0430\u043b\u044c\u043d\u0430\u044f \u0433\u0438\u043c\u043d\u0430\u0437\u0438\u044f","url":"https:\/\/tmrg.ee\/ru\/","logo":{"@type":"ImageObject","inLanguage":"ru-RU","@id":"https:\/\/tmrg.ee\/ru\/#\/schema\/logo\/image\/","url":"https:\/\/tmrg.ee\/ru\/wp-content\/uploads\/sites\/2\/2022\/07\/3E15D8E3-B449-47D9-B8F2-564E238EF8DB.png","contentUrl":"https:\/\/tmrg.ee\/ru\/wp-content\/uploads\/sites\/2\/2022\/07\/3E15D8E3-B449-47D9-B8F2-564E238EF8DB.png","width":423,"height":423,"caption":"\u0422\u0430\u043b\u043b\u0438\u043d\u043d\u0441\u043a\u0430\u044f \u041c\u0443\u0441\u0442\u0430\u043c\u044f\u044d\u0441\u043a\u0430\u044f \u0420\u0435\u0430\u043b\u044c\u043d\u0430\u044f \u0433\u0438\u043c\u043d\u0430\u0437\u0438\u044f"},"image":{"@id":"https:\/\/tmrg.ee\/ru\/#\/schema\/logo\/image\/"}}]}},"_links":{"self":[{"href":"https:\/\/tmrg.ee\/ru\/wp-json\/wp\/v2\/pages\/6726","targetHints":{"allow":["GET"]}}],"collection":[{"href":"https:\/\/tmrg.ee\/ru\/wp-json\/wp\/v2\/pages"}],"about":[{"href":"https:\/\/tmrg.ee\/ru\/wp-json\/wp\/v2\/types\/page"}],"author":[{"embeddable":true,"href":"https:\/\/tmrg.ee\/ru\/wp-json\/wp\/v2\/users\/1"}],"replies":[{"embeddable":true,"href":"https:\/\/tmrg.ee\/ru\/wp-json\/wp\/v2\/comments?post=6726"}],"version-history":[{"count":35,"href":"https:\/\/tmrg.ee\/ru\/wp-json\/wp\/v2\/pages\/6726\/revisions"}],"predecessor-version":[{"id":12369,"href":"https:\/\/tmrg.ee\/ru\/wp-json\/wp\/v2\/pages\/6726\/revisions\/12369"}],"wp:attachment":[{"href":"https:\/\/tmrg.ee\/ru\/wp-json\/wp\/v2\/media?parent=6726"}],"curies":[{"name":"wp","href":"https:\/\/api.w.org\/{rel}","templated":true}]}}