{"id":639,"date":"2012-11-09T00:00:00","date_gmt":"2012-11-09T00:00:00","guid":{"rendered":""},"modified":"2026-03-23T12:08:34","modified_gmt":"2026-03-23T10:08:34","slug":"%d1%83%d1%87%d0%b5%d0%bd%d0%b8%d1%87%d0%b5%d1%81%d0%ba%d0%be%d0%b5-%d0%bf%d1%80%d0%b5%d0%b4%d1%81%d1%82%d0%b0%d0%b2%d0%b8%d1%82%d0%b5%d0%bb%d1%8c%d1%81%d1%82%d0%b2%d0%be","status":"publish","type":"page","link":"https:\/\/tmrg.ee\/ru\/%d1%83%d1%87%d0%b5%d0%bd%d0%b8%d1%87%d0%b5%d1%81%d0%ba%d0%be%d0%b5-%d0%bf%d1%80%d0%b5%d0%b4%d1%81%d1%82%d0%b0%d0%b2%d0%b8%d1%82%d0%b5%d0%bb%d1%8c%d1%81%d1%82%d0%b2%d0%be\/","title":{"rendered":"\u0423\u0447\u0435\u043d\u0438\u0447\u0435\u0441\u043a\u043e\u0435 \u043f\u0440\u0435\u0434\u0441\u0442\u0430\u0432\u0438\u0442\u0435\u043b\u044c\u0441\u0442\u0432\u043e"},"content":{"rendered":"<h3>\u00a0<\/h3>\n<h2>\u0421\u043f\u0438\u0441\u043e\u043a \u0447\u043b\u0435\u043d\u043e\u0432 \u0423\u0447\u0435\u043d\u0438\u0447\u0435\u0441\u043a\u043e\u0433\u043e \u043f\u0440\u0435\u0434\u0441\u0442\u0430\u0432\u0438\u0442\u0435\u043b\u044c\u0441\u0442\u0432\u0430 (\u0423\u041f) \u0422\u0430\u043b\u043b\u0438\u043d\u043d\u0441\u043a\u043e\u0439 \u041c\u0443\u0441\u0442\u0430\u043c\u044f\u044d\u0441\u043a\u043e\u0439 \u0440\u0435\u0430\u043b\u044c\u043d\u043e\u0439 \u0433\u0438\u043c\u043d\u0430\u0437\u0438\u0438 2025\/2026.<\/h2>\n<h4><strong>\u041f\u0440\u0435\u0434\u0441\u0442\u0430\u0432\u0438\u0442\u0435\u043b\u044c \u043f\u043e\u043f\u0435\u0447\u0438\u0442\u0435\u043b\u044c\u0441\u043a\u043e\u0433\u043e \u0441\u043e\u0432\u0435\u0442\u0430 \u0422\u041c\u0420\u0413 &#8212; \u0422\u0430\u043c\u0430\u0440\u0430 \u0417\u0438\u043c\u0430\u0440\u0435\u0432\u0430.<\/strong><\/h4>\n<h4><strong>\u041f\u0440\u0435\u0434\u0441\u0442\u0430\u0432\u0438\u0442\u0435\u043b\u044c \u043a\u043e\u043d\u043a\u0443\u0440\u0441\u043d\u043e\u0439 \u043a\u043e\u043c\u0438\u0441\u0441\u0438\u0438 &#8212; \u0418\u043b\u044c\u044f \u0414\u0430\u0432\u0438\u0434\u0435\u043d\u043a\u043e.<\/strong><\/h4>\n<h2><strong><a href=\"https:\/\/drive.google.com\/drive\/folders\/1diq0TEGnQ4VkmswCCU37r6P2LRd-7ncq?usp=sharing\" target=\"_blank\" rel=\"noopener\">Pildialbum \u00d5E<\/a><\/strong><\/h2>\n<p><strong>\u00d5pilasesinduse liikmete nimed 2025\/2026 \u00f5a:<\/strong><\/p>\n<ol>\n<li>Andrejenkova, Juliana 8.c<\/li>\n<li>Kudrjavtsev Arruda, Fabian 7.a<\/li>\n<li>Averitseva, Neonilla 8.b<\/li>\n<li>Belokurov, Rinat 8.c<\/li>\n<li>Bo\u017eok, Aljona 7.b<\/li>\n<li>Buzailo, Veronika 7.a<\/li>\n<li>Davidenko, Ilja 11. klass<\/li>\n<li>Fadejev, Tihhon 9.c<\/li>\n<li>Gaile, Alisa 7.a<\/li>\n<li>Grents, Viktoria 7.a<\/li>\n<li>Istomin, Penelope 6.a<\/li>\n<li>Ivanova, Alona 9.c<\/li>\n<li>Joost, Patrisia 8.b<\/li>\n<li>Lap\u0161ina, Darina 8.a<\/li>\n<li>Lepetja, Albina 6.a<\/li>\n<li>Levchuk, Diana 8.b<\/li>\n<li>Melnyk, Vladyslava 8.b<\/li>\n<li>Mikhejeva, Vitalina 6.a<\/li>\n<li>Moissejeva, Julia 8.b<\/li>\n<li>Neiman, Mark 9.c<\/li>\n<li>Podlesnaja, Margarita 7.a<\/li>\n<li>Polujantsik, Lukjan 7.a<\/li>\n<li>Ryzhankov, Timofey 7.a<\/li>\n<li>Top\u0161i, Nikolina 8.b<\/li>\n<li>Tulbina, Milena 7.a<\/li>\n<li>Ushakova, Veronika 8.c<\/li>\n<li>Vaabel, Laura 8.b<\/li>\n<li>Vinogradov, Kirill 7.c<\/li>\n<li>Vinokurova, Sofia Nicole 7.b<\/li>\n<li>Zanfirov, Kirill 7.a<\/li>\n<li>Zimareva, Tamara 8.b<\/li>\n<\/ol>\n<h3 dir=\"ltr\">e-mail: <a href=\"mailto:oe@mreal.tln.edu.ee\">oe@mreal.ee<\/a><\/h3>\n<h2><a href=\"https:\/\/drive.google.com\/drive\/folders\/1diq0TEGnQ4VkmswCCU37r6P2LRd-7ncq?usp=sharing\" target=\"_blank\" rel=\"noopener\">\u0424\u043e\u0442\u043e\u0430\u043b\u044c\u0431\u043e\u043c \u0423\u041f<\/a><\/h2>\n<p>&nbsp;<\/p>\n<p><a href=\"https:\/\/tmrg.ee\/ru\/wp-content\/uploads\/sites\/2\/2025\/03\/TMRG-Opilasesinduse-pohimaarus_-marts-2025.pdf\" target=\"_blank\" rel=\"noopener\">TMRG \u00d5pilasesinduse p\u00f5him\u00e4\u00e4rus<\/a><\/p>\n<p><a href=\"https:\/\/tmrg.ee\/ru\/wp-content\/uploads\/sites\/2\/2026\/03\/Protokoll-22.08.2025-Opilasesinduse-koosoleku-protokoll.pdf\">\u041f\u0440\u043e\u0442\u043e\u043a\u043e\u043b 22.08.2025<\/a><\/p>\n<p><a href=\"https:\/\/tmrg.ee\/ru\/wp-content\/uploads\/sites\/2\/2025\/03\/Opilasesinduse-koosoleku-protokoll-11.03.2025.pdf\" target=\"_blank\" rel=\"noopener\">\u041f\u0440\u043e\u0442\u043e\u043a\u043e\u043b 11.03.2025<\/a><\/p>\n<p><a href=\"https:\/\/tmrg.ee\/ru\/wp-content\/uploads\/sites\/2\/2024\/09\/Protokoll-04.09.2024-Opilasesinduse-koosoleku-protokoll-nr-1-_UUS_.pdf\" target=\"_blank\" rel=\"noopener\">\u041f\u0440\u043e\u0442\u043e\u043a\u043e\u043b\u00a0 4.09.2024<\/a><\/p>\n<p><a href=\"https:\/\/docs.google.com\/document\/d\/1YlGxtlVNR8WEDeeIkPm9nKzR92Mfw47QpyqRgBdOs9M\/edit?usp=sharing\">\u041f\u0440\u043e\u0442\u043e\u043a\u043e\u043b 15.03.2023<\/a><\/p>\n<p><a href=\"https:\/\/tmrg.ee\/ru\/wp-content\/uploads\/sites\/2\/2022\/12\/Opilasesinduse-koosoleku-protokoll-nr-2-dets-2022.pdf\" target=\"_blank\" rel=\"noopener\">\u041f\u0440\u043e\u0442\u043e\u043a\u043e\u043b 02.12.2022<\/a><\/p>\n<p><a href=\"https:\/\/tmrg.ee\/ru\/wp-content\/uploads\/sites\/2\/2022\/09\/Protokoll-1-Opilasesinduse-koosoleku-protokoll-sept-2022.pdf\" target=\"_blank\" rel=\"noopener\">\u041f\u0440\u043e\u0442\u043e\u043a\u043e\u043b 28.09.2022<\/a><\/p>\n<p><a href=\"https:\/\/tmrg.ee\/wp-content\/uploads\/2022\/03\/Opilaseesinduse-koosoleku-protokoll-nr-3.pdf\">\u041f\u0440\u043e\u0442\u043e\u043a\u043e\u043b 16.03.2022<\/a><\/p>\n<p><a href=\"https:\/\/tmrg.ee\/wp-content\/uploads\/2022\/02\/TMRG-opilaskogu-protokoll-nr-1-2021.docx.pdf\">\u041f\u0440\u043e\u0442\u043e\u043a\u043e\u043b 29.09.2021<\/a><\/p>\n<p><a href=\"https:\/\/tmrg.ee\/wp-content\/uploads\/2012\/11\/TMRG-opilaskogu-protokoll-nr-1_2020.pdf\">\u041f\u0440\u043e\u0442\u043e\u043a\u043e\u043b 22.09.2020<\/a><\/p>\n<p><a href=\"https:\/\/tmrg.ee\/wp-content\/uploads\/2012\/11\/Protokoll-2-12.03.2020.docx\">\u041f\u0440\u043e\u0442\u043e\u043a\u043e\u043b 12.03.2020<\/a><\/p>\n<p><a href=\"images\/protokoll%20UP%202019_2020.docx\">\u041f\u0440\u043e\u0442\u043e\u043a\u043e\u043b 12.09.2019<\/a><\/p>\n<p><a href=\"images\/protokoll%20UP%202018_09.docx\">\u041f\u0440\u043e\u0442\u043e\u043a\u043e\u043b 07.09.2018<\/a><\/p>\n<p><a href=\"images\/images\/protokoll.n2.2017_18.pdf\">\u041f\u0440\u043e\u0442\u043e\u043a\u043e\u043b 19.01.2018<\/a><\/p>\n","protected":false},"excerpt":{"rendered":"<p>\u00a0 \u0421\u043f\u0438\u0441\u043e\u043a \u0447\u043b\u0435\u043d\u043e\u0432 \u0423\u0447\u0435\u043d\u0438\u0447\u0435\u0441\u043a\u043e\u0433\u043e \u043f\u0440\u0435\u0434\u0441\u0442\u0430\u0432\u0438\u0442\u0435\u043b\u044c\u0441\u0442\u0432\u0430 (\u0423\u041f) \u0422\u0430\u043b\u043b\u0438\u043d\u043d\u0441\u043a\u043e\u0439 \u041c\u0443\u0441\u0442\u0430\u043c\u044f\u044d\u0441\u043a\u043e\u0439 \u0440\u0435\u0430\u043b\u044c\u043d\u043e\u0439 \u0433\u0438\u043c\u043d\u0430\u0437\u0438\u0438 2025\/2026. \u041f\u0440\u0435\u0434\u0441\u0442\u0430\u0432\u0438\u0442\u0435\u043b\u044c \u043f\u043e\u043f\u0435\u0447\u0438\u0442\u0435\u043b\u044c\u0441\u043a\u043e\u0433\u043e \u0441\u043e\u0432\u0435\u0442\u0430 \u0422\u041c\u0420\u0413 &#8212; \u0422\u0430\u043c\u0430\u0440\u0430 \u0417\u0438\u043c\u0430\u0440\u0435\u0432\u0430. \u041f\u0440\u0435\u0434\u0441\u0442\u0430\u0432\u0438\u0442\u0435\u043b\u044c \u043a\u043e\u043d\u043a\u0443\u0440\u0441\u043d\u043e\u0439 \u043a\u043e\u043c\u0438\u0441\u0441\u0438\u0438 &#8212; \u0418\u043b\u044c\u044f \u0414\u0430\u0432\u0438\u0434\u0435\u043d\u043a\u043e. Pildialbum \u00d5E \u00d5pilasesinduse liikmete nimed 2025\/2026 \u00f5a: Andrejenkova, Juliana 8.c Kudrjavtsev Arruda, Fabian 7.a Averitseva, Neonilla 8.b Belokurov, Rinat 8.c Bo\u017eok, Aljona 7.b Buzailo, Veronika 7.a Davidenko, Ilja 11. klass Fadejev, [&hellip;]<\/p>\n","protected":false},"author":1,"featured_media":633,"parent":0,"menu_order":2,"comment_status":"open","ping_status":"open","template":"","meta":{"_acf_changed":false,"footnotes":""},"class_list":["post-639","page","type-page","status-publish","has-post-thumbnail","hentry"],"acf":[],"yoast_head":"<!-- This site is optimized with the Yoast SEO plugin v27.1.1 - https:\/\/yoast.com\/product\/yoast-seo-wordpress\/ -->\n<title>\u0423\u0447\u0435\u043d\u0438\u0447\u0435\u0441\u043a\u043e\u0435 \u043f\u0440\u0435\u0434\u0441\u0442\u0430\u0432\u0438\u0442\u0435\u043b\u044c\u0441\u0442\u0432\u043e - \u0422\u0430\u043b\u043b\u0438\u043d\u043d\u0441\u043a\u0430\u044f \u041c\u0443\u0441\u0442\u0430\u043c\u044f\u044d\u0441\u043a\u0430\u044f \u0420\u0435\u0430\u043b\u044c\u043d\u0430\u044f \u0433\u0438\u043c\u043d\u0430\u0437\u0438\u044f<\/title>\n<meta name=\"robots\" content=\"index, follow, max-snippet:-1, max-image-preview:large, max-video-preview:-1\" \/>\n<link rel=\"canonical\" href=\"https:\/\/tmrg.ee\/ru\/\u0443\u0447\u0435\u043d\u0438\u0447\u0435\u0441\u043a\u043e\u0435-\u043f\u0440\u0435\u0434\u0441\u0442\u0430\u0432\u0438\u0442\u0435\u043b\u044c\u0441\u0442\u0432\u043e\/\" \/>\n<meta property=\"og:locale\" content=\"ru_RU\" \/>\n<meta property=\"og:type\" content=\"article\" \/>\n<meta property=\"og:title\" content=\"\u0423\u0447\u0435\u043d\u0438\u0447\u0435\u0441\u043a\u043e\u0435 \u043f\u0440\u0435\u0434\u0441\u0442\u0430\u0432\u0438\u0442\u0435\u043b\u044c\u0441\u0442\u0432\u043e - \u0422\u0430\u043b\u043b\u0438\u043d\u043d\u0441\u043a\u0430\u044f \u041c\u0443\u0441\u0442\u0430\u043c\u044f\u044d\u0441\u043a\u0430\u044f \u0420\u0435\u0430\u043b\u044c\u043d\u0430\u044f \u0433\u0438\u043c\u043d\u0430\u0437\u0438\u044f\" \/>\n<meta property=\"og:description\" content=\"\u00a0 \u0421\u043f\u0438\u0441\u043e\u043a \u0447\u043b\u0435\u043d\u043e\u0432 \u0423\u0447\u0435\u043d\u0438\u0447\u0435\u0441\u043a\u043e\u0433\u043e \u043f\u0440\u0435\u0434\u0441\u0442\u0430\u0432\u0438\u0442\u0435\u043b\u044c\u0441\u0442\u0432\u0430 (\u0423\u041f) \u0422\u0430\u043b\u043b\u0438\u043d\u043d\u0441\u043a\u043e\u0439 \u041c\u0443\u0441\u0442\u0430\u043c\u044f\u044d\u0441\u043a\u043e\u0439 \u0440\u0435\u0430\u043b\u044c\u043d\u043e\u0439 \u0433\u0438\u043c\u043d\u0430\u0437\u0438\u0438 2025\/2026. \u041f\u0440\u0435\u0434\u0441\u0442\u0430\u0432\u0438\u0442\u0435\u043b\u044c \u043f\u043e\u043f\u0435\u0447\u0438\u0442\u0435\u043b\u044c\u0441\u043a\u043e\u0433\u043e \u0441\u043e\u0432\u0435\u0442\u0430 \u0422\u041c\u0420\u0413 &#8212; \u0422\u0430\u043c\u0430\u0440\u0430 \u0417\u0438\u043c\u0430\u0440\u0435\u0432\u0430. \u041f\u0440\u0435\u0434\u0441\u0442\u0430\u0432\u0438\u0442\u0435\u043b\u044c \u043a\u043e\u043d\u043a\u0443\u0440\u0441\u043d\u043e\u0439 \u043a\u043e\u043c\u0438\u0441\u0441\u0438\u0438 &#8212; \u0418\u043b\u044c\u044f \u0414\u0430\u0432\u0438\u0434\u0435\u043d\u043a\u043e. Pildialbum \u00d5E \u00d5pilasesinduse liikmete nimed 2025\/2026 \u00f5a: Andrejenkova, Juliana 8.c Kudrjavtsev Arruda, Fabian 7.a Averitseva, Neonilla 8.b Belokurov, Rinat 8.c Bo\u017eok, Aljona 7.b Buzailo, Veronika 7.a Davidenko, Ilja 11. klass Fadejev, [&hellip;]\" \/>\n<meta property=\"og:url\" content=\"https:\/\/tmrg.ee\/ru\/\u0443\u0447\u0435\u043d\u0438\u0447\u0435\u0441\u043a\u043e\u0435-\u043f\u0440\u0435\u0434\u0441\u0442\u0430\u0432\u0438\u0442\u0435\u043b\u044c\u0441\u0442\u0432\u043e\/\" \/>\n<meta property=\"og:site_name\" content=\"\u0422\u0430\u043b\u043b\u0438\u043d\u043d\u0441\u043a\u0430\u044f \u041c\u0443\u0441\u0442\u0430\u043c\u044f\u044d\u0441\u043a\u0430\u044f \u0420\u0435\u0430\u043b\u044c\u043d\u0430\u044f \u0433\u0438\u043c\u043d\u0430\u0437\u0438\u044f\" \/>\n<meta property=\"article:modified_time\" content=\"2026-03-23T10:08:34+00:00\" \/>\n<meta property=\"og:image\" content=\"https:\/\/tmrg.ee\/ru\/wp-content\/uploads\/sites\/2\/2012\/11\/2019-UP.jpg\" \/>\n\t<meta property=\"og:image:width\" content=\"2048\" \/>\n\t<meta property=\"og:image:height\" content=\"1365\" \/>\n\t<meta property=\"og:image:type\" content=\"image\/jpeg\" \/>\n<meta name=\"twitter:card\" content=\"summary_large_image\" \/>\n<meta name=\"twitter:label1\" content=\"\u041f\u0440\u0438\u043c\u0435\u0440\u043d\u043e\u0435 \u0432\u0440\u0435\u043c\u044f \u0434\u043b\u044f \u0447\u0442\u0435\u043d\u0438\u044f\" \/>\n\t<meta name=\"twitter:data1\" content=\"2 \u043c\u0438\u043d\u0443\u0442\u044b\" \/>\n<script type=\"application\/ld+json\" class=\"yoast-schema-graph\">{\"@context\":\"https:\/\/schema.org\",\"@graph\":[{\"@type\":\"WebPage\",\"@id\":\"https:\/\/tmrg.ee\/ru\/%d1%83%d1%87%d0%b5%d0%bd%d0%b8%d1%87%d0%b5%d1%81%d0%ba%d0%be%d0%b5-%d0%bf%d1%80%d0%b5%d0%b4%d1%81%d1%82%d0%b0%d0%b2%d0%b8%d1%82%d0%b5%d0%bb%d1%8c%d1%81%d1%82%d0%b2%d0%be\/\",\"url\":\"https:\/\/tmrg.ee\/ru\/%d1%83%d1%87%d0%b5%d0%bd%d0%b8%d1%87%d0%b5%d1%81%d0%ba%d0%be%d0%b5-%d0%bf%d1%80%d0%b5%d0%b4%d1%81%d1%82%d0%b0%d0%b2%d0%b8%d1%82%d0%b5%d0%bb%d1%8c%d1%81%d1%82%d0%b2%d0%be\/\",\"name\":\"\u0423\u0447\u0435\u043d\u0438\u0447\u0435\u0441\u043a\u043e\u0435 \u043f\u0440\u0435\u0434\u0441\u0442\u0430\u0432\u0438\u0442\u0435\u043b\u044c\u0441\u0442\u0432\u043e - \u0422\u0430\u043b\u043b\u0438\u043d\u043d\u0441\u043a\u0430\u044f \u041c\u0443\u0441\u0442\u0430\u043c\u044f\u044d\u0441\u043a\u0430\u044f \u0420\u0435\u0430\u043b\u044c\u043d\u0430\u044f \u0433\u0438\u043c\u043d\u0430\u0437\u0438\u044f\",\"isPartOf\":{\"@id\":\"https:\/\/tmrg.ee\/ru\/#website\"},\"primaryImageOfPage\":{\"@id\":\"https:\/\/tmrg.ee\/ru\/%d1%83%d1%87%d0%b5%d0%bd%d0%b8%d1%87%d0%b5%d1%81%d0%ba%d0%be%d0%b5-%d0%bf%d1%80%d0%b5%d0%b4%d1%81%d1%82%d0%b0%d0%b2%d0%b8%d1%82%d0%b5%d0%bb%d1%8c%d1%81%d1%82%d0%b2%d0%be\/#primaryimage\"},\"image\":{\"@id\":\"https:\/\/tmrg.ee\/ru\/%d1%83%d1%87%d0%b5%d0%bd%d0%b8%d1%87%d0%b5%d1%81%d0%ba%d0%be%d0%b5-%d0%bf%d1%80%d0%b5%d0%b4%d1%81%d1%82%d0%b0%d0%b2%d0%b8%d1%82%d0%b5%d0%bb%d1%8c%d1%81%d1%82%d0%b2%d0%be\/#primaryimage\"},\"thumbnailUrl\":\"https:\/\/tmrg.ee\/ru\/wp-content\/uploads\/sites\/2\/2012\/11\/2019-UP.jpg\",\"datePublished\":\"2012-11-09T00:00:00+00:00\",\"dateModified\":\"2026-03-23T10:08:34+00:00\",\"breadcrumb\":{\"@id\":\"https:\/\/tmrg.ee\/ru\/%d1%83%d1%87%d0%b5%d0%bd%d0%b8%d1%87%d0%b5%d1%81%d0%ba%d0%be%d0%b5-%d0%bf%d1%80%d0%b5%d0%b4%d1%81%d1%82%d0%b0%d0%b2%d0%b8%d1%82%d0%b5%d0%bb%d1%8c%d1%81%d1%82%d0%b2%d0%be\/#breadcrumb\"},\"inLanguage\":\"ru-RU\",\"potentialAction\":[{\"@type\":\"ReadAction\",\"target\":[\"https:\/\/tmrg.ee\/ru\/%d1%83%d1%87%d0%b5%d0%bd%d0%b8%d1%87%d0%b5%d1%81%d0%ba%d0%be%d0%b5-%d0%bf%d1%80%d0%b5%d0%b4%d1%81%d1%82%d0%b0%d0%b2%d0%b8%d1%82%d0%b5%d0%bb%d1%8c%d1%81%d1%82%d0%b2%d0%be\/\"]}]},{\"@type\":\"ImageObject\",\"inLanguage\":\"ru-RU\",\"@id\":\"https:\/\/tmrg.ee\/ru\/%d1%83%d1%87%d0%b5%d0%bd%d0%b8%d1%87%d0%b5%d1%81%d0%ba%d0%be%d0%b5-%d0%bf%d1%80%d0%b5%d0%b4%d1%81%d1%82%d0%b0%d0%b2%d0%b8%d1%82%d0%b5%d0%bb%d1%8c%d1%81%d1%82%d0%b2%d0%be\/#primaryimage\",\"url\":\"https:\/\/tmrg.ee\/ru\/wp-content\/uploads\/sites\/2\/2012\/11\/2019-UP.jpg\",\"contentUrl\":\"https:\/\/tmrg.ee\/ru\/wp-content\/uploads\/sites\/2\/2012\/11\/2019-UP.jpg\",\"width\":2048,\"height\":1365,\"caption\":\"2019 UP\"},{\"@type\":\"BreadcrumbList\",\"@id\":\"https:\/\/tmrg.ee\/ru\/%d1%83%d1%87%d0%b5%d0%bd%d0%b8%d1%87%d0%b5%d1%81%d0%ba%d0%be%d0%b5-%d0%bf%d1%80%d0%b5%d0%b4%d1%81%d1%82%d0%b0%d0%b2%d0%b8%d1%82%d0%b5%d0%bb%d1%8c%d1%81%d1%82%d0%b2%d0%be\/#breadcrumb\",\"itemListElement\":[{\"@type\":\"ListItem\",\"position\":1,\"name\":\"Home\",\"item\":\"https:\/\/tmrg.ee\/ru\/\"},{\"@type\":\"ListItem\",\"position\":2,\"name\":\"\u0423\u0447\u0435\u043d\u0438\u0447\u0435\u0441\u043a\u043e\u0435 \u043f\u0440\u0435\u0434\u0441\u0442\u0430\u0432\u0438\u0442\u0435\u043b\u044c\u0441\u0442\u0432\u043e\"}]},{\"@type\":\"WebSite\",\"@id\":\"https:\/\/tmrg.ee\/ru\/#website\",\"url\":\"https:\/\/tmrg.ee\/ru\/\",\"name\":\"\u0422\u0430\u043b\u043b\u0438\u043d\u043d\u0441\u043a\u0430\u044f \u041c\u0443\u0441\u0442\u0430\u043c\u044f\u044d\u0441\u043a\u0430\u044f \u0420\u0435\u0430\u043b\u044c\u043d\u0430\u044f \u0433\u0438\u043c\u043d\u0430\u0437\u0438\u044f\",\"description\":\"\",\"publisher\":{\"@id\":\"https:\/\/tmrg.ee\/ru\/#organization\"},\"potentialAction\":[{\"@type\":\"SearchAction\",\"target\":{\"@type\":\"EntryPoint\",\"urlTemplate\":\"https:\/\/tmrg.ee\/ru\/?s={search_term_string}\"},\"query-input\":{\"@type\":\"PropertyValueSpecification\",\"valueRequired\":true,\"valueName\":\"search_term_string\"}}],\"inLanguage\":\"ru-RU\"},{\"@type\":\"Organization\",\"@id\":\"https:\/\/tmrg.ee\/ru\/#organization\",\"name\":\"\u0422\u0430\u043b\u043b\u0438\u043d\u043d\u0441\u043a\u0430\u044f \u041c\u0443\u0441\u0442\u0430\u043c\u044f\u044d\u0441\u043a\u0430\u044f \u0420\u0435\u0430\u043b\u044c\u043d\u0430\u044f \u0433\u0438\u043c\u043d\u0430\u0437\u0438\u044f\",\"url\":\"https:\/\/tmrg.ee\/ru\/\",\"logo\":{\"@type\":\"ImageObject\",\"inLanguage\":\"ru-RU\",\"@id\":\"https:\/\/tmrg.ee\/ru\/#\/schema\/logo\/image\/\",\"url\":\"https:\/\/tmrg.ee\/ru\/wp-content\/uploads\/sites\/2\/2022\/07\/3E15D8E3-B449-47D9-B8F2-564E238EF8DB.png\",\"contentUrl\":\"https:\/\/tmrg.ee\/ru\/wp-content\/uploads\/sites\/2\/2022\/07\/3E15D8E3-B449-47D9-B8F2-564E238EF8DB.png\",\"width\":423,\"height\":423,\"caption\":\"\u0422\u0430\u043b\u043b\u0438\u043d\u043d\u0441\u043a\u0430\u044f \u041c\u0443\u0441\u0442\u0430\u043c\u044f\u044d\u0441\u043a\u0430\u044f \u0420\u0435\u0430\u043b\u044c\u043d\u0430\u044f \u0433\u0438\u043c\u043d\u0430\u0437\u0438\u044f\"},\"image\":{\"@id\":\"https:\/\/tmrg.ee\/ru\/#\/schema\/logo\/image\/\"}}]}<\/script>\n<!-- \/ Yoast SEO plugin. -->","yoast_head_json":{"title":"\u0423\u0447\u0435\u043d\u0438\u0447\u0435\u0441\u043a\u043e\u0435 \u043f\u0440\u0435\u0434\u0441\u0442\u0430\u0432\u0438\u0442\u0435\u043b\u044c\u0441\u0442\u0432\u043e - \u0422\u0430\u043b\u043b\u0438\u043d\u043d\u0441\u043a\u0430\u044f \u041c\u0443\u0441\u0442\u0430\u043c\u044f\u044d\u0441\u043a\u0430\u044f \u0420\u0435\u0430\u043b\u044c\u043d\u0430\u044f \u0433\u0438\u043c\u043d\u0430\u0437\u0438\u044f","robots":{"index":"index","follow":"follow","max-snippet":"max-snippet:-1","max-image-preview":"max-image-preview:large","max-video-preview":"max-video-preview:-1"},"canonical":"https:\/\/tmrg.ee\/ru\/\u0443\u0447\u0435\u043d\u0438\u0447\u0435\u0441\u043a\u043e\u0435-\u043f\u0440\u0435\u0434\u0441\u0442\u0430\u0432\u0438\u0442\u0435\u043b\u044c\u0441\u0442\u0432\u043e\/","og_locale":"ru_RU","og_type":"article","og_title":"\u0423\u0447\u0435\u043d\u0438\u0447\u0435\u0441\u043a\u043e\u0435 \u043f\u0440\u0435\u0434\u0441\u0442\u0430\u0432\u0438\u0442\u0435\u043b\u044c\u0441\u0442\u0432\u043e - \u0422\u0430\u043b\u043b\u0438\u043d\u043d\u0441\u043a\u0430\u044f \u041c\u0443\u0441\u0442\u0430\u043c\u044f\u044d\u0441\u043a\u0430\u044f \u0420\u0435\u0430\u043b\u044c\u043d\u0430\u044f \u0433\u0438\u043c\u043d\u0430\u0437\u0438\u044f","og_description":"\u00a0 \u0421\u043f\u0438\u0441\u043e\u043a \u0447\u043b\u0435\u043d\u043e\u0432 \u0423\u0447\u0435\u043d\u0438\u0447\u0435\u0441\u043a\u043e\u0433\u043e \u043f\u0440\u0435\u0434\u0441\u0442\u0430\u0432\u0438\u0442\u0435\u043b\u044c\u0441\u0442\u0432\u0430 (\u0423\u041f) \u0422\u0430\u043b\u043b\u0438\u043d\u043d\u0441\u043a\u043e\u0439 \u041c\u0443\u0441\u0442\u0430\u043c\u044f\u044d\u0441\u043a\u043e\u0439 \u0440\u0435\u0430\u043b\u044c\u043d\u043e\u0439 \u0433\u0438\u043c\u043d\u0430\u0437\u0438\u0438 2025\/2026. \u041f\u0440\u0435\u0434\u0441\u0442\u0430\u0432\u0438\u0442\u0435\u043b\u044c \u043f\u043e\u043f\u0435\u0447\u0438\u0442\u0435\u043b\u044c\u0441\u043a\u043e\u0433\u043e \u0441\u043e\u0432\u0435\u0442\u0430 \u0422\u041c\u0420\u0413 &#8212; \u0422\u0430\u043c\u0430\u0440\u0430 \u0417\u0438\u043c\u0430\u0440\u0435\u0432\u0430. \u041f\u0440\u0435\u0434\u0441\u0442\u0430\u0432\u0438\u0442\u0435\u043b\u044c \u043a\u043e\u043d\u043a\u0443\u0440\u0441\u043d\u043e\u0439 \u043a\u043e\u043c\u0438\u0441\u0441\u0438\u0438 &#8212; \u0418\u043b\u044c\u044f \u0414\u0430\u0432\u0438\u0434\u0435\u043d\u043a\u043e. Pildialbum \u00d5E \u00d5pilasesinduse liikmete nimed 2025\/2026 \u00f5a: Andrejenkova, Juliana 8.c Kudrjavtsev Arruda, Fabian 7.a Averitseva, Neonilla 8.b Belokurov, Rinat 8.c Bo\u017eok, Aljona 7.b Buzailo, Veronika 7.a Davidenko, Ilja 11. klass Fadejev, [&hellip;]","og_url":"https:\/\/tmrg.ee\/ru\/\u0443\u0447\u0435\u043d\u0438\u0447\u0435\u0441\u043a\u043e\u0435-\u043f\u0440\u0435\u0434\u0441\u0442\u0430\u0432\u0438\u0442\u0435\u043b\u044c\u0441\u0442\u0432\u043e\/","og_site_name":"\u0422\u0430\u043b\u043b\u0438\u043d\u043d\u0441\u043a\u0430\u044f \u041c\u0443\u0441\u0442\u0430\u043c\u044f\u044d\u0441\u043a\u0430\u044f \u0420\u0435\u0430\u043b\u044c\u043d\u0430\u044f \u0433\u0438\u043c\u043d\u0430\u0437\u0438\u044f","article_modified_time":"2026-03-23T10:08:34+00:00","og_image":[{"width":2048,"height":1365,"url":"https:\/\/tmrg.ee\/ru\/wp-content\/uploads\/sites\/2\/2012\/11\/2019-UP.jpg","type":"image\/jpeg"}],"twitter_card":"summary_large_image","twitter_misc":{"\u041f\u0440\u0438\u043c\u0435\u0440\u043d\u043e\u0435 \u0432\u0440\u0435\u043c\u044f \u0434\u043b\u044f \u0447\u0442\u0435\u043d\u0438\u044f":"2 \u043c\u0438\u043d\u0443\u0442\u044b"},"schema":{"@context":"https:\/\/schema.org","@graph":[{"@type":"WebPage","@id":"https:\/\/tmrg.ee\/ru\/%d1%83%d1%87%d0%b5%d0%bd%d0%b8%d1%87%d0%b5%d1%81%d0%ba%d0%be%d0%b5-%d0%bf%d1%80%d0%b5%d0%b4%d1%81%d1%82%d0%b0%d0%b2%d0%b8%d1%82%d0%b5%d0%bb%d1%8c%d1%81%d1%82%d0%b2%d0%be\/","url":"https:\/\/tmrg.ee\/ru\/%d1%83%d1%87%d0%b5%d0%bd%d0%b8%d1%87%d0%b5%d1%81%d0%ba%d0%be%d0%b5-%d0%bf%d1%80%d0%b5%d0%b4%d1%81%d1%82%d0%b0%d0%b2%d0%b8%d1%82%d0%b5%d0%bb%d1%8c%d1%81%d1%82%d0%b2%d0%be\/","name":"\u0423\u0447\u0435\u043d\u0438\u0447\u0435\u0441\u043a\u043e\u0435 \u043f\u0440\u0435\u0434\u0441\u0442\u0430\u0432\u0438\u0442\u0435\u043b\u044c\u0441\u0442\u0432\u043e - \u0422\u0430\u043b\u043b\u0438\u043d\u043d\u0441\u043a\u0430\u044f \u041c\u0443\u0441\u0442\u0430\u043c\u044f\u044d\u0441\u043a\u0430\u044f \u0420\u0435\u0430\u043b\u044c\u043d\u0430\u044f \u0433\u0438\u043c\u043d\u0430\u0437\u0438\u044f","isPartOf":{"@id":"https:\/\/tmrg.ee\/ru\/#website"},"primaryImageOfPage":{"@id":"https:\/\/tmrg.ee\/ru\/%d1%83%d1%87%d0%b5%d0%bd%d0%b8%d1%87%d0%b5%d1%81%d0%ba%d0%be%d0%b5-%d0%bf%d1%80%d0%b5%d0%b4%d1%81%d1%82%d0%b0%d0%b2%d0%b8%d1%82%d0%b5%d0%bb%d1%8c%d1%81%d1%82%d0%b2%d0%be\/#primaryimage"},"image":{"@id":"https:\/\/tmrg.ee\/ru\/%d1%83%d1%87%d0%b5%d0%bd%d0%b8%d1%87%d0%b5%d1%81%d0%ba%d0%be%d0%b5-%d0%bf%d1%80%d0%b5%d0%b4%d1%81%d1%82%d0%b0%d0%b2%d0%b8%d1%82%d0%b5%d0%bb%d1%8c%d1%81%d1%82%d0%b2%d0%be\/#primaryimage"},"thumbnailUrl":"https:\/\/tmrg.ee\/ru\/wp-content\/uploads\/sites\/2\/2012\/11\/2019-UP.jpg","datePublished":"2012-11-09T00:00:00+00:00","dateModified":"2026-03-23T10:08:34+00:00","breadcrumb":{"@id":"https:\/\/tmrg.ee\/ru\/%d1%83%d1%87%d0%b5%d0%bd%d0%b8%d1%87%d0%b5%d1%81%d0%ba%d0%be%d0%b5-%d0%bf%d1%80%d0%b5%d0%b4%d1%81%d1%82%d0%b0%d0%b2%d0%b8%d1%82%d0%b5%d0%bb%d1%8c%d1%81%d1%82%d0%b2%d0%be\/#breadcrumb"},"inLanguage":"ru-RU","potentialAction":[{"@type":"ReadAction","target":["https:\/\/tmrg.ee\/ru\/%d1%83%d1%87%d0%b5%d0%bd%d0%b8%d1%87%d0%b5%d1%81%d0%ba%d0%be%d0%b5-%d0%bf%d1%80%d0%b5%d0%b4%d1%81%d1%82%d0%b0%d0%b2%d0%b8%d1%82%d0%b5%d0%bb%d1%8c%d1%81%d1%82%d0%b2%d0%be\/"]}]},{"@type":"ImageObject","inLanguage":"ru-RU","@id":"https:\/\/tmrg.ee\/ru\/%d1%83%d1%87%d0%b5%d0%bd%d0%b8%d1%87%d0%b5%d1%81%d0%ba%d0%be%d0%b5-%d0%bf%d1%80%d0%b5%d0%b4%d1%81%d1%82%d0%b0%d0%b2%d0%b8%d1%82%d0%b5%d0%bb%d1%8c%d1%81%d1%82%d0%b2%d0%be\/#primaryimage","url":"https:\/\/tmrg.ee\/ru\/wp-content\/uploads\/sites\/2\/2012\/11\/2019-UP.jpg","contentUrl":"https:\/\/tmrg.ee\/ru\/wp-content\/uploads\/sites\/2\/2012\/11\/2019-UP.jpg","width":2048,"height":1365,"caption":"2019 UP"},{"@type":"BreadcrumbList","@id":"https:\/\/tmrg.ee\/ru\/%d1%83%d1%87%d0%b5%d0%bd%d0%b8%d1%87%d0%b5%d1%81%d0%ba%d0%be%d0%b5-%d0%bf%d1%80%d0%b5%d0%b4%d1%81%d1%82%d0%b0%d0%b2%d0%b8%d1%82%d0%b5%d0%bb%d1%8c%d1%81%d1%82%d0%b2%d0%be\/#breadcrumb","itemListElement":[{"@type":"ListItem","position":1,"name":"Home","item":"https:\/\/tmrg.ee\/ru\/"},{"@type":"ListItem","position":2,"name":"\u0423\u0447\u0435\u043d\u0438\u0447\u0435\u0441\u043a\u043e\u0435 \u043f\u0440\u0435\u0434\u0441\u0442\u0430\u0432\u0438\u0442\u0435\u043b\u044c\u0441\u0442\u0432\u043e"}]},{"@type":"WebSite","@id":"https:\/\/tmrg.ee\/ru\/#website","url":"https:\/\/tmrg.ee\/ru\/","name":"\u0422\u0430\u043b\u043b\u0438\u043d\u043d\u0441\u043a\u0430\u044f \u041c\u0443\u0441\u0442\u0430\u043c\u044f\u044d\u0441\u043a\u0430\u044f \u0420\u0435\u0430\u043b\u044c\u043d\u0430\u044f \u0433\u0438\u043c\u043d\u0430\u0437\u0438\u044f","description":"","publisher":{"@id":"https:\/\/tmrg.ee\/ru\/#organization"},"potentialAction":[{"@type":"SearchAction","target":{"@type":"EntryPoint","urlTemplate":"https:\/\/tmrg.ee\/ru\/?s={search_term_string}"},"query-input":{"@type":"PropertyValueSpecification","valueRequired":true,"valueName":"search_term_string"}}],"inLanguage":"ru-RU"},{"@type":"Organization","@id":"https:\/\/tmrg.ee\/ru\/#organization","name":"\u0422\u0430\u043b\u043b\u0438\u043d\u043d\u0441\u043a\u0430\u044f \u041c\u0443\u0441\u0442\u0430\u043c\u044f\u044d\u0441\u043a\u0430\u044f \u0420\u0435\u0430\u043b\u044c\u043d\u0430\u044f \u0433\u0438\u043c\u043d\u0430\u0437\u0438\u044f","url":"https:\/\/tmrg.ee\/ru\/","logo":{"@type":"ImageObject","inLanguage":"ru-RU","@id":"https:\/\/tmrg.ee\/ru\/#\/schema\/logo\/image\/","url":"https:\/\/tmrg.ee\/ru\/wp-content\/uploads\/sites\/2\/2022\/07\/3E15D8E3-B449-47D9-B8F2-564E238EF8DB.png","contentUrl":"https:\/\/tmrg.ee\/ru\/wp-content\/uploads\/sites\/2\/2022\/07\/3E15D8E3-B449-47D9-B8F2-564E238EF8DB.png","width":423,"height":423,"caption":"\u0422\u0430\u043b\u043b\u0438\u043d\u043d\u0441\u043a\u0430\u044f \u041c\u0443\u0441\u0442\u0430\u043c\u044f\u044d\u0441\u043a\u0430\u044f \u0420\u0435\u0430\u043b\u044c\u043d\u0430\u044f \u0433\u0438\u043c\u043d\u0430\u0437\u0438\u044f"},"image":{"@id":"https:\/\/tmrg.ee\/ru\/#\/schema\/logo\/image\/"}}]}},"_links":{"self":[{"href":"https:\/\/tmrg.ee\/ru\/wp-json\/wp\/v2\/pages\/639","targetHints":{"allow":["GET"]}}],"collection":[{"href":"https:\/\/tmrg.ee\/ru\/wp-json\/wp\/v2\/pages"}],"about":[{"href":"https:\/\/tmrg.ee\/ru\/wp-json\/wp\/v2\/types\/page"}],"author":[{"embeddable":true,"href":"https:\/\/tmrg.ee\/ru\/wp-json\/wp\/v2\/users\/1"}],"replies":[{"embeddable":true,"href":"https:\/\/tmrg.ee\/ru\/wp-json\/wp\/v2\/comments?post=639"}],"version-history":[{"count":38,"href":"https:\/\/tmrg.ee\/ru\/wp-json\/wp\/v2\/pages\/639\/revisions"}],"predecessor-version":[{"id":13135,"href":"https:\/\/tmrg.ee\/ru\/wp-json\/wp\/v2\/pages\/639\/revisions\/13135"}],"wp:featuredmedia":[{"embeddable":true,"href":"https:\/\/tmrg.ee\/ru\/wp-json\/wp\/v2\/media\/633"}],"wp:attachment":[{"href":"https:\/\/tmrg.ee\/ru\/wp-json\/wp\/v2\/media?parent=639"}],"curies":[{"name":"wp","href":"https:\/\/api.w.org\/{rel}","templated":true}]}}