{"id":540,"date":"2011-11-06T22:02:42","date_gmt":"2011-11-06T22:02:42","guid":{"rendered":"https:\/\/tmrg.ee\/ru\/uncategorized\/%d0%b4%d0%be%d0%ba%d1%83%d0%bc%d0%b5%d0%bd%d1%82%d1%8b\/"},"modified":"2026-02-17T09:22:28","modified_gmt":"2026-02-17T07:22:28","slug":"%d0%b4%d0%be%d0%ba%d1%83%d0%bc%d0%b5%d0%bd%d1%82%d1%8b","status":"publish","type":"page","link":"https:\/\/tmrg.ee\/ru\/%d0%b4%d0%be%d0%ba%d1%83%d0%bc%d0%b5%d0%bd%d1%82%d1%8b\/","title":{"rendered":"\u0414\u043e\u043a\u0443\u043c\u0435\u043d\u0442\u044b"},"content":{"rendered":"<ul>\n<li><a href=\"https:\/\/www.riigiteataja.ee\/akt\/424042013030?leiaKehtiv\" target=\"_blank\" rel=\"noopener\">Tallinna Mustam\u00e4e Reaalg\u00fcmnaasiumi p\u00f5him\u00e4\u00e4rus<\/a><\/li>\n<li><a href=\"https:\/\/tmrg.ee\/kooli-arengukava\/\">\u041f\u0440\u043e\u0433\u0440\u0430\u043c\u043c\u0430 \u0440\u0430\u0437\u0432\u0438\u0442\u0438\u044f<\/a><\/li>\n<li><a href=\"https:\/\/tmrg.ee\/ru\/wp-content\/uploads\/sites\/2\/2022\/06\/TMRG-Opilasesinduse-pohimaarus.pdf\" target=\"_blank\" rel=\"noopener\">\u0423\u0441\u0442\u0430\u0432 \u0423\u0447\u0435\u043d\u0438\u0447\u0435\u0441\u043a\u043e\u0433\u043e \u041f\u0440\u0435\u0434\u0441\u0442\u0430\u0432\u0438\u0442\u0435\u043b\u044c\u0441\u0442\u0432\u0430<\/a><\/li>\n<li><a href=\"https:\/\/tmrg.ee\/ru\/wp-content\/uploads\/sites\/2\/2023\/04\/lisa-TMRG-too-tasustamise-pohimotted.pdf\" target=\"_blank\" rel=\"noopener\">\u041f\u043e\u0440\u044f\u0434\u043e\u043a \u043d\u0430\u0447\u0438\u0441\u043b\u0435\u043d\u0438\u044f \u0437\u0430\u0440\u043f\u043b\u0430\u0442\u044b<\/a><\/li>\n<li><a href=\"https:\/\/tmrg.ee\/wp-content\/uploads\/2024\/02\/TMRG_sisehindamise_aruanne-2020-2023.pdf\" target=\"_blank\" rel=\"noopener\">\u041e\u0442\u0447\u0435\u0442 \u043e \u0432\u043d\u0443\u0442\u0440\u0435\u043d\u043d\u0435\u043c \u043e\u0446\u0435\u043d\u0438\u0432\u0430\u043d\u0438\u0438<\/a><\/li>\n<li><a href=\"https:\/\/kis.hm.ee\/?page=pub_search_dynobj&amp;tid=10043&amp;desktop=10016&amp;unit_id=159911\">\u0420\u0435\u0433\u0438\u0441\u0442\u0440 \u0434\u043e\u043a\u0443\u043c\u0435\u043d\u0442\u043e\u0432<\/a><\/li>\n<li><a href=\"https:\/\/tmrg.ee\/ru\/wp-content\/uploads\/sites\/2\/2011\/11\/Tallinna-Mustamae-Reaalgumnaasiumi-kodukord-alates-01.09.2020.pdf\">\u0412\u043d\u0443\u0442\u0440\u0435\u043d\u043d\u0438\u0439 \u0440\u0430\u0441\u043f\u043e\u0440\u044f\u0434\u043e\u043a \u0433\u0438\u043c\u043d\u0430\u0437\u0438\u0438<\/a><\/li>\n<li><a href=\"https:\/\/tmrg.ee\/ru\/wp-content\/uploads\/sites\/2\/2025\/01\/Tallinna-Mustamae-Reaalgumnaasiumi-asjaajamiskord_-jaanuar-2025.pdf\" target=\"_blank\" rel=\"noopener\">\u041f\u043e\u0440\u044f\u0434\u043e\u043a \u0434\u0435\u043b\u043e\u043f\u0440\u043e\u0438\u0437\u0432\u043e\u0434\u0441\u0442\u0432\u0430 \u0432 \u0422\u0430\u043b\u043b\u0438\u043d\u043d\u0441\u043a\u043e\u0439 \u041c\u0443\u0441\u0442\u0430\u043c\u044f\u044d\u0441\u043a\u043e\u0439 \u0440\u0435\u0430\u043b\u044c\u043d\u043e\u0439 \u0433\u0438\u043c\u043d\u0430\u0437\u0438\u0438<\/a><\/li>\n<li><a href=\"https:\/\/tmrg.ee\/ru\/wp-content\/uploads\/sites\/2\/2011\/11\/TMRG-parimate-opilaste-ja-nende-juhendajate-tunnustamise-kord.pdf\">\u041f\u043e\u0440\u044f\u0434\u043e\u043a \u043f\u043e\u043e\u0449\u0440\u0435\u043d\u0438\u044f \u0432 \u0422\u041c\u0420\u0413<\/a><\/li>\n<li><a href=\"https:\/\/tmrg.ee\/ru\/wp-content\/uploads\/sites\/2\/2024\/10\/TMRG-dokumentide-loetelu-alates-01.01.2023.pdf\" target=\"_blank\" rel=\"noopener\">\u041f\u0435\u0440\u0435\u0447\u0435\u043d\u044c \u0434\u043e\u043a\u0443\u043c\u0435\u043d\u0442\u043e\u0432<\/a><\/li>\n<li><a href=\"otkritaya-informatsiya\">\u041e\u0442\u043a\u0440\u044b\u0442\u0430\u044f \u0438\u043d\u0444\u043e\u0440\u043c\u0430\u0446\u0438\u044f<\/a><\/li>\n<li><a href=\"https:\/\/tmrg.ee\/ru\/wp-content\/uploads\/sites\/2\/2024\/12\/Tallinna-Mustamae-Reaalgumnaasiumi-haldusjarelevalve-oiendi-kinnitamine.pdf\" target=\"_blank\" rel=\"noopener\">\u041f\u0440\u0435\u0434\u043f\u0438\u0441\u0430\u043d\u0438\u044f \u0433\u043e\u0441\u043a\u043e\u043d\u0442\u0440\u043e\u043b\u044f<\/a><\/li>\n<li><a href=\"https:\/\/www.riigiteataja.ee\/akt\/429122023029\" target=\"_blank\" rel=\"noopener\">Tallinna hankekord<\/a><\/li>\n<li><a href=\"https:\/\/tmrg.ee\/ru\/wp-content\/uploads\/sites\/2\/2026\/02\/TMRG-HANKEPLAAN-2026-lisa_1.pdf\" target=\"_blank\" rel=\"noopener\">Tallinna Mustam\u00e4e Reaalg\u00fcmnaasiumi 2026.a hankeplaan<\/a><\/li>\n<li><a href=\"https:\/\/tmrg.ee\/ru\/wp-content\/uploads\/sites\/2\/2011\/11\/Arenguvestlus.pdf\">\u041f\u043e\u0440\u044f\u0434\u043e\u043a \u043f\u0440\u043e\u0432\u0435\u0434\u0435\u043d\u0438\u044f \u0440\u0430\u0437\u0432\u0438\u0432\u0430\u044e\u0449\u0438\u0445 \u0431\u0435\u0441\u0435\u0434<\/a><\/li>\n<li><a href=\"https:\/\/www.tallinn.ee\/Andmekaitsetingimused\" target=\"_blank\" rel=\"noopener\">\u0417\u0430\u0449\u0438\u0442\u0430 \u043b\u0438\u0447\u043d\u044b\u0445 \u0434\u0430\u043d\u043d\u044b\u0445<\/a><\/li>\n<li><a href=\"https:\/\/tmrg.ee\/ru\/wp-content\/uploads\/sites\/2\/2011\/11\/TMRG-isikuandmete-tootlemise-ja-kaitse-kord.pdf\">\u041f\u043e\u0440\u044f\u0434\u043e\u043a \u043e\u0431\u0440\u0430\u0431\u043e\u0442\u043a\u0438 \u0438 \u0437\u0430\u0449\u0438\u0442\u044b \u043b\u0438\u0447\u043d\u044b\u0445 \u0434\u0430\u043d\u043d\u044b\u0445 \u0432 \u0422\u041c\u0420\u0413<\/a><\/li>\n<li><a href=\"https:\/\/tmrg.ee\/ru\/wp-content\/uploads\/sites\/2\/2011\/11\/NOUSOLEK-ISIKUANDMETE-TOOTLEMISEKS-pdf-uus.pdf\">\u0421\u043e\u0433\u043b\u0430\u0441\u0438\u0435 \u043d\u0430 \u043e\u0431\u0440\u0430\u0431\u043e\u0442\u043a\u0443 \u043b\u0438\u0447\u043d\u044b\u0445 \u0434\u0430\u043d\u043d\u044b\u0445<\/a><\/li>\n<li><a href=\"https:\/\/tmrg.ee\/ru\/wp-content\/uploads\/sites\/2\/2025\/07\/Korruptsiooni-ennetamise-juhend-18_06_2025.pdf\" target=\"_blank\" rel=\"noopener\">\u0420\u0443\u043a\u043e\u0432\u043e\u0434\u0441\u0442\u0432\u043e \u043f\u043e \u043f\u0440\u0435\u0434\u043e\u0442\u0432\u0440\u0430\u0449\u0435\u043d\u0438\u044e \u043a\u043e\u0440\u0440\u0443\u043f\u0446\u0438\u0438<\/a><\/li>\n<li><a href=\"https:\/\/tmrg.ee\/ru\/wp-content\/uploads\/sites\/2\/2024\/05\/Ainesektsiooni-tookorraldus-Tallinna-Mustamae-Reaalgumnaasiumis.pdf\" target=\"_blank\" rel=\"noopener\">\u041e\u0440\u0433\u0430\u043d\u0438\u0437\u0430\u0446\u0438\u044f \u043c\u0435\u0442\u043e\u0434\u0438\u0447\u0435\u0441\u043a\u043e\u0433\u043e \u043e\u0431\u044a\u0435\u0434\u0438\u043d\u0435\u043d\u0438\u044f \u0432 \u0422\u0430\u043b\u043b\u0438\u043d\u043d\u0441\u043a\u043e\u0439 \u041c\u0443\u0441\u0442\u0430\u043c\u044f\u044d\u0441\u043a\u043e\u0439 \u0440\u0435\u0430\u043b\u044c\u043d\u043e\u0439 \u0433\u0438\u043c\u043d\u0430\u0437\u0438\u0438<\/a><\/li>\n<li><a href=\"https:\/\/tmrg.ee\/ru\/wp-content\/uploads\/sites\/2\/2024\/11\/kk-Tallinna-Mustamae-Reaalgumnaasiumi-tugiteenuste-osutamise-kord_-sept-2023.pdf\" target=\"_blank\" rel=\"noopener\">\u041f\u043e\u0440\u044f\u0434\u043e\u043a \u043f\u0440\u0435\u0434\u043e\u0441\u0442\u0430\u0432\u043b\u0435\u043d\u0438\u044f \u0432\u0441\u043f\u043e\u043c\u043e\u0433\u0430\u0442\u0435\u043b\u044c\u043d\u044b\u0445 \u0443\u0441\u043b\u0443\u0433 \u0432 \u0422\u0430\u043b\u043b\u0438\u043d\u043d\u0441\u043a\u043e\u0439 \u041c\u0443\u0441\u0442\u0430\u043c\u044f\u044d\u0441\u043a\u043e\u0439 \u0440\u0435\u0430\u043b\u044c\u043d\u043e\u0439 \u0433\u0438\u043c\u043d\u0430\u0437\u0438\u0438<\/a><\/li>\n<li><a href=\"https:\/\/tmrg.ee\/ru\/wp-content\/uploads\/sites\/2\/2024\/10\/TMRG-aasta-opilane_-konkursikord-Lisa_-sept_0.pdf\" target=\"_blank\" rel=\"noopener\">Tallinna Mustam\u00e4e Reaalg\u00fcmnaasiumi aasta \u00f5pilane konkursikord<\/a><\/li>\n<li><a href=\"https:\/\/tmrg.ee\/ru\/wp-content\/uploads\/sites\/2\/2025\/10\/TMRG_tookorralduse_reeglid1.pdf\" target=\"_blank\" rel=\"noopener\">Tallinna Mustam\u00e4e Reaalg\u00fcmnaasiumi t\u00f6\u00f6korralduse reeglid<\/a><\/li>\n<\/ul>\n","protected":false},"excerpt":{"rendered":"<p>Tallinna Mustam\u00e4e Reaalg\u00fcmnaasiumi p\u00f5him\u00e4\u00e4rus \u041f\u0440\u043e\u0433\u0440\u0430\u043c\u043c\u0430 \u0440\u0430\u0437\u0432\u0438\u0442\u0438\u044f \u0423\u0441\u0442\u0430\u0432 \u0423\u0447\u0435\u043d\u0438\u0447\u0435\u0441\u043a\u043e\u0433\u043e \u041f\u0440\u0435\u0434\u0441\u0442\u0430\u0432\u0438\u0442\u0435\u043b\u044c\u0441\u0442\u0432\u0430 \u041f\u043e\u0440\u044f\u0434\u043e\u043a \u043d\u0430\u0447\u0438\u0441\u043b\u0435\u043d\u0438\u044f \u0437\u0430\u0440\u043f\u043b\u0430\u0442\u044b \u041e\u0442\u0447\u0435\u0442 \u043e \u0432\u043d\u0443\u0442\u0440\u0435\u043d\u043d\u0435\u043c \u043e\u0446\u0435\u043d\u0438\u0432\u0430\u043d\u0438\u0438 \u0420\u0435\u0433\u0438\u0441\u0442\u0440 \u0434\u043e\u043a\u0443\u043c\u0435\u043d\u0442\u043e\u0432 \u0412\u043d\u0443\u0442\u0440\u0435\u043d\u043d\u0438\u0439 \u0440\u0430\u0441\u043f\u043e\u0440\u044f\u0434\u043e\u043a \u0433\u0438\u043c\u043d\u0430\u0437\u0438\u0438 \u041f\u043e\u0440\u044f\u0434\u043e\u043a \u0434\u0435\u043b\u043e\u043f\u0440\u043e\u0438\u0437\u0432\u043e\u0434\u0441\u0442\u0432\u0430 \u0432 \u0422\u0430\u043b\u043b\u0438\u043d\u043d\u0441\u043a\u043e\u0439 \u041c\u0443\u0441\u0442\u0430\u043c\u044f\u044d\u0441\u043a\u043e\u0439 \u0440\u0435\u0430\u043b\u044c\u043d\u043e\u0439 \u0433\u0438\u043c\u043d\u0430\u0437\u0438\u0438 \u041f\u043e\u0440\u044f\u0434\u043e\u043a \u043f\u043e\u043e\u0449\u0440\u0435\u043d\u0438\u044f \u0432 \u0422\u041c\u0420\u0413 \u041f\u0435\u0440\u0435\u0447\u0435\u043d\u044c \u0434\u043e\u043a\u0443\u043c\u0435\u043d\u0442\u043e\u0432 \u041e\u0442\u043a\u0440\u044b\u0442\u0430\u044f \u0438\u043d\u0444\u043e\u0440\u043c\u0430\u0446\u0438\u044f \u041f\u0440\u0435\u0434\u043f\u0438\u0441\u0430\u043d\u0438\u044f \u0433\u043e\u0441\u043a\u043e\u043d\u0442\u0440\u043e\u043b\u044f Tallinna hankekord Tallinna Mustam\u00e4e Reaalg\u00fcmnaasiumi 2026.a hankeplaan \u041f\u043e\u0440\u044f\u0434\u043e\u043a \u043f\u0440\u043e\u0432\u0435\u0434\u0435\u043d\u0438\u044f \u0440\u0430\u0437\u0432\u0438\u0432\u0430\u044e\u0449\u0438\u0445 \u0431\u0435\u0441\u0435\u0434 \u0417\u0430\u0449\u0438\u0442\u0430 \u043b\u0438\u0447\u043d\u044b\u0445 \u0434\u0430\u043d\u043d\u044b\u0445 \u041f\u043e\u0440\u044f\u0434\u043e\u043a \u043e\u0431\u0440\u0430\u0431\u043e\u0442\u043a\u0438 \u0438 [&hellip;]<\/p>\n","protected":false},"author":1,"featured_media":0,"parent":0,"menu_order":83,"comment_status":"open","ping_status":"open","template":"","meta":{"_acf_changed":false,"footnotes":""},"class_list":["post-540","page","type-page","status-publish","hentry"],"acf":[],"yoast_head":"<!-- This site is optimized with the Yoast SEO plugin v27.1.1 - https:\/\/yoast.com\/product\/yoast-seo-wordpress\/ -->\n<title>\u0414\u043e\u043a\u0443\u043c\u0435\u043d\u0442\u044b - \u0422\u0430\u043b\u043b\u0438\u043d\u043d\u0441\u043a\u0430\u044f \u041c\u0443\u0441\u0442\u0430\u043c\u044f\u044d\u0441\u043a\u0430\u044f \u0420\u0435\u0430\u043b\u044c\u043d\u0430\u044f \u0433\u0438\u043c\u043d\u0430\u0437\u0438\u044f<\/title>\n<meta name=\"robots\" content=\"index, follow, max-snippet:-1, max-image-preview:large, max-video-preview:-1\" \/>\n<link rel=\"canonical\" href=\"https:\/\/tmrg.ee\/ru\/\u0434\u043e\u043a\u0443\u043c\u0435\u043d\u0442\u044b\/\" \/>\n<meta property=\"og:locale\" content=\"ru_RU\" \/>\n<meta property=\"og:type\" content=\"article\" \/>\n<meta property=\"og:title\" content=\"\u0414\u043e\u043a\u0443\u043c\u0435\u043d\u0442\u044b - \u0422\u0430\u043b\u043b\u0438\u043d\u043d\u0441\u043a\u0430\u044f \u041c\u0443\u0441\u0442\u0430\u043c\u044f\u044d\u0441\u043a\u0430\u044f \u0420\u0435\u0430\u043b\u044c\u043d\u0430\u044f \u0433\u0438\u043c\u043d\u0430\u0437\u0438\u044f\" \/>\n<meta property=\"og:description\" content=\"Tallinna Mustam\u00e4e Reaalg\u00fcmnaasiumi p\u00f5him\u00e4\u00e4rus \u041f\u0440\u043e\u0433\u0440\u0430\u043c\u043c\u0430 \u0440\u0430\u0437\u0432\u0438\u0442\u0438\u044f \u0423\u0441\u0442\u0430\u0432 \u0423\u0447\u0435\u043d\u0438\u0447\u0435\u0441\u043a\u043e\u0433\u043e \u041f\u0440\u0435\u0434\u0441\u0442\u0430\u0432\u0438\u0442\u0435\u043b\u044c\u0441\u0442\u0432\u0430 \u041f\u043e\u0440\u044f\u0434\u043e\u043a \u043d\u0430\u0447\u0438\u0441\u043b\u0435\u043d\u0438\u044f \u0437\u0430\u0440\u043f\u043b\u0430\u0442\u044b \u041e\u0442\u0447\u0435\u0442 \u043e \u0432\u043d\u0443\u0442\u0440\u0435\u043d\u043d\u0435\u043c \u043e\u0446\u0435\u043d\u0438\u0432\u0430\u043d\u0438\u0438 \u0420\u0435\u0433\u0438\u0441\u0442\u0440 \u0434\u043e\u043a\u0443\u043c\u0435\u043d\u0442\u043e\u0432 \u0412\u043d\u0443\u0442\u0440\u0435\u043d\u043d\u0438\u0439 \u0440\u0430\u0441\u043f\u043e\u0440\u044f\u0434\u043e\u043a \u0433\u0438\u043c\u043d\u0430\u0437\u0438\u0438 \u041f\u043e\u0440\u044f\u0434\u043e\u043a \u0434\u0435\u043b\u043e\u043f\u0440\u043e\u0438\u0437\u0432\u043e\u0434\u0441\u0442\u0432\u0430 \u0432 \u0422\u0430\u043b\u043b\u0438\u043d\u043d\u0441\u043a\u043e\u0439 \u041c\u0443\u0441\u0442\u0430\u043c\u044f\u044d\u0441\u043a\u043e\u0439 \u0440\u0435\u0430\u043b\u044c\u043d\u043e\u0439 \u0433\u0438\u043c\u043d\u0430\u0437\u0438\u0438 \u041f\u043e\u0440\u044f\u0434\u043e\u043a \u043f\u043e\u043e\u0449\u0440\u0435\u043d\u0438\u044f \u0432 \u0422\u041c\u0420\u0413 \u041f\u0435\u0440\u0435\u0447\u0435\u043d\u044c \u0434\u043e\u043a\u0443\u043c\u0435\u043d\u0442\u043e\u0432 \u041e\u0442\u043a\u0440\u044b\u0442\u0430\u044f \u0438\u043d\u0444\u043e\u0440\u043c\u0430\u0446\u0438\u044f \u041f\u0440\u0435\u0434\u043f\u0438\u0441\u0430\u043d\u0438\u044f \u0433\u043e\u0441\u043a\u043e\u043d\u0442\u0440\u043e\u043b\u044f Tallinna hankekord Tallinna Mustam\u00e4e Reaalg\u00fcmnaasiumi 2026.a hankeplaan \u041f\u043e\u0440\u044f\u0434\u043e\u043a \u043f\u0440\u043e\u0432\u0435\u0434\u0435\u043d\u0438\u044f \u0440\u0430\u0437\u0432\u0438\u0432\u0430\u044e\u0449\u0438\u0445 \u0431\u0435\u0441\u0435\u0434 \u0417\u0430\u0449\u0438\u0442\u0430 \u043b\u0438\u0447\u043d\u044b\u0445 \u0434\u0430\u043d\u043d\u044b\u0445 \u041f\u043e\u0440\u044f\u0434\u043e\u043a \u043e\u0431\u0440\u0430\u0431\u043e\u0442\u043a\u0438 \u0438 [&hellip;]\" \/>\n<meta property=\"og:url\" content=\"https:\/\/tmrg.ee\/ru\/\u0434\u043e\u043a\u0443\u043c\u0435\u043d\u0442\u044b\/\" \/>\n<meta property=\"og:site_name\" content=\"\u0422\u0430\u043b\u043b\u0438\u043d\u043d\u0441\u043a\u0430\u044f \u041c\u0443\u0441\u0442\u0430\u043c\u044f\u044d\u0441\u043a\u0430\u044f \u0420\u0435\u0430\u043b\u044c\u043d\u0430\u044f \u0433\u0438\u043c\u043d\u0430\u0437\u0438\u044f\" \/>\n<meta property=\"article:modified_time\" content=\"2026-02-17T07:22:28+00:00\" \/>\n<meta name=\"twitter:card\" content=\"summary_large_image\" \/>\n<meta name=\"twitter:label1\" content=\"\u041f\u0440\u0438\u043c\u0435\u0440\u043d\u043e\u0435 \u0432\u0440\u0435\u043c\u044f \u0434\u043b\u044f \u0447\u0442\u0435\u043d\u0438\u044f\" \/>\n\t<meta name=\"twitter:data1\" content=\"1 \u043c\u0438\u043d\u0443\u0442\u0430\" \/>\n<script type=\"application\/ld+json\" class=\"yoast-schema-graph\">{\"@context\":\"https:\/\/schema.org\",\"@graph\":[{\"@type\":\"WebPage\",\"@id\":\"https:\/\/tmrg.ee\/ru\/%d0%b4%d0%be%d0%ba%d1%83%d0%bc%d0%b5%d0%bd%d1%82%d1%8b\/\",\"url\":\"https:\/\/tmrg.ee\/ru\/%d0%b4%d0%be%d0%ba%d1%83%d0%bc%d0%b5%d0%bd%d1%82%d1%8b\/\",\"name\":\"\u0414\u043e\u043a\u0443\u043c\u0435\u043d\u0442\u044b - \u0422\u0430\u043b\u043b\u0438\u043d\u043d\u0441\u043a\u0430\u044f \u041c\u0443\u0441\u0442\u0430\u043c\u044f\u044d\u0441\u043a\u0430\u044f \u0420\u0435\u0430\u043b\u044c\u043d\u0430\u044f \u0433\u0438\u043c\u043d\u0430\u0437\u0438\u044f\",\"isPartOf\":{\"@id\":\"https:\/\/tmrg.ee\/ru\/#website\"},\"datePublished\":\"2011-11-06T22:02:42+00:00\",\"dateModified\":\"2026-02-17T07:22:28+00:00\",\"breadcrumb\":{\"@id\":\"https:\/\/tmrg.ee\/ru\/%d0%b4%d0%be%d0%ba%d1%83%d0%bc%d0%b5%d0%bd%d1%82%d1%8b\/#breadcrumb\"},\"inLanguage\":\"ru-RU\",\"potentialAction\":[{\"@type\":\"ReadAction\",\"target\":[\"https:\/\/tmrg.ee\/ru\/%d0%b4%d0%be%d0%ba%d1%83%d0%bc%d0%b5%d0%bd%d1%82%d1%8b\/\"]}]},{\"@type\":\"BreadcrumbList\",\"@id\":\"https:\/\/tmrg.ee\/ru\/%d0%b4%d0%be%d0%ba%d1%83%d0%bc%d0%b5%d0%bd%d1%82%d1%8b\/#breadcrumb\",\"itemListElement\":[{\"@type\":\"ListItem\",\"position\":1,\"name\":\"Home\",\"item\":\"https:\/\/tmrg.ee\/ru\/\"},{\"@type\":\"ListItem\",\"position\":2,\"name\":\"\u0414\u043e\u043a\u0443\u043c\u0435\u043d\u0442\u044b\"}]},{\"@type\":\"WebSite\",\"@id\":\"https:\/\/tmrg.ee\/ru\/#website\",\"url\":\"https:\/\/tmrg.ee\/ru\/\",\"name\":\"\u0422\u0430\u043b\u043b\u0438\u043d\u043d\u0441\u043a\u0430\u044f \u041c\u0443\u0441\u0442\u0430\u043c\u044f\u044d\u0441\u043a\u0430\u044f \u0420\u0435\u0430\u043b\u044c\u043d\u0430\u044f \u0433\u0438\u043c\u043d\u0430\u0437\u0438\u044f\",\"description\":\"\",\"publisher\":{\"@id\":\"https:\/\/tmrg.ee\/ru\/#organization\"},\"potentialAction\":[{\"@type\":\"SearchAction\",\"target\":{\"@type\":\"EntryPoint\",\"urlTemplate\":\"https:\/\/tmrg.ee\/ru\/?s={search_term_string}\"},\"query-input\":{\"@type\":\"PropertyValueSpecification\",\"valueRequired\":true,\"valueName\":\"search_term_string\"}}],\"inLanguage\":\"ru-RU\"},{\"@type\":\"Organization\",\"@id\":\"https:\/\/tmrg.ee\/ru\/#organization\",\"name\":\"\u0422\u0430\u043b\u043b\u0438\u043d\u043d\u0441\u043a\u0430\u044f \u041c\u0443\u0441\u0442\u0430\u043c\u044f\u044d\u0441\u043a\u0430\u044f \u0420\u0435\u0430\u043b\u044c\u043d\u0430\u044f \u0433\u0438\u043c\u043d\u0430\u0437\u0438\u044f\",\"url\":\"https:\/\/tmrg.ee\/ru\/\",\"logo\":{\"@type\":\"ImageObject\",\"inLanguage\":\"ru-RU\",\"@id\":\"https:\/\/tmrg.ee\/ru\/#\/schema\/logo\/image\/\",\"url\":\"https:\/\/tmrg.ee\/ru\/wp-content\/uploads\/sites\/2\/2022\/07\/3E15D8E3-B449-47D9-B8F2-564E238EF8DB.png\",\"contentUrl\":\"https:\/\/tmrg.ee\/ru\/wp-content\/uploads\/sites\/2\/2022\/07\/3E15D8E3-B449-47D9-B8F2-564E238EF8DB.png\",\"width\":423,\"height\":423,\"caption\":\"\u0422\u0430\u043b\u043b\u0438\u043d\u043d\u0441\u043a\u0430\u044f \u041c\u0443\u0441\u0442\u0430\u043c\u044f\u044d\u0441\u043a\u0430\u044f \u0420\u0435\u0430\u043b\u044c\u043d\u0430\u044f \u0433\u0438\u043c\u043d\u0430\u0437\u0438\u044f\"},\"image\":{\"@id\":\"https:\/\/tmrg.ee\/ru\/#\/schema\/logo\/image\/\"}}]}<\/script>\n<!-- \/ Yoast SEO plugin. -->","yoast_head_json":{"title":"\u0414\u043e\u043a\u0443\u043c\u0435\u043d\u0442\u044b - \u0422\u0430\u043b\u043b\u0438\u043d\u043d\u0441\u043a\u0430\u044f \u041c\u0443\u0441\u0442\u0430\u043c\u044f\u044d\u0441\u043a\u0430\u044f \u0420\u0435\u0430\u043b\u044c\u043d\u0430\u044f \u0433\u0438\u043c\u043d\u0430\u0437\u0438\u044f","robots":{"index":"index","follow":"follow","max-snippet":"max-snippet:-1","max-image-preview":"max-image-preview:large","max-video-preview":"max-video-preview:-1"},"canonical":"https:\/\/tmrg.ee\/ru\/\u0434\u043e\u043a\u0443\u043c\u0435\u043d\u0442\u044b\/","og_locale":"ru_RU","og_type":"article","og_title":"\u0414\u043e\u043a\u0443\u043c\u0435\u043d\u0442\u044b - \u0422\u0430\u043b\u043b\u0438\u043d\u043d\u0441\u043a\u0430\u044f \u041c\u0443\u0441\u0442\u0430\u043c\u044f\u044d\u0441\u043a\u0430\u044f \u0420\u0435\u0430\u043b\u044c\u043d\u0430\u044f \u0433\u0438\u043c\u043d\u0430\u0437\u0438\u044f","og_description":"Tallinna Mustam\u00e4e Reaalg\u00fcmnaasiumi p\u00f5him\u00e4\u00e4rus \u041f\u0440\u043e\u0433\u0440\u0430\u043c\u043c\u0430 \u0440\u0430\u0437\u0432\u0438\u0442\u0438\u044f \u0423\u0441\u0442\u0430\u0432 \u0423\u0447\u0435\u043d\u0438\u0447\u0435\u0441\u043a\u043e\u0433\u043e \u041f\u0440\u0435\u0434\u0441\u0442\u0430\u0432\u0438\u0442\u0435\u043b\u044c\u0441\u0442\u0432\u0430 \u041f\u043e\u0440\u044f\u0434\u043e\u043a \u043d\u0430\u0447\u0438\u0441\u043b\u0435\u043d\u0438\u044f \u0437\u0430\u0440\u043f\u043b\u0430\u0442\u044b \u041e\u0442\u0447\u0435\u0442 \u043e \u0432\u043d\u0443\u0442\u0440\u0435\u043d\u043d\u0435\u043c \u043e\u0446\u0435\u043d\u0438\u0432\u0430\u043d\u0438\u0438 \u0420\u0435\u0433\u0438\u0441\u0442\u0440 \u0434\u043e\u043a\u0443\u043c\u0435\u043d\u0442\u043e\u0432 \u0412\u043d\u0443\u0442\u0440\u0435\u043d\u043d\u0438\u0439 \u0440\u0430\u0441\u043f\u043e\u0440\u044f\u0434\u043e\u043a \u0433\u0438\u043c\u043d\u0430\u0437\u0438\u0438 \u041f\u043e\u0440\u044f\u0434\u043e\u043a \u0434\u0435\u043b\u043e\u043f\u0440\u043e\u0438\u0437\u0432\u043e\u0434\u0441\u0442\u0432\u0430 \u0432 \u0422\u0430\u043b\u043b\u0438\u043d\u043d\u0441\u043a\u043e\u0439 \u041c\u0443\u0441\u0442\u0430\u043c\u044f\u044d\u0441\u043a\u043e\u0439 \u0440\u0435\u0430\u043b\u044c\u043d\u043e\u0439 \u0433\u0438\u043c\u043d\u0430\u0437\u0438\u0438 \u041f\u043e\u0440\u044f\u0434\u043e\u043a \u043f\u043e\u043e\u0449\u0440\u0435\u043d\u0438\u044f \u0432 \u0422\u041c\u0420\u0413 \u041f\u0435\u0440\u0435\u0447\u0435\u043d\u044c \u0434\u043e\u043a\u0443\u043c\u0435\u043d\u0442\u043e\u0432 \u041e\u0442\u043a\u0440\u044b\u0442\u0430\u044f \u0438\u043d\u0444\u043e\u0440\u043c\u0430\u0446\u0438\u044f \u041f\u0440\u0435\u0434\u043f\u0438\u0441\u0430\u043d\u0438\u044f \u0433\u043e\u0441\u043a\u043e\u043d\u0442\u0440\u043e\u043b\u044f Tallinna hankekord Tallinna Mustam\u00e4e Reaalg\u00fcmnaasiumi 2026.a hankeplaan \u041f\u043e\u0440\u044f\u0434\u043e\u043a \u043f\u0440\u043e\u0432\u0435\u0434\u0435\u043d\u0438\u044f \u0440\u0430\u0437\u0432\u0438\u0432\u0430\u044e\u0449\u0438\u0445 \u0431\u0435\u0441\u0435\u0434 \u0417\u0430\u0449\u0438\u0442\u0430 \u043b\u0438\u0447\u043d\u044b\u0445 \u0434\u0430\u043d\u043d\u044b\u0445 \u041f\u043e\u0440\u044f\u0434\u043e\u043a \u043e\u0431\u0440\u0430\u0431\u043e\u0442\u043a\u0438 \u0438 [&hellip;]","og_url":"https:\/\/tmrg.ee\/ru\/\u0434\u043e\u043a\u0443\u043c\u0435\u043d\u0442\u044b\/","og_site_name":"\u0422\u0430\u043b\u043b\u0438\u043d\u043d\u0441\u043a\u0430\u044f \u041c\u0443\u0441\u0442\u0430\u043c\u044f\u044d\u0441\u043a\u0430\u044f \u0420\u0435\u0430\u043b\u044c\u043d\u0430\u044f \u0433\u0438\u043c\u043d\u0430\u0437\u0438\u044f","article_modified_time":"2026-02-17T07:22:28+00:00","twitter_card":"summary_large_image","twitter_misc":{"\u041f\u0440\u0438\u043c\u0435\u0440\u043d\u043e\u0435 \u0432\u0440\u0435\u043c\u044f \u0434\u043b\u044f \u0447\u0442\u0435\u043d\u0438\u044f":"1 \u043c\u0438\u043d\u0443\u0442\u0430"},"schema":{"@context":"https:\/\/schema.org","@graph":[{"@type":"WebPage","@id":"https:\/\/tmrg.ee\/ru\/%d0%b4%d0%be%d0%ba%d1%83%d0%bc%d0%b5%d0%bd%d1%82%d1%8b\/","url":"https:\/\/tmrg.ee\/ru\/%d0%b4%d0%be%d0%ba%d1%83%d0%bc%d0%b5%d0%bd%d1%82%d1%8b\/","name":"\u0414\u043e\u043a\u0443\u043c\u0435\u043d\u0442\u044b - \u0422\u0430\u043b\u043b\u0438\u043d\u043d\u0441\u043a\u0430\u044f \u041c\u0443\u0441\u0442\u0430\u043c\u044f\u044d\u0441\u043a\u0430\u044f \u0420\u0435\u0430\u043b\u044c\u043d\u0430\u044f \u0433\u0438\u043c\u043d\u0430\u0437\u0438\u044f","isPartOf":{"@id":"https:\/\/tmrg.ee\/ru\/#website"},"datePublished":"2011-11-06T22:02:42+00:00","dateModified":"2026-02-17T07:22:28+00:00","breadcrumb":{"@id":"https:\/\/tmrg.ee\/ru\/%d0%b4%d0%be%d0%ba%d1%83%d0%bc%d0%b5%d0%bd%d1%82%d1%8b\/#breadcrumb"},"inLanguage":"ru-RU","potentialAction":[{"@type":"ReadAction","target":["https:\/\/tmrg.ee\/ru\/%d0%b4%d0%be%d0%ba%d1%83%d0%bc%d0%b5%d0%bd%d1%82%d1%8b\/"]}]},{"@type":"BreadcrumbList","@id":"https:\/\/tmrg.ee\/ru\/%d0%b4%d0%be%d0%ba%d1%83%d0%bc%d0%b5%d0%bd%d1%82%d1%8b\/#breadcrumb","itemListElement":[{"@type":"ListItem","position":1,"name":"Home","item":"https:\/\/tmrg.ee\/ru\/"},{"@type":"ListItem","position":2,"name":"\u0414\u043e\u043a\u0443\u043c\u0435\u043d\u0442\u044b"}]},{"@type":"WebSite","@id":"https:\/\/tmrg.ee\/ru\/#website","url":"https:\/\/tmrg.ee\/ru\/","name":"\u0422\u0430\u043b\u043b\u0438\u043d\u043d\u0441\u043a\u0430\u044f \u041c\u0443\u0441\u0442\u0430\u043c\u044f\u044d\u0441\u043a\u0430\u044f \u0420\u0435\u0430\u043b\u044c\u043d\u0430\u044f \u0433\u0438\u043c\u043d\u0430\u0437\u0438\u044f","description":"","publisher":{"@id":"https:\/\/tmrg.ee\/ru\/#organization"},"potentialAction":[{"@type":"SearchAction","target":{"@type":"EntryPoint","urlTemplate":"https:\/\/tmrg.ee\/ru\/?s={search_term_string}"},"query-input":{"@type":"PropertyValueSpecification","valueRequired":true,"valueName":"search_term_string"}}],"inLanguage":"ru-RU"},{"@type":"Organization","@id":"https:\/\/tmrg.ee\/ru\/#organization","name":"\u0422\u0430\u043b\u043b\u0438\u043d\u043d\u0441\u043a\u0430\u044f \u041c\u0443\u0441\u0442\u0430\u043c\u044f\u044d\u0441\u043a\u0430\u044f \u0420\u0435\u0430\u043b\u044c\u043d\u0430\u044f \u0433\u0438\u043c\u043d\u0430\u0437\u0438\u044f","url":"https:\/\/tmrg.ee\/ru\/","logo":{"@type":"ImageObject","inLanguage":"ru-RU","@id":"https:\/\/tmrg.ee\/ru\/#\/schema\/logo\/image\/","url":"https:\/\/tmrg.ee\/ru\/wp-content\/uploads\/sites\/2\/2022\/07\/3E15D8E3-B449-47D9-B8F2-564E238EF8DB.png","contentUrl":"https:\/\/tmrg.ee\/ru\/wp-content\/uploads\/sites\/2\/2022\/07\/3E15D8E3-B449-47D9-B8F2-564E238EF8DB.png","width":423,"height":423,"caption":"\u0422\u0430\u043b\u043b\u0438\u043d\u043d\u0441\u043a\u0430\u044f \u041c\u0443\u0441\u0442\u0430\u043c\u044f\u044d\u0441\u043a\u0430\u044f \u0420\u0435\u0430\u043b\u044c\u043d\u0430\u044f \u0433\u0438\u043c\u043d\u0430\u0437\u0438\u044f"},"image":{"@id":"https:\/\/tmrg.ee\/ru\/#\/schema\/logo\/image\/"}}]}},"_links":{"self":[{"href":"https:\/\/tmrg.ee\/ru\/wp-json\/wp\/v2\/pages\/540","targetHints":{"allow":["GET"]}}],"collection":[{"href":"https:\/\/tmrg.ee\/ru\/wp-json\/wp\/v2\/pages"}],"about":[{"href":"https:\/\/tmrg.ee\/ru\/wp-json\/wp\/v2\/types\/page"}],"author":[{"embeddable":true,"href":"https:\/\/tmrg.ee\/ru\/wp-json\/wp\/v2\/users\/1"}],"replies":[{"embeddable":true,"href":"https:\/\/tmrg.ee\/ru\/wp-json\/wp\/v2\/comments?post=540"}],"version-history":[{"count":27,"href":"https:\/\/tmrg.ee\/ru\/wp-json\/wp\/v2\/pages\/540\/revisions"}],"predecessor-version":[{"id":12996,"href":"https:\/\/tmrg.ee\/ru\/wp-json\/wp\/v2\/pages\/540\/revisions\/12996"}],"wp:attachment":[{"href":"https:\/\/tmrg.ee\/ru\/wp-json\/wp\/v2\/media?parent=540"}],"curies":[{"name":"wp","href":"https:\/\/api.w.org\/{rel}","templated":true}]}}