{"id":518,"date":"2011-11-06T18:02:06","date_gmt":"2011-11-06T18:02:06","guid":{"rendered":"https:\/\/tmrg.ee\/ru\/uncategorized\/%d0%bf%d0%be%d0%bf%d0%b5%d1%87%d0%b8%d1%82%d0%b5%d0%bb%d1%8c%d1%81%d0%ba%d0%b8%d0%b9-%d1%81%d0%be%d0%b2%d0%b5%d1%82\/"},"modified":"2026-02-25T09:49:51","modified_gmt":"2026-02-25T07:49:51","slug":"%d0%bf%d0%be%d0%bf%d0%b5%d1%87%d0%b8%d1%82%d0%b5%d0%bb%d1%8c%d1%81%d0%ba%d0%b8%d0%b9-%d1%81%d0%be%d0%b2%d0%b5%d1%82","status":"publish","type":"page","link":"https:\/\/tmrg.ee\/ru\/%d0%bf%d0%be%d0%bf%d0%b5%d1%87%d0%b8%d1%82%d0%b5%d0%bb%d1%8c%d1%81%d0%ba%d0%b8%d0%b9-%d1%81%d0%be%d0%b2%d0%b5%d1%82\/","title":{"rendered":"\u041f\u043e\u043f\u0435\u0447\u0438\u0442\u0435\u043b\u044c\u0441\u043a\u0438\u0439 \u0441\u043e\u0432\u0435\u0442"},"content":{"rendered":"<table id=\"juhtkond\" style=\"width: 41.9135%; height: 288px;\" border=\"0\" cellspacing=\"0\" cellpadding=\"2\">\n<tbody>\n<tr style=\"height: 48px;\">\n<td style=\"height: 48px; width: 43.787%;\">\u041f\u043e\u043f\u0435\u0447\u0438\u0442\u0435\u043b\u044c\u0441\u043a\u0438\u0439 \u0441\u043e\u0432\u0435\u0442<\/td>\n<td style=\"height: 48px; width: 99.5362%;\">e-mail: <a href=\"mailto:hoolekogu@mreal.ee\">hoolekogu@mreal.ee<\/a><\/td>\n<\/tr>\n<tr style=\"height: 24px;\">\n<td style=\"height: 24px; width: 43.787%;\">\u00a0<\/td>\n<td style=\"height: 24px; width: 99.5362%;\">\u00a0<\/td>\n<\/tr>\n<tr style=\"height: 24px;\">\n<td style=\"height: 24px; width: 43.787%;\">Julia Telitsa<\/td>\n<td style=\"height: 24px; width: 99.5362%;\">esinaine<\/td>\n<\/tr>\n<tr style=\"height: 24px;\">\n<td style=\"height: 24px; width: 43.787%;\">Maria Tulbina<\/td>\n<td style=\"height: 24px; width: 99.5362%;\">aseesinaine<\/td>\n<\/tr>\n<tr style=\"height: 24px;\">\n<td style=\"height: 24px; width: 43.787%;\">Darja Priss<\/td>\n<td style=\"height: 24px; width: 99.5362%;\">lapsevanem<\/td>\n<\/tr>\n<tr style=\"height: 24px;\">\n<td style=\"height: 24px; width: 43.787%;\">Ilona Vinokurova<\/td>\n<td style=\"height: 24px; width: 99.5362%;\">lapsevanem<\/td>\n<\/tr>\n<tr style=\"height: 24px;\">\n<td style=\"height: 24px; width: 43.787%;\">Olga Arsenyev<\/td>\n<td style=\"height: 24px; width: 99.5362%;\">lapsevanem<\/td>\n<\/tr>\n<tr style=\"height: 24px;\">\n<td style=\"height: 24px; width: 43.787%;\">Anna Nechaeva<\/td>\n<td style=\"height: 24px; width: 99.5362%;\">\u00f5petajate esindaja<\/td>\n<\/tr>\n<tr style=\"height: 24px;\">\n<td style=\"height: 24px; width: 43.787%;\">Viktoria Shapovalova<\/td>\n<td style=\"height: 24px; width: 99.5362%;\">\u00f5petajate esindaja<\/td>\n<\/tr>\n<tr style=\"height: 24px;\">\n<td style=\"height: 24px; width: 43.787%;\">Tamara Zimareva<\/td>\n<td style=\"height: 24px; width: 99.5362%;\">\u00f5pilaste esindaja<\/td>\n<\/tr>\n<tr style=\"height: 24px;\">\n<td style=\"height: 24px; width: 43.787%;\">Igor Kravt\u0161enko<\/td>\n<td style=\"height: 24px; width: 99.5362%;\">linna esindaja<\/td>\n<\/tr>\n<\/tbody>\n<\/table>\n<p><em><br \/>\nTallinna Mustam\u00e4e Reaalg\u00fcmnaasiumi hoolekogu (kinnitatud Tallinna Haridusameti juhataja 05.01.2026.a k\u00e4skkirjaga nr T-7-1\/26\/3)<\/em><\/p>\n<p><em>\u00a0<\/em><\/p>\n<p><em><a href=\"https:\/\/www.riigiteataja.ee\/akt\/113032019120#para73\" target=\"_blank\" rel=\"noopener\">P\u00f5hikooli- ja g\u00fcmnaasiumiseadus \u00a773<\/a><\/em><\/p>\n<p><a href=\"https:\/\/teele.tallinn.ee\/documents\/23291\/view#preview\" target=\"_blank\" rel=\"noopener\">Tallinna munitsipaal\u00fcldhariduskooli hoolekogu moodustamise kord ja selle t\u00f6\u00f6kord<\/a><\/p>\n<p><a href=\"https:\/\/tmrg.ee\/ru\/wp-content\/uploads\/sites\/2\/2026\/02\/TMRG-hoolekogu-protokoll-2026-003.pdf\" target=\"_blank\" rel=\"noopener\">Protokoll (24.02.2026)<\/a><\/p>\n<p><a href=\"https:\/\/tmrg.ee\/ru\/wp-content\/uploads\/sites\/2\/2026\/01\/TMRG-hoolekogu-protokoll-2026-20.01.2026.pdf\" target=\"_blank\" rel=\"noopener\">Protokoll (20.01.2026)<\/a><\/p>\n<p><a href=\"https:\/\/tmrg.ee\/ru\/wp-content\/uploads\/sites\/2\/2026\/01\/TMRG-hoolekogu-protokoll-2025-22.08.2025.pdf\" target=\"_blank\" rel=\"noopener\">Protokoll (22.08.2025)<\/a><\/p>\n<p><a href=\"https:\/\/tmrg.ee\/ru\/wp-content\/uploads\/sites\/2\/2025\/02\/TMRG-Hoolekogu-protokoll-26.02.2025.pdf\" target=\"_blank\" rel=\"noopener\">Protokoll (26.02.2025)<\/a><\/p>\n<p><a href=\"https:\/\/tmrg.ee\/ru\/wp-content\/uploads\/sites\/2\/2025\/03\/TMRG-hoolekogu-protokoll-2024-17.12.2024.pdf\" target=\"_blank\" rel=\"noopener\">Protokoll (17.12.2024)<\/a><\/p>\n<p><a href=\"https:\/\/tmrg.ee\/ru\/wp-content\/uploads\/sites\/2\/2024\/08\/TMRG-hoolekogu-protokoll-4-august-2024.pdf\" target=\"_blank\" rel=\"noopener\">Protokoll (28.08.2024)<\/a><\/p>\n<p><a href=\"https:\/\/tmrg.ee\/ru\/wp-content\/uploads\/sites\/2\/2024\/05\/TMRG-hoolekogu-protokoll-3-mai_1.pdf\" target=\"_blank\" rel=\"noopener\">Protokoll (24.05.2024)<\/a><\/p>\n<p><a href=\"https:\/\/tmrg.ee\/wp-content\/uploads\/2024\/02\/TMRG-hoolekogu-protokoll-2-veebruar-2024.pdf\" target=\"_blank\" rel=\"noopener\">Protokoll (08.02.2024)<\/a><\/p>\n<p><a href=\"https:\/\/tmrg.ee\/ru\/wp-content\/uploads\/sites\/2\/2023\/11\/TMRG-hoolekogu-protokoll-nr-1_-2023-_1_.pdf\" target=\"_blank\" rel=\"noopener\">Protokoll (08.11.2023)<\/a><\/p>\n<p><a href=\"https:\/\/tmrg.ee\/ru\/wp-content\/uploads\/sites\/2\/2023\/08\/TMRG-hoolekogu-protokoll-august-2023.docx.pdf\" target=\"_blank\" rel=\"noopener\">Protokoll (28.08.2023)<\/a><\/p>\n<p><a href=\"https:\/\/tmrg.ee\/ru\/wp-content\/uploads\/sites\/2\/2023\/04\/TMRG-hoolekogu-protokoll-aprill-2023.pdf\" target=\"_blank\" rel=\"noopener\">Protokoll nr.2 (18.04.2023)<\/a><\/p>\n<p><a href=\"https:\/\/tmrg.ee\/ru\/wp-content\/uploads\/sites\/2\/2023\/01\/TMRG-hoolekogu-protokoll-nr-1_-2023.pdf\" target=\"_blank\" rel=\"noopener\">Protokoll nr.1 (09.01.2023)<\/a><\/p>\n<p><a href=\"https:\/\/tmrg.ee\/ru\/wp-content\/uploads\/sites\/2\/2022\/06\/TMRG-hoolekogu-protokoll-nr-2-2022.pdf\" target=\"_blank\" rel=\"noopener\">Protokoll nr.2 (10.06.2022)<\/a><\/p>\n<p><a href=\"https:\/\/tmrg.ee\/ru\/wp-content\/uploads\/sites\/2\/2022\/06\/TMRG-hoolekogu-protokoll-nr-1-2021.pdf\" target=\"_blank\" rel=\"noopener\">Protokoll nr.1 (16.12.2021)<\/a><\/p>\n<p><a href=\"https:\/\/tmrg.ee\/ru\/wp-content\/uploads\/sites\/2\/2011\/11\/TMRG-hoolekogu-protokoll-nr-4-20211.pdf\" target=\"_blank\" rel=\"noopener\">Protokoll nr.4 (14.06.2021)<\/a><\/p>\n<p><a href=\"https:\/\/tmrg.ee\/ru\/wp-content\/uploads\/sites\/2\/2011\/11\/TMRG-hoolekogu-protokoll-nr-2-2021.pdf\" target=\"_blank\" rel=\"noopener\">Protokoll nr.2 (21.01.2021)<\/a><\/p>\n<p><a href=\"https:\/\/tmrg.ee\/ru\/wp-content\/uploads\/sites\/2\/2011\/11\/TMRG-hoolekogu-protokoll-nr-1-07.12.2020.pdf\">Protokoll nr.1 (07.12.2020)<\/a><\/p>\n<p><a href=\"https:\/\/tmrg.ee\/ru\/wp-content\/uploads\/sites\/2\/2011\/11\/TMRG-hoolekogu-protokoll-nr-2_2020.pdf\">Protokoll nr.2 (14.09.2020)<\/a><\/p>\n<p><a href=\"https:\/\/tmrg.ee\/ru\/wp-content\/uploads\/sites\/2\/2011\/11\/TMRG-hoolekogu-protokoll-nr-1_2020.pdf\">Protokoll nr.1 (04.03.2020)<\/a><\/p>\n","protected":false},"excerpt":{"rendered":"<p>\u041f\u043e\u043f\u0435\u0447\u0438\u0442\u0435\u043b\u044c\u0441\u043a\u0438\u0439 \u0441\u043e\u0432\u0435\u0442 e-mail: hoolekogu@mreal.ee \u00a0 \u00a0 Julia Telitsa esinaine Maria Tulbina aseesinaine Darja Priss lapsevanem Ilona Vinokurova lapsevanem Olga Arsenyev lapsevanem Anna Nechaeva \u00f5petajate esindaja Viktoria Shapovalova \u00f5petajate esindaja Tamara Zimareva \u00f5pilaste esindaja Igor Kravt\u0161enko linna esindaja Tallinna Mustam\u00e4e Reaalg\u00fcmnaasiumi hoolekogu (kinnitatud Tallinna Haridusameti juhataja 05.01.2026.a k\u00e4skkirjaga nr T-7-1\/26\/3) \u00a0 P\u00f5hikooli- ja g\u00fcmnaasiumiseadus \u00a773 Tallinna [&hellip;]<\/p>\n","protected":false},"author":1,"featured_media":0,"parent":0,"menu_order":86,"comment_status":"open","ping_status":"open","template":"","meta":{"_acf_changed":false,"footnotes":""},"class_list":["post-518","page","type-page","status-publish","hentry"],"acf":[],"yoast_head":"<!-- This site is optimized with the Yoast SEO plugin v27.1.1 - https:\/\/yoast.com\/product\/yoast-seo-wordpress\/ -->\n<title>\u041f\u043e\u043f\u0435\u0447\u0438\u0442\u0435\u043b\u044c\u0441\u043a\u0438\u0439 \u0441\u043e\u0432\u0435\u0442 - \u0422\u0430\u043b\u043b\u0438\u043d\u043d\u0441\u043a\u0430\u044f \u041c\u0443\u0441\u0442\u0430\u043c\u044f\u044d\u0441\u043a\u0430\u044f \u0420\u0435\u0430\u043b\u044c\u043d\u0430\u044f \u0433\u0438\u043c\u043d\u0430\u0437\u0438\u044f<\/title>\n<meta name=\"robots\" content=\"index, follow, max-snippet:-1, max-image-preview:large, max-video-preview:-1\" \/>\n<link rel=\"canonical\" href=\"https:\/\/tmrg.ee\/ru\/\u043f\u043e\u043f\u0435\u0447\u0438\u0442\u0435\u043b\u044c\u0441\u043a\u0438\u0439-\u0441\u043e\u0432\u0435\u0442\/\" \/>\n<meta property=\"og:locale\" content=\"ru_RU\" \/>\n<meta property=\"og:type\" content=\"article\" \/>\n<meta property=\"og:title\" content=\"\u041f\u043e\u043f\u0435\u0447\u0438\u0442\u0435\u043b\u044c\u0441\u043a\u0438\u0439 \u0441\u043e\u0432\u0435\u0442 - \u0422\u0430\u043b\u043b\u0438\u043d\u043d\u0441\u043a\u0430\u044f \u041c\u0443\u0441\u0442\u0430\u043c\u044f\u044d\u0441\u043a\u0430\u044f \u0420\u0435\u0430\u043b\u044c\u043d\u0430\u044f \u0433\u0438\u043c\u043d\u0430\u0437\u0438\u044f\" \/>\n<meta property=\"og:description\" content=\"\u041f\u043e\u043f\u0435\u0447\u0438\u0442\u0435\u043b\u044c\u0441\u043a\u0438\u0439 \u0441\u043e\u0432\u0435\u0442 e-mail: hoolekogu@mreal.ee \u00a0 \u00a0 Julia Telitsa esinaine Maria Tulbina aseesinaine Darja Priss lapsevanem Ilona Vinokurova lapsevanem Olga Arsenyev lapsevanem Anna Nechaeva \u00f5petajate esindaja Viktoria Shapovalova \u00f5petajate esindaja Tamara Zimareva \u00f5pilaste esindaja Igor Kravt\u0161enko linna esindaja Tallinna Mustam\u00e4e Reaalg\u00fcmnaasiumi hoolekogu (kinnitatud Tallinna Haridusameti juhataja 05.01.2026.a k\u00e4skkirjaga nr T-7-1\/26\/3) \u00a0 P\u00f5hikooli- ja g\u00fcmnaasiumiseadus \u00a773 Tallinna [&hellip;]\" \/>\n<meta property=\"og:url\" content=\"https:\/\/tmrg.ee\/ru\/\u043f\u043e\u043f\u0435\u0447\u0438\u0442\u0435\u043b\u044c\u0441\u043a\u0438\u0439-\u0441\u043e\u0432\u0435\u0442\/\" \/>\n<meta property=\"og:site_name\" content=\"\u0422\u0430\u043b\u043b\u0438\u043d\u043d\u0441\u043a\u0430\u044f \u041c\u0443\u0441\u0442\u0430\u043c\u044f\u044d\u0441\u043a\u0430\u044f \u0420\u0435\u0430\u043b\u044c\u043d\u0430\u044f \u0433\u0438\u043c\u043d\u0430\u0437\u0438\u044f\" \/>\n<meta property=\"article:modified_time\" content=\"2026-02-25T07:49:51+00:00\" \/>\n<meta name=\"twitter:card\" content=\"summary_large_image\" \/>\n<meta name=\"twitter:label1\" content=\"\u041f\u0440\u0438\u043c\u0435\u0440\u043d\u043e\u0435 \u0432\u0440\u0435\u043c\u044f \u0434\u043b\u044f \u0447\u0442\u0435\u043d\u0438\u044f\" \/>\n\t<meta name=\"twitter:data1\" content=\"1 \u043c\u0438\u043d\u0443\u0442\u0430\" \/>\n<script type=\"application\/ld+json\" class=\"yoast-schema-graph\">{\"@context\":\"https:\/\/schema.org\",\"@graph\":[{\"@type\":\"WebPage\",\"@id\":\"https:\/\/tmrg.ee\/ru\/%d0%bf%d0%be%d0%bf%d0%b5%d1%87%d0%b8%d1%82%d0%b5%d0%bb%d1%8c%d1%81%d0%ba%d0%b8%d0%b9-%d1%81%d0%be%d0%b2%d0%b5%d1%82\/\",\"url\":\"https:\/\/tmrg.ee\/ru\/%d0%bf%d0%be%d0%bf%d0%b5%d1%87%d0%b8%d1%82%d0%b5%d0%bb%d1%8c%d1%81%d0%ba%d0%b8%d0%b9-%d1%81%d0%be%d0%b2%d0%b5%d1%82\/\",\"name\":\"\u041f\u043e\u043f\u0435\u0447\u0438\u0442\u0435\u043b\u044c\u0441\u043a\u0438\u0439 \u0441\u043e\u0432\u0435\u0442 - \u0422\u0430\u043b\u043b\u0438\u043d\u043d\u0441\u043a\u0430\u044f \u041c\u0443\u0441\u0442\u0430\u043c\u044f\u044d\u0441\u043a\u0430\u044f \u0420\u0435\u0430\u043b\u044c\u043d\u0430\u044f \u0433\u0438\u043c\u043d\u0430\u0437\u0438\u044f\",\"isPartOf\":{\"@id\":\"https:\/\/tmrg.ee\/ru\/#website\"},\"datePublished\":\"2011-11-06T18:02:06+00:00\",\"dateModified\":\"2026-02-25T07:49:51+00:00\",\"breadcrumb\":{\"@id\":\"https:\/\/tmrg.ee\/ru\/%d0%bf%d0%be%d0%bf%d0%b5%d1%87%d0%b8%d1%82%d0%b5%d0%bb%d1%8c%d1%81%d0%ba%d0%b8%d0%b9-%d1%81%d0%be%d0%b2%d0%b5%d1%82\/#breadcrumb\"},\"inLanguage\":\"ru-RU\",\"potentialAction\":[{\"@type\":\"ReadAction\",\"target\":[\"https:\/\/tmrg.ee\/ru\/%d0%bf%d0%be%d0%bf%d0%b5%d1%87%d0%b8%d1%82%d0%b5%d0%bb%d1%8c%d1%81%d0%ba%d0%b8%d0%b9-%d1%81%d0%be%d0%b2%d0%b5%d1%82\/\"]}]},{\"@type\":\"BreadcrumbList\",\"@id\":\"https:\/\/tmrg.ee\/ru\/%d0%bf%d0%be%d0%bf%d0%b5%d1%87%d0%b8%d1%82%d0%b5%d0%bb%d1%8c%d1%81%d0%ba%d0%b8%d0%b9-%d1%81%d0%be%d0%b2%d0%b5%d1%82\/#breadcrumb\",\"itemListElement\":[{\"@type\":\"ListItem\",\"position\":1,\"name\":\"Home\",\"item\":\"https:\/\/tmrg.ee\/ru\/\"},{\"@type\":\"ListItem\",\"position\":2,\"name\":\"\u041f\u043e\u043f\u0435\u0447\u0438\u0442\u0435\u043b\u044c\u0441\u043a\u0438\u0439 \u0441\u043e\u0432\u0435\u0442\"}]},{\"@type\":\"WebSite\",\"@id\":\"https:\/\/tmrg.ee\/ru\/#website\",\"url\":\"https:\/\/tmrg.ee\/ru\/\",\"name\":\"\u0422\u0430\u043b\u043b\u0438\u043d\u043d\u0441\u043a\u0430\u044f \u041c\u0443\u0441\u0442\u0430\u043c\u044f\u044d\u0441\u043a\u0430\u044f \u0420\u0435\u0430\u043b\u044c\u043d\u0430\u044f \u0433\u0438\u043c\u043d\u0430\u0437\u0438\u044f\",\"description\":\"\",\"publisher\":{\"@id\":\"https:\/\/tmrg.ee\/ru\/#organization\"},\"potentialAction\":[{\"@type\":\"SearchAction\",\"target\":{\"@type\":\"EntryPoint\",\"urlTemplate\":\"https:\/\/tmrg.ee\/ru\/?s={search_term_string}\"},\"query-input\":{\"@type\":\"PropertyValueSpecification\",\"valueRequired\":true,\"valueName\":\"search_term_string\"}}],\"inLanguage\":\"ru-RU\"},{\"@type\":\"Organization\",\"@id\":\"https:\/\/tmrg.ee\/ru\/#organization\",\"name\":\"\u0422\u0430\u043b\u043b\u0438\u043d\u043d\u0441\u043a\u0430\u044f \u041c\u0443\u0441\u0442\u0430\u043c\u044f\u044d\u0441\u043a\u0430\u044f \u0420\u0435\u0430\u043b\u044c\u043d\u0430\u044f \u0433\u0438\u043c\u043d\u0430\u0437\u0438\u044f\",\"url\":\"https:\/\/tmrg.ee\/ru\/\",\"logo\":{\"@type\":\"ImageObject\",\"inLanguage\":\"ru-RU\",\"@id\":\"https:\/\/tmrg.ee\/ru\/#\/schema\/logo\/image\/\",\"url\":\"https:\/\/tmrg.ee\/ru\/wp-content\/uploads\/sites\/2\/2022\/07\/3E15D8E3-B449-47D9-B8F2-564E238EF8DB.png\",\"contentUrl\":\"https:\/\/tmrg.ee\/ru\/wp-content\/uploads\/sites\/2\/2022\/07\/3E15D8E3-B449-47D9-B8F2-564E238EF8DB.png\",\"width\":423,\"height\":423,\"caption\":\"\u0422\u0430\u043b\u043b\u0438\u043d\u043d\u0441\u043a\u0430\u044f \u041c\u0443\u0441\u0442\u0430\u043c\u044f\u044d\u0441\u043a\u0430\u044f \u0420\u0435\u0430\u043b\u044c\u043d\u0430\u044f \u0433\u0438\u043c\u043d\u0430\u0437\u0438\u044f\"},\"image\":{\"@id\":\"https:\/\/tmrg.ee\/ru\/#\/schema\/logo\/image\/\"}}]}<\/script>\n<!-- \/ Yoast SEO plugin. -->","yoast_head_json":{"title":"\u041f\u043e\u043f\u0435\u0447\u0438\u0442\u0435\u043b\u044c\u0441\u043a\u0438\u0439 \u0441\u043e\u0432\u0435\u0442 - \u0422\u0430\u043b\u043b\u0438\u043d\u043d\u0441\u043a\u0430\u044f \u041c\u0443\u0441\u0442\u0430\u043c\u044f\u044d\u0441\u043a\u0430\u044f \u0420\u0435\u0430\u043b\u044c\u043d\u0430\u044f \u0433\u0438\u043c\u043d\u0430\u0437\u0438\u044f","robots":{"index":"index","follow":"follow","max-snippet":"max-snippet:-1","max-image-preview":"max-image-preview:large","max-video-preview":"max-video-preview:-1"},"canonical":"https:\/\/tmrg.ee\/ru\/\u043f\u043e\u043f\u0435\u0447\u0438\u0442\u0435\u043b\u044c\u0441\u043a\u0438\u0439-\u0441\u043e\u0432\u0435\u0442\/","og_locale":"ru_RU","og_type":"article","og_title":"\u041f\u043e\u043f\u0435\u0447\u0438\u0442\u0435\u043b\u044c\u0441\u043a\u0438\u0439 \u0441\u043e\u0432\u0435\u0442 - \u0422\u0430\u043b\u043b\u0438\u043d\u043d\u0441\u043a\u0430\u044f \u041c\u0443\u0441\u0442\u0430\u043c\u044f\u044d\u0441\u043a\u0430\u044f \u0420\u0435\u0430\u043b\u044c\u043d\u0430\u044f \u0433\u0438\u043c\u043d\u0430\u0437\u0438\u044f","og_description":"\u041f\u043e\u043f\u0435\u0447\u0438\u0442\u0435\u043b\u044c\u0441\u043a\u0438\u0439 \u0441\u043e\u0432\u0435\u0442 e-mail: hoolekogu@mreal.ee \u00a0 \u00a0 Julia Telitsa esinaine Maria Tulbina aseesinaine Darja Priss lapsevanem Ilona Vinokurova lapsevanem Olga Arsenyev lapsevanem Anna Nechaeva \u00f5petajate esindaja Viktoria Shapovalova \u00f5petajate esindaja Tamara Zimareva \u00f5pilaste esindaja Igor Kravt\u0161enko linna esindaja Tallinna Mustam\u00e4e Reaalg\u00fcmnaasiumi hoolekogu (kinnitatud Tallinna Haridusameti juhataja 05.01.2026.a k\u00e4skkirjaga nr T-7-1\/26\/3) \u00a0 P\u00f5hikooli- ja g\u00fcmnaasiumiseadus \u00a773 Tallinna [&hellip;]","og_url":"https:\/\/tmrg.ee\/ru\/\u043f\u043e\u043f\u0435\u0447\u0438\u0442\u0435\u043b\u044c\u0441\u043a\u0438\u0439-\u0441\u043e\u0432\u0435\u0442\/","og_site_name":"\u0422\u0430\u043b\u043b\u0438\u043d\u043d\u0441\u043a\u0430\u044f \u041c\u0443\u0441\u0442\u0430\u043c\u044f\u044d\u0441\u043a\u0430\u044f \u0420\u0435\u0430\u043b\u044c\u043d\u0430\u044f \u0433\u0438\u043c\u043d\u0430\u0437\u0438\u044f","article_modified_time":"2026-02-25T07:49:51+00:00","twitter_card":"summary_large_image","twitter_misc":{"\u041f\u0440\u0438\u043c\u0435\u0440\u043d\u043e\u0435 \u0432\u0440\u0435\u043c\u044f \u0434\u043b\u044f \u0447\u0442\u0435\u043d\u0438\u044f":"1 \u043c\u0438\u043d\u0443\u0442\u0430"},"schema":{"@context":"https:\/\/schema.org","@graph":[{"@type":"WebPage","@id":"https:\/\/tmrg.ee\/ru\/%d0%bf%d0%be%d0%bf%d0%b5%d1%87%d0%b8%d1%82%d0%b5%d0%bb%d1%8c%d1%81%d0%ba%d0%b8%d0%b9-%d1%81%d0%be%d0%b2%d0%b5%d1%82\/","url":"https:\/\/tmrg.ee\/ru\/%d0%bf%d0%be%d0%bf%d0%b5%d1%87%d0%b8%d1%82%d0%b5%d0%bb%d1%8c%d1%81%d0%ba%d0%b8%d0%b9-%d1%81%d0%be%d0%b2%d0%b5%d1%82\/","name":"\u041f\u043e\u043f\u0435\u0447\u0438\u0442\u0435\u043b\u044c\u0441\u043a\u0438\u0439 \u0441\u043e\u0432\u0435\u0442 - \u0422\u0430\u043b\u043b\u0438\u043d\u043d\u0441\u043a\u0430\u044f \u041c\u0443\u0441\u0442\u0430\u043c\u044f\u044d\u0441\u043a\u0430\u044f \u0420\u0435\u0430\u043b\u044c\u043d\u0430\u044f \u0433\u0438\u043c\u043d\u0430\u0437\u0438\u044f","isPartOf":{"@id":"https:\/\/tmrg.ee\/ru\/#website"},"datePublished":"2011-11-06T18:02:06+00:00","dateModified":"2026-02-25T07:49:51+00:00","breadcrumb":{"@id":"https:\/\/tmrg.ee\/ru\/%d0%bf%d0%be%d0%bf%d0%b5%d1%87%d0%b8%d1%82%d0%b5%d0%bb%d1%8c%d1%81%d0%ba%d0%b8%d0%b9-%d1%81%d0%be%d0%b2%d0%b5%d1%82\/#breadcrumb"},"inLanguage":"ru-RU","potentialAction":[{"@type":"ReadAction","target":["https:\/\/tmrg.ee\/ru\/%d0%bf%d0%be%d0%bf%d0%b5%d1%87%d0%b8%d1%82%d0%b5%d0%bb%d1%8c%d1%81%d0%ba%d0%b8%d0%b9-%d1%81%d0%be%d0%b2%d0%b5%d1%82\/"]}]},{"@type":"BreadcrumbList","@id":"https:\/\/tmrg.ee\/ru\/%d0%bf%d0%be%d0%bf%d0%b5%d1%87%d0%b8%d1%82%d0%b5%d0%bb%d1%8c%d1%81%d0%ba%d0%b8%d0%b9-%d1%81%d0%be%d0%b2%d0%b5%d1%82\/#breadcrumb","itemListElement":[{"@type":"ListItem","position":1,"name":"Home","item":"https:\/\/tmrg.ee\/ru\/"},{"@type":"ListItem","position":2,"name":"\u041f\u043e\u043f\u0435\u0447\u0438\u0442\u0435\u043b\u044c\u0441\u043a\u0438\u0439 \u0441\u043e\u0432\u0435\u0442"}]},{"@type":"WebSite","@id":"https:\/\/tmrg.ee\/ru\/#website","url":"https:\/\/tmrg.ee\/ru\/","name":"\u0422\u0430\u043b\u043b\u0438\u043d\u043d\u0441\u043a\u0430\u044f \u041c\u0443\u0441\u0442\u0430\u043c\u044f\u044d\u0441\u043a\u0430\u044f \u0420\u0435\u0430\u043b\u044c\u043d\u0430\u044f \u0433\u0438\u043c\u043d\u0430\u0437\u0438\u044f","description":"","publisher":{"@id":"https:\/\/tmrg.ee\/ru\/#organization"},"potentialAction":[{"@type":"SearchAction","target":{"@type":"EntryPoint","urlTemplate":"https:\/\/tmrg.ee\/ru\/?s={search_term_string}"},"query-input":{"@type":"PropertyValueSpecification","valueRequired":true,"valueName":"search_term_string"}}],"inLanguage":"ru-RU"},{"@type":"Organization","@id":"https:\/\/tmrg.ee\/ru\/#organization","name":"\u0422\u0430\u043b\u043b\u0438\u043d\u043d\u0441\u043a\u0430\u044f \u041c\u0443\u0441\u0442\u0430\u043c\u044f\u044d\u0441\u043a\u0430\u044f \u0420\u0435\u0430\u043b\u044c\u043d\u0430\u044f \u0433\u0438\u043c\u043d\u0430\u0437\u0438\u044f","url":"https:\/\/tmrg.ee\/ru\/","logo":{"@type":"ImageObject","inLanguage":"ru-RU","@id":"https:\/\/tmrg.ee\/ru\/#\/schema\/logo\/image\/","url":"https:\/\/tmrg.ee\/ru\/wp-content\/uploads\/sites\/2\/2022\/07\/3E15D8E3-B449-47D9-B8F2-564E238EF8DB.png","contentUrl":"https:\/\/tmrg.ee\/ru\/wp-content\/uploads\/sites\/2\/2022\/07\/3E15D8E3-B449-47D9-B8F2-564E238EF8DB.png","width":423,"height":423,"caption":"\u0422\u0430\u043b\u043b\u0438\u043d\u043d\u0441\u043a\u0430\u044f \u041c\u0443\u0441\u0442\u0430\u043c\u044f\u044d\u0441\u043a\u0430\u044f \u0420\u0435\u0430\u043b\u044c\u043d\u0430\u044f \u0433\u0438\u043c\u043d\u0430\u0437\u0438\u044f"},"image":{"@id":"https:\/\/tmrg.ee\/ru\/#\/schema\/logo\/image\/"}}]}},"_links":{"self":[{"href":"https:\/\/tmrg.ee\/ru\/wp-json\/wp\/v2\/pages\/518","targetHints":{"allow":["GET"]}}],"collection":[{"href":"https:\/\/tmrg.ee\/ru\/wp-json\/wp\/v2\/pages"}],"about":[{"href":"https:\/\/tmrg.ee\/ru\/wp-json\/wp\/v2\/types\/page"}],"author":[{"embeddable":true,"href":"https:\/\/tmrg.ee\/ru\/wp-json\/wp\/v2\/users\/1"}],"replies":[{"embeddable":true,"href":"https:\/\/tmrg.ee\/ru\/wp-json\/wp\/v2\/comments?post=518"}],"version-history":[{"count":37,"href":"https:\/\/tmrg.ee\/ru\/wp-json\/wp\/v2\/pages\/518\/revisions"}],"predecessor-version":[{"id":13031,"href":"https:\/\/tmrg.ee\/ru\/wp-json\/wp\/v2\/pages\/518\/revisions\/13031"}],"wp:attachment":[{"href":"https:\/\/tmrg.ee\/ru\/wp-json\/wp\/v2\/media?parent=518"}],"curies":[{"name":"wp","href":"https:\/\/api.w.org\/{rel}","templated":true}]}}