{"id":4121,"date":"2020-09-17T11:46:15","date_gmt":"2020-09-17T11:46:15","guid":{"rendered":"https:\/\/tmrg.ee\/ru\/uncategorized\/%d0%ba%d0%bb%d0%b0%d1%81%d1%81%d0%bd%d1%8b%d0%b5-%d1%80%d1%83%d0%ba%d0%be%d0%b2%d0%be%d0%b4%d0%b8%d1%82%d0%b5%d0%bb%d0%b8\/"},"modified":"2026-02-10T10:59:40","modified_gmt":"2026-02-10T08:59:40","slug":"%d0%ba%d0%bb%d0%b0%d1%81%d1%81%d0%bd%d1%8b%d0%b5-%d1%80%d1%83%d0%ba%d0%be%d0%b2%d0%be%d0%b4%d0%b8%d1%82%d0%b5%d0%bb%d0%b8","status":"publish","type":"page","link":"https:\/\/tmrg.ee\/ru\/%d0%ba%d0%bb%d0%b0%d1%81%d1%81%d0%bd%d1%8b%d0%b5-%d1%80%d1%83%d0%ba%d0%be%d0%b2%d0%be%d0%b4%d0%b8%d1%82%d0%b5%d0%bb%d0%b8\/","title":{"rendered":"\u041a\u043b\u0430\u0441\u0441\u043d\u044b\u0435 \u0440\u0443\u043a\u043e\u0432\u043e\u0434\u0438\u0442\u0435\u043b\u0438"},"content":{"rendered":"<table dir=\"ltr\" style=\"width: 100%;\" border=\"1\" cellspacing=\"0\" cellpadding=\"0\">\n<tbody>\n<tr>\n<td>1A<\/td>\n<td>Ljudmilla Perepjolkina<\/td>\n<\/tr>\n<tr>\n<td>1B<\/td>\n<td>Anna Nechaeva, \u00f5petaja abi Olga Homt\u0161enko<\/td>\n<\/tr>\n<tr>\n<td>1C<\/td>\n<td>K\u00e4tlin Otstavel<\/td>\n<\/tr>\n<tr>\n<td>2A<\/td>\n<td>Jelena Doll<\/td>\n<\/tr>\n<tr>\n<td>2B<\/td>\n<td>Margit M\u00fc\u00fcrisepp, \u00f5petaja abi Marina R\u00f5mar<\/td>\n<\/tr>\n<tr>\n<td>2C<\/td>\n<td>Nadezhda\u00a0<span class=\"il\">Widder<\/span><\/td>\n<\/tr>\n<tr>\n<td>3A<\/td>\n<td>Svetlana Zahharova<\/td>\n<\/tr>\n<tr>\n<td>3B<\/td>\n<td>Diana Veiper<\/td>\n<\/tr>\n<tr>\n<td>3C<\/td>\n<td>Larissa Budnitskaja<\/td>\n<\/tr>\n<tr>\n<td>3D<\/td>\n<td>Svetlana Zahharova<\/td>\n<\/tr>\n<tr>\n<td>4A<\/td>\n<td>Jelena Mazurkevit\u0161<\/td>\n<\/tr>\n<tr>\n<td>4B<\/td>\n<td>Raivo Paasoja\/Julia Stant\u0161ik<\/td>\n<\/tr>\n<tr>\n<td>4C<\/td>\n<td>Oxana Nikolaeva<\/td>\n<\/tr>\n<tr>\n<td>4D<\/td>\n<td>Inna Ermel<\/td>\n<\/tr>\n<tr>\n<td>4E<\/td>\n<td>Raivo Paasoja\/Julia Stant\u0161ik<\/td>\n<\/tr>\n<tr>\n<td>5A<\/td>\n<td>Jelena Walz<\/td>\n<\/tr>\n<tr>\n<td>5B<\/td>\n<td>Anastassia Everest<\/td>\n<\/tr>\n<tr>\n<td>5C<\/td>\n<td>Ljudmilla Perepjolkina<\/td>\n<\/tr>\n<tr>\n<td>5D<\/td>\n<td>Anastassia Everest<\/td>\n<\/tr>\n<tr>\n<td>6A<\/td>\n<td>Larissa Budnitskaja<\/td>\n<\/tr>\n<tr>\n<td>6B<\/td>\n<td>Natalja Glu\u0161kova<\/td>\n<\/tr>\n<tr>\n<td>6C<\/td>\n<td>Olga Did\u00f5k<\/td>\n<\/tr>\n<tr>\n<td>6D<\/td>\n<td>Olga Did\u00f5k<\/td>\n<\/tr>\n<tr>\n<td>7A<\/td>\n<td>Mikhail Lebedev<\/td>\n<\/tr>\n<tr>\n<td>7B<\/td>\n<td>Viktoria \u0160vit\u0161kova<\/td>\n<\/tr>\n<tr>\n<td>7C<\/td>\n<td>Jevgenia Petrova<\/td>\n<\/tr>\n<tr>\n<td>7D<\/td>\n<td>Alla Oja<\/td>\n<\/tr>\n<tr>\n<td>8A<\/td>\n<td>Svetlana Butkovskaja<\/td>\n<\/tr>\n<tr>\n<td>8B<\/td>\n<td>Margarita Ma\u017eeiko<\/td>\n<\/tr>\n<tr>\n<td>8C<\/td>\n<td>Irina Epler<\/td>\n<\/tr>\n<tr>\n<td>8D<\/td>\n<td>Svetlana Butkovskaja\/Irina Epler<\/td>\n<\/tr>\n<tr>\n<td>9A<\/td>\n<td>Andrei Kuntsmann<\/td>\n<\/tr>\n<tr>\n<td>9B<\/td>\n<td>Alla Oja<\/td>\n<\/tr>\n<tr>\n<td>9C<\/td>\n<td>Maria \u0160tefanjuk<\/td>\n<\/tr>\n<tr>\n<td>10<\/td>\n<td>Natalija Mahhova<\/td>\n<\/tr>\n<tr>\n<td>11<\/td>\n<td>Irina T\u0161it\u0161ejeva<\/td>\n<\/tr>\n<tr>\n<td>12<\/td>\n<td>Marianna Tam<\/td>\n<\/tr>\n<\/tbody>\n<\/table>\n","protected":false},"excerpt":{"rendered":"<p>1A Ljudmilla Perepjolkina 1B Anna Nechaeva, \u00f5petaja abi Olga Homt\u0161enko 1C K\u00e4tlin Otstavel 2A Jelena Doll 2B Margit M\u00fc\u00fcrisepp, \u00f5petaja abi Marina R\u00f5mar 2C Nadezhda\u00a0Widder 3A Svetlana Zahharova 3B Diana Veiper 3C Larissa Budnitskaja 3D Svetlana Zahharova 4A Jelena Mazurkevit\u0161 4B Raivo Paasoja\/Julia Stant\u0161ik 4C Oxana Nikolaeva 4D Inna Ermel 4E Raivo Paasoja\/Julia Stant\u0161ik 5A [&hellip;]<\/p>\n","protected":false},"author":1,"featured_media":0,"parent":0,"menu_order":2,"comment_status":"open","ping_status":"open","template":"","meta":{"_acf_changed":false,"footnotes":""},"class_list":["post-4121","page","type-page","status-publish","hentry"],"acf":[],"yoast_head":"<!-- This site is optimized with the Yoast SEO plugin v27.1.1 - https:\/\/yoast.com\/product\/yoast-seo-wordpress\/ -->\n<title>\u041a\u043b\u0430\u0441\u0441\u043d\u044b\u0435 \u0440\u0443\u043a\u043e\u0432\u043e\u0434\u0438\u0442\u0435\u043b\u0438 - \u0422\u0430\u043b\u043b\u0438\u043d\u043d\u0441\u043a\u0430\u044f \u041c\u0443\u0441\u0442\u0430\u043c\u044f\u044d\u0441\u043a\u0430\u044f \u0420\u0435\u0430\u043b\u044c\u043d\u0430\u044f \u0433\u0438\u043c\u043d\u0430\u0437\u0438\u044f<\/title>\n<meta name=\"robots\" content=\"index, follow, max-snippet:-1, max-image-preview:large, max-video-preview:-1\" \/>\n<link rel=\"canonical\" href=\"https:\/\/tmrg.ee\/ru\/\u043a\u043b\u0430\u0441\u0441\u043d\u044b\u0435-\u0440\u0443\u043a\u043e\u0432\u043e\u0434\u0438\u0442\u0435\u043b\u0438\/\" \/>\n<meta property=\"og:locale\" content=\"ru_RU\" \/>\n<meta property=\"og:type\" content=\"article\" \/>\n<meta property=\"og:title\" content=\"\u041a\u043b\u0430\u0441\u0441\u043d\u044b\u0435 \u0440\u0443\u043a\u043e\u0432\u043e\u0434\u0438\u0442\u0435\u043b\u0438 - \u0422\u0430\u043b\u043b\u0438\u043d\u043d\u0441\u043a\u0430\u044f \u041c\u0443\u0441\u0442\u0430\u043c\u044f\u044d\u0441\u043a\u0430\u044f \u0420\u0435\u0430\u043b\u044c\u043d\u0430\u044f \u0433\u0438\u043c\u043d\u0430\u0437\u0438\u044f\" \/>\n<meta property=\"og:description\" content=\"1A Ljudmilla Perepjolkina 1B Anna Nechaeva, \u00f5petaja abi Olga Homt\u0161enko 1C K\u00e4tlin Otstavel 2A Jelena Doll 2B Margit M\u00fc\u00fcrisepp, \u00f5petaja abi Marina R\u00f5mar 2C Nadezhda\u00a0Widder 3A Svetlana Zahharova 3B Diana Veiper 3C Larissa Budnitskaja 3D Svetlana Zahharova 4A Jelena Mazurkevit\u0161 4B Raivo Paasoja\/Julia Stant\u0161ik 4C Oxana Nikolaeva 4D Inna Ermel 4E Raivo Paasoja\/Julia Stant\u0161ik 5A [&hellip;]\" \/>\n<meta property=\"og:url\" content=\"https:\/\/tmrg.ee\/ru\/\u043a\u043b\u0430\u0441\u0441\u043d\u044b\u0435-\u0440\u0443\u043a\u043e\u0432\u043e\u0434\u0438\u0442\u0435\u043b\u0438\/\" \/>\n<meta property=\"og:site_name\" content=\"\u0422\u0430\u043b\u043b\u0438\u043d\u043d\u0441\u043a\u0430\u044f \u041c\u0443\u0441\u0442\u0430\u043c\u044f\u044d\u0441\u043a\u0430\u044f \u0420\u0435\u0430\u043b\u044c\u043d\u0430\u044f \u0433\u0438\u043c\u043d\u0430\u0437\u0438\u044f\" \/>\n<meta property=\"article:modified_time\" content=\"2026-02-10T08:59:40+00:00\" \/>\n<meta name=\"twitter:card\" content=\"summary_large_image\" \/>\n<meta name=\"twitter:label1\" content=\"\u041f\u0440\u0438\u043c\u0435\u0440\u043d\u043e\u0435 \u0432\u0440\u0435\u043c\u044f \u0434\u043b\u044f \u0447\u0442\u0435\u043d\u0438\u044f\" \/>\n\t<meta name=\"twitter:data1\" content=\"1 \u043c\u0438\u043d\u0443\u0442\u0430\" \/>\n<script type=\"application\/ld+json\" class=\"yoast-schema-graph\">{\"@context\":\"https:\/\/schema.org\",\"@graph\":[{\"@type\":\"WebPage\",\"@id\":\"https:\/\/tmrg.ee\/ru\/%d0%ba%d0%bb%d0%b0%d1%81%d1%81%d0%bd%d1%8b%d0%b5-%d1%80%d1%83%d0%ba%d0%be%d0%b2%d0%be%d0%b4%d0%b8%d1%82%d0%b5%d0%bb%d0%b8\/\",\"url\":\"https:\/\/tmrg.ee\/ru\/%d0%ba%d0%bb%d0%b0%d1%81%d1%81%d0%bd%d1%8b%d0%b5-%d1%80%d1%83%d0%ba%d0%be%d0%b2%d0%be%d0%b4%d0%b8%d1%82%d0%b5%d0%bb%d0%b8\/\",\"name\":\"\u041a\u043b\u0430\u0441\u0441\u043d\u044b\u0435 \u0440\u0443\u043a\u043e\u0432\u043e\u0434\u0438\u0442\u0435\u043b\u0438 - \u0422\u0430\u043b\u043b\u0438\u043d\u043d\u0441\u043a\u0430\u044f \u041c\u0443\u0441\u0442\u0430\u043c\u044f\u044d\u0441\u043a\u0430\u044f \u0420\u0435\u0430\u043b\u044c\u043d\u0430\u044f \u0433\u0438\u043c\u043d\u0430\u0437\u0438\u044f\",\"isPartOf\":{\"@id\":\"https:\/\/tmrg.ee\/ru\/#website\"},\"datePublished\":\"2020-09-17T11:46:15+00:00\",\"dateModified\":\"2026-02-10T08:59:40+00:00\",\"breadcrumb\":{\"@id\":\"https:\/\/tmrg.ee\/ru\/%d0%ba%d0%bb%d0%b0%d1%81%d1%81%d0%bd%d1%8b%d0%b5-%d1%80%d1%83%d0%ba%d0%be%d0%b2%d0%be%d0%b4%d0%b8%d1%82%d0%b5%d0%bb%d0%b8\/#breadcrumb\"},\"inLanguage\":\"ru-RU\",\"potentialAction\":[{\"@type\":\"ReadAction\",\"target\":[\"https:\/\/tmrg.ee\/ru\/%d0%ba%d0%bb%d0%b0%d1%81%d1%81%d0%bd%d1%8b%d0%b5-%d1%80%d1%83%d0%ba%d0%be%d0%b2%d0%be%d0%b4%d0%b8%d1%82%d0%b5%d0%bb%d0%b8\/\"]}]},{\"@type\":\"BreadcrumbList\",\"@id\":\"https:\/\/tmrg.ee\/ru\/%d0%ba%d0%bb%d0%b0%d1%81%d1%81%d0%bd%d1%8b%d0%b5-%d1%80%d1%83%d0%ba%d0%be%d0%b2%d0%be%d0%b4%d0%b8%d1%82%d0%b5%d0%bb%d0%b8\/#breadcrumb\",\"itemListElement\":[{\"@type\":\"ListItem\",\"position\":1,\"name\":\"Home\",\"item\":\"https:\/\/tmrg.ee\/ru\/\"},{\"@type\":\"ListItem\",\"position\":2,\"name\":\"\u041a\u043b\u0430\u0441\u0441\u043d\u044b\u0435 \u0440\u0443\u043a\u043e\u0432\u043e\u0434\u0438\u0442\u0435\u043b\u0438\"}]},{\"@type\":\"WebSite\",\"@id\":\"https:\/\/tmrg.ee\/ru\/#website\",\"url\":\"https:\/\/tmrg.ee\/ru\/\",\"name\":\"\u0422\u0430\u043b\u043b\u0438\u043d\u043d\u0441\u043a\u0430\u044f \u041c\u0443\u0441\u0442\u0430\u043c\u044f\u044d\u0441\u043a\u0430\u044f \u0420\u0435\u0430\u043b\u044c\u043d\u0430\u044f \u0433\u0438\u043c\u043d\u0430\u0437\u0438\u044f\",\"description\":\"\",\"publisher\":{\"@id\":\"https:\/\/tmrg.ee\/ru\/#organization\"},\"potentialAction\":[{\"@type\":\"SearchAction\",\"target\":{\"@type\":\"EntryPoint\",\"urlTemplate\":\"https:\/\/tmrg.ee\/ru\/?s={search_term_string}\"},\"query-input\":{\"@type\":\"PropertyValueSpecification\",\"valueRequired\":true,\"valueName\":\"search_term_string\"}}],\"inLanguage\":\"ru-RU\"},{\"@type\":\"Organization\",\"@id\":\"https:\/\/tmrg.ee\/ru\/#organization\",\"name\":\"\u0422\u0430\u043b\u043b\u0438\u043d\u043d\u0441\u043a\u0430\u044f \u041c\u0443\u0441\u0442\u0430\u043c\u044f\u044d\u0441\u043a\u0430\u044f \u0420\u0435\u0430\u043b\u044c\u043d\u0430\u044f \u0433\u0438\u043c\u043d\u0430\u0437\u0438\u044f\",\"url\":\"https:\/\/tmrg.ee\/ru\/\",\"logo\":{\"@type\":\"ImageObject\",\"inLanguage\":\"ru-RU\",\"@id\":\"https:\/\/tmrg.ee\/ru\/#\/schema\/logo\/image\/\",\"url\":\"https:\/\/tmrg.ee\/ru\/wp-content\/uploads\/sites\/2\/2022\/07\/3E15D8E3-B449-47D9-B8F2-564E238EF8DB.png\",\"contentUrl\":\"https:\/\/tmrg.ee\/ru\/wp-content\/uploads\/sites\/2\/2022\/07\/3E15D8E3-B449-47D9-B8F2-564E238EF8DB.png\",\"width\":423,\"height\":423,\"caption\":\"\u0422\u0430\u043b\u043b\u0438\u043d\u043d\u0441\u043a\u0430\u044f \u041c\u0443\u0441\u0442\u0430\u043c\u044f\u044d\u0441\u043a\u0430\u044f \u0420\u0435\u0430\u043b\u044c\u043d\u0430\u044f \u0433\u0438\u043c\u043d\u0430\u0437\u0438\u044f\"},\"image\":{\"@id\":\"https:\/\/tmrg.ee\/ru\/#\/schema\/logo\/image\/\"}}]}<\/script>\n<!-- \/ Yoast SEO plugin. -->","yoast_head_json":{"title":"\u041a\u043b\u0430\u0441\u0441\u043d\u044b\u0435 \u0440\u0443\u043a\u043e\u0432\u043e\u0434\u0438\u0442\u0435\u043b\u0438 - \u0422\u0430\u043b\u043b\u0438\u043d\u043d\u0441\u043a\u0430\u044f \u041c\u0443\u0441\u0442\u0430\u043c\u044f\u044d\u0441\u043a\u0430\u044f \u0420\u0435\u0430\u043b\u044c\u043d\u0430\u044f \u0433\u0438\u043c\u043d\u0430\u0437\u0438\u044f","robots":{"index":"index","follow":"follow","max-snippet":"max-snippet:-1","max-image-preview":"max-image-preview:large","max-video-preview":"max-video-preview:-1"},"canonical":"https:\/\/tmrg.ee\/ru\/\u043a\u043b\u0430\u0441\u0441\u043d\u044b\u0435-\u0440\u0443\u043a\u043e\u0432\u043e\u0434\u0438\u0442\u0435\u043b\u0438\/","og_locale":"ru_RU","og_type":"article","og_title":"\u041a\u043b\u0430\u0441\u0441\u043d\u044b\u0435 \u0440\u0443\u043a\u043e\u0432\u043e\u0434\u0438\u0442\u0435\u043b\u0438 - \u0422\u0430\u043b\u043b\u0438\u043d\u043d\u0441\u043a\u0430\u044f \u041c\u0443\u0441\u0442\u0430\u043c\u044f\u044d\u0441\u043a\u0430\u044f \u0420\u0435\u0430\u043b\u044c\u043d\u0430\u044f \u0433\u0438\u043c\u043d\u0430\u0437\u0438\u044f","og_description":"1A Ljudmilla Perepjolkina 1B Anna Nechaeva, \u00f5petaja abi Olga Homt\u0161enko 1C K\u00e4tlin Otstavel 2A Jelena Doll 2B Margit M\u00fc\u00fcrisepp, \u00f5petaja abi Marina R\u00f5mar 2C Nadezhda\u00a0Widder 3A Svetlana Zahharova 3B Diana Veiper 3C Larissa Budnitskaja 3D Svetlana Zahharova 4A Jelena Mazurkevit\u0161 4B Raivo Paasoja\/Julia Stant\u0161ik 4C Oxana Nikolaeva 4D Inna Ermel 4E Raivo Paasoja\/Julia Stant\u0161ik 5A [&hellip;]","og_url":"https:\/\/tmrg.ee\/ru\/\u043a\u043b\u0430\u0441\u0441\u043d\u044b\u0435-\u0440\u0443\u043a\u043e\u0432\u043e\u0434\u0438\u0442\u0435\u043b\u0438\/","og_site_name":"\u0422\u0430\u043b\u043b\u0438\u043d\u043d\u0441\u043a\u0430\u044f \u041c\u0443\u0441\u0442\u0430\u043c\u044f\u044d\u0441\u043a\u0430\u044f \u0420\u0435\u0430\u043b\u044c\u043d\u0430\u044f \u0433\u0438\u043c\u043d\u0430\u0437\u0438\u044f","article_modified_time":"2026-02-10T08:59:40+00:00","twitter_card":"summary_large_image","twitter_misc":{"\u041f\u0440\u0438\u043c\u0435\u0440\u043d\u043e\u0435 \u0432\u0440\u0435\u043c\u044f \u0434\u043b\u044f \u0447\u0442\u0435\u043d\u0438\u044f":"1 \u043c\u0438\u043d\u0443\u0442\u0430"},"schema":{"@context":"https:\/\/schema.org","@graph":[{"@type":"WebPage","@id":"https:\/\/tmrg.ee\/ru\/%d0%ba%d0%bb%d0%b0%d1%81%d1%81%d0%bd%d1%8b%d0%b5-%d1%80%d1%83%d0%ba%d0%be%d0%b2%d0%be%d0%b4%d0%b8%d1%82%d0%b5%d0%bb%d0%b8\/","url":"https:\/\/tmrg.ee\/ru\/%d0%ba%d0%bb%d0%b0%d1%81%d1%81%d0%bd%d1%8b%d0%b5-%d1%80%d1%83%d0%ba%d0%be%d0%b2%d0%be%d0%b4%d0%b8%d1%82%d0%b5%d0%bb%d0%b8\/","name":"\u041a\u043b\u0430\u0441\u0441\u043d\u044b\u0435 \u0440\u0443\u043a\u043e\u0432\u043e\u0434\u0438\u0442\u0435\u043b\u0438 - \u0422\u0430\u043b\u043b\u0438\u043d\u043d\u0441\u043a\u0430\u044f \u041c\u0443\u0441\u0442\u0430\u043c\u044f\u044d\u0441\u043a\u0430\u044f \u0420\u0435\u0430\u043b\u044c\u043d\u0430\u044f \u0433\u0438\u043c\u043d\u0430\u0437\u0438\u044f","isPartOf":{"@id":"https:\/\/tmrg.ee\/ru\/#website"},"datePublished":"2020-09-17T11:46:15+00:00","dateModified":"2026-02-10T08:59:40+00:00","breadcrumb":{"@id":"https:\/\/tmrg.ee\/ru\/%d0%ba%d0%bb%d0%b0%d1%81%d1%81%d0%bd%d1%8b%d0%b5-%d1%80%d1%83%d0%ba%d0%be%d0%b2%d0%be%d0%b4%d0%b8%d1%82%d0%b5%d0%bb%d0%b8\/#breadcrumb"},"inLanguage":"ru-RU","potentialAction":[{"@type":"ReadAction","target":["https:\/\/tmrg.ee\/ru\/%d0%ba%d0%bb%d0%b0%d1%81%d1%81%d0%bd%d1%8b%d0%b5-%d1%80%d1%83%d0%ba%d0%be%d0%b2%d0%be%d0%b4%d0%b8%d1%82%d0%b5%d0%bb%d0%b8\/"]}]},{"@type":"BreadcrumbList","@id":"https:\/\/tmrg.ee\/ru\/%d0%ba%d0%bb%d0%b0%d1%81%d1%81%d0%bd%d1%8b%d0%b5-%d1%80%d1%83%d0%ba%d0%be%d0%b2%d0%be%d0%b4%d0%b8%d1%82%d0%b5%d0%bb%d0%b8\/#breadcrumb","itemListElement":[{"@type":"ListItem","position":1,"name":"Home","item":"https:\/\/tmrg.ee\/ru\/"},{"@type":"ListItem","position":2,"name":"\u041a\u043b\u0430\u0441\u0441\u043d\u044b\u0435 \u0440\u0443\u043a\u043e\u0432\u043e\u0434\u0438\u0442\u0435\u043b\u0438"}]},{"@type":"WebSite","@id":"https:\/\/tmrg.ee\/ru\/#website","url":"https:\/\/tmrg.ee\/ru\/","name":"\u0422\u0430\u043b\u043b\u0438\u043d\u043d\u0441\u043a\u0430\u044f \u041c\u0443\u0441\u0442\u0430\u043c\u044f\u044d\u0441\u043a\u0430\u044f \u0420\u0435\u0430\u043b\u044c\u043d\u0430\u044f \u0433\u0438\u043c\u043d\u0430\u0437\u0438\u044f","description":"","publisher":{"@id":"https:\/\/tmrg.ee\/ru\/#organization"},"potentialAction":[{"@type":"SearchAction","target":{"@type":"EntryPoint","urlTemplate":"https:\/\/tmrg.ee\/ru\/?s={search_term_string}"},"query-input":{"@type":"PropertyValueSpecification","valueRequired":true,"valueName":"search_term_string"}}],"inLanguage":"ru-RU"},{"@type":"Organization","@id":"https:\/\/tmrg.ee\/ru\/#organization","name":"\u0422\u0430\u043b\u043b\u0438\u043d\u043d\u0441\u043a\u0430\u044f \u041c\u0443\u0441\u0442\u0430\u043c\u044f\u044d\u0441\u043a\u0430\u044f \u0420\u0435\u0430\u043b\u044c\u043d\u0430\u044f \u0433\u0438\u043c\u043d\u0430\u0437\u0438\u044f","url":"https:\/\/tmrg.ee\/ru\/","logo":{"@type":"ImageObject","inLanguage":"ru-RU","@id":"https:\/\/tmrg.ee\/ru\/#\/schema\/logo\/image\/","url":"https:\/\/tmrg.ee\/ru\/wp-content\/uploads\/sites\/2\/2022\/07\/3E15D8E3-B449-47D9-B8F2-564E238EF8DB.png","contentUrl":"https:\/\/tmrg.ee\/ru\/wp-content\/uploads\/sites\/2\/2022\/07\/3E15D8E3-B449-47D9-B8F2-564E238EF8DB.png","width":423,"height":423,"caption":"\u0422\u0430\u043b\u043b\u0438\u043d\u043d\u0441\u043a\u0430\u044f \u041c\u0443\u0441\u0442\u0430\u043c\u044f\u044d\u0441\u043a\u0430\u044f \u0420\u0435\u0430\u043b\u044c\u043d\u0430\u044f \u0433\u0438\u043c\u043d\u0430\u0437\u0438\u044f"},"image":{"@id":"https:\/\/tmrg.ee\/ru\/#\/schema\/logo\/image\/"}}]}},"_links":{"self":[{"href":"https:\/\/tmrg.ee\/ru\/wp-json\/wp\/v2\/pages\/4121","targetHints":{"allow":["GET"]}}],"collection":[{"href":"https:\/\/tmrg.ee\/ru\/wp-json\/wp\/v2\/pages"}],"about":[{"href":"https:\/\/tmrg.ee\/ru\/wp-json\/wp\/v2\/types\/page"}],"author":[{"embeddable":true,"href":"https:\/\/tmrg.ee\/ru\/wp-json\/wp\/v2\/users\/1"}],"replies":[{"embeddable":true,"href":"https:\/\/tmrg.ee\/ru\/wp-json\/wp\/v2\/comments?post=4121"}],"version-history":[{"count":30,"href":"https:\/\/tmrg.ee\/ru\/wp-json\/wp\/v2\/pages\/4121\/revisions"}],"predecessor-version":[{"id":12968,"href":"https:\/\/tmrg.ee\/ru\/wp-json\/wp\/v2\/pages\/4121\/revisions\/12968"}],"wp:attachment":[{"href":"https:\/\/tmrg.ee\/ru\/wp-json\/wp\/v2\/media?parent=4121"}],"curies":[{"name":"wp","href":"https:\/\/api.w.org\/{rel}","templated":true}]}}