{"id":4013,"date":"2020-03-17T12:02:19","date_gmt":"2020-03-17T12:02:19","guid":{"rendered":"https:\/\/tmrg.ee\/ru\/uncategorized\/%d1%83%d0%bc%d0%bd%d1%8b%d0%b5-%d0%ba%d0%b0%d0%bd%d0%b8%d0%ba%d1%83%d0%bb%d1%8b\/"},"modified":"2021-08-29T22:18:51","modified_gmt":"2021-08-29T22:18:51","slug":"%d1%83%d0%bc%d0%bd%d1%8b%d0%b5-%d0%ba%d0%b0%d0%bd%d0%b8%d0%ba%d1%83%d0%bb%d1%8b","status":"publish","type":"page","link":"https:\/\/tmrg.ee\/ru\/%d1%83%d0%bc%d0%bd%d1%8b%d0%b5-%d0%ba%d0%b0%d0%bd%d0%b8%d0%ba%d1%83%d0%bb%d1%8b\/","title":{"rendered":"\u0423\u043c\u043d\u044b\u0435 \u043a\u0430\u043d\u0438\u043a\u0443\u043b\u044b"},"content":{"rendered":"<p><span style=\"color: #333333; font-size: 1.5em; font-weight: bold;\">2019\/2020<\/span><\/p>\n<p><a href=\"https:\/\/prezi.com\/view\/l5jxqXXL9yEhf1Ay0ykm\/\" target=\"_blank\" rel=\"noopener\"><img loading=\"lazy\" decoding=\"async\" class=\" size-full wp-image-4012\" src=\"https:\/\/tmrg.ee\/ru\/wp-content\/uploads\/sites\/2\/2020\/03\/tarkkoolivaheaeg01.jpg\" alt=\"tarkkoolivaheaeg01\" width=\"450\" height=\"267\" style=\"display: block; margin-left: auto; margin-right: auto;\" srcset=\"https:\/\/tmrg.ee\/ru\/wp-content\/uploads\/sites\/2\/2020\/03\/tarkkoolivaheaeg01.jpg 1269w, https:\/\/tmrg.ee\/ru\/wp-content\/uploads\/sites\/2\/2020\/03\/tarkkoolivaheaeg01-300x178.jpg 300w, https:\/\/tmrg.ee\/ru\/wp-content\/uploads\/sites\/2\/2020\/03\/tarkkoolivaheaeg01-1024x608.jpg 1024w, https:\/\/tmrg.ee\/ru\/wp-content\/uploads\/sites\/2\/2020\/03\/tarkkoolivaheaeg01-768x456.jpg 768w\" sizes=\"auto, (max-width: 450px) 100vw, 450px\" \/><\/a><\/p>\n<h3>Sisu ja p\u00f5hjendus:<\/h3>\n<p style=\"text-align: justify;\">Tallinna Mustam\u00e4e Reaalg\u00fcmnaasium juba 4 aastat korraldab kooli \u00f5pilastele haridusprogrammi \u201eTark koolivaheaeg&#187;, mis toimub s\u00fcgisel, talvel, kevadel ja suvel koolivaheaegadel.Igal aastal tegevus laieneb, areneb ja pakub lastele kvaliteetaja veetmine. Haridusprogramm \u201eTark koolivaheaeg&#187;oma tegevuse planeerimiseks l\u00e4htub Tallinna haridusstrateegia strateegilistest eesm\u00e4rkidest.<\/p>\n<p style=\"text-align: justify;\">Sellel aastal on \u00fcldteemaks valitud: &#171;Erinevad elukutsed&#187;. Haridusprogrammi \u201eTark koolivaheaeg&#187;raames puudutakse elukutsed erinevast vaatenurgast. Selle programmi korraldamine on vajalik, kuna mitte k\u00f5igil lastevanematel pole v\u00f5imalust lapse aega vaheajal sisustada. S\u00fcgisel ja talvel programmi raames meie osalejad k\u00fclastasid: Harku metsa loodusrada, kus tutvusid looduses liikumise reeglitega, Lennusadama muuseumitund aitas lastel m\u00f5ista ja tundma \u00f5ppida elu L\u00e4\u00e4nemeres ning mere \u00e4\u00e4res. Samuti k\u00fclastamis kohaks oli N\u00f5mme p\u00e4\u00e4stekomando P\u00f5hja p\u00e4\u00e4stekeskus ja Paks Margareeta Meremuuseum.<\/p>\n<p style=\"text-align: justify;\">Suvelaagri haridusprogramm kestab kauem &#8212; tavaliselt 10 p\u00e4eva. Selle kavas on tavaliselt: loomingulised t\u00f6\u00f6kojad, kokatunnid, arvuti kasutamise aluste tunnid. Lapsed k\u00fclastavad Miiamilla muuseumi, Eesti lastekirjanduskeskust, loomaaeda, Glehni lossi, Kadriorgu, batuudikeskust. Unustamatuks ja emotsionaalselt rikkaks osutus 2019. Aastal s\u00f5it Aegna saarele. Ilm oli meile helde ning lapsed said mitu korda l\u00f5butseda meie linnaosa ja linna lastem\u00e4nguv\u00e4ljakutel.<\/p>\n<h2>Igal aastal osaleb programmis umbes 150 last kokku.<\/h2>\n<h3>Miks? Projekti eesm\u00e4rk:<\/h3>\n<p style=\"text-align: justify;\">&#8212; luua innovaatiline haridusprogramm \u201eTark koolivaheaeg&#187;, mis v\u00f5imaldaks veeta \u00f5pilastel ja \u00f5petajatel koolivaheaega targalt ja luua personali koost\u00f6\u00f6 kvaliteedi ja efektiivsuse kasvu;<\/p>\n<p style=\"text-align: justify;\">&#8212; v\u00e4ltida kiusamine koolis, toetada \u00f5pilaste isikup\u00e4ra.<\/p>\n<p style=\"text-align: justify;\">kellele? 1. \u2013 5. klassi Tallinna Mustam\u00e4e Reaalg\u00fcmnaasiumi \u00f5pilastele.<\/p>\n<p style=\"text-align: justify;\">Kus? Projekt \u201eTark koolivaheaeg&#187; toimub Tallinnas. Haridusprogrammi kava on t\u00f6\u00f6tanud niimoodi v\u00e4lja, et k\u00f5ik loomingulised t\u00f6\u00f6toad, arvutitunnid, spordim\u00e4ngud toimuvad hommikupoolikul, aga peale l\u00f5unat tavaliselt toimuvad v\u00e4lik\u00e4igud ja muuseumitunnid.<\/p>\n<p style=\"text-align: justify;\">Mis viisil? Toimub koolivaheajal kooliaasta jooksul. Vaheaja jooksul \u00f5pilased veedavad l\u00e4bi j\u00e4rgnevaid tegevusi: loomingulised t\u00f6\u00f6toad, liikuvad m\u00e4ngud, konkursid, viktoriinid, ekskursioonid, et \u00f5pilased saaksid koolivaheaja veeta targalt.<\/p>\n<h2>M\u00f5ju:<\/h2>\n<p style=\"text-align: justify;\">Kool muutub kaasahaaravaks paigaks, mis toetab \u00f5pilaste motivatsiooni ja \u00f5petajate loomingulisust. Laps veedab oma vaheajad aktiivselt, tervislikult ja turvaliselt, mis parandab immuunsust ja rahustab n\u00e4rvis\u00fcsteemi. Kool t\u00f5mbab \u00f5pilasi ligi ning kooli maine t\u00f5useb.<\/p>\n<p>\u25cf suhtlemisoskus \u2013 s\u00f5prus, koost\u00f6\u00f6;<\/p>\n<p>\u25cf loovus- uute tehnikate kasutamine, v\u00f5ime otsida ja leida, tegevused, mis arendavad laste loomingulist algatust;<\/p>\n<p>\u25cf keskkonnateadlikkus &#8212; \u00f5ues lapsed liiguvad, tegutsevad, avastavad looduse mitmekesisust.<\/p>\n<p>\u25cf \u00d5pilased ja \u00f5petajad osalevad koos \u00f5ppimiseks, harjutamiseks ja kogemuste saamiseks,<\/p>\n<p>\u25cf \u00dchine meeskonnat\u00f6\u00f6,<\/p>\n<p>\u25cf Ettevalmistatud ja l\u00f5imitud programm,<\/p>\n<p>\u25cf Usaldussuhted teenusepakujatega<\/p>\n<h2>\u0424\u043e\u0442\u043e\u0430\u043b\u044c\u0431\u043e\u043c<\/h2>\n<p><a href=\"gallery?aid=1169\" target=\"_blank\" rel=\"noopener\">\u0417\u0438\u043c\u043d\u0438\u0439 \u043b\u0430\u0433\u0435\u0440 &#171;\u0423\u043c\u043d\u044b\u0435 \u043a\u0430\u043d\u0438\u043a\u0443\u043b\u044b&#187; 25.02.2020-28.02.2020<\/a><\/p>\n<p><a href=\"gallery?aid=1021\" target=\"_blank\" rel=\"noopener\">\u0417\u0438\u043c\u043d\u0438\u0439 \u043b\u0430\u0433\u0435\u0440\u044c \u00ab\u0423\u043c\u043d\u044b\u0435 \u043a\u0430\u043d\u0438\u043a\u0443\u043b\u044b\u00bb 26.02-02.03.2018<\/a><\/p>\n","protected":false},"excerpt":{"rendered":"<p>2019\/2020 Sisu ja p\u00f5hjendus: Tallinna Mustam\u00e4e Reaalg\u00fcmnaasium juba 4 aastat korraldab kooli \u00f5pilastele haridusprogrammi \u201eTark koolivaheaeg&#187;, mis toimub s\u00fcgisel, talvel, kevadel ja suvel koolivaheaegadel.Igal aastal tegevus laieneb, areneb ja pakub lastele kvaliteetaja veetmine. Haridusprogramm \u201eTark koolivaheaeg&#187;oma tegevuse planeerimiseks l\u00e4htub Tallinna haridusstrateegia strateegilistest eesm\u00e4rkidest. Sellel aastal on \u00fcldteemaks valitud: &#171;Erinevad elukutsed&#187;. Haridusprogrammi \u201eTark koolivaheaeg&#187;raames puudutakse elukutsed [&hellip;]<\/p>\n","protected":false},"author":1,"featured_media":4012,"parent":0,"menu_order":5,"comment_status":"open","ping_status":"open","template":"","meta":{"_acf_changed":false,"footnotes":""},"class_list":["post-4013","page","type-page","status-publish","has-post-thumbnail","hentry"],"acf":[],"yoast_head":"<!-- This site is optimized with the Yoast SEO plugin v27.1.1 - https:\/\/yoast.com\/product\/yoast-seo-wordpress\/ -->\n<title>\u0423\u043c\u043d\u044b\u0435 \u043a\u0430\u043d\u0438\u043a\u0443\u043b\u044b - \u0422\u0430\u043b\u043b\u0438\u043d\u043d\u0441\u043a\u0430\u044f \u041c\u0443\u0441\u0442\u0430\u043c\u044f\u044d\u0441\u043a\u0430\u044f \u0420\u0435\u0430\u043b\u044c\u043d\u0430\u044f \u0433\u0438\u043c\u043d\u0430\u0437\u0438\u044f<\/title>\n<meta name=\"robots\" content=\"index, follow, max-snippet:-1, max-image-preview:large, max-video-preview:-1\" \/>\n<link rel=\"canonical\" href=\"https:\/\/tmrg.ee\/ru\/\u0443\u043c\u043d\u044b\u0435-\u043a\u0430\u043d\u0438\u043a\u0443\u043b\u044b\/\" \/>\n<meta property=\"og:locale\" content=\"ru_RU\" \/>\n<meta property=\"og:type\" content=\"article\" \/>\n<meta property=\"og:title\" content=\"\u0423\u043c\u043d\u044b\u0435 \u043a\u0430\u043d\u0438\u043a\u0443\u043b\u044b - \u0422\u0430\u043b\u043b\u0438\u043d\u043d\u0441\u043a\u0430\u044f \u041c\u0443\u0441\u0442\u0430\u043c\u044f\u044d\u0441\u043a\u0430\u044f \u0420\u0435\u0430\u043b\u044c\u043d\u0430\u044f \u0433\u0438\u043c\u043d\u0430\u0437\u0438\u044f\" \/>\n<meta property=\"og:description\" content=\"2019\/2020 Sisu ja p\u00f5hjendus: Tallinna Mustam\u00e4e Reaalg\u00fcmnaasium juba 4 aastat korraldab kooli \u00f5pilastele haridusprogrammi \u201eTark koolivaheaeg&#187;, mis toimub s\u00fcgisel, talvel, kevadel ja suvel koolivaheaegadel.Igal aastal tegevus laieneb, areneb ja pakub lastele kvaliteetaja veetmine. Haridusprogramm \u201eTark koolivaheaeg&#187;oma tegevuse planeerimiseks l\u00e4htub Tallinna haridusstrateegia strateegilistest eesm\u00e4rkidest. Sellel aastal on \u00fcldteemaks valitud: &#171;Erinevad elukutsed&#187;. Haridusprogrammi \u201eTark koolivaheaeg&#187;raames puudutakse elukutsed [&hellip;]\" \/>\n<meta property=\"og:url\" content=\"https:\/\/tmrg.ee\/ru\/\u0443\u043c\u043d\u044b\u0435-\u043a\u0430\u043d\u0438\u043a\u0443\u043b\u044b\/\" \/>\n<meta property=\"og:site_name\" content=\"\u0422\u0430\u043b\u043b\u0438\u043d\u043d\u0441\u043a\u0430\u044f \u041c\u0443\u0441\u0442\u0430\u043c\u044f\u044d\u0441\u043a\u0430\u044f \u0420\u0435\u0430\u043b\u044c\u043d\u0430\u044f \u0433\u0438\u043c\u043d\u0430\u0437\u0438\u044f\" \/>\n<meta property=\"article:modified_time\" content=\"2021-08-29T22:18:51+00:00\" \/>\n<meta property=\"og:image\" content=\"https:\/\/tmrg.ee\/ru\/wp-content\/uploads\/sites\/2\/2020\/03\/tarkkoolivaheaeg01.jpg\" \/>\n\t<meta property=\"og:image:width\" content=\"1269\" \/>\n\t<meta property=\"og:image:height\" content=\"753\" \/>\n\t<meta property=\"og:image:type\" content=\"image\/jpeg\" \/>\n<meta name=\"twitter:card\" content=\"summary_large_image\" \/>\n<meta name=\"twitter:label1\" content=\"\u041f\u0440\u0438\u043c\u0435\u0440\u043d\u043e\u0435 \u0432\u0440\u0435\u043c\u044f \u0434\u043b\u044f \u0447\u0442\u0435\u043d\u0438\u044f\" \/>\n\t<meta name=\"twitter:data1\" content=\"2 \u043c\u0438\u043d\u0443\u0442\u044b\" \/>\n<script type=\"application\/ld+json\" class=\"yoast-schema-graph\">{\"@context\":\"https:\/\/schema.org\",\"@graph\":[{\"@type\":\"WebPage\",\"@id\":\"https:\/\/tmrg.ee\/ru\/%d1%83%d0%bc%d0%bd%d1%8b%d0%b5-%d0%ba%d0%b0%d0%bd%d0%b8%d0%ba%d1%83%d0%bb%d1%8b\/\",\"url\":\"https:\/\/tmrg.ee\/ru\/%d1%83%d0%bc%d0%bd%d1%8b%d0%b5-%d0%ba%d0%b0%d0%bd%d0%b8%d0%ba%d1%83%d0%bb%d1%8b\/\",\"name\":\"\u0423\u043c\u043d\u044b\u0435 \u043a\u0430\u043d\u0438\u043a\u0443\u043b\u044b - \u0422\u0430\u043b\u043b\u0438\u043d\u043d\u0441\u043a\u0430\u044f \u041c\u0443\u0441\u0442\u0430\u043c\u044f\u044d\u0441\u043a\u0430\u044f \u0420\u0435\u0430\u043b\u044c\u043d\u0430\u044f \u0433\u0438\u043c\u043d\u0430\u0437\u0438\u044f\",\"isPartOf\":{\"@id\":\"https:\/\/tmrg.ee\/ru\/#website\"},\"primaryImageOfPage\":{\"@id\":\"https:\/\/tmrg.ee\/ru\/%d1%83%d0%bc%d0%bd%d1%8b%d0%b5-%d0%ba%d0%b0%d0%bd%d0%b8%d0%ba%d1%83%d0%bb%d1%8b\/#primaryimage\"},\"image\":{\"@id\":\"https:\/\/tmrg.ee\/ru\/%d1%83%d0%bc%d0%bd%d1%8b%d0%b5-%d0%ba%d0%b0%d0%bd%d0%b8%d0%ba%d1%83%d0%bb%d1%8b\/#primaryimage\"},\"thumbnailUrl\":\"https:\/\/tmrg.ee\/ru\/wp-content\/uploads\/sites\/2\/2020\/03\/tarkkoolivaheaeg01.jpg\",\"datePublished\":\"2020-03-17T12:02:19+00:00\",\"dateModified\":\"2021-08-29T22:18:51+00:00\",\"breadcrumb\":{\"@id\":\"https:\/\/tmrg.ee\/ru\/%d1%83%d0%bc%d0%bd%d1%8b%d0%b5-%d0%ba%d0%b0%d0%bd%d0%b8%d0%ba%d1%83%d0%bb%d1%8b\/#breadcrumb\"},\"inLanguage\":\"ru-RU\",\"potentialAction\":[{\"@type\":\"ReadAction\",\"target\":[\"https:\/\/tmrg.ee\/ru\/%d1%83%d0%bc%d0%bd%d1%8b%d0%b5-%d0%ba%d0%b0%d0%bd%d0%b8%d0%ba%d1%83%d0%bb%d1%8b\/\"]}]},{\"@type\":\"ImageObject\",\"inLanguage\":\"ru-RU\",\"@id\":\"https:\/\/tmrg.ee\/ru\/%d1%83%d0%bc%d0%bd%d1%8b%d0%b5-%d0%ba%d0%b0%d0%bd%d0%b8%d0%ba%d1%83%d0%bb%d1%8b\/#primaryimage\",\"url\":\"https:\/\/tmrg.ee\/ru\/wp-content\/uploads\/sites\/2\/2020\/03\/tarkkoolivaheaeg01.jpg\",\"contentUrl\":\"https:\/\/tmrg.ee\/ru\/wp-content\/uploads\/sites\/2\/2020\/03\/tarkkoolivaheaeg01.jpg\",\"width\":1269,\"height\":753,\"caption\":\"tarkkoolivaheaeg01\"},{\"@type\":\"BreadcrumbList\",\"@id\":\"https:\/\/tmrg.ee\/ru\/%d1%83%d0%bc%d0%bd%d1%8b%d0%b5-%d0%ba%d0%b0%d0%bd%d0%b8%d0%ba%d1%83%d0%bb%d1%8b\/#breadcrumb\",\"itemListElement\":[{\"@type\":\"ListItem\",\"position\":1,\"name\":\"Home\",\"item\":\"https:\/\/tmrg.ee\/ru\/\"},{\"@type\":\"ListItem\",\"position\":2,\"name\":\"\u0423\u043c\u043d\u044b\u0435 \u043a\u0430\u043d\u0438\u043a\u0443\u043b\u044b\"}]},{\"@type\":\"WebSite\",\"@id\":\"https:\/\/tmrg.ee\/ru\/#website\",\"url\":\"https:\/\/tmrg.ee\/ru\/\",\"name\":\"\u0422\u0430\u043b\u043b\u0438\u043d\u043d\u0441\u043a\u0430\u044f \u041c\u0443\u0441\u0442\u0430\u043c\u044f\u044d\u0441\u043a\u0430\u044f \u0420\u0435\u0430\u043b\u044c\u043d\u0430\u044f \u0433\u0438\u043c\u043d\u0430\u0437\u0438\u044f\",\"description\":\"\",\"publisher\":{\"@id\":\"https:\/\/tmrg.ee\/ru\/#organization\"},\"potentialAction\":[{\"@type\":\"SearchAction\",\"target\":{\"@type\":\"EntryPoint\",\"urlTemplate\":\"https:\/\/tmrg.ee\/ru\/?s={search_term_string}\"},\"query-input\":{\"@type\":\"PropertyValueSpecification\",\"valueRequired\":true,\"valueName\":\"search_term_string\"}}],\"inLanguage\":\"ru-RU\"},{\"@type\":\"Organization\",\"@id\":\"https:\/\/tmrg.ee\/ru\/#organization\",\"name\":\"\u0422\u0430\u043b\u043b\u0438\u043d\u043d\u0441\u043a\u0430\u044f \u041c\u0443\u0441\u0442\u0430\u043c\u044f\u044d\u0441\u043a\u0430\u044f \u0420\u0435\u0430\u043b\u044c\u043d\u0430\u044f \u0433\u0438\u043c\u043d\u0430\u0437\u0438\u044f\",\"url\":\"https:\/\/tmrg.ee\/ru\/\",\"logo\":{\"@type\":\"ImageObject\",\"inLanguage\":\"ru-RU\",\"@id\":\"https:\/\/tmrg.ee\/ru\/#\/schema\/logo\/image\/\",\"url\":\"https:\/\/tmrg.ee\/ru\/wp-content\/uploads\/sites\/2\/2022\/07\/3E15D8E3-B449-47D9-B8F2-564E238EF8DB.png\",\"contentUrl\":\"https:\/\/tmrg.ee\/ru\/wp-content\/uploads\/sites\/2\/2022\/07\/3E15D8E3-B449-47D9-B8F2-564E238EF8DB.png\",\"width\":423,\"height\":423,\"caption\":\"\u0422\u0430\u043b\u043b\u0438\u043d\u043d\u0441\u043a\u0430\u044f \u041c\u0443\u0441\u0442\u0430\u043c\u044f\u044d\u0441\u043a\u0430\u044f \u0420\u0435\u0430\u043b\u044c\u043d\u0430\u044f \u0433\u0438\u043c\u043d\u0430\u0437\u0438\u044f\"},\"image\":{\"@id\":\"https:\/\/tmrg.ee\/ru\/#\/schema\/logo\/image\/\"}}]}<\/script>\n<!-- \/ Yoast SEO plugin. -->","yoast_head_json":{"title":"\u0423\u043c\u043d\u044b\u0435 \u043a\u0430\u043d\u0438\u043a\u0443\u043b\u044b - \u0422\u0430\u043b\u043b\u0438\u043d\u043d\u0441\u043a\u0430\u044f \u041c\u0443\u0441\u0442\u0430\u043c\u044f\u044d\u0441\u043a\u0430\u044f \u0420\u0435\u0430\u043b\u044c\u043d\u0430\u044f \u0433\u0438\u043c\u043d\u0430\u0437\u0438\u044f","robots":{"index":"index","follow":"follow","max-snippet":"max-snippet:-1","max-image-preview":"max-image-preview:large","max-video-preview":"max-video-preview:-1"},"canonical":"https:\/\/tmrg.ee\/ru\/\u0443\u043c\u043d\u044b\u0435-\u043a\u0430\u043d\u0438\u043a\u0443\u043b\u044b\/","og_locale":"ru_RU","og_type":"article","og_title":"\u0423\u043c\u043d\u044b\u0435 \u043a\u0430\u043d\u0438\u043a\u0443\u043b\u044b - \u0422\u0430\u043b\u043b\u0438\u043d\u043d\u0441\u043a\u0430\u044f \u041c\u0443\u0441\u0442\u0430\u043c\u044f\u044d\u0441\u043a\u0430\u044f \u0420\u0435\u0430\u043b\u044c\u043d\u0430\u044f \u0433\u0438\u043c\u043d\u0430\u0437\u0438\u044f","og_description":"2019\/2020 Sisu ja p\u00f5hjendus: Tallinna Mustam\u00e4e Reaalg\u00fcmnaasium juba 4 aastat korraldab kooli \u00f5pilastele haridusprogrammi \u201eTark koolivaheaeg&#187;, mis toimub s\u00fcgisel, talvel, kevadel ja suvel koolivaheaegadel.Igal aastal tegevus laieneb, areneb ja pakub lastele kvaliteetaja veetmine. Haridusprogramm \u201eTark koolivaheaeg&#187;oma tegevuse planeerimiseks l\u00e4htub Tallinna haridusstrateegia strateegilistest eesm\u00e4rkidest. Sellel aastal on \u00fcldteemaks valitud: &#171;Erinevad elukutsed&#187;. Haridusprogrammi \u201eTark koolivaheaeg&#187;raames puudutakse elukutsed [&hellip;]","og_url":"https:\/\/tmrg.ee\/ru\/\u0443\u043c\u043d\u044b\u0435-\u043a\u0430\u043d\u0438\u043a\u0443\u043b\u044b\/","og_site_name":"\u0422\u0430\u043b\u043b\u0438\u043d\u043d\u0441\u043a\u0430\u044f \u041c\u0443\u0441\u0442\u0430\u043c\u044f\u044d\u0441\u043a\u0430\u044f \u0420\u0435\u0430\u043b\u044c\u043d\u0430\u044f \u0433\u0438\u043c\u043d\u0430\u0437\u0438\u044f","article_modified_time":"2021-08-29T22:18:51+00:00","og_image":[{"width":1269,"height":753,"url":"https:\/\/tmrg.ee\/ru\/wp-content\/uploads\/sites\/2\/2020\/03\/tarkkoolivaheaeg01.jpg","type":"image\/jpeg"}],"twitter_card":"summary_large_image","twitter_misc":{"\u041f\u0440\u0438\u043c\u0435\u0440\u043d\u043e\u0435 \u0432\u0440\u0435\u043c\u044f \u0434\u043b\u044f \u0447\u0442\u0435\u043d\u0438\u044f":"2 \u043c\u0438\u043d\u0443\u0442\u044b"},"schema":{"@context":"https:\/\/schema.org","@graph":[{"@type":"WebPage","@id":"https:\/\/tmrg.ee\/ru\/%d1%83%d0%bc%d0%bd%d1%8b%d0%b5-%d0%ba%d0%b0%d0%bd%d0%b8%d0%ba%d1%83%d0%bb%d1%8b\/","url":"https:\/\/tmrg.ee\/ru\/%d1%83%d0%bc%d0%bd%d1%8b%d0%b5-%d0%ba%d0%b0%d0%bd%d0%b8%d0%ba%d1%83%d0%bb%d1%8b\/","name":"\u0423\u043c\u043d\u044b\u0435 \u043a\u0430\u043d\u0438\u043a\u0443\u043b\u044b - \u0422\u0430\u043b\u043b\u0438\u043d\u043d\u0441\u043a\u0430\u044f \u041c\u0443\u0441\u0442\u0430\u043c\u044f\u044d\u0441\u043a\u0430\u044f \u0420\u0435\u0430\u043b\u044c\u043d\u0430\u044f \u0433\u0438\u043c\u043d\u0430\u0437\u0438\u044f","isPartOf":{"@id":"https:\/\/tmrg.ee\/ru\/#website"},"primaryImageOfPage":{"@id":"https:\/\/tmrg.ee\/ru\/%d1%83%d0%bc%d0%bd%d1%8b%d0%b5-%d0%ba%d0%b0%d0%bd%d0%b8%d0%ba%d1%83%d0%bb%d1%8b\/#primaryimage"},"image":{"@id":"https:\/\/tmrg.ee\/ru\/%d1%83%d0%bc%d0%bd%d1%8b%d0%b5-%d0%ba%d0%b0%d0%bd%d0%b8%d0%ba%d1%83%d0%bb%d1%8b\/#primaryimage"},"thumbnailUrl":"https:\/\/tmrg.ee\/ru\/wp-content\/uploads\/sites\/2\/2020\/03\/tarkkoolivaheaeg01.jpg","datePublished":"2020-03-17T12:02:19+00:00","dateModified":"2021-08-29T22:18:51+00:00","breadcrumb":{"@id":"https:\/\/tmrg.ee\/ru\/%d1%83%d0%bc%d0%bd%d1%8b%d0%b5-%d0%ba%d0%b0%d0%bd%d0%b8%d0%ba%d1%83%d0%bb%d1%8b\/#breadcrumb"},"inLanguage":"ru-RU","potentialAction":[{"@type":"ReadAction","target":["https:\/\/tmrg.ee\/ru\/%d1%83%d0%bc%d0%bd%d1%8b%d0%b5-%d0%ba%d0%b0%d0%bd%d0%b8%d0%ba%d1%83%d0%bb%d1%8b\/"]}]},{"@type":"ImageObject","inLanguage":"ru-RU","@id":"https:\/\/tmrg.ee\/ru\/%d1%83%d0%bc%d0%bd%d1%8b%d0%b5-%d0%ba%d0%b0%d0%bd%d0%b8%d0%ba%d1%83%d0%bb%d1%8b\/#primaryimage","url":"https:\/\/tmrg.ee\/ru\/wp-content\/uploads\/sites\/2\/2020\/03\/tarkkoolivaheaeg01.jpg","contentUrl":"https:\/\/tmrg.ee\/ru\/wp-content\/uploads\/sites\/2\/2020\/03\/tarkkoolivaheaeg01.jpg","width":1269,"height":753,"caption":"tarkkoolivaheaeg01"},{"@type":"BreadcrumbList","@id":"https:\/\/tmrg.ee\/ru\/%d1%83%d0%bc%d0%bd%d1%8b%d0%b5-%d0%ba%d0%b0%d0%bd%d0%b8%d0%ba%d1%83%d0%bb%d1%8b\/#breadcrumb","itemListElement":[{"@type":"ListItem","position":1,"name":"Home","item":"https:\/\/tmrg.ee\/ru\/"},{"@type":"ListItem","position":2,"name":"\u0423\u043c\u043d\u044b\u0435 \u043a\u0430\u043d\u0438\u043a\u0443\u043b\u044b"}]},{"@type":"WebSite","@id":"https:\/\/tmrg.ee\/ru\/#website","url":"https:\/\/tmrg.ee\/ru\/","name":"\u0422\u0430\u043b\u043b\u0438\u043d\u043d\u0441\u043a\u0430\u044f \u041c\u0443\u0441\u0442\u0430\u043c\u044f\u044d\u0441\u043a\u0430\u044f \u0420\u0435\u0430\u043b\u044c\u043d\u0430\u044f \u0433\u0438\u043c\u043d\u0430\u0437\u0438\u044f","description":"","publisher":{"@id":"https:\/\/tmrg.ee\/ru\/#organization"},"potentialAction":[{"@type":"SearchAction","target":{"@type":"EntryPoint","urlTemplate":"https:\/\/tmrg.ee\/ru\/?s={search_term_string}"},"query-input":{"@type":"PropertyValueSpecification","valueRequired":true,"valueName":"search_term_string"}}],"inLanguage":"ru-RU"},{"@type":"Organization","@id":"https:\/\/tmrg.ee\/ru\/#organization","name":"\u0422\u0430\u043b\u043b\u0438\u043d\u043d\u0441\u043a\u0430\u044f \u041c\u0443\u0441\u0442\u0430\u043c\u044f\u044d\u0441\u043a\u0430\u044f \u0420\u0435\u0430\u043b\u044c\u043d\u0430\u044f \u0433\u0438\u043c\u043d\u0430\u0437\u0438\u044f","url":"https:\/\/tmrg.ee\/ru\/","logo":{"@type":"ImageObject","inLanguage":"ru-RU","@id":"https:\/\/tmrg.ee\/ru\/#\/schema\/logo\/image\/","url":"https:\/\/tmrg.ee\/ru\/wp-content\/uploads\/sites\/2\/2022\/07\/3E15D8E3-B449-47D9-B8F2-564E238EF8DB.png","contentUrl":"https:\/\/tmrg.ee\/ru\/wp-content\/uploads\/sites\/2\/2022\/07\/3E15D8E3-B449-47D9-B8F2-564E238EF8DB.png","width":423,"height":423,"caption":"\u0422\u0430\u043b\u043b\u0438\u043d\u043d\u0441\u043a\u0430\u044f \u041c\u0443\u0441\u0442\u0430\u043c\u044f\u044d\u0441\u043a\u0430\u044f \u0420\u0435\u0430\u043b\u044c\u043d\u0430\u044f \u0433\u0438\u043c\u043d\u0430\u0437\u0438\u044f"},"image":{"@id":"https:\/\/tmrg.ee\/ru\/#\/schema\/logo\/image\/"}}]}},"_links":{"self":[{"href":"https:\/\/tmrg.ee\/ru\/wp-json\/wp\/v2\/pages\/4013","targetHints":{"allow":["GET"]}}],"collection":[{"href":"https:\/\/tmrg.ee\/ru\/wp-json\/wp\/v2\/pages"}],"about":[{"href":"https:\/\/tmrg.ee\/ru\/wp-json\/wp\/v2\/types\/page"}],"author":[{"embeddable":true,"href":"https:\/\/tmrg.ee\/ru\/wp-json\/wp\/v2\/users\/1"}],"replies":[{"embeddable":true,"href":"https:\/\/tmrg.ee\/ru\/wp-json\/wp\/v2\/comments?post=4013"}],"version-history":[{"count":1,"href":"https:\/\/tmrg.ee\/ru\/wp-json\/wp\/v2\/pages\/4013\/revisions"}],"predecessor-version":[{"id":6359,"href":"https:\/\/tmrg.ee\/ru\/wp-json\/wp\/v2\/pages\/4013\/revisions\/6359"}],"wp:featuredmedia":[{"embeddable":true,"href":"https:\/\/tmrg.ee\/ru\/wp-json\/wp\/v2\/media\/4012"}],"wp:attachment":[{"href":"https:\/\/tmrg.ee\/ru\/wp-json\/wp\/v2\/media?parent=4013"}],"curies":[{"name":"wp","href":"https:\/\/api.w.org\/{rel}","templated":true}]}}