{"id":1667,"date":"2015-11-20T06:23:47","date_gmt":"2015-11-20T06:23:47","guid":{"rendered":"https:\/\/tmrg.ee\/ru\/uncategorized\/%d0%ba%d0%be%d0%bd%d1%81%d1%83%d0%bb%d1%8c%d1%82%d0%b0%d1%86%d0%b8%d0%b8\/"},"modified":"2026-04-14T10:13:54","modified_gmt":"2026-04-14T07:13:54","slug":"%d0%ba%d0%be%d0%bd%d1%81%d1%83%d0%bb%d1%8c%d1%82%d0%b0%d1%86%d0%b8%d0%b8","status":"publish","type":"page","link":"https:\/\/tmrg.ee\/ru\/%d0%ba%d0%be%d0%bd%d1%81%d1%83%d0%bb%d1%8c%d1%82%d0%b0%d1%86%d0%b8%d0%b8\/","title":{"rendered":"\u041a\u043e\u043d\u0441\u0443\u043b\u044c\u0442\u0430\u0446\u0438\u0438"},"content":{"rendered":"<table dir=\"ltr\" style=\"width: 100%;\" border=\"1\" cellspacing=\"0\" cellpadding=\"0\" data-sheets-root=\"1\" data-sheets-baot=\"1\">\n<colgroup>\n<col width=\"30\" \/>\n<col width=\"252\" \/>\n<col width=\"514\" \/><\/colgroup>\n<tbody>\n<tr>\n<td colspan=\"3\" rowspan=\"1\">Konsultatsioonide graafik (05.01.2026-09.06.2026)<\/td>\n<\/tr>\n<tr>\n<td>\u2116<\/td>\n<td>\u00d5petaja ees-, perekonnanimi<\/td>\n<td>Konsultatsioonid (n\u00e4dalap\u00e4evad, aeg ja klassiruumid)<\/td>\n<\/tr>\n<tr>\n<td>1<\/td>\n<td>Olga Ivanova<\/td>\n<td>E 15.05-15.50 (kab 414); T 8.15-9.00 (kab 414)<\/td>\n<\/tr>\n<tr>\n<td>2<\/td>\n<td>Anneli Kristal<\/td>\n<td>K 15.05-15.50 (kab 221); R 15.05-15.50 (kab 221)<\/td>\n<\/tr>\n<tr>\n<td>3<\/td>\n<td>Jelena Walz<\/td>\n<td>K 15.05-16.35 (kab 403)<\/td>\n<\/tr>\n<tr>\n<td>4<\/td>\n<td>Anastassia Everest<\/td>\n<td>K 14.20-15.05 (kab 408); R 14.20-15.05 (kab 408)<\/td>\n<\/tr>\n<tr>\n<td>5<\/td>\n<td>Natalja Luukas<\/td>\n<td>E 15.05-15.50 (kab 406); K 15.05-15.50 (kab 406)<\/td>\n<\/tr>\n<tr>\n<td>6<\/td>\n<td>Irina Epler<\/td>\n<td>E 16.00-16.45 (kab 413); K 15.05-15.50 (kab 413)<\/td>\n<\/tr>\n<tr>\n<td>7<\/td>\n<td>Natalja Vergun<\/td>\n<td>N 8.15-9.00 (kab 224)<\/td>\n<\/tr>\n<tr>\n<td>8<\/td>\n<td>Jelena Mazurkevit\u0161<\/td>\n<td>E 13.25-14.10; R 14.20-15.05 (kab 209)<\/td>\n<\/tr>\n<tr>\n<td>9<\/td>\n<td>Jelena Gorbat\u0161eva<\/td>\n<td>T 14.20-15.05 (kab 107); K 14.20-15.05 (kab 107)<\/td>\n<\/tr>\n<tr>\n<td>10<\/td>\n<td>Marianna Kirillova<\/td>\n<td>E 14.20-15.05 (kab 407); K 14.20-15.05 (kab 235)<\/td>\n<\/tr>\n<tr>\n<td>11<\/td>\n<td>Kirsti-Jana Paara<\/td>\n<td>T 15.05-15.50 (kab 411); K 15.05-15.50 (kab 411)<\/td>\n<\/tr>\n<tr>\n<td>12<\/td>\n<td>Natalja Talis<\/td>\n<td>N 14.10-15.40 (kab 304)<\/td>\n<\/tr>\n<tr>\n<td>13<\/td>\n<td>Margarita Ma\u017eeiko<\/td>\n<td>K 15.05-16.45 (kab 412)<\/td>\n<\/tr>\n<tr>\n<td>14<\/td>\n<td>Anna Golubeva<\/td>\n<td>E 15.00-16.00<\/td>\n<\/tr>\n<tr>\n<td>15<\/td>\n<td>Marianna Tam<\/td>\n<td>T 15.05-16.45 (kab 410)<\/td>\n<\/tr>\n<tr>\n<td>16<\/td>\n<td>Maria \u0160tefanjuk<\/td>\n<td>E 15.15-16.00 (kab 415); K 15.15-16.00 (kab 415)<\/td>\n<\/tr>\n<tr>\n<td>17<\/td>\n<td>Eseniia Voronina<\/td>\n<td>E 15.05-16.30 (kab 207)<\/td>\n<\/tr>\n<tr>\n<td>18<\/td>\n<td>Merilin M\u00e4nd<\/td>\n<td>E 14.10-15.05 (kab 209); K 14.10-15.05 (kab 207)<\/td>\n<\/tr>\n<tr>\n<td>19<\/td>\n<td>Viktoria \u0160vit\u0161kova<\/td>\n<td>E 15.05-15.50 (kab 404); T 15.05-15.50 (kab 404)<\/td>\n<\/tr>\n<tr>\n<td>20<\/td>\n<td>Natalja Glu\u0161kova<\/td>\n<td>T 14.20-15.05, 16.00-16.45 (kab 312)<\/td>\n<\/tr>\n<tr>\n<td>21<\/td>\n<td>Olga Did\u00f5k<\/td>\n<td>K 8.05-8.50; K 15.05-15.50 (kab 136)<\/td>\n<\/tr>\n<tr>\n<td>22<\/td>\n<td>T\u00f5nu Kaukis<\/td>\n<td>E 15.05-15.50 (kab 136)<\/td>\n<\/tr>\n<tr>\n<td>23<\/td>\n<td>Mikhail Lebedev<\/td>\n<td>E 14.20-15.05; iga p\u00e4ev 08.15-09.00 (kab 136)<\/td>\n<\/tr>\n<tr>\n<td>24<\/td>\n<td>Piia Kesanurm<\/td>\n<td>T 14.10-14.55; N 14.10-14.55 (kab 136)<\/td>\n<\/tr>\n<tr>\n<td>25<\/td>\n<td>Artemi Larionov<\/td>\n<td>E ja K 14.20-15.05 (kab. 136)<\/td>\n<\/tr>\n<tr>\n<td>26<\/td>\n<td>Merit Tarkus<\/td>\n<td>E 14.10-14.55; T 13.25-14.10 (kab. 136)<\/td>\n<\/tr>\n<tr>\n<td>27<\/td>\n<td>Natalija Mahhova<\/td>\n<td>T 15.05 -15.50 (kab 313); K 12.40-13.25 (kab 313)<\/td>\n<\/tr>\n<tr>\n<td>28<\/td>\n<td>Alla Oja<\/td>\n<td>K 15.05-15.50 (kab 315); R 15.05-15.50 (kab 315)<\/td>\n<\/tr>\n<tr>\n<td>29<\/td>\n<td>Svetlana Belova<\/td>\n<td>T 14.10-14.55 (kab 112)<\/td>\n<\/tr>\n<tr>\n<td>30<\/td>\n<td>Jevgenia Petrova<\/td>\n<td>R 15.05-16.35 (kab 314)<\/td>\n<\/tr>\n<tr>\n<td>31<\/td>\n<td>Jekaterina Vanina<\/td>\n<td>T 15.05-17.15 (kab 228)<\/td>\n<\/tr>\n<tr>\n<td>32<\/td>\n<td>Svetlana Butkovskaja<\/td>\n<td>E 14.15-15.00 (kab 311); R 14.15-15.00 (kab 311)<\/td>\n<\/tr>\n<tr>\n<td>33<\/td>\n<td>Raivo Paasoja<\/td>\n<td>E 15.05-15.50 (kab 211); K 14.30-15.30 (kab 211)<\/td>\n<\/tr>\n<tr>\n<td>34<\/td>\n<td>Kateryna Huseva<\/td>\n<td>N 15.05-17.05 (kab 226)<\/td>\n<\/tr>\n<tr>\n<td>35<\/td>\n<td>Irina T\u0161it\u0161ejeva<\/td>\n<td>E 14.15-15.00 (kab 229); R 15.05-15.50 (kab 229)<\/td>\n<\/tr>\n<tr>\n<td>36<\/td>\n<td>Sergio Klein<\/td>\n<td>N 15:50-16:35 (kab 409)<\/td>\n<\/tr>\n<tr>\n<td>37<\/td>\n<td>Oxana Nikolaeva<\/td>\n<td>N 14.15-15.30 ( kab 213)<\/td>\n<\/tr>\n<tr>\n<td>38<\/td>\n<td>Viktoria Shapovalova<\/td>\n<td>T 15.05-16.45 (kab 212)<\/td>\n<\/tr>\n<tr>\n<td>39<\/td>\n<td>Andrei Kuntsmann<\/td>\n<td>K 15.05-16.45 (kab 309)<\/td>\n<\/tr>\n<tr>\n<td>40<\/td>\n<td>Svetlana Zvonarjova<\/td>\n<td>T 15.05-15.50 (kab 409)<\/td>\n<\/tr>\n<tr>\n<td>41<\/td>\n<td>Ahto M\u00fclla<\/td>\n<td>N 16.45-17.30 (kab 407); R 16.45-17.30 (kab 407)<\/td>\n<\/tr>\n<tr>\n<td>42<\/td>\n<td>Vasily Tsypun<\/td>\n<td>T 16.00-16.45 (kab 411)<\/td>\n<\/tr>\n<tr>\n<td>43<\/td>\n<td>Natalia Kurguz<\/td>\n<td>E 15.50-17.00 (kab 122)<\/td>\n<\/tr>\n<tr>\n<td>44<\/td>\n<td>Maret Volens<\/td>\n<td>T 14.20-15.05 (kab 110)<\/td>\n<\/tr>\n<tr>\n<td>45<\/td>\n<td>Olga Kuznetsova<\/td>\n<td>T 15.05-15.50 ( kab 125)<\/td>\n<\/tr>\n<tr>\n<td>46<\/td>\n<td>Alesja Stavitskaja<\/td>\n<td>T 15.05-15.50 (kab 235)<\/td>\n<\/tr>\n<tr>\n<td>47<\/td>\n<td>Ljudmilla Sjomina<\/td>\n<td>E 15.05-15.50 (kab 238), K 15.05-15.50 (kab 238)<\/td>\n<\/tr>\n<tr>\n<td>48<\/td>\n<td>Inna Ermel<\/td>\n<td>K 14.20-15.05 (kab 235)<\/td>\n<\/tr>\n<tr>\n<td>49<\/td>\n<td>Olga Homt\u0161enko<\/td>\n<td>E 14.20-15.05 (kab 210)<\/td>\n<\/tr>\n<tr>\n<td>50<\/td>\n<td>Larissa Budnitskaja<\/td>\n<td>E 15.05-15.50 (kab 208); T 13.25-14.10 (kab 208)<\/td>\n<\/tr>\n<tr>\n<td>51<\/td>\n<td>Jelena Doll<\/td>\n<td>N 14.20-15.05 (kab 109)<\/td>\n<\/tr>\n<tr>\n<td>52<\/td>\n<td>Margit M\u00fc\u00fcrisepp<\/td>\n<td>E 13.25-14.10 (kab 113); K 14.20-15.05 (kab 113)<\/td>\n<\/tr>\n<tr>\n<td>53<\/td>\n<td>Diana Veiper<\/td>\n<td>R 12.40-14.10 (kab 210)<\/td>\n<\/tr>\n<tr>\n<td>54<\/td>\n<td>Ljudmilla Perepjolkina<\/td>\n<td>E 14.20-15.05 (kab 112); K 14.20-15.05 (kab 112)<\/td>\n<\/tr>\n<tr>\n<td>55<\/td>\n<td>Svetlana Zahharova<\/td>\n<td>E 14.20-15.05 (kab 106); T 13.25-14.10 (kab 106)<\/td>\n<\/tr>\n<tr>\n<td>56<\/td>\n<td>Marina R\u00f5mar<\/td>\n<td>R 12.40-13.25 (kab 110)<\/td>\n<\/tr>\n<tr>\n<td>57<\/td>\n<td>Anna Nechaeva<\/td>\n<td>T 14.20-15.05 (kab 111); K 14.20-15.05 (kab 111)<\/td>\n<\/tr>\n<tr>\n<td>58<\/td>\n<td>Nadezhda Widder<\/td>\n<td>E 13.25-14.10 (kab 108); N 13.25-14.10 (kab 108)<\/td>\n<\/tr>\n<tr>\n<td>59<\/td>\n<td>K\u00e4tlin Otstavel<\/td>\n<td>K 13.25-14.10 (kab 105); R 12.40-13.25 (kab 105)<\/td>\n<\/tr>\n<\/tbody>\n<\/table>\n","protected":false},"excerpt":{"rendered":"<p>Konsultatsioonide graafik (05.01.2026-09.06.2026) \u2116 \u00d5petaja ees-, perekonnanimi Konsultatsioonid (n\u00e4dalap\u00e4evad, aeg ja klassiruumid) 1 Olga Ivanova E 15.05-15.50 (kab 414); T 8.15-9.00 (kab 414) 2 Anneli Kristal K 15.05-15.50 (kab 221); R 15.05-15.50 (kab 221) 3 Jelena Walz K 15.05-16.35 (kab 403) 4 Anastassia Everest K 14.20-15.05 (kab 408); R 14.20-15.05 (kab 408) 5 Natalja Luukas [&hellip;]<\/p>\n","protected":false},"author":1,"featured_media":0,"parent":0,"menu_order":31,"comment_status":"open","ping_status":"open","template":"","meta":{"_acf_changed":false,"footnotes":""},"class_list":["post-1667","page","type-page","status-publish","hentry"],"acf":[],"yoast_head":"<!-- This site is optimized with the Yoast SEO plugin v27.1.1 - https:\/\/yoast.com\/product\/yoast-seo-wordpress\/ -->\n<title>\u041a\u043e\u043d\u0441\u0443\u043b\u044c\u0442\u0430\u0446\u0438\u0438 - \u0422\u0430\u043b\u043b\u0438\u043d\u043d\u0441\u043a\u0430\u044f \u041c\u0443\u0441\u0442\u0430\u043c\u044f\u044d\u0441\u043a\u0430\u044f \u0420\u0435\u0430\u043b\u044c\u043d\u0430\u044f \u0433\u0438\u043c\u043d\u0430\u0437\u0438\u044f<\/title>\n<meta name=\"robots\" content=\"index, follow, max-snippet:-1, max-image-preview:large, max-video-preview:-1\" \/>\n<link rel=\"canonical\" href=\"https:\/\/tmrg.ee\/ru\/\u043a\u043e\u043d\u0441\u0443\u043b\u044c\u0442\u0430\u0446\u0438\u0438\/\" \/>\n<meta property=\"og:locale\" content=\"ru_RU\" \/>\n<meta property=\"og:type\" content=\"article\" \/>\n<meta property=\"og:title\" content=\"\u041a\u043e\u043d\u0441\u0443\u043b\u044c\u0442\u0430\u0446\u0438\u0438 - \u0422\u0430\u043b\u043b\u0438\u043d\u043d\u0441\u043a\u0430\u044f \u041c\u0443\u0441\u0442\u0430\u043c\u044f\u044d\u0441\u043a\u0430\u044f \u0420\u0435\u0430\u043b\u044c\u043d\u0430\u044f \u0433\u0438\u043c\u043d\u0430\u0437\u0438\u044f\" \/>\n<meta property=\"og:description\" content=\"Konsultatsioonide graafik (05.01.2026-09.06.2026) \u2116 \u00d5petaja ees-, perekonnanimi Konsultatsioonid (n\u00e4dalap\u00e4evad, aeg ja klassiruumid) 1 Olga Ivanova E 15.05-15.50 (kab 414); T 8.15-9.00 (kab 414) 2 Anneli Kristal K 15.05-15.50 (kab 221); R 15.05-15.50 (kab 221) 3 Jelena Walz K 15.05-16.35 (kab 403) 4 Anastassia Everest K 14.20-15.05 (kab 408); R 14.20-15.05 (kab 408) 5 Natalja Luukas [&hellip;]\" \/>\n<meta property=\"og:url\" content=\"https:\/\/tmrg.ee\/ru\/\u043a\u043e\u043d\u0441\u0443\u043b\u044c\u0442\u0430\u0446\u0438\u0438\/\" \/>\n<meta property=\"og:site_name\" content=\"\u0422\u0430\u043b\u043b\u0438\u043d\u043d\u0441\u043a\u0430\u044f \u041c\u0443\u0441\u0442\u0430\u043c\u044f\u044d\u0441\u043a\u0430\u044f \u0420\u0435\u0430\u043b\u044c\u043d\u0430\u044f \u0433\u0438\u043c\u043d\u0430\u0437\u0438\u044f\" \/>\n<meta property=\"article:modified_time\" content=\"2026-04-14T07:13:54+00:00\" \/>\n<meta name=\"twitter:card\" content=\"summary_large_image\" \/>\n<meta name=\"twitter:label1\" content=\"\u041f\u0440\u0438\u043c\u0435\u0440\u043d\u043e\u0435 \u0432\u0440\u0435\u043c\u044f \u0434\u043b\u044f \u0447\u0442\u0435\u043d\u0438\u044f\" \/>\n\t<meta name=\"twitter:data1\" content=\"3 \u043c\u0438\u043d\u0443\u0442\u044b\" \/>\n<script type=\"application\/ld+json\" class=\"yoast-schema-graph\">{\"@context\":\"https:\/\/schema.org\",\"@graph\":[{\"@type\":\"WebPage\",\"@id\":\"https:\/\/tmrg.ee\/ru\/%d0%ba%d0%be%d0%bd%d1%81%d1%83%d0%bb%d1%8c%d1%82%d0%b0%d1%86%d0%b8%d0%b8\/\",\"url\":\"https:\/\/tmrg.ee\/ru\/%d0%ba%d0%be%d0%bd%d1%81%d1%83%d0%bb%d1%8c%d1%82%d0%b0%d1%86%d0%b8%d0%b8\/\",\"name\":\"\u041a\u043e\u043d\u0441\u0443\u043b\u044c\u0442\u0430\u0446\u0438\u0438 - \u0422\u0430\u043b\u043b\u0438\u043d\u043d\u0441\u043a\u0430\u044f \u041c\u0443\u0441\u0442\u0430\u043c\u044f\u044d\u0441\u043a\u0430\u044f \u0420\u0435\u0430\u043b\u044c\u043d\u0430\u044f \u0433\u0438\u043c\u043d\u0430\u0437\u0438\u044f\",\"isPartOf\":{\"@id\":\"https:\/\/tmrg.ee\/ru\/#website\"},\"datePublished\":\"2015-11-20T06:23:47+00:00\",\"dateModified\":\"2026-04-14T07:13:54+00:00\",\"breadcrumb\":{\"@id\":\"https:\/\/tmrg.ee\/ru\/%d0%ba%d0%be%d0%bd%d1%81%d1%83%d0%bb%d1%8c%d1%82%d0%b0%d1%86%d0%b8%d0%b8\/#breadcrumb\"},\"inLanguage\":\"ru-RU\",\"potentialAction\":[{\"@type\":\"ReadAction\",\"target\":[\"https:\/\/tmrg.ee\/ru\/%d0%ba%d0%be%d0%bd%d1%81%d1%83%d0%bb%d1%8c%d1%82%d0%b0%d1%86%d0%b8%d0%b8\/\"]}]},{\"@type\":\"BreadcrumbList\",\"@id\":\"https:\/\/tmrg.ee\/ru\/%d0%ba%d0%be%d0%bd%d1%81%d1%83%d0%bb%d1%8c%d1%82%d0%b0%d1%86%d0%b8%d0%b8\/#breadcrumb\",\"itemListElement\":[{\"@type\":\"ListItem\",\"position\":1,\"name\":\"Home\",\"item\":\"https:\/\/tmrg.ee\/ru\/\"},{\"@type\":\"ListItem\",\"position\":2,\"name\":\"\u041a\u043e\u043d\u0441\u0443\u043b\u044c\u0442\u0430\u0446\u0438\u0438\"}]},{\"@type\":\"WebSite\",\"@id\":\"https:\/\/tmrg.ee\/ru\/#website\",\"url\":\"https:\/\/tmrg.ee\/ru\/\",\"name\":\"\u0422\u0430\u043b\u043b\u0438\u043d\u043d\u0441\u043a\u0430\u044f \u041c\u0443\u0441\u0442\u0430\u043c\u044f\u044d\u0441\u043a\u0430\u044f \u0420\u0435\u0430\u043b\u044c\u043d\u0430\u044f \u0433\u0438\u043c\u043d\u0430\u0437\u0438\u044f\",\"description\":\"\",\"publisher\":{\"@id\":\"https:\/\/tmrg.ee\/ru\/#organization\"},\"potentialAction\":[{\"@type\":\"SearchAction\",\"target\":{\"@type\":\"EntryPoint\",\"urlTemplate\":\"https:\/\/tmrg.ee\/ru\/?s={search_term_string}\"},\"query-input\":{\"@type\":\"PropertyValueSpecification\",\"valueRequired\":true,\"valueName\":\"search_term_string\"}}],\"inLanguage\":\"ru-RU\"},{\"@type\":\"Organization\",\"@id\":\"https:\/\/tmrg.ee\/ru\/#organization\",\"name\":\"\u0422\u0430\u043b\u043b\u0438\u043d\u043d\u0441\u043a\u0430\u044f \u041c\u0443\u0441\u0442\u0430\u043c\u044f\u044d\u0441\u043a\u0430\u044f \u0420\u0435\u0430\u043b\u044c\u043d\u0430\u044f \u0433\u0438\u043c\u043d\u0430\u0437\u0438\u044f\",\"url\":\"https:\/\/tmrg.ee\/ru\/\",\"logo\":{\"@type\":\"ImageObject\",\"inLanguage\":\"ru-RU\",\"@id\":\"https:\/\/tmrg.ee\/ru\/#\/schema\/logo\/image\/\",\"url\":\"https:\/\/tmrg.ee\/ru\/wp-content\/uploads\/sites\/2\/2022\/07\/3E15D8E3-B449-47D9-B8F2-564E238EF8DB.png\",\"contentUrl\":\"https:\/\/tmrg.ee\/ru\/wp-content\/uploads\/sites\/2\/2022\/07\/3E15D8E3-B449-47D9-B8F2-564E238EF8DB.png\",\"width\":423,\"height\":423,\"caption\":\"\u0422\u0430\u043b\u043b\u0438\u043d\u043d\u0441\u043a\u0430\u044f \u041c\u0443\u0441\u0442\u0430\u043c\u044f\u044d\u0441\u043a\u0430\u044f \u0420\u0435\u0430\u043b\u044c\u043d\u0430\u044f \u0433\u0438\u043c\u043d\u0430\u0437\u0438\u044f\"},\"image\":{\"@id\":\"https:\/\/tmrg.ee\/ru\/#\/schema\/logo\/image\/\"}}]}<\/script>\n<!-- \/ Yoast SEO plugin. -->","yoast_head_json":{"title":"\u041a\u043e\u043d\u0441\u0443\u043b\u044c\u0442\u0430\u0446\u0438\u0438 - \u0422\u0430\u043b\u043b\u0438\u043d\u043d\u0441\u043a\u0430\u044f \u041c\u0443\u0441\u0442\u0430\u043c\u044f\u044d\u0441\u043a\u0430\u044f \u0420\u0435\u0430\u043b\u044c\u043d\u0430\u044f \u0433\u0438\u043c\u043d\u0430\u0437\u0438\u044f","robots":{"index":"index","follow":"follow","max-snippet":"max-snippet:-1","max-image-preview":"max-image-preview:large","max-video-preview":"max-video-preview:-1"},"canonical":"https:\/\/tmrg.ee\/ru\/\u043a\u043e\u043d\u0441\u0443\u043b\u044c\u0442\u0430\u0446\u0438\u0438\/","og_locale":"ru_RU","og_type":"article","og_title":"\u041a\u043e\u043d\u0441\u0443\u043b\u044c\u0442\u0430\u0446\u0438\u0438 - \u0422\u0430\u043b\u043b\u0438\u043d\u043d\u0441\u043a\u0430\u044f \u041c\u0443\u0441\u0442\u0430\u043c\u044f\u044d\u0441\u043a\u0430\u044f \u0420\u0435\u0430\u043b\u044c\u043d\u0430\u044f \u0433\u0438\u043c\u043d\u0430\u0437\u0438\u044f","og_description":"Konsultatsioonide graafik (05.01.2026-09.06.2026) \u2116 \u00d5petaja ees-, perekonnanimi Konsultatsioonid (n\u00e4dalap\u00e4evad, aeg ja klassiruumid) 1 Olga Ivanova E 15.05-15.50 (kab 414); T 8.15-9.00 (kab 414) 2 Anneli Kristal K 15.05-15.50 (kab 221); R 15.05-15.50 (kab 221) 3 Jelena Walz K 15.05-16.35 (kab 403) 4 Anastassia Everest K 14.20-15.05 (kab 408); R 14.20-15.05 (kab 408) 5 Natalja Luukas [&hellip;]","og_url":"https:\/\/tmrg.ee\/ru\/\u043a\u043e\u043d\u0441\u0443\u043b\u044c\u0442\u0430\u0446\u0438\u0438\/","og_site_name":"\u0422\u0430\u043b\u043b\u0438\u043d\u043d\u0441\u043a\u0430\u044f \u041c\u0443\u0441\u0442\u0430\u043c\u044f\u044d\u0441\u043a\u0430\u044f \u0420\u0435\u0430\u043b\u044c\u043d\u0430\u044f \u0433\u0438\u043c\u043d\u0430\u0437\u0438\u044f","article_modified_time":"2026-04-14T07:13:54+00:00","twitter_card":"summary_large_image","twitter_misc":{"\u041f\u0440\u0438\u043c\u0435\u0440\u043d\u043e\u0435 \u0432\u0440\u0435\u043c\u044f \u0434\u043b\u044f \u0447\u0442\u0435\u043d\u0438\u044f":"3 \u043c\u0438\u043d\u0443\u0442\u044b"},"schema":{"@context":"https:\/\/schema.org","@graph":[{"@type":"WebPage","@id":"https:\/\/tmrg.ee\/ru\/%d0%ba%d0%be%d0%bd%d1%81%d1%83%d0%bb%d1%8c%d1%82%d0%b0%d1%86%d0%b8%d0%b8\/","url":"https:\/\/tmrg.ee\/ru\/%d0%ba%d0%be%d0%bd%d1%81%d1%83%d0%bb%d1%8c%d1%82%d0%b0%d1%86%d0%b8%d0%b8\/","name":"\u041a\u043e\u043d\u0441\u0443\u043b\u044c\u0442\u0430\u0446\u0438\u0438 - \u0422\u0430\u043b\u043b\u0438\u043d\u043d\u0441\u043a\u0430\u044f \u041c\u0443\u0441\u0442\u0430\u043c\u044f\u044d\u0441\u043a\u0430\u044f \u0420\u0435\u0430\u043b\u044c\u043d\u0430\u044f \u0433\u0438\u043c\u043d\u0430\u0437\u0438\u044f","isPartOf":{"@id":"https:\/\/tmrg.ee\/ru\/#website"},"datePublished":"2015-11-20T06:23:47+00:00","dateModified":"2026-04-14T07:13:54+00:00","breadcrumb":{"@id":"https:\/\/tmrg.ee\/ru\/%d0%ba%d0%be%d0%bd%d1%81%d1%83%d0%bb%d1%8c%d1%82%d0%b0%d1%86%d0%b8%d0%b8\/#breadcrumb"},"inLanguage":"ru-RU","potentialAction":[{"@type":"ReadAction","target":["https:\/\/tmrg.ee\/ru\/%d0%ba%d0%be%d0%bd%d1%81%d1%83%d0%bb%d1%8c%d1%82%d0%b0%d1%86%d0%b8%d0%b8\/"]}]},{"@type":"BreadcrumbList","@id":"https:\/\/tmrg.ee\/ru\/%d0%ba%d0%be%d0%bd%d1%81%d1%83%d0%bb%d1%8c%d1%82%d0%b0%d1%86%d0%b8%d0%b8\/#breadcrumb","itemListElement":[{"@type":"ListItem","position":1,"name":"Home","item":"https:\/\/tmrg.ee\/ru\/"},{"@type":"ListItem","position":2,"name":"\u041a\u043e\u043d\u0441\u0443\u043b\u044c\u0442\u0430\u0446\u0438\u0438"}]},{"@type":"WebSite","@id":"https:\/\/tmrg.ee\/ru\/#website","url":"https:\/\/tmrg.ee\/ru\/","name":"\u0422\u0430\u043b\u043b\u0438\u043d\u043d\u0441\u043a\u0430\u044f \u041c\u0443\u0441\u0442\u0430\u043c\u044f\u044d\u0441\u043a\u0430\u044f \u0420\u0435\u0430\u043b\u044c\u043d\u0430\u044f \u0433\u0438\u043c\u043d\u0430\u0437\u0438\u044f","description":"","publisher":{"@id":"https:\/\/tmrg.ee\/ru\/#organization"},"potentialAction":[{"@type":"SearchAction","target":{"@type":"EntryPoint","urlTemplate":"https:\/\/tmrg.ee\/ru\/?s={search_term_string}"},"query-input":{"@type":"PropertyValueSpecification","valueRequired":true,"valueName":"search_term_string"}}],"inLanguage":"ru-RU"},{"@type":"Organization","@id":"https:\/\/tmrg.ee\/ru\/#organization","name":"\u0422\u0430\u043b\u043b\u0438\u043d\u043d\u0441\u043a\u0430\u044f \u041c\u0443\u0441\u0442\u0430\u043c\u044f\u044d\u0441\u043a\u0430\u044f \u0420\u0435\u0430\u043b\u044c\u043d\u0430\u044f \u0433\u0438\u043c\u043d\u0430\u0437\u0438\u044f","url":"https:\/\/tmrg.ee\/ru\/","logo":{"@type":"ImageObject","inLanguage":"ru-RU","@id":"https:\/\/tmrg.ee\/ru\/#\/schema\/logo\/image\/","url":"https:\/\/tmrg.ee\/ru\/wp-content\/uploads\/sites\/2\/2022\/07\/3E15D8E3-B449-47D9-B8F2-564E238EF8DB.png","contentUrl":"https:\/\/tmrg.ee\/ru\/wp-content\/uploads\/sites\/2\/2022\/07\/3E15D8E3-B449-47D9-B8F2-564E238EF8DB.png","width":423,"height":423,"caption":"\u0422\u0430\u043b\u043b\u0438\u043d\u043d\u0441\u043a\u0430\u044f \u041c\u0443\u0441\u0442\u0430\u043c\u044f\u044d\u0441\u043a\u0430\u044f \u0420\u0435\u0430\u043b\u044c\u043d\u0430\u044f \u0433\u0438\u043c\u043d\u0430\u0437\u0438\u044f"},"image":{"@id":"https:\/\/tmrg.ee\/ru\/#\/schema\/logo\/image\/"}}]}},"_links":{"self":[{"href":"https:\/\/tmrg.ee\/ru\/wp-json\/wp\/v2\/pages\/1667","targetHints":{"allow":["GET"]}}],"collection":[{"href":"https:\/\/tmrg.ee\/ru\/wp-json\/wp\/v2\/pages"}],"about":[{"href":"https:\/\/tmrg.ee\/ru\/wp-json\/wp\/v2\/types\/page"}],"author":[{"embeddable":true,"href":"https:\/\/tmrg.ee\/ru\/wp-json\/wp\/v2\/users\/1"}],"replies":[{"embeddable":true,"href":"https:\/\/tmrg.ee\/ru\/wp-json\/wp\/v2\/comments?post=1667"}],"version-history":[{"count":81,"href":"https:\/\/tmrg.ee\/ru\/wp-json\/wp\/v2\/pages\/1667\/revisions"}],"predecessor-version":[{"id":13243,"href":"https:\/\/tmrg.ee\/ru\/wp-json\/wp\/v2\/pages\/1667\/revisions\/13243"}],"wp:attachment":[{"href":"https:\/\/tmrg.ee\/ru\/wp-json\/wp\/v2\/media?parent=1667"}],"curies":[{"name":"wp","href":"https:\/\/api.w.org\/{rel}","templated":true}]}}