{"id":1590,"date":"2015-09-08T21:02:16","date_gmt":"2015-09-08T21:02:16","guid":{"rendered":"https:\/\/tmrg.ee\/ru\/uncategorized\/%d0%b7%d0%b0%d1%8f%d0%b2%d0%bb%d0%b5%d0%bd%d0%b8%d0%b5-%d0%bd%d0%b0-%d0%b1%d0%b5%d1%81%d0%bf%d0%bb%d0%b0%d1%82%d0%bd%d1%8b%d0%b5-%d0%ba%d1%80%d1%83%d0%b6%d0%ba%d0%b8\/"},"modified":"2025-09-15T18:42:56","modified_gmt":"2025-09-15T15:42:56","slug":"%d0%b7%d0%b0%d1%8f%d0%b2%d0%bb%d0%b5%d0%bd%d0%b8%d0%b5-%d0%bd%d0%b0-%d0%b1%d0%b5%d1%81%d0%bf%d0%bb%d0%b0%d1%82%d0%bd%d1%8b%d0%b5-%d0%ba%d1%80%d1%83%d0%b6%d0%ba%d0%b8","status":"publish","type":"page","link":"https:\/\/tmrg.ee\/ru\/%d0%b2%d0%bd%d0%b5%d0%ba%d0%bb%d0%b0%d1%81%d1%81%d0%bd%d0%b0%d1%8f-%d1%80%d0%b0%d0%b1%d0%be%d1%82%d0%b0\/%d0%b7%d0%b0%d1%8f%d0%b2%d0%bb%d0%b5%d0%bd%d0%b8%d0%b5-%d0%bd%d0%b0-%d0%b1%d0%b5%d1%81%d0%bf%d0%bb%d0%b0%d1%82%d0%bd%d1%8b%d0%b5-%d0%ba%d1%80%d1%83%d0%b6%d0%ba%d0%b8\/","title":{"rendered":"\u0417\u0430\u044f\u0432\u043b\u0435\u043d\u0438\u0435 \u043d\u0430 \u0431\u0435\u0441\u043f\u043b\u0430\u0442\u043d\u044b\u0435 \u043a\u0440\u0443\u0436\u043a\u0438"},"content":{"rendered":"<h3>Registreerimine toimub eKooli veebilehe kaudu.<\/h3>\n<p><span style=\"font-weight: 400;\">Kui oled \u00f5pilasena sisse loginud, vali \u00fclevalt men\u00fc\u00fcst \u00abKursused\u00bb.<\/span><\/p>\n<p><span style=\"font-weight: 400;\">Kui olete sisse logitud lapsevanemana, valige esmalt \u00f5pilane ja seej\u00e4rel valige \u00fclevalt men\u00fc\u00fcst \u00abKursused\u00bb.<\/span><\/p>\n<p><img decoding=\"async\" class=\"alignnone size-full wp-image-12960\" src=\"https:\/\/tmrg.ee\/wp-content\/uploads\/2025\/09\/pilt001.jpg\" alt=\"\" \/><\/p>\n<p><span style=\"font-weight: 400;\">Vali nimekirjast kursus ja vajuta hallile nupule \u00abRegistreeri kursusele\u00bb.<\/span><\/p>\n<p><img decoding=\"async\" class=\"alignnone size-full wp-image-12961\" src=\"https:\/\/tmrg.ee\/wp-content\/uploads\/2025\/09\/pilt002.jpg\" alt=\"\" \/><\/p>\n<p><span style=\"font-weight: 400;\">P\u00e4rast seda kinnita oma registreerimine, m\u00e4rgistades kaks ruutu ja kl\u00f5psates sinist nuppu. \u00abRegistreeri\u00bb.<\/span><\/p>\n<p><img decoding=\"async\" class=\"alignnone size-full wp-image-12962\" src=\"https:\/\/tmrg.ee\/wp-content\/uploads\/2025\/09\/pilt003.jpg\" alt=\"\" \/><\/p>\n<p>&nbsp;<\/p>\n<p><span style=\"font-weight: 400;\">Otselink: <\/span><a href=\"https:\/\/kursused.ekool.eu\/\"><span style=\"font-weight: 400;\">https:\/\/kursused.ekool.eu\/<\/span><\/a><\/p>\n<h1>\u00a0<\/h1>\n<h1><b>Tasuta huviringid algkooli \u00f5pilastele: koor, kunst, karate.<\/b><\/h1>\n<h2><b><i>1.-3. klass<\/i><\/b><\/h2>\n<p><span style=\"font-weight: 400;\">6 huviringi eesti keeles (Erudiit, huvitav lugemine, Mina ja keskkond, inglise keel, koor, karate)<\/span><\/p>\n<p>&nbsp;<\/p>\n<h1><strong>Haridusameti toel<\/strong><\/h1>\n<p>IT Club- programmeerimine ja arvutim\u00e4ngude loomine 3.-5.klasside \u00f5pilastele ( suund Roblox )<br \/>\nIT Club- programmeerimine ja arvutim\u00e4ngude loomine 3.-5.klasside \u00f5pilastele ( suund Minecraft programmeerimine Python-il )<br \/>\nIT Club- programmeerimine ja arvutim\u00e4ngude loomine 5.-8.klasside \u00f5pilastele ( suund Minecraft programmeerimine Python-il ) <br \/>\n\u201eUniversumi labor: Robootika\u201c: I R\u00dcHM 4.- 6. klasside \u00f5pilastele, II R\u00dcHM 7. &#8212; 9. klasside \u00f5pilastele<\/p>\n<h3>\n<strong>\u201eUniversumi labor: Robootika\u201c<\/strong><\/h3>\n<p>\nHuviringi kirjeldus:<\/p>\n<p style=\"text-align: justify;\">\u00dcldeesm\u00e4rgiks on \u00f5pilaste huvi arendamine teaduse ning elektroonika vastu, konstrueerimise osavuse arendamine, tehnilise m\u00f5tlemise arendamine, oskuse omandamine t\u00f6\u00f6tada mehaaniliste ja elektrooniliste t\u00f6\u00f6riistadega, meeskonnat\u00f6\u00f6 \u00f5ppimine, k\u00f5rgtehnoloogilises maailmas toimetuleku oskuse arendamine ning ettev\u00f5tlus\u0435 m\u00f5tlemise arendamine. Huviringi k\u00e4igus toimub 3D modelleerimisega tutvumine, lihtsamate robotite loomine, t\u00f6\u00f6 LEGO konstruktoriga. Osaleme ROBOTEX Internationale eelv\u00f5istlustel (15.11.2024), ROBOTEXis 2024 (06.-07.12.2024), FIRST LEGO LEAGUE, Lab Roberta Open Virtuaalne robootika v\u00f5istlusel, V\u00f5rumaa Robootikap\u00e4eva \u00fcritustes.<\/p>\n<p>I R\u00dcHM 4. &#8212; 6. klasside \u00f5pilastele. Tunnid toimuvad esmasp\u00e4eviti ja kolmap\u00e4eviti 14.20 &#8212; 15.50.<br \/>\nII R\u00dcHM 7. &#8212; 9. klasside \u00f5pilastele. Tunnid toimuvad esmasp\u00e4eviti ja kolmap\u00e4eviti 16.00 &#8212; 17.30.<\/p>\n<p>Huviringi juht: Andrei Kuntsmann, kab.308<\/p>\n<h3>\n<strong>Huviringi \u201eIT Club- programmeerimine ja arvutim\u00e4ngude loomine\u201c l\u00e4biviimine II ja III kooliastmetele.<\/strong><\/h3>\n<p style=\"text-align: justify;\">\nHuviringi eesm\u00e4rk on arendada ja mitmekesistada meie kooli LTT huvihariduse valdkonda. Selleks k\u00e4ivitatakse programmeerimise, arvutigraafika ja arvutim\u00e4ngude loomise huviringi, mis tutvustaks II ja III kooliastme \u00f5pilastele p\u00f5nevate projektid abil (Roblox Studio, Minecraft Education, Tinkercad, Sculptris platvormidel) arvutiteaduse, 3D arvutigraafika ja programmeerimise aluseid. Selle tegevuse kaudu \u00e4ratatakse lastes huvi IKT valdkonna vastu, tutvustatakse selle valdkonna suundade mitmekesisust, n\u00e4idatakse IKT perspektiive ja abistatakse raskuste \u00fcletamisel. Huviringi ainekava toetab ja t\u00e4iendab kooli \u00f5ppeprogramme- eriti matemaatika, f\u00fc\u00fcsika, informaatika valdkondades ning aitab kujundada riiklikus \u00f5ppekavas m\u00e4\u00e4ratud p\u00e4devusi- eelk\u00f5ige digip\u00e4devus, matemaatika-, loodusteaduste ja tehnoloogiaalane p\u00e4devus ja ettev\u00f5tlikkusp\u00e4devuse.<\/p>\n<p>&nbsp;<\/p>\n<h3 style=\"text-align: justify;\">R\u00dcHMAD:<\/h3>\n<h4 style=\"text-align: justify;\">IT Club- programmeerimine ja arvutim\u00e4ngude loomine 3.-5.klasside \u00f5pilastele (suund <strong>Roblox<\/strong>)<br \/>\nTunnid toimuvad neljap\u00e4eviti 14.20 &#8212; 15.05<\/h4>\n<p style=\"text-align: justify;\">3D arvutim\u00e4ngude loomine Roblox Studios. 3D graafika, programmeerimise aluste ja arvutiteaduse \u00f5ppimine luues enda Roblox arvutim\u00e4nge.<\/p>\n<p style=\"text-align: justify;\">Huviringi juht: XTeadus MT\u00dc Natalja Vorotilova, kab.309<\/p>\n<h4 style=\"text-align: justify;\">IT Club- programmeerimine ja arvutim\u00e4ngude loomine 3.-5.klasside \u00f5pilastele (suund <strong>Minecraft programmeerimine Python-il<\/strong>)<br \/>\nTunnid toimuvad neljap\u00e4eviti 15.05 &#8212; 15.50<\/h4>\n<p style=\"text-align: justify;\">Tutvumine populaarse programmeerimiskeelega Python, programmeerimise alustega, 3D arvutigraafikaga ja arvutiteadusega luues enda projekte Minecraft Education platvormil.<\/p>\n<p style=\"text-align: justify;\">Huviringi juht: XTeadus MT\u00dc Natalja Vorotilova, kab.309<\/p>\n<h4 style=\"text-align: justify;\">IT Club- programmeerimine ja arvutim\u00e4ngude loomine 5.-8.klasside \u00f5pilastele (suund <strong>Minecraft programmeerimine Python-il<\/strong>) <br \/>\nTunnid toimuvad neljap\u00e4eviti 16.00 &#8212; 16.45<\/h4>\n<p style=\"text-align: justify;\">Tutvumine populaarse programmeerimiskeelega Python, programmeerimise alustega, 3D arvutigraafikaga ja arvutiteadusega luues enda projekte Minecraft Education platvormil.<\/p>\n<p style=\"text-align: justify;\">Huviringi juht: XTeadus MT\u00dc Natalja Vorotilova, kab.309<\/p>\n<p style=\"text-align: justify;\">\u00a0<\/p>\n","protected":false},"excerpt":{"rendered":"<p>Registreerimine toimub eKooli veebilehe kaudu. Kui oled \u00f5pilasena sisse loginud, vali \u00fclevalt men\u00fc\u00fcst \u00abKursused\u00bb. Kui olete sisse logitud lapsevanemana, valige esmalt \u00f5pilane ja seej\u00e4rel valige \u00fclevalt men\u00fc\u00fcst \u00abKursused\u00bb. Vali nimekirjast kursus ja vajuta hallile nupule \u00abRegistreeri kursusele\u00bb. P\u00e4rast seda kinnita oma registreerimine, m\u00e4rgistades kaks ruutu ja kl\u00f5psates sinist nuppu. \u00abRegistreeri\u00bb. &nbsp; Otselink: https:\/\/kursused.ekool.eu\/ \u00a0 Tasuta [&hellip;]<\/p>\n","protected":false},"author":1,"featured_media":0,"parent":611,"menu_order":34,"comment_status":"open","ping_status":"closed","template":"","meta":{"_acf_changed":false,"footnotes":""},"class_list":["post-1590","page","type-page","status-publish","hentry"],"acf":[],"yoast_head":"<!-- This site is optimized with the Yoast SEO plugin v27.1.1 - https:\/\/yoast.com\/product\/yoast-seo-wordpress\/ -->\n<title>\u0417\u0430\u044f\u0432\u043b\u0435\u043d\u0438\u0435 \u043d\u0430 \u0431\u0435\u0441\u043f\u043b\u0430\u0442\u043d\u044b\u0435 \u043a\u0440\u0443\u0436\u043a\u0438 - \u0422\u0430\u043b\u043b\u0438\u043d\u043d\u0441\u043a\u0430\u044f \u041c\u0443\u0441\u0442\u0430\u043c\u044f\u044d\u0441\u043a\u0430\u044f \u0420\u0435\u0430\u043b\u044c\u043d\u0430\u044f \u0433\u0438\u043c\u043d\u0430\u0437\u0438\u044f<\/title>\n<meta name=\"robots\" content=\"index, follow, max-snippet:-1, max-image-preview:large, max-video-preview:-1\" \/>\n<link rel=\"canonical\" href=\"https:\/\/tmrg.ee\/ru\/\u0432\u043d\u0435\u043a\u043b\u0430\u0441\u0441\u043d\u0430\u044f-\u0440\u0430\u0431\u043e\u0442\u0430\/\u0437\u0430\u044f\u0432\u043b\u0435\u043d\u0438\u0435-\u043d\u0430-\u0431\u0435\u0441\u043f\u043b\u0430\u0442\u043d\u044b\u0435-\u043a\u0440\u0443\u0436\u043a\u0438\/\" \/>\n<meta property=\"og:locale\" content=\"ru_RU\" \/>\n<meta property=\"og:type\" content=\"article\" \/>\n<meta property=\"og:title\" content=\"\u0417\u0430\u044f\u0432\u043b\u0435\u043d\u0438\u0435 \u043d\u0430 \u0431\u0435\u0441\u043f\u043b\u0430\u0442\u043d\u044b\u0435 \u043a\u0440\u0443\u0436\u043a\u0438 - \u0422\u0430\u043b\u043b\u0438\u043d\u043d\u0441\u043a\u0430\u044f \u041c\u0443\u0441\u0442\u0430\u043c\u044f\u044d\u0441\u043a\u0430\u044f \u0420\u0435\u0430\u043b\u044c\u043d\u0430\u044f \u0433\u0438\u043c\u043d\u0430\u0437\u0438\u044f\" \/>\n<meta property=\"og:description\" content=\"Registreerimine toimub eKooli veebilehe kaudu. Kui oled \u00f5pilasena sisse loginud, vali \u00fclevalt men\u00fc\u00fcst \u00abKursused\u00bb. Kui olete sisse logitud lapsevanemana, valige esmalt \u00f5pilane ja seej\u00e4rel valige \u00fclevalt men\u00fc\u00fcst \u00abKursused\u00bb. Vali nimekirjast kursus ja vajuta hallile nupule \u00abRegistreeri kursusele\u00bb. P\u00e4rast seda kinnita oma registreerimine, m\u00e4rgistades kaks ruutu ja kl\u00f5psates sinist nuppu. \u00abRegistreeri\u00bb. &nbsp; Otselink: https:\/\/kursused.ekool.eu\/ \u00a0 Tasuta [&hellip;]\" \/>\n<meta property=\"og:url\" content=\"https:\/\/tmrg.ee\/ru\/\u0432\u043d\u0435\u043a\u043b\u0430\u0441\u0441\u043d\u0430\u044f-\u0440\u0430\u0431\u043e\u0442\u0430\/\u0437\u0430\u044f\u0432\u043b\u0435\u043d\u0438\u0435-\u043d\u0430-\u0431\u0435\u0441\u043f\u043b\u0430\u0442\u043d\u044b\u0435-\u043a\u0440\u0443\u0436\u043a\u0438\/\" \/>\n<meta property=\"og:site_name\" content=\"\u0422\u0430\u043b\u043b\u0438\u043d\u043d\u0441\u043a\u0430\u044f \u041c\u0443\u0441\u0442\u0430\u043c\u044f\u044d\u0441\u043a\u0430\u044f \u0420\u0435\u0430\u043b\u044c\u043d\u0430\u044f \u0433\u0438\u043c\u043d\u0430\u0437\u0438\u044f\" \/>\n<meta property=\"article:modified_time\" content=\"2025-09-15T15:42:56+00:00\" \/>\n<meta name=\"twitter:card\" content=\"summary_large_image\" \/>\n<meta name=\"twitter:label1\" content=\"\u041f\u0440\u0438\u043c\u0435\u0440\u043d\u043e\u0435 \u0432\u0440\u0435\u043c\u044f \u0434\u043b\u044f \u0447\u0442\u0435\u043d\u0438\u044f\" \/>\n\t<meta name=\"twitter:data1\" content=\"4 \u043c\u0438\u043d\u0443\u0442\u044b\" \/>\n<script type=\"application\/ld+json\" class=\"yoast-schema-graph\">{\"@context\":\"https:\/\/schema.org\",\"@graph\":[{\"@type\":\"WebPage\",\"@id\":\"https:\/\/tmrg.ee\/ru\/%d0%b2%d0%bd%d0%b5%d0%ba%d0%bb%d0%b0%d1%81%d1%81%d0%bd%d0%b0%d1%8f-%d1%80%d0%b0%d0%b1%d0%be%d1%82%d0%b0\/%d0%b7%d0%b0%d1%8f%d0%b2%d0%bb%d0%b5%d0%bd%d0%b8%d0%b5-%d0%bd%d0%b0-%d0%b1%d0%b5%d1%81%d0%bf%d0%bb%d0%b0%d1%82%d0%bd%d1%8b%d0%b5-%d0%ba%d1%80%d1%83%d0%b6%d0%ba%d0%b8\/\",\"url\":\"https:\/\/tmrg.ee\/ru\/%d0%b2%d0%bd%d0%b5%d0%ba%d0%bb%d0%b0%d1%81%d1%81%d0%bd%d0%b0%d1%8f-%d1%80%d0%b0%d0%b1%d0%be%d1%82%d0%b0\/%d0%b7%d0%b0%d1%8f%d0%b2%d0%bb%d0%b5%d0%bd%d0%b8%d0%b5-%d0%bd%d0%b0-%d0%b1%d0%b5%d1%81%d0%bf%d0%bb%d0%b0%d1%82%d0%bd%d1%8b%d0%b5-%d0%ba%d1%80%d1%83%d0%b6%d0%ba%d0%b8\/\",\"name\":\"\u0417\u0430\u044f\u0432\u043b\u0435\u043d\u0438\u0435 \u043d\u0430 \u0431\u0435\u0441\u043f\u043b\u0430\u0442\u043d\u044b\u0435 \u043a\u0440\u0443\u0436\u043a\u0438 - \u0422\u0430\u043b\u043b\u0438\u043d\u043d\u0441\u043a\u0430\u044f \u041c\u0443\u0441\u0442\u0430\u043c\u044f\u044d\u0441\u043a\u0430\u044f \u0420\u0435\u0430\u043b\u044c\u043d\u0430\u044f \u0433\u0438\u043c\u043d\u0430\u0437\u0438\u044f\",\"isPartOf\":{\"@id\":\"https:\/\/tmrg.ee\/ru\/#website\"},\"primaryImageOfPage\":{\"@id\":\"https:\/\/tmrg.ee\/ru\/%d0%b2%d0%bd%d0%b5%d0%ba%d0%bb%d0%b0%d1%81%d1%81%d0%bd%d0%b0%d1%8f-%d1%80%d0%b0%d0%b1%d0%be%d1%82%d0%b0\/%d0%b7%d0%b0%d1%8f%d0%b2%d0%bb%d0%b5%d0%bd%d0%b8%d0%b5-%d0%bd%d0%b0-%d0%b1%d0%b5%d1%81%d0%bf%d0%bb%d0%b0%d1%82%d0%bd%d1%8b%d0%b5-%d0%ba%d1%80%d1%83%d0%b6%d0%ba%d0%b8\/#primaryimage\"},\"image\":{\"@id\":\"https:\/\/tmrg.ee\/ru\/%d0%b2%d0%bd%d0%b5%d0%ba%d0%bb%d0%b0%d1%81%d1%81%d0%bd%d0%b0%d1%8f-%d1%80%d0%b0%d0%b1%d0%be%d1%82%d0%b0\/%d0%b7%d0%b0%d1%8f%d0%b2%d0%bb%d0%b5%d0%bd%d0%b8%d0%b5-%d0%bd%d0%b0-%d0%b1%d0%b5%d1%81%d0%bf%d0%bb%d0%b0%d1%82%d0%bd%d1%8b%d0%b5-%d0%ba%d1%80%d1%83%d0%b6%d0%ba%d0%b8\/#primaryimage\"},\"thumbnailUrl\":\"https:\/\/tmrg.ee\/wp-content\/uploads\/2025\/09\/pilt001.jpg\",\"datePublished\":\"2015-09-08T21:02:16+00:00\",\"dateModified\":\"2025-09-15T15:42:56+00:00\",\"breadcrumb\":{\"@id\":\"https:\/\/tmrg.ee\/ru\/%d0%b2%d0%bd%d0%b5%d0%ba%d0%bb%d0%b0%d1%81%d1%81%d0%bd%d0%b0%d1%8f-%d1%80%d0%b0%d0%b1%d0%be%d1%82%d0%b0\/%d0%b7%d0%b0%d1%8f%d0%b2%d0%bb%d0%b5%d0%bd%d0%b8%d0%b5-%d0%bd%d0%b0-%d0%b1%d0%b5%d1%81%d0%bf%d0%bb%d0%b0%d1%82%d0%bd%d1%8b%d0%b5-%d0%ba%d1%80%d1%83%d0%b6%d0%ba%d0%b8\/#breadcrumb\"},\"inLanguage\":\"ru-RU\",\"potentialAction\":[{\"@type\":\"ReadAction\",\"target\":[\"https:\/\/tmrg.ee\/ru\/%d0%b2%d0%bd%d0%b5%d0%ba%d0%bb%d0%b0%d1%81%d1%81%d0%bd%d0%b0%d1%8f-%d1%80%d0%b0%d0%b1%d0%be%d1%82%d0%b0\/%d0%b7%d0%b0%d1%8f%d0%b2%d0%bb%d0%b5%d0%bd%d0%b8%d0%b5-%d0%bd%d0%b0-%d0%b1%d0%b5%d1%81%d0%bf%d0%bb%d0%b0%d1%82%d0%bd%d1%8b%d0%b5-%d0%ba%d1%80%d1%83%d0%b6%d0%ba%d0%b8\/\"]}]},{\"@type\":\"ImageObject\",\"inLanguage\":\"ru-RU\",\"@id\":\"https:\/\/tmrg.ee\/ru\/%d0%b2%d0%bd%d0%b5%d0%ba%d0%bb%d0%b0%d1%81%d1%81%d0%bd%d0%b0%d1%8f-%d1%80%d0%b0%d0%b1%d0%be%d1%82%d0%b0\/%d0%b7%d0%b0%d1%8f%d0%b2%d0%bb%d0%b5%d0%bd%d0%b8%d0%b5-%d0%bd%d0%b0-%d0%b1%d0%b5%d1%81%d0%bf%d0%bb%d0%b0%d1%82%d0%bd%d1%8b%d0%b5-%d0%ba%d1%80%d1%83%d0%b6%d0%ba%d0%b8\/#primaryimage\",\"url\":\"https:\/\/tmrg.ee\/wp-content\/uploads\/2025\/09\/pilt001.jpg\",\"contentUrl\":\"https:\/\/tmrg.ee\/wp-content\/uploads\/2025\/09\/pilt001.jpg\"},{\"@type\":\"BreadcrumbList\",\"@id\":\"https:\/\/tmrg.ee\/ru\/%d0%b2%d0%bd%d0%b5%d0%ba%d0%bb%d0%b0%d1%81%d1%81%d0%bd%d0%b0%d1%8f-%d1%80%d0%b0%d0%b1%d0%be%d1%82%d0%b0\/%d0%b7%d0%b0%d1%8f%d0%b2%d0%bb%d0%b5%d0%bd%d0%b8%d0%b5-%d0%bd%d0%b0-%d0%b1%d0%b5%d1%81%d0%bf%d0%bb%d0%b0%d1%82%d0%bd%d1%8b%d0%b5-%d0%ba%d1%80%d1%83%d0%b6%d0%ba%d0%b8\/#breadcrumb\",\"itemListElement\":[{\"@type\":\"ListItem\",\"position\":1,\"name\":\"Home\",\"item\":\"https:\/\/tmrg.ee\/ru\/\"},{\"@type\":\"ListItem\",\"position\":2,\"name\":\"\u0412\u043d\u0435\u043a\u043b\u0430\u0441\u0441\u043d\u0430\u044f \u0440\u0430\u0431\u043e\u0442\u0430\",\"item\":\"https:\/\/tmrg.ee\/ru\/%d0%b2%d0%bd%d0%b5%d0%ba%d0%bb%d0%b0%d1%81%d1%81%d0%bd%d0%b0%d1%8f-%d1%80%d0%b0%d0%b1%d0%be%d1%82%d0%b0\/\"},{\"@type\":\"ListItem\",\"position\":3,\"name\":\"\u0417\u0430\u044f\u0432\u043b\u0435\u043d\u0438\u0435 \u043d\u0430 \u0431\u0435\u0441\u043f\u043b\u0430\u0442\u043d\u044b\u0435 \u043a\u0440\u0443\u0436\u043a\u0438\"}]},{\"@type\":\"WebSite\",\"@id\":\"https:\/\/tmrg.ee\/ru\/#website\",\"url\":\"https:\/\/tmrg.ee\/ru\/\",\"name\":\"\u0422\u0430\u043b\u043b\u0438\u043d\u043d\u0441\u043a\u0430\u044f \u041c\u0443\u0441\u0442\u0430\u043c\u044f\u044d\u0441\u043a\u0430\u044f \u0420\u0435\u0430\u043b\u044c\u043d\u0430\u044f \u0433\u0438\u043c\u043d\u0430\u0437\u0438\u044f\",\"description\":\"\",\"publisher\":{\"@id\":\"https:\/\/tmrg.ee\/ru\/#organization\"},\"potentialAction\":[{\"@type\":\"SearchAction\",\"target\":{\"@type\":\"EntryPoint\",\"urlTemplate\":\"https:\/\/tmrg.ee\/ru\/?s={search_term_string}\"},\"query-input\":{\"@type\":\"PropertyValueSpecification\",\"valueRequired\":true,\"valueName\":\"search_term_string\"}}],\"inLanguage\":\"ru-RU\"},{\"@type\":\"Organization\",\"@id\":\"https:\/\/tmrg.ee\/ru\/#organization\",\"name\":\"\u0422\u0430\u043b\u043b\u0438\u043d\u043d\u0441\u043a\u0430\u044f \u041c\u0443\u0441\u0442\u0430\u043c\u044f\u044d\u0441\u043a\u0430\u044f \u0420\u0435\u0430\u043b\u044c\u043d\u0430\u044f \u0433\u0438\u043c\u043d\u0430\u0437\u0438\u044f\",\"url\":\"https:\/\/tmrg.ee\/ru\/\",\"logo\":{\"@type\":\"ImageObject\",\"inLanguage\":\"ru-RU\",\"@id\":\"https:\/\/tmrg.ee\/ru\/#\/schema\/logo\/image\/\",\"url\":\"https:\/\/tmrg.ee\/ru\/wp-content\/uploads\/sites\/2\/2022\/07\/3E15D8E3-B449-47D9-B8F2-564E238EF8DB.png\",\"contentUrl\":\"https:\/\/tmrg.ee\/ru\/wp-content\/uploads\/sites\/2\/2022\/07\/3E15D8E3-B449-47D9-B8F2-564E238EF8DB.png\",\"width\":423,\"height\":423,\"caption\":\"\u0422\u0430\u043b\u043b\u0438\u043d\u043d\u0441\u043a\u0430\u044f \u041c\u0443\u0441\u0442\u0430\u043c\u044f\u044d\u0441\u043a\u0430\u044f \u0420\u0435\u0430\u043b\u044c\u043d\u0430\u044f \u0433\u0438\u043c\u043d\u0430\u0437\u0438\u044f\"},\"image\":{\"@id\":\"https:\/\/tmrg.ee\/ru\/#\/schema\/logo\/image\/\"}}]}<\/script>\n<!-- \/ Yoast SEO plugin. -->","yoast_head_json":{"title":"\u0417\u0430\u044f\u0432\u043b\u0435\u043d\u0438\u0435 \u043d\u0430 \u0431\u0435\u0441\u043f\u043b\u0430\u0442\u043d\u044b\u0435 \u043a\u0440\u0443\u0436\u043a\u0438 - \u0422\u0430\u043b\u043b\u0438\u043d\u043d\u0441\u043a\u0430\u044f \u041c\u0443\u0441\u0442\u0430\u043c\u044f\u044d\u0441\u043a\u0430\u044f \u0420\u0435\u0430\u043b\u044c\u043d\u0430\u044f \u0433\u0438\u043c\u043d\u0430\u0437\u0438\u044f","robots":{"index":"index","follow":"follow","max-snippet":"max-snippet:-1","max-image-preview":"max-image-preview:large","max-video-preview":"max-video-preview:-1"},"canonical":"https:\/\/tmrg.ee\/ru\/\u0432\u043d\u0435\u043a\u043b\u0430\u0441\u0441\u043d\u0430\u044f-\u0440\u0430\u0431\u043e\u0442\u0430\/\u0437\u0430\u044f\u0432\u043b\u0435\u043d\u0438\u0435-\u043d\u0430-\u0431\u0435\u0441\u043f\u043b\u0430\u0442\u043d\u044b\u0435-\u043a\u0440\u0443\u0436\u043a\u0438\/","og_locale":"ru_RU","og_type":"article","og_title":"\u0417\u0430\u044f\u0432\u043b\u0435\u043d\u0438\u0435 \u043d\u0430 \u0431\u0435\u0441\u043f\u043b\u0430\u0442\u043d\u044b\u0435 \u043a\u0440\u0443\u0436\u043a\u0438 - \u0422\u0430\u043b\u043b\u0438\u043d\u043d\u0441\u043a\u0430\u044f \u041c\u0443\u0441\u0442\u0430\u043c\u044f\u044d\u0441\u043a\u0430\u044f \u0420\u0435\u0430\u043b\u044c\u043d\u0430\u044f \u0433\u0438\u043c\u043d\u0430\u0437\u0438\u044f","og_description":"Registreerimine toimub eKooli veebilehe kaudu. Kui oled \u00f5pilasena sisse loginud, vali \u00fclevalt men\u00fc\u00fcst \u00abKursused\u00bb. Kui olete sisse logitud lapsevanemana, valige esmalt \u00f5pilane ja seej\u00e4rel valige \u00fclevalt men\u00fc\u00fcst \u00abKursused\u00bb. Vali nimekirjast kursus ja vajuta hallile nupule \u00abRegistreeri kursusele\u00bb. P\u00e4rast seda kinnita oma registreerimine, m\u00e4rgistades kaks ruutu ja kl\u00f5psates sinist nuppu. \u00abRegistreeri\u00bb. &nbsp; Otselink: https:\/\/kursused.ekool.eu\/ \u00a0 Tasuta [&hellip;]","og_url":"https:\/\/tmrg.ee\/ru\/\u0432\u043d\u0435\u043a\u043b\u0430\u0441\u0441\u043d\u0430\u044f-\u0440\u0430\u0431\u043e\u0442\u0430\/\u0437\u0430\u044f\u0432\u043b\u0435\u043d\u0438\u0435-\u043d\u0430-\u0431\u0435\u0441\u043f\u043b\u0430\u0442\u043d\u044b\u0435-\u043a\u0440\u0443\u0436\u043a\u0438\/","og_site_name":"\u0422\u0430\u043b\u043b\u0438\u043d\u043d\u0441\u043a\u0430\u044f \u041c\u0443\u0441\u0442\u0430\u043c\u044f\u044d\u0441\u043a\u0430\u044f \u0420\u0435\u0430\u043b\u044c\u043d\u0430\u044f \u0433\u0438\u043c\u043d\u0430\u0437\u0438\u044f","article_modified_time":"2025-09-15T15:42:56+00:00","twitter_card":"summary_large_image","twitter_misc":{"\u041f\u0440\u0438\u043c\u0435\u0440\u043d\u043e\u0435 \u0432\u0440\u0435\u043c\u044f \u0434\u043b\u044f \u0447\u0442\u0435\u043d\u0438\u044f":"4 \u043c\u0438\u043d\u0443\u0442\u044b"},"schema":{"@context":"https:\/\/schema.org","@graph":[{"@type":"WebPage","@id":"https:\/\/tmrg.ee\/ru\/%d0%b2%d0%bd%d0%b5%d0%ba%d0%bb%d0%b0%d1%81%d1%81%d0%bd%d0%b0%d1%8f-%d1%80%d0%b0%d0%b1%d0%be%d1%82%d0%b0\/%d0%b7%d0%b0%d1%8f%d0%b2%d0%bb%d0%b5%d0%bd%d0%b8%d0%b5-%d0%bd%d0%b0-%d0%b1%d0%b5%d1%81%d0%bf%d0%bb%d0%b0%d1%82%d0%bd%d1%8b%d0%b5-%d0%ba%d1%80%d1%83%d0%b6%d0%ba%d0%b8\/","url":"https:\/\/tmrg.ee\/ru\/%d0%b2%d0%bd%d0%b5%d0%ba%d0%bb%d0%b0%d1%81%d1%81%d0%bd%d0%b0%d1%8f-%d1%80%d0%b0%d0%b1%d0%be%d1%82%d0%b0\/%d0%b7%d0%b0%d1%8f%d0%b2%d0%bb%d0%b5%d0%bd%d0%b8%d0%b5-%d0%bd%d0%b0-%d0%b1%d0%b5%d1%81%d0%bf%d0%bb%d0%b0%d1%82%d0%bd%d1%8b%d0%b5-%d0%ba%d1%80%d1%83%d0%b6%d0%ba%d0%b8\/","name":"\u0417\u0430\u044f\u0432\u043b\u0435\u043d\u0438\u0435 \u043d\u0430 \u0431\u0435\u0441\u043f\u043b\u0430\u0442\u043d\u044b\u0435 \u043a\u0440\u0443\u0436\u043a\u0438 - \u0422\u0430\u043b\u043b\u0438\u043d\u043d\u0441\u043a\u0430\u044f \u041c\u0443\u0441\u0442\u0430\u043c\u044f\u044d\u0441\u043a\u0430\u044f \u0420\u0435\u0430\u043b\u044c\u043d\u0430\u044f \u0433\u0438\u043c\u043d\u0430\u0437\u0438\u044f","isPartOf":{"@id":"https:\/\/tmrg.ee\/ru\/#website"},"primaryImageOfPage":{"@id":"https:\/\/tmrg.ee\/ru\/%d0%b2%d0%bd%d0%b5%d0%ba%d0%bb%d0%b0%d1%81%d1%81%d0%bd%d0%b0%d1%8f-%d1%80%d0%b0%d0%b1%d0%be%d1%82%d0%b0\/%d0%b7%d0%b0%d1%8f%d0%b2%d0%bb%d0%b5%d0%bd%d0%b8%d0%b5-%d0%bd%d0%b0-%d0%b1%d0%b5%d1%81%d0%bf%d0%bb%d0%b0%d1%82%d0%bd%d1%8b%d0%b5-%d0%ba%d1%80%d1%83%d0%b6%d0%ba%d0%b8\/#primaryimage"},"image":{"@id":"https:\/\/tmrg.ee\/ru\/%d0%b2%d0%bd%d0%b5%d0%ba%d0%bb%d0%b0%d1%81%d1%81%d0%bd%d0%b0%d1%8f-%d1%80%d0%b0%d0%b1%d0%be%d1%82%d0%b0\/%d0%b7%d0%b0%d1%8f%d0%b2%d0%bb%d0%b5%d0%bd%d0%b8%d0%b5-%d0%bd%d0%b0-%d0%b1%d0%b5%d1%81%d0%bf%d0%bb%d0%b0%d1%82%d0%bd%d1%8b%d0%b5-%d0%ba%d1%80%d1%83%d0%b6%d0%ba%d0%b8\/#primaryimage"},"thumbnailUrl":"https:\/\/tmrg.ee\/wp-content\/uploads\/2025\/09\/pilt001.jpg","datePublished":"2015-09-08T21:02:16+00:00","dateModified":"2025-09-15T15:42:56+00:00","breadcrumb":{"@id":"https:\/\/tmrg.ee\/ru\/%d0%b2%d0%bd%d0%b5%d0%ba%d0%bb%d0%b0%d1%81%d1%81%d0%bd%d0%b0%d1%8f-%d1%80%d0%b0%d0%b1%d0%be%d1%82%d0%b0\/%d0%b7%d0%b0%d1%8f%d0%b2%d0%bb%d0%b5%d0%bd%d0%b8%d0%b5-%d0%bd%d0%b0-%d0%b1%d0%b5%d1%81%d0%bf%d0%bb%d0%b0%d1%82%d0%bd%d1%8b%d0%b5-%d0%ba%d1%80%d1%83%d0%b6%d0%ba%d0%b8\/#breadcrumb"},"inLanguage":"ru-RU","potentialAction":[{"@type":"ReadAction","target":["https:\/\/tmrg.ee\/ru\/%d0%b2%d0%bd%d0%b5%d0%ba%d0%bb%d0%b0%d1%81%d1%81%d0%bd%d0%b0%d1%8f-%d1%80%d0%b0%d0%b1%d0%be%d1%82%d0%b0\/%d0%b7%d0%b0%d1%8f%d0%b2%d0%bb%d0%b5%d0%bd%d0%b8%d0%b5-%d0%bd%d0%b0-%d0%b1%d0%b5%d1%81%d0%bf%d0%bb%d0%b0%d1%82%d0%bd%d1%8b%d0%b5-%d0%ba%d1%80%d1%83%d0%b6%d0%ba%d0%b8\/"]}]},{"@type":"ImageObject","inLanguage":"ru-RU","@id":"https:\/\/tmrg.ee\/ru\/%d0%b2%d0%bd%d0%b5%d0%ba%d0%bb%d0%b0%d1%81%d1%81%d0%bd%d0%b0%d1%8f-%d1%80%d0%b0%d0%b1%d0%be%d1%82%d0%b0\/%d0%b7%d0%b0%d1%8f%d0%b2%d0%bb%d0%b5%d0%bd%d0%b8%d0%b5-%d0%bd%d0%b0-%d0%b1%d0%b5%d1%81%d0%bf%d0%bb%d0%b0%d1%82%d0%bd%d1%8b%d0%b5-%d0%ba%d1%80%d1%83%d0%b6%d0%ba%d0%b8\/#primaryimage","url":"https:\/\/tmrg.ee\/wp-content\/uploads\/2025\/09\/pilt001.jpg","contentUrl":"https:\/\/tmrg.ee\/wp-content\/uploads\/2025\/09\/pilt001.jpg"},{"@type":"BreadcrumbList","@id":"https:\/\/tmrg.ee\/ru\/%d0%b2%d0%bd%d0%b5%d0%ba%d0%bb%d0%b0%d1%81%d1%81%d0%bd%d0%b0%d1%8f-%d1%80%d0%b0%d0%b1%d0%be%d1%82%d0%b0\/%d0%b7%d0%b0%d1%8f%d0%b2%d0%bb%d0%b5%d0%bd%d0%b8%d0%b5-%d0%bd%d0%b0-%d0%b1%d0%b5%d1%81%d0%bf%d0%bb%d0%b0%d1%82%d0%bd%d1%8b%d0%b5-%d0%ba%d1%80%d1%83%d0%b6%d0%ba%d0%b8\/#breadcrumb","itemListElement":[{"@type":"ListItem","position":1,"name":"Home","item":"https:\/\/tmrg.ee\/ru\/"},{"@type":"ListItem","position":2,"name":"\u0412\u043d\u0435\u043a\u043b\u0430\u0441\u0441\u043d\u0430\u044f \u0440\u0430\u0431\u043e\u0442\u0430","item":"https:\/\/tmrg.ee\/ru\/%d0%b2%d0%bd%d0%b5%d0%ba%d0%bb%d0%b0%d1%81%d1%81%d0%bd%d0%b0%d1%8f-%d1%80%d0%b0%d0%b1%d0%be%d1%82%d0%b0\/"},{"@type":"ListItem","position":3,"name":"\u0417\u0430\u044f\u0432\u043b\u0435\u043d\u0438\u0435 \u043d\u0430 \u0431\u0435\u0441\u043f\u043b\u0430\u0442\u043d\u044b\u0435 \u043a\u0440\u0443\u0436\u043a\u0438"}]},{"@type":"WebSite","@id":"https:\/\/tmrg.ee\/ru\/#website","url":"https:\/\/tmrg.ee\/ru\/","name":"\u0422\u0430\u043b\u043b\u0438\u043d\u043d\u0441\u043a\u0430\u044f \u041c\u0443\u0441\u0442\u0430\u043c\u044f\u044d\u0441\u043a\u0430\u044f \u0420\u0435\u0430\u043b\u044c\u043d\u0430\u044f \u0433\u0438\u043c\u043d\u0430\u0437\u0438\u044f","description":"","publisher":{"@id":"https:\/\/tmrg.ee\/ru\/#organization"},"potentialAction":[{"@type":"SearchAction","target":{"@type":"EntryPoint","urlTemplate":"https:\/\/tmrg.ee\/ru\/?s={search_term_string}"},"query-input":{"@type":"PropertyValueSpecification","valueRequired":true,"valueName":"search_term_string"}}],"inLanguage":"ru-RU"},{"@type":"Organization","@id":"https:\/\/tmrg.ee\/ru\/#organization","name":"\u0422\u0430\u043b\u043b\u0438\u043d\u043d\u0441\u043a\u0430\u044f \u041c\u0443\u0441\u0442\u0430\u043c\u044f\u044d\u0441\u043a\u0430\u044f \u0420\u0435\u0430\u043b\u044c\u043d\u0430\u044f \u0433\u0438\u043c\u043d\u0430\u0437\u0438\u044f","url":"https:\/\/tmrg.ee\/ru\/","logo":{"@type":"ImageObject","inLanguage":"ru-RU","@id":"https:\/\/tmrg.ee\/ru\/#\/schema\/logo\/image\/","url":"https:\/\/tmrg.ee\/ru\/wp-content\/uploads\/sites\/2\/2022\/07\/3E15D8E3-B449-47D9-B8F2-564E238EF8DB.png","contentUrl":"https:\/\/tmrg.ee\/ru\/wp-content\/uploads\/sites\/2\/2022\/07\/3E15D8E3-B449-47D9-B8F2-564E238EF8DB.png","width":423,"height":423,"caption":"\u0422\u0430\u043b\u043b\u0438\u043d\u043d\u0441\u043a\u0430\u044f \u041c\u0443\u0441\u0442\u0430\u043c\u044f\u044d\u0441\u043a\u0430\u044f \u0420\u0435\u0430\u043b\u044c\u043d\u0430\u044f \u0433\u0438\u043c\u043d\u0430\u0437\u0438\u044f"},"image":{"@id":"https:\/\/tmrg.ee\/ru\/#\/schema\/logo\/image\/"}}]}},"_links":{"self":[{"href":"https:\/\/tmrg.ee\/ru\/wp-json\/wp\/v2\/pages\/1590","targetHints":{"allow":["GET"]}}],"collection":[{"href":"https:\/\/tmrg.ee\/ru\/wp-json\/wp\/v2\/pages"}],"about":[{"href":"https:\/\/tmrg.ee\/ru\/wp-json\/wp\/v2\/types\/page"}],"author":[{"embeddable":true,"href":"https:\/\/tmrg.ee\/ru\/wp-json\/wp\/v2\/users\/1"}],"replies":[{"embeddable":true,"href":"https:\/\/tmrg.ee\/ru\/wp-json\/wp\/v2\/comments?post=1590"}],"version-history":[{"count":14,"href":"https:\/\/tmrg.ee\/ru\/wp-json\/wp\/v2\/pages\/1590\/revisions"}],"predecessor-version":[{"id":12517,"href":"https:\/\/tmrg.ee\/ru\/wp-json\/wp\/v2\/pages\/1590\/revisions\/12517"}],"up":[{"embeddable":true,"href":"https:\/\/tmrg.ee\/ru\/wp-json\/wp\/v2\/pages\/611"}],"wp:attachment":[{"href":"https:\/\/tmrg.ee\/ru\/wp-json\/wp\/v2\/media?parent=1590"}],"curies":[{"name":"wp","href":"https:\/\/api.w.org\/{rel}","templated":true}]}}