{"id":1181,"date":"2014-09-10T09:10:44","date_gmt":"2014-09-10T09:10:44","guid":{"rendered":"https:\/\/tmrg.ee\/ru\/uncategorized\/%d1%82%d0%b5%d1%85%d0%bd%d0%b8%d1%87%d0%b5%d1%81%d0%ba%d0%b8%d0%b9-%d0%bf%d0%b5%d1%80%d1%81%d0%be%d0%bd%d0%b0%d0%bb\/"},"modified":"2026-03-02T17:54:24","modified_gmt":"2026-03-02T15:54:24","slug":"%d1%82%d0%b5%d1%85%d0%bd%d0%b8%d1%87%d0%b5%d1%81%d0%ba%d0%b8%d0%b9-%d0%bf%d0%b5%d1%80%d1%81%d0%be%d0%bd%d0%b0%d0%bb","status":"publish","type":"page","link":"https:\/\/tmrg.ee\/ru\/%d1%82%d0%b5%d1%85%d0%bd%d0%b8%d1%87%d0%b5%d1%81%d0%ba%d0%b8%d0%b9-%d0%bf%d0%b5%d1%80%d1%81%d0%be%d0%bd%d0%b0%d0%bb\/","title":{"rendered":"\u0422\u0435\u0445\u043d\u0438\u0447\u0435\u0441\u043a\u0438\u0439 \u043f\u0435\u0440\u0441\u043e\u043d\u0430\u043b"},"content":{"rendered":"<table class=\"border\" style=\"height: 528px; width: 25.6577%;\" border=\"1\" cellspacing=\"0\" cellpadding=\"4\">\n<tbody>\n<tr style=\"height: 24px;\">\n<td style=\"height: 24px; width: 12.6984%;\">\u00a0<\/td>\n<td style=\"height: 24px; width: 111.421%;\"><strong>Koristajad:<\/strong><\/td>\n<\/tr>\n<tr style=\"height: 24px;\">\n<td style=\"height: 24px; width: 12.6984%;\">1.<\/td>\n<td style=\"height: 24px; width: 111.421%;\">Olga Korom\u00f5slo<\/td>\n<\/tr>\n<tr style=\"height: 24px;\">\n<td style=\"height: 24px; width: 12.6984%;\">2.<\/td>\n<td style=\"height: 24px; width: 111.421%;\">Natalja Gavrilova<\/td>\n<\/tr>\n<tr style=\"height: 24px;\">\n<td style=\"height: 24px; width: 12.6984%;\">3.<\/td>\n<td style=\"height: 24px; width: 111.421%;\">Anu Metsa<\/td>\n<\/tr>\n<tr style=\"height: 24px;\">\n<td style=\"height: 24px; width: 12.6984%;\">4.<\/td>\n<td style=\"height: 24px; width: 111.421%;\">Natalja Akramova<\/td>\n<\/tr>\n<tr style=\"height: 24px;\">\n<td style=\"height: 24px; width: 12.6984%;\">5.<\/td>\n<td style=\"height: 24px; width: 111.421%;\">Irina Umbleja<\/td>\n<\/tr>\n<tr style=\"height: 24px;\">\n<td style=\"height: 24px; width: 12.6984%;\">6.<\/td>\n<td style=\"height: 24px; width: 111.421%;\">Nade\u017eda J\u00f5gi<\/td>\n<\/tr>\n<tr style=\"height: 24px;\">\n<td style=\"height: 24px; width: 12.6984%;\">7.<\/td>\n<td style=\"height: 24px; width: 111.421%;\">Valentina Judina-Tsenkman<\/td>\n<\/tr>\n<tr style=\"height: 24px;\">\n<td style=\"height: 24px; width: 12.6984%;\">8.<\/td>\n<td style=\"height: 24px; width: 111.421%;\">Natalja Vimberg<\/td>\n<\/tr>\n<tr style=\"height: 24px;\">\n<td style=\"height: 24px; width: 12.6984%;\">9.<\/td>\n<td style=\"height: 24px; width: 111.421%;\">Aleksandr Putivtsev<\/td>\n<\/tr>\n<tr style=\"height: 24px;\">\n<td style=\"height: 24px; width: 12.6984%;\">10.<\/td>\n<td style=\"height: 24px; width: 111.421%;\">Olga Zemskova<\/td>\n<\/tr>\n<tr style=\"height: 24px;\">\n<td style=\"width: 12.6984%; height: 24px;\">11.<\/td>\n<td style=\"width: 111.421%; height: 24px;\">Oksana Junkevits<\/td>\n<\/tr>\n<tr style=\"height: 24px;\">\n<td style=\"height: 24px; width: 12.6984%;\">\u00a0<\/td>\n<td style=\"height: 24px; width: 111.421%;\"><strong>Riidehoidjad:<\/strong><\/td>\n<\/tr>\n<tr style=\"height: 24px;\">\n<td style=\"height: 24px; width: 12.6984%;\">1.<\/td>\n<td style=\"height: 24px; width: 111.421%;\">Svetlana Romanova<\/td>\n<\/tr>\n<tr>\n<td style=\"width: 12.6984%;\">2.<\/td>\n<td style=\"width: 111.421%;\">Margarita Kulakovskaja<\/td>\n<\/tr>\n<tr style=\"height: 24px;\">\n<td style=\"height: 24px; width: 12.6984%;\">\u00a0<\/td>\n<td style=\"height: 24px; width: 111.421%;\"><strong>Majahoidja:<\/strong><\/td>\n<\/tr>\n<tr style=\"height: 24px;\">\n<td style=\"height: 24px; width: 12.6984%;\">1.<\/td>\n<td style=\"height: 24px; width: 111.421%;\">Sergei Lapu\u0161kin<\/td>\n<\/tr>\n<tr style=\"height: 24px;\">\n<td style=\"height: 24px; width: 12.6984%;\">\u00a0<\/td>\n<td style=\"height: 24px; width: 111.421%;\"><strong>T\u00f6\u00f6taja:<\/strong><\/td>\n<\/tr>\n<tr style=\"height: 24px;\">\n<td style=\"height: 24px; width: 12.6984%;\">1.<\/td>\n<td style=\"height: 24px; width: 111.421%;\">Alexander Kolodub<\/td>\n<\/tr>\n<tr style=\"height: 24px;\">\n<td style=\"height: 24px; width: 12.6984%;\">\u00a0<\/td>\n<td style=\"height: 24px; width: 111.421%;\"><strong>Valvurid:<\/strong><\/td>\n<\/tr>\n<tr style=\"height: 24px;\">\n<td style=\"height: 24px; width: 12.6984%;\">1.<\/td>\n<td style=\"height: 24px; width: 111.421%;\">Viktor Sudarkin<\/td>\n<\/tr>\n<tr style=\"height: 24px;\">\n<td style=\"height: 24px; width: 12.6984%;\">2.<\/td>\n<td style=\"height: 24px; width: 111.421%;\">Anatoly Barbash<\/td>\n<\/tr>\n<tr style=\"height: 24px;\">\n<td style=\"height: 24px; width: 12.6984%;\">3.<\/td>\n<td style=\"height: 24px; width: 111.421%;\">Oleg Ilnitski<\/td>\n<\/tr>\n<\/tbody>\n<\/table>\n","protected":false},"excerpt":{"rendered":"<p>\u00a0 Koristajad: 1. Olga Korom\u00f5slo 2. Natalja Gavrilova 3. Anu Metsa 4. Natalja Akramova 5. Irina Umbleja 6. Nade\u017eda J\u00f5gi 7. Valentina Judina-Tsenkman 8. Natalja Vimberg 9. Aleksandr Putivtsev 10. Olga Zemskova 11. Oksana Junkevits \u00a0 Riidehoidjad: 1. Svetlana Romanova 2. Margarita Kulakovskaja \u00a0 Majahoidja: 1. Sergei Lapu\u0161kin \u00a0 T\u00f6\u00f6taja: 1. Alexander Kolodub \u00a0 Valvurid: [&hellip;]<\/p>\n","protected":false},"author":1,"featured_media":0,"parent":0,"menu_order":39,"comment_status":"open","ping_status":"open","template":"","meta":{"_acf_changed":false,"footnotes":""},"class_list":["post-1181","page","type-page","status-publish","hentry"],"acf":[],"yoast_head":"<!-- This site is optimized with the Yoast SEO plugin v27.1.1 - https:\/\/yoast.com\/product\/yoast-seo-wordpress\/ -->\n<title>\u0422\u0435\u0445\u043d\u0438\u0447\u0435\u0441\u043a\u0438\u0439 \u043f\u0435\u0440\u0441\u043e\u043d\u0430\u043b - \u0422\u0430\u043b\u043b\u0438\u043d\u043d\u0441\u043a\u0430\u044f \u041c\u0443\u0441\u0442\u0430\u043c\u044f\u044d\u0441\u043a\u0430\u044f \u0420\u0435\u0430\u043b\u044c\u043d\u0430\u044f \u0433\u0438\u043c\u043d\u0430\u0437\u0438\u044f<\/title>\n<meta name=\"robots\" content=\"index, follow, max-snippet:-1, max-image-preview:large, max-video-preview:-1\" \/>\n<link rel=\"canonical\" href=\"https:\/\/tmrg.ee\/ru\/\u0442\u0435\u0445\u043d\u0438\u0447\u0435\u0441\u043a\u0438\u0439-\u043f\u0435\u0440\u0441\u043e\u043d\u0430\u043b\/\" \/>\n<meta property=\"og:locale\" content=\"ru_RU\" \/>\n<meta property=\"og:type\" content=\"article\" \/>\n<meta property=\"og:title\" content=\"\u0422\u0435\u0445\u043d\u0438\u0447\u0435\u0441\u043a\u0438\u0439 \u043f\u0435\u0440\u0441\u043e\u043d\u0430\u043b - \u0422\u0430\u043b\u043b\u0438\u043d\u043d\u0441\u043a\u0430\u044f \u041c\u0443\u0441\u0442\u0430\u043c\u044f\u044d\u0441\u043a\u0430\u044f \u0420\u0435\u0430\u043b\u044c\u043d\u0430\u044f \u0433\u0438\u043c\u043d\u0430\u0437\u0438\u044f\" \/>\n<meta property=\"og:description\" content=\"\u00a0 Koristajad: 1. Olga Korom\u00f5slo 2. Natalja Gavrilova 3. Anu Metsa 4. Natalja Akramova 5. Irina Umbleja 6. Nade\u017eda J\u00f5gi 7. Valentina Judina-Tsenkman 8. Natalja Vimberg 9. Aleksandr Putivtsev 10. Olga Zemskova 11. Oksana Junkevits \u00a0 Riidehoidjad: 1. Svetlana Romanova 2. Margarita Kulakovskaja \u00a0 Majahoidja: 1. Sergei Lapu\u0161kin \u00a0 T\u00f6\u00f6taja: 1. Alexander Kolodub \u00a0 Valvurid: [&hellip;]\" \/>\n<meta property=\"og:url\" content=\"https:\/\/tmrg.ee\/ru\/\u0442\u0435\u0445\u043d\u0438\u0447\u0435\u0441\u043a\u0438\u0439-\u043f\u0435\u0440\u0441\u043e\u043d\u0430\u043b\/\" \/>\n<meta property=\"og:site_name\" content=\"\u0422\u0430\u043b\u043b\u0438\u043d\u043d\u0441\u043a\u0430\u044f \u041c\u0443\u0441\u0442\u0430\u043c\u044f\u044d\u0441\u043a\u0430\u044f \u0420\u0435\u0430\u043b\u044c\u043d\u0430\u044f \u0433\u0438\u043c\u043d\u0430\u0437\u0438\u044f\" \/>\n<meta property=\"article:modified_time\" content=\"2026-03-02T15:54:24+00:00\" \/>\n<meta name=\"twitter:card\" content=\"summary_large_image\" \/>\n<meta name=\"twitter:label1\" content=\"\u041f\u0440\u0438\u043c\u0435\u0440\u043d\u043e\u0435 \u0432\u0440\u0435\u043c\u044f \u0434\u043b\u044f \u0447\u0442\u0435\u043d\u0438\u044f\" \/>\n\t<meta name=\"twitter:data1\" content=\"1 \u043c\u0438\u043d\u0443\u0442\u0430\" \/>\n<script type=\"application\/ld+json\" class=\"yoast-schema-graph\">{\"@context\":\"https:\/\/schema.org\",\"@graph\":[{\"@type\":\"WebPage\",\"@id\":\"https:\/\/tmrg.ee\/ru\/%d1%82%d0%b5%d1%85%d0%bd%d0%b8%d1%87%d0%b5%d1%81%d0%ba%d0%b8%d0%b9-%d0%bf%d0%b5%d1%80%d1%81%d0%be%d0%bd%d0%b0%d0%bb\/\",\"url\":\"https:\/\/tmrg.ee\/ru\/%d1%82%d0%b5%d1%85%d0%bd%d0%b8%d1%87%d0%b5%d1%81%d0%ba%d0%b8%d0%b9-%d0%bf%d0%b5%d1%80%d1%81%d0%be%d0%bd%d0%b0%d0%bb\/\",\"name\":\"\u0422\u0435\u0445\u043d\u0438\u0447\u0435\u0441\u043a\u0438\u0439 \u043f\u0435\u0440\u0441\u043e\u043d\u0430\u043b - \u0422\u0430\u043b\u043b\u0438\u043d\u043d\u0441\u043a\u0430\u044f \u041c\u0443\u0441\u0442\u0430\u043c\u044f\u044d\u0441\u043a\u0430\u044f \u0420\u0435\u0430\u043b\u044c\u043d\u0430\u044f \u0433\u0438\u043c\u043d\u0430\u0437\u0438\u044f\",\"isPartOf\":{\"@id\":\"https:\/\/tmrg.ee\/ru\/#website\"},\"datePublished\":\"2014-09-10T09:10:44+00:00\",\"dateModified\":\"2026-03-02T15:54:24+00:00\",\"breadcrumb\":{\"@id\":\"https:\/\/tmrg.ee\/ru\/%d1%82%d0%b5%d1%85%d0%bd%d0%b8%d1%87%d0%b5%d1%81%d0%ba%d0%b8%d0%b9-%d0%bf%d0%b5%d1%80%d1%81%d0%be%d0%bd%d0%b0%d0%bb\/#breadcrumb\"},\"inLanguage\":\"ru-RU\",\"potentialAction\":[{\"@type\":\"ReadAction\",\"target\":[\"https:\/\/tmrg.ee\/ru\/%d1%82%d0%b5%d1%85%d0%bd%d0%b8%d1%87%d0%b5%d1%81%d0%ba%d0%b8%d0%b9-%d0%bf%d0%b5%d1%80%d1%81%d0%be%d0%bd%d0%b0%d0%bb\/\"]}]},{\"@type\":\"BreadcrumbList\",\"@id\":\"https:\/\/tmrg.ee\/ru\/%d1%82%d0%b5%d1%85%d0%bd%d0%b8%d1%87%d0%b5%d1%81%d0%ba%d0%b8%d0%b9-%d0%bf%d0%b5%d1%80%d1%81%d0%be%d0%bd%d0%b0%d0%bb\/#breadcrumb\",\"itemListElement\":[{\"@type\":\"ListItem\",\"position\":1,\"name\":\"Home\",\"item\":\"https:\/\/tmrg.ee\/ru\/\"},{\"@type\":\"ListItem\",\"position\":2,\"name\":\"\u0422\u0435\u0445\u043d\u0438\u0447\u0435\u0441\u043a\u0438\u0439 \u043f\u0435\u0440\u0441\u043e\u043d\u0430\u043b\"}]},{\"@type\":\"WebSite\",\"@id\":\"https:\/\/tmrg.ee\/ru\/#website\",\"url\":\"https:\/\/tmrg.ee\/ru\/\",\"name\":\"\u0422\u0430\u043b\u043b\u0438\u043d\u043d\u0441\u043a\u0430\u044f \u041c\u0443\u0441\u0442\u0430\u043c\u044f\u044d\u0441\u043a\u0430\u044f \u0420\u0435\u0430\u043b\u044c\u043d\u0430\u044f \u0433\u0438\u043c\u043d\u0430\u0437\u0438\u044f\",\"description\":\"\",\"publisher\":{\"@id\":\"https:\/\/tmrg.ee\/ru\/#organization\"},\"potentialAction\":[{\"@type\":\"SearchAction\",\"target\":{\"@type\":\"EntryPoint\",\"urlTemplate\":\"https:\/\/tmrg.ee\/ru\/?s={search_term_string}\"},\"query-input\":{\"@type\":\"PropertyValueSpecification\",\"valueRequired\":true,\"valueName\":\"search_term_string\"}}],\"inLanguage\":\"ru-RU\"},{\"@type\":\"Organization\",\"@id\":\"https:\/\/tmrg.ee\/ru\/#organization\",\"name\":\"\u0422\u0430\u043b\u043b\u0438\u043d\u043d\u0441\u043a\u0430\u044f \u041c\u0443\u0441\u0442\u0430\u043c\u044f\u044d\u0441\u043a\u0430\u044f \u0420\u0435\u0430\u043b\u044c\u043d\u0430\u044f \u0433\u0438\u043c\u043d\u0430\u0437\u0438\u044f\",\"url\":\"https:\/\/tmrg.ee\/ru\/\",\"logo\":{\"@type\":\"ImageObject\",\"inLanguage\":\"ru-RU\",\"@id\":\"https:\/\/tmrg.ee\/ru\/#\/schema\/logo\/image\/\",\"url\":\"https:\/\/tmrg.ee\/ru\/wp-content\/uploads\/sites\/2\/2022\/07\/3E15D8E3-B449-47D9-B8F2-564E238EF8DB.png\",\"contentUrl\":\"https:\/\/tmrg.ee\/ru\/wp-content\/uploads\/sites\/2\/2022\/07\/3E15D8E3-B449-47D9-B8F2-564E238EF8DB.png\",\"width\":423,\"height\":423,\"caption\":\"\u0422\u0430\u043b\u043b\u0438\u043d\u043d\u0441\u043a\u0430\u044f \u041c\u0443\u0441\u0442\u0430\u043c\u044f\u044d\u0441\u043a\u0430\u044f \u0420\u0435\u0430\u043b\u044c\u043d\u0430\u044f \u0433\u0438\u043c\u043d\u0430\u0437\u0438\u044f\"},\"image\":{\"@id\":\"https:\/\/tmrg.ee\/ru\/#\/schema\/logo\/image\/\"}}]}<\/script>\n<!-- \/ Yoast SEO plugin. -->","yoast_head_json":{"title":"\u0422\u0435\u0445\u043d\u0438\u0447\u0435\u0441\u043a\u0438\u0439 \u043f\u0435\u0440\u0441\u043e\u043d\u0430\u043b - \u0422\u0430\u043b\u043b\u0438\u043d\u043d\u0441\u043a\u0430\u044f \u041c\u0443\u0441\u0442\u0430\u043c\u044f\u044d\u0441\u043a\u0430\u044f \u0420\u0435\u0430\u043b\u044c\u043d\u0430\u044f \u0433\u0438\u043c\u043d\u0430\u0437\u0438\u044f","robots":{"index":"index","follow":"follow","max-snippet":"max-snippet:-1","max-image-preview":"max-image-preview:large","max-video-preview":"max-video-preview:-1"},"canonical":"https:\/\/tmrg.ee\/ru\/\u0442\u0435\u0445\u043d\u0438\u0447\u0435\u0441\u043a\u0438\u0439-\u043f\u0435\u0440\u0441\u043e\u043d\u0430\u043b\/","og_locale":"ru_RU","og_type":"article","og_title":"\u0422\u0435\u0445\u043d\u0438\u0447\u0435\u0441\u043a\u0438\u0439 \u043f\u0435\u0440\u0441\u043e\u043d\u0430\u043b - \u0422\u0430\u043b\u043b\u0438\u043d\u043d\u0441\u043a\u0430\u044f \u041c\u0443\u0441\u0442\u0430\u043c\u044f\u044d\u0441\u043a\u0430\u044f \u0420\u0435\u0430\u043b\u044c\u043d\u0430\u044f \u0433\u0438\u043c\u043d\u0430\u0437\u0438\u044f","og_description":"\u00a0 Koristajad: 1. Olga Korom\u00f5slo 2. Natalja Gavrilova 3. Anu Metsa 4. Natalja Akramova 5. Irina Umbleja 6. Nade\u017eda J\u00f5gi 7. Valentina Judina-Tsenkman 8. Natalja Vimberg 9. Aleksandr Putivtsev 10. Olga Zemskova 11. Oksana Junkevits \u00a0 Riidehoidjad: 1. Svetlana Romanova 2. Margarita Kulakovskaja \u00a0 Majahoidja: 1. Sergei Lapu\u0161kin \u00a0 T\u00f6\u00f6taja: 1. Alexander Kolodub \u00a0 Valvurid: [&hellip;]","og_url":"https:\/\/tmrg.ee\/ru\/\u0442\u0435\u0445\u043d\u0438\u0447\u0435\u0441\u043a\u0438\u0439-\u043f\u0435\u0440\u0441\u043e\u043d\u0430\u043b\/","og_site_name":"\u0422\u0430\u043b\u043b\u0438\u043d\u043d\u0441\u043a\u0430\u044f \u041c\u0443\u0441\u0442\u0430\u043c\u044f\u044d\u0441\u043a\u0430\u044f \u0420\u0435\u0430\u043b\u044c\u043d\u0430\u044f \u0433\u0438\u043c\u043d\u0430\u0437\u0438\u044f","article_modified_time":"2026-03-02T15:54:24+00:00","twitter_card":"summary_large_image","twitter_misc":{"\u041f\u0440\u0438\u043c\u0435\u0440\u043d\u043e\u0435 \u0432\u0440\u0435\u043c\u044f \u0434\u043b\u044f \u0447\u0442\u0435\u043d\u0438\u044f":"1 \u043c\u0438\u043d\u0443\u0442\u0430"},"schema":{"@context":"https:\/\/schema.org","@graph":[{"@type":"WebPage","@id":"https:\/\/tmrg.ee\/ru\/%d1%82%d0%b5%d1%85%d0%bd%d0%b8%d1%87%d0%b5%d1%81%d0%ba%d0%b8%d0%b9-%d0%bf%d0%b5%d1%80%d1%81%d0%be%d0%bd%d0%b0%d0%bb\/","url":"https:\/\/tmrg.ee\/ru\/%d1%82%d0%b5%d1%85%d0%bd%d0%b8%d1%87%d0%b5%d1%81%d0%ba%d0%b8%d0%b9-%d0%bf%d0%b5%d1%80%d1%81%d0%be%d0%bd%d0%b0%d0%bb\/","name":"\u0422\u0435\u0445\u043d\u0438\u0447\u0435\u0441\u043a\u0438\u0439 \u043f\u0435\u0440\u0441\u043e\u043d\u0430\u043b - \u0422\u0430\u043b\u043b\u0438\u043d\u043d\u0441\u043a\u0430\u044f \u041c\u0443\u0441\u0442\u0430\u043c\u044f\u044d\u0441\u043a\u0430\u044f \u0420\u0435\u0430\u043b\u044c\u043d\u0430\u044f \u0433\u0438\u043c\u043d\u0430\u0437\u0438\u044f","isPartOf":{"@id":"https:\/\/tmrg.ee\/ru\/#website"},"datePublished":"2014-09-10T09:10:44+00:00","dateModified":"2026-03-02T15:54:24+00:00","breadcrumb":{"@id":"https:\/\/tmrg.ee\/ru\/%d1%82%d0%b5%d1%85%d0%bd%d0%b8%d1%87%d0%b5%d1%81%d0%ba%d0%b8%d0%b9-%d0%bf%d0%b5%d1%80%d1%81%d0%be%d0%bd%d0%b0%d0%bb\/#breadcrumb"},"inLanguage":"ru-RU","potentialAction":[{"@type":"ReadAction","target":["https:\/\/tmrg.ee\/ru\/%d1%82%d0%b5%d1%85%d0%bd%d0%b8%d1%87%d0%b5%d1%81%d0%ba%d0%b8%d0%b9-%d0%bf%d0%b5%d1%80%d1%81%d0%be%d0%bd%d0%b0%d0%bb\/"]}]},{"@type":"BreadcrumbList","@id":"https:\/\/tmrg.ee\/ru\/%d1%82%d0%b5%d1%85%d0%bd%d0%b8%d1%87%d0%b5%d1%81%d0%ba%d0%b8%d0%b9-%d0%bf%d0%b5%d1%80%d1%81%d0%be%d0%bd%d0%b0%d0%bb\/#breadcrumb","itemListElement":[{"@type":"ListItem","position":1,"name":"Home","item":"https:\/\/tmrg.ee\/ru\/"},{"@type":"ListItem","position":2,"name":"\u0422\u0435\u0445\u043d\u0438\u0447\u0435\u0441\u043a\u0438\u0439 \u043f\u0435\u0440\u0441\u043e\u043d\u0430\u043b"}]},{"@type":"WebSite","@id":"https:\/\/tmrg.ee\/ru\/#website","url":"https:\/\/tmrg.ee\/ru\/","name":"\u0422\u0430\u043b\u043b\u0438\u043d\u043d\u0441\u043a\u0430\u044f \u041c\u0443\u0441\u0442\u0430\u043c\u044f\u044d\u0441\u043a\u0430\u044f \u0420\u0435\u0430\u043b\u044c\u043d\u0430\u044f \u0433\u0438\u043c\u043d\u0430\u0437\u0438\u044f","description":"","publisher":{"@id":"https:\/\/tmrg.ee\/ru\/#organization"},"potentialAction":[{"@type":"SearchAction","target":{"@type":"EntryPoint","urlTemplate":"https:\/\/tmrg.ee\/ru\/?s={search_term_string}"},"query-input":{"@type":"PropertyValueSpecification","valueRequired":true,"valueName":"search_term_string"}}],"inLanguage":"ru-RU"},{"@type":"Organization","@id":"https:\/\/tmrg.ee\/ru\/#organization","name":"\u0422\u0430\u043b\u043b\u0438\u043d\u043d\u0441\u043a\u0430\u044f \u041c\u0443\u0441\u0442\u0430\u043c\u044f\u044d\u0441\u043a\u0430\u044f \u0420\u0435\u0430\u043b\u044c\u043d\u0430\u044f \u0433\u0438\u043c\u043d\u0430\u0437\u0438\u044f","url":"https:\/\/tmrg.ee\/ru\/","logo":{"@type":"ImageObject","inLanguage":"ru-RU","@id":"https:\/\/tmrg.ee\/ru\/#\/schema\/logo\/image\/","url":"https:\/\/tmrg.ee\/ru\/wp-content\/uploads\/sites\/2\/2022\/07\/3E15D8E3-B449-47D9-B8F2-564E238EF8DB.png","contentUrl":"https:\/\/tmrg.ee\/ru\/wp-content\/uploads\/sites\/2\/2022\/07\/3E15D8E3-B449-47D9-B8F2-564E238EF8DB.png","width":423,"height":423,"caption":"\u0422\u0430\u043b\u043b\u0438\u043d\u043d\u0441\u043a\u0430\u044f \u041c\u0443\u0441\u0442\u0430\u043c\u044f\u044d\u0441\u043a\u0430\u044f \u0420\u0435\u0430\u043b\u044c\u043d\u0430\u044f \u0433\u0438\u043c\u043d\u0430\u0437\u0438\u044f"},"image":{"@id":"https:\/\/tmrg.ee\/ru\/#\/schema\/logo\/image\/"}}]}},"_links":{"self":[{"href":"https:\/\/tmrg.ee\/ru\/wp-json\/wp\/v2\/pages\/1181","targetHints":{"allow":["GET"]}}],"collection":[{"href":"https:\/\/tmrg.ee\/ru\/wp-json\/wp\/v2\/pages"}],"about":[{"href":"https:\/\/tmrg.ee\/ru\/wp-json\/wp\/v2\/types\/page"}],"author":[{"embeddable":true,"href":"https:\/\/tmrg.ee\/ru\/wp-json\/wp\/v2\/users\/1"}],"replies":[{"embeddable":true,"href":"https:\/\/tmrg.ee\/ru\/wp-json\/wp\/v2\/comments?post=1181"}],"version-history":[{"count":13,"href":"https:\/\/tmrg.ee\/ru\/wp-json\/wp\/v2\/pages\/1181\/revisions"}],"predecessor-version":[{"id":13046,"href":"https:\/\/tmrg.ee\/ru\/wp-json\/wp\/v2\/pages\/1181\/revisions\/13046"}],"wp:attachment":[{"href":"https:\/\/tmrg.ee\/ru\/wp-json\/wp\/v2\/media?parent=1181"}],"curies":[{"name":"wp","href":"https:\/\/api.w.org\/{rel}","templated":true}]}}